

{"id":99,"date":"2011-08-12T04:31:54","date_gmt":"2011-08-12T01:31:54","guid":{"rendered":"https:\/\/e-marineeducation.com\/tr\/?page_id=99"},"modified":"2021-06-05T10:46:19","modified_gmt":"2021-06-05T07:46:19","slug":"iletisim-bilgileri","status":"publish","type":"page","link":"https:\/\/e-marineeducation.com\/tr\/iletisim-bilgileri\/","title":{"rendered":"\u0130leti\u015fim Bilgileri"},"content":{"rendered":"<p style=\"text-align: justify;\"><img loading=\"lazy\" decoding=\"async\" class=\"size-full wp-image-8250 alignleft\" src=\"https:\/\/e-marineeducation.com\/tr\/wp-content\/uploads\/Lifebuoy.png\" alt=\"\" width=\"78\" height=\"78\" srcset=\"https:\/\/e-marineeducation.com\/tr\/wp-content\/uploads\/Lifebuoy.png 78w, https:\/\/e-marineeducation.com\/tr\/wp-content\/uploads\/Lifebuoy-74x74.png 74w\" sizes=\"auto, (max-width: 78px) 100vw, 78px\" \/>Geli\u015fmi\u015f destek panelimiz arac\u0131l\u0131\u011f\u0131 ile t\u00fcm soru, g\u00f6r\u00fc\u015f ve \u00f6nerilenizi bize iletebilirsiniz. \u0130letti\u011finiz sorular\u0131 ilk <span style=\"color: #3498db;\"><em>24 saatte <\/em><\/span>yan\u0131tland\u0131rmaya \u00f6zen g\u00f6steriyoruz ancak nadiren de olsa gecikmeler ya\u015fanabiliyor. Bu konuda bize anlay\u0131\u015f g\u00f6sterece\u011finize inan\u0131yoruz.<\/p>\n<p style=\"text-align: justify;\">Destek Paneli&#8217;ni sadece sitemiz hakk\u0131ndaki yaz\u0131\u015fmalar i\u00e7in kullan\u0131yoruz. Kariyeriniz, e\u011fitiminiz ya da denizcilikle ilgili di\u011fer sorular\u0131n\u0131z i\u00e7in l\u00fctfen\u00a0<span style=\"text-decoration: underline; color: #3498db;\"><strong><a style=\"color: #3498db;\" href=\"https:\/\/e-marineeducation.com\/tr\/tartisma-panosu\/\">Tart\u0131\u015fma Panomuzu<\/a><\/strong><\/span>\u00a0kullan\u0131n\u0131z.<\/p>\n<table style=\"width: 630px; height: 162px;\" border=\"0\">\n<tbody>\n<tr>\n<td width=\"59\"><a href=\"https:\/\/e-marineeducation.com\/tr\/destek-sistemi\/index.php?a=add\"><br \/>\n<img loading=\"lazy\" decoding=\"async\" src=\"https:\/\/e-marineeducation.com\/tr\/wp-content\/uploads\/newticket.png\" alt=\"\" width=\"60\" height=\"60\" border=\"0\" \/><\/a><\/td>\n<td width=\"220\"><span style=\"color: #3498db;\"><strong><span style=\"text-decoration: underline;\"><a style=\"color: #3498db; text-decoration: underline;\" href=\"https:\/\/e-marineeducation.com\/tr\/destek-sistemi\/index.php?a=add\">Talep Ekle<\/a><\/span>:<\/strong><\/span><br \/>\nYeni bir destek talebi g\u00f6nderin.<\/td>\n<td rowspan=\"2\" width=\"209\"><img loading=\"lazy\" decoding=\"async\" class=\"alignright\" src=\"https:\/\/e-marineeducation.com\/tr\/wp-content\/uploads\/header_support2.png\" alt=\"\" width=\"201\" height=\"147\" border=\"0\" \/><\/td>\n<\/tr>\n<tr>\n<td width=\"59\"><a href=\"https:\/\/e-marineeducation.com\/tr\/destek-sistemi\/ticket.php\"><br \/>\n<img loading=\"lazy\" decoding=\"async\" src=\"https:\/\/e-marineeducation.com\/tr\/wp-content\/uploads\/existingticket.png\" alt=\"\" width=\"60\" height=\"60\" border=\"0\" \/><\/a><\/td>\n<td width=\"220\"><strong><span style=\"color: #4b7fbf;\"><span style=\"color: #3498db;\"><span style=\"text-decoration: underline;\"><a style=\"color: #3498db; text-decoration: underline;\" href=\"https:\/\/e-marineeducation.com\/tr\/destek-sistemi\/ticket.php\">Talep G\u00f6ster<\/a><\/span>:<\/span> <\/span><\/strong><br \/>\nDestek talebinizi g\u00f6r\u00fcnt\u00fcleyin.<\/td>\n<\/tr>\n<\/tbody>\n<\/table>\n<p style=\"text-align: justify;\"><strong style=\"color: #3366cc; line-height: 1.5;\"><span style=\"text-decoration: underline;\"><span style=\"color: #3498db; text-decoration: underline;\">Facebook:<\/span><\/span><\/strong><img loading=\"lazy\" decoding=\"async\" class=\"alignleft size-full wp-image-940\" title=\"\" src=\"https:\/\/e-marineeducation.com\/tr\/wp-content\/uploads\/Facebook-78x78.png\" alt=\"\" width=\"78\" height=\"78\" \/><br \/>\n<strong>Sayfa:<\/strong> <span style=\"text-decoration: underline; color: #3366cc;\"><a style=\"color: #3366cc; text-decoration: underline;\" href=\"https:\/\/e-marineeducation.com\/tr?wp_ct=41\" target=\"_blank\" rel=\"noopener\"><span style=\"color: #3498db; text-decoration: underline;\">http:\/\/www.facebook.com\/eMarineEducation<\/span><br \/>\n<\/a><\/span>Facebook sayfam\u0131za \u00fcye olarak yay\u0131nlar\u0131m\u0131zdan haberdar olabilirsiniz.<\/p>\n<p>&nbsp;<\/p>\n<p><img loading=\"lazy\" decoding=\"async\" class=\"alignleft size-full wp-image-18754\" src=\"https:\/\/e-marineeducation.com\/tr\/wp-content\/uploads\/Twitter-78x78.png\" alt=\"Twitter Icon\" width=\"78\" height=\"78\" \/><span style=\"color: #3366cc;\"><strong><span style=\"text-decoration: underline;\"><span style=\"color: #3498db; text-decoration: underline;\">Twitter:<\/span><br \/>\n<\/span><\/strong><\/span><strong>Hesap:\u00a0<\/strong><span style=\"text-decoration: underline; color: #3366cc;\"><a style=\"color: #3366cc; text-decoration: underline;\" href=\"https:\/\/e-marineeducation.com\/tr?wp_ct=199\" target=\"_blank\" rel=\"noopener\"><span style=\"color: #3498db; text-decoration: underline;\">https:\/\/twitter.com\/emaredu<\/span><br \/>\n<\/a><\/span>Twitter hesab\u0131m\u0131z\u0131 takip ederek yay\u0131nlar\u0131m\u0131zdan haberdar olabilirsiniz.<\/p>\n<p>&nbsp;<\/p>\n<p><img loading=\"lazy\" decoding=\"async\" class=\"alignleft size-full wp-image-18755\" src=\"https:\/\/e-marineeducation.com\/tr\/wp-content\/uploads\/Linkedin-78x78.png\" alt=\"Linkedin\" width=\"78\" height=\"78\" \/><span style=\"text-decoration: underline; color: #3366cc;\"><strong><span style=\"color: #3498db; text-decoration: underline;\">Linkedin:<\/span><br \/>\n<\/strong><\/span><strong>Hesap:<\/strong>\u00a0<span style=\"text-decoration: underline; color: #3366cc;\"><a style=\"color: #3366cc; text-decoration: underline;\" href=\"https:\/\/e-marineeducation.com\/tr?wp_ct=185\" target=\"_blank\" rel=\"noopener\"><span style=\"color: #3498db; text-decoration: underline;\">https:\/\/www.linkedin.com\/company\/e-marineeducation-com<\/span><br \/>\n<\/a><\/span>Linkedin hesab\u0131m\u0131z\u0131 takip ederek yay\u0131nlar\u0131m\u0131zdan haberdar olabilirsiniz.<\/p>\n","protected":false},"excerpt":{"rendered":"<p>Geli\u015fmi\u015f destek panelimiz arac\u0131l\u0131\u011f\u0131 ile t\u00fcm soru, g\u00f6r\u00fc\u015f ve \u00f6nerilenizi bize iletebilirsiniz. \u0130letti\u011finiz sorular\u0131 ilk 24 saatte yan\u0131tland\u0131rmaya \u00f6zen g\u00f6steriyoruz ancak nadiren de olsa gecikmeler ya\u015fanabiliyor. Bu konuda bize anlay\u0131\u015f g\u00f6sterece\u011finize inan\u0131yoruz. Destek Paneli&#8217;ni sadece sitemiz hakk\u0131ndaki yaz\u0131\u015fmalar i\u00e7in kullan\u0131yoruz. Kariyeriniz, e\u011fitiminiz ya da denizcilikle ilgili di\u011fer sorular\u0131n\u0131z i\u00e7in l\u00fctfen\u00a0Tart\u0131\u015fma Panomuzu\u00a0kullan\u0131n\u0131z. Talep Ekle: Yeni bir &hellip;<\/p>\n","protected":false},"author":1,"featured_media":919,"parent":0,"menu_order":0,"comment_status":"closed","ping_status":"closed","template":"","meta":{"_acf_changed":false,"_bbp_topic_count":0,"_bbp_reply_count":0,"_bbp_total_topic_count":0,"_bbp_total_reply_count":0,"_bbp_voice_count":0,"_bbp_anonymous_reply_count":0,"_bbp_topic_count_hidden":0,"_bbp_reply_count_hidden":0,"_bbp_forum_subforum_count":0,"footnotes":""},"class_list":["post-99","page","type-page","status-publish","has-post-thumbnail",""],"acf":[],"yoast_head":"<!-- This site is optimized with the Yoast SEO plugin v27.4 - https:\/\/yoast.com\/product\/yoast-seo-wordpress\/ -->\n<title>\u0130leti\u015fim Bilgileri - e-MarineEducation.com<\/title>\n<meta name=\"description\" content=\"e-MarineEducation.com internet sitesi y\u00f6neticilerine ula\u015fabilece\u011finiz ileti\u015fim detaylar\u0131n\u0131n yay\u0131nland\u0131\u011f\u0131 sayfad\u0131r.\" \/>\n<meta name=\"robots\" content=\"index, follow, max-snippet:-1, max-image-preview:large, max-video-preview:-1\" \/>\n<link rel=\"canonical\" href=\"https:\/\/e-marineeducation.com\/tr\/iletisim-bilgileri\/\" \/>\n<meta property=\"og:locale\" content=\"tr_TR\" \/>\n<meta property=\"og:type\" content=\"article\" \/>\n<meta property=\"og:title\" content=\"\u0130leti\u015fim Bilgileri - e-MarineEducation.com\" \/>\n<meta property=\"og:description\" content=\"e-MarineEducation.com internet sitesi y\u00f6neticilerine ula\u015fabilece\u011finiz ileti\u015fim detaylar\u0131n\u0131n yay\u0131nland\u0131\u011f\u0131 sayfad\u0131r.\" \/>\n<meta property=\"og:url\" content=\"https:\/\/e-marineeducation.com\/tr\/iletisim-bilgileri\/\" \/>\n<meta property=\"og:site_name\" content=\"e-MarineEducation.com\" \/>\n<meta property=\"article:modified_time\" content=\"2021-06-05T07:46:19+00:00\" \/>\n<meta property=\"og:image\" content=\"https:\/\/e-marineeducation.com\/tr\/wp-content\/uploads\/contact.png\" \/>\n\t<meta property=\"og:image:width\" content=\"74\" \/>\n\t<meta property=\"og:image:height\" content=\"74\" \/>\n\t<meta property=\"og:image:type\" content=\"image\/png\" \/>\n<meta name=\"twitter:card\" content=\"summary_large_image\" \/>\n<meta name=\"twitter:label1\" content=\"Tahmini okuma s\u00fcresi\" \/>\n\t<meta name=\"twitter:data1\" content=\"1 dakika\" \/>\n<script type=\"application\/ld+json\" class=\"yoast-schema-graph\">{\"@context\":\"https:\\\/\\\/schema.org\",\"@graph\":[{\"@type\":\"WebPage\",\"@id\":\"https:\\\/\\\/e-marineeducation.com\\\/tr\\\/iletisim-bilgileri\\\/\",\"url\":\"https:\\\/\\\/e-marineeducation.com\\\/tr\\\/iletisim-bilgileri\\\/\",\"name\":\"\u0130leti\u015fim Bilgileri - e-MarineEducation.com\",\"isPartOf\":{\"@id\":\"https:\\\/\\\/e-marineeducation.com\\\/tr\\\/#website\"},\"primaryImageOfPage\":{\"@id\":\"https:\\\/\\\/e-marineeducation.com\\\/tr\\\/iletisim-bilgileri\\\/#primaryimage\"},\"image\":{\"@id\":\"https:\\\/\\\/e-marineeducation.com\\\/tr\\\/iletisim-bilgileri\\\/#primaryimage\"},\"thumbnailUrl\":\"https:\\\/\\\/e-marineeducation.com\\\/tr\\\/wp-content\\\/uploads\\\/contact.png\",\"datePublished\":\"2011-08-12T01:31:54+00:00\",\"dateModified\":\"2021-06-05T07:46:19+00:00\",\"description\":\"e-MarineEducation.com internet sitesi y\u00f6neticilerine ula\u015fabilece\u011finiz ileti\u015fim detaylar\u0131n\u0131n yay\u0131nland\u0131\u011f\u0131 sayfad\u0131r.\",\"breadcrumb\":{\"@id\":\"https:\\\/\\\/e-marineeducation.com\\\/tr\\\/iletisim-bilgileri\\\/#breadcrumb\"},\"inLanguage\":\"tr\",\"potentialAction\":[{\"@type\":\"ReadAction\",\"target\":[\"https:\\\/\\\/e-marineeducation.com\\\/tr\\\/iletisim-bilgileri\\\/\"]}]},{\"@type\":\"ImageObject\",\"inLanguage\":\"tr\",\"@id\":\"https:\\\/\\\/e-marineeducation.com\\\/tr\\\/iletisim-bilgileri\\\/#primaryimage\",\"url\":\"https:\\\/\\\/e-marineeducation.com\\\/tr\\\/wp-content\\\/uploads\\\/contact.png\",\"contentUrl\":\"https:\\\/\\\/e-marineeducation.com\\\/tr\\\/wp-content\\\/uploads\\\/contact.png\",\"width\":\"74\",\"height\":\"74\"},{\"@type\":\"BreadcrumbList\",\"@id\":\"https:\\\/\\\/e-marineeducation.com\\\/tr\\\/iletisim-bilgileri\\\/#breadcrumb\",\"itemListElement\":[{\"@type\":\"ListItem\",\"position\":1,\"name\":\"Ana sayfa\",\"item\":\"https:\\\/\\\/e-marineeducation.com\\\/tr\\\/\"},{\"@type\":\"ListItem\",\"position\":2,\"name\":\"\u0130leti\u015fim Bilgileri\"}]},{\"@type\":\"WebSite\",\"@id\":\"https:\\\/\\\/e-marineeducation.com\\\/tr\\\/#website\",\"url\":\"https:\\\/\\\/e-marineeducation.com\\\/tr\\\/\",\"name\":\"e-MarineEducation.com\",\"description\":\"Denizcilik E\u011fitimine Yeni Bir Bak\u0131\u015f A\u00e7\u0131s\u0131\",\"potentialAction\":[{\"@type\":\"SearchAction\",\"target\":{\"@type\":\"EntryPoint\",\"urlTemplate\":\"https:\\\/\\\/e-marineeducation.com\\\/tr\\\/?s={search_term_string}\"},\"query-input\":{\"@type\":\"PropertyValueSpecification\",\"valueRequired\":true,\"valueName\":\"search_term_string\"}}],\"inLanguage\":\"tr\"}]}<\/script>\n<!-- \/ Yoast SEO plugin. -->","yoast_head_json":{"title":"\u0130leti\u015fim Bilgileri - e-MarineEducation.com","description":"e-MarineEducation.com internet sitesi y\u00f6neticilerine ula\u015fabilece\u011finiz ileti\u015fim detaylar\u0131n\u0131n yay\u0131nland\u0131\u011f\u0131 sayfad\u0131r.","robots":{"index":"index","follow":"follow","max-snippet":"max-snippet:-1","max-image-preview":"max-image-preview:large","max-video-preview":"max-video-preview:-1"},"canonical":"https:\/\/e-marineeducation.com\/tr\/iletisim-bilgileri\/","og_locale":"tr_TR","og_type":"article","og_title":"\u0130leti\u015fim Bilgileri - e-MarineEducation.com","og_description":"e-MarineEducation.com internet sitesi y\u00f6neticilerine ula\u015fabilece\u011finiz ileti\u015fim detaylar\u0131n\u0131n yay\u0131nland\u0131\u011f\u0131 sayfad\u0131r.","og_url":"https:\/\/e-marineeducation.com\/tr\/iletisim-bilgileri\/","og_site_name":"e-MarineEducation.com","article_modified_time":"2021-06-05T07:46:19+00:00","og_image":[{"width":74,"height":74,"url":"https:\/\/e-marineeducation.com\/tr\/wp-content\/uploads\/contact.png","type":"image\/png"}],"twitter_card":"summary_large_image","twitter_misc":{"Tahmini okuma s\u00fcresi":"1 dakika"},"schema":{"@context":"https:\/\/schema.org","@graph":[{"@type":"WebPage","@id":"https:\/\/e-marineeducation.com\/tr\/iletisim-bilgileri\/","url":"https:\/\/e-marineeducation.com\/tr\/iletisim-bilgileri\/","name":"\u0130leti\u015fim Bilgileri - e-MarineEducation.com","isPartOf":{"@id":"https:\/\/e-marineeducation.com\/tr\/#website"},"primaryImageOfPage":{"@id":"https:\/\/e-marineeducation.com\/tr\/iletisim-bilgileri\/#primaryimage"},"image":{"@id":"https:\/\/e-marineeducation.com\/tr\/iletisim-bilgileri\/#primaryimage"},"thumbnailUrl":"https:\/\/e-marineeducation.com\/tr\/wp-content\/uploads\/contact.png","datePublished":"2011-08-12T01:31:54+00:00","dateModified":"2021-06-05T07:46:19+00:00","description":"e-MarineEducation.com internet sitesi y\u00f6neticilerine ula\u015fabilece\u011finiz ileti\u015fim detaylar\u0131n\u0131n yay\u0131nland\u0131\u011f\u0131 sayfad\u0131r.","breadcrumb":{"@id":"https:\/\/e-marineeducation.com\/tr\/iletisim-bilgileri\/#breadcrumb"},"inLanguage":"tr","potentialAction":[{"@type":"ReadAction","target":["https:\/\/e-marineeducation.com\/tr\/iletisim-bilgileri\/"]}]},{"@type":"ImageObject","inLanguage":"tr","@id":"https:\/\/e-marineeducation.com\/tr\/iletisim-bilgileri\/#primaryimage","url":"https:\/\/e-marineeducation.com\/tr\/wp-content\/uploads\/contact.png","contentUrl":"https:\/\/e-marineeducation.com\/tr\/wp-content\/uploads\/contact.png","width":"74","height":"74"},{"@type":"BreadcrumbList","@id":"https:\/\/e-marineeducation.com\/tr\/iletisim-bilgileri\/#breadcrumb","itemListElement":[{"@type":"ListItem","position":1,"name":"Ana sayfa","item":"https:\/\/e-marineeducation.com\/tr\/"},{"@type":"ListItem","position":2,"name":"\u0130leti\u015fim Bilgileri"}]},{"@type":"WebSite","@id":"https:\/\/e-marineeducation.com\/tr\/#website","url":"https:\/\/e-marineeducation.com\/tr\/","name":"e-MarineEducation.com","description":"Denizcilik E\u011fitimine Yeni Bir Bak\u0131\u015f A\u00e7\u0131s\u0131","potentialAction":[{"@type":"SearchAction","target":{"@type":"EntryPoint","urlTemplate":"https:\/\/e-marineeducation.com\/tr\/?s={search_term_string}"},"query-input":{"@type":"PropertyValueSpecification","valueRequired":true,"valueName":"search_term_string"}}],"inLanguage":"tr"}]}},"_links":{"self":[{"href":"https:\/\/e-marineeducation.com\/tr\/wp-json\/wp\/v2\/pages\/99","targetHints":{"allow":["GET"]}}],"collection":[{"href":"https:\/\/e-marineeducation.com\/tr\/wp-json\/wp\/v2\/pages"}],"about":[{"href":"https:\/\/e-marineeducation.com\/tr\/wp-json\/wp\/v2\/types\/page"}],"author":[{"embeddable":true,"href":"https:\/\/e-marineeducation.com\/tr\/wp-json\/wp\/v2\/users\/1"}],"replies":[{"embeddable":true,"href":"https:\/\/e-marineeducation.com\/tr\/wp-json\/wp\/v2\/comments?post=99"}],"version-history":[{"count":0,"href":"https:\/\/e-marineeducation.com\/tr\/wp-json\/wp\/v2\/pages\/99\/revisions"}],"wp:featuredmedia":[{"embeddable":true,"href":"https:\/\/e-marineeducation.com\/tr\/wp-json\/wp\/v2\/media\/919"}],"wp:attachment":[{"href":"https:\/\/e-marineeducation.com\/tr\/wp-json\/wp\/v2\/media?parent=99"}],"curies":[{"name":"wp","href":"https:\/\/api.w.org\/{rel}","templated":true}]}}