

{"id":87,"date":"2011-08-12T04:11:45","date_gmt":"2011-08-12T01:11:45","guid":{"rendered":"https:\/\/e-marineeducation.com\/tr\/?page_id=87"},"modified":"2017-11-19T11:34:22","modified_gmt":"2017-11-19T08:34:22","slug":"organizasyon","status":"publish","type":"page","link":"https:\/\/e-marineeducation.com\/tr\/organizasyon\/","title":{"rendered":"Organizasyon"},"content":{"rendered":"<p style=\"text-align: center;\"><strong>Kurucu<\/strong><br \/>\n<div id=\"tshowcase_id_0\" data-atts=\"{&quot;orderby&quot;:&quot;title&quot;,&quot;category&quot;:&quot;kurucu&quot;,&quot;url&quot;:&quot;active_custom&quot;,&quot;layout&quot;:&quot;hover&quot;,&quot;style&quot;:&quot;img-rounded,text-center,1-column&quot;,&quot;display&quot;:&quot;photo,position,location,name&quot;}\"><div class='tshowcase'><div class='' id='tshowcase-hover-wrap'><div  class=\"tshowcase-hover-box ts-col_1  ts-kurucu ts-id-4427 \"><div style=\"margin-left:auto; margin-right:auto; max-width:160px;\"><span class=\"ts-rounded \"><img src='https:\/\/e-marineeducation.com\/tr\/wp-content\/uploads\/Aybars-Oru\u00e7-1.png' width='151' \/><span class=\"tshowcase-hover-info\"><div class='tshowcase-box-info ts-align-center '><div class='tshowcase-box-info-inner'><div class=\"tshowcase-box-title\" itemprop=\"name\"><a href=\"https:\/\/e-marineeducation.com\/tr\/profil-aybars-oruc\" class=\"\">Aybars Oru\u00e7<\/a><\/div><div class='tshowcase-box-details'><div itemprop=\"jobTitle\" class=\"tshowcase-single-position\">Kurucu<\/div><div class=\"tshowcase-single-location\">Ara\u015ft\u0131rma G\u00f6revlisi<\/div><\/div><\/div><\/div><\/span><\/span> <\/div><\/div><\/div><\/div><\/div>\n<p style=\"text-align: center;\"><strong>Genel Koordinat\u00f6r<\/strong><br \/>\n<div id=\"tshowcase_id_1\" data-atts=\"{&quot;orderby&quot;:&quot;title&quot;,&quot;category&quot;:&quot;yonetici-asistani&quot;,&quot;url&quot;:&quot;active_custom&quot;,&quot;layout&quot;:&quot;hover&quot;,&quot;style&quot;:&quot;img-rounded,text-center,1-column&quot;,&quot;display&quot;:&quot;photo,position,location,name&quot;}\"><div class='tshowcase'><div class='' id='tshowcase-hover-wrap'><div  class=\"tshowcase-hover-box ts-col_1  ts-yonetici-asistani ts-id-4428 \"><div style=\"margin-left:auto; margin-right:auto; max-width:160px;\"><span class=\"ts-rounded \"><img src='https:\/\/e-marineeducation.com\/tr\/wp-content\/uploads\/huseyinaltayyontan-151x160.png' width='151' \/><span class=\"tshowcase-hover-info\"><div class='tshowcase-box-info ts-align-center '><div class='tshowcase-box-info-inner'><div class=\"tshowcase-box-title\" itemprop=\"name\"><a href=\"https:\/\/e-marineeducation.com\/tr\/profil-huseyin-altay-yontan\/\" class=\"\">H\u00fcseyin Altay Yontan<\/a><\/div><div class='tshowcase-box-details'><div itemprop=\"jobTitle\" class=\"tshowcase-single-position\">Genel Koordinat\u00f6r<\/div><\/div><\/div><\/div><\/span><\/span> <\/div><\/div><\/div><\/div><\/div>\n<p style=\"text-align: center;\"><strong>Koordinat\u00f6rler<\/strong><br \/>\n<div id=\"tshowcase_id_2\" data-atts=\"{&quot;orderby&quot;:&quot;title&quot;,&quot;category&quot;:&quot;koordinatorler&quot;,&quot;url&quot;:&quot;active_custom&quot;,&quot;layout&quot;:&quot;hover&quot;,&quot;style&quot;:&quot;img-rounded,text-center,3-columns&quot;,&quot;display&quot;:&quot;photo,position,location,name&quot;}\"><div class='tshowcase'><div class='ts-responsive-wrap ' id='tshowcase-hover-wrap'><div  class=\"tshowcase-hover-box ts-col_3  ts-koordinatorler ts-id-4429 \"><div style=\"margin-left:auto; margin-right:auto; max-width:160px;\"><span class=\"ts-rounded \"><img src='https:\/\/e-marineeducation.com\/tr\/wp-content\/uploads\/Ata-Alban-Akg\u00fcn.png' width='151' \/><span class=\"tshowcase-hover-info\"><div class='tshowcase-box-info ts-align-center '><div class='tshowcase-box-info-inner'><div class=\"tshowcase-box-title\" itemprop=\"name\"><a href=\"https:\/\/e-marineeducation.com\/tr\/profil-ata-alban-akgun\/\" class=\"\">Ata Alban Akg\u00fcn<\/a><\/div><div class='tshowcase-box-details'><div itemprop=\"jobTitle\" class=\"tshowcase-single-position\">B\u00f6l\u00fcm Koordinat\u00f6r\u00fc<\/div><div class=\"tshowcase-single-location\">\u00d6\u011frenci<\/div><\/div><\/div><\/div><\/span><\/span> <\/div><\/div><div  class=\"tshowcase-hover-box ts-col_3  ts-koordinatorler ts-id-4429 \"><div style=\"margin-left:auto; margin-right:auto; max-width:160px;\"><span class=\"ts-rounded \"><img src='https:\/\/e-marineeducation.com\/tr\/wp-content\/uploads\/Ay\u015fe-K\u0131r\u0131c\u0131.jpg' width='151' \/><span class=\"tshowcase-hover-info\"><div class='tshowcase-box-info ts-align-center '><div class='tshowcase-box-info-inner'><div class=\"tshowcase-box-title\" itemprop=\"name\"><a href=\"https:\/\/e-marineeducation.com\/tr\/profil-ayse-kirici\/\" class=\"\">Ay\u015fe K\u0131r\u0131c\u0131<\/a><\/div><div class='tshowcase-box-details'><div itemprop=\"jobTitle\" class=\"tshowcase-single-position\">\u0130nsan Kaynaklar\u0131 Koordinat\u00f6r\u00fc<\/div><div class=\"tshowcase-single-location\">Puant\u00f6r<\/div><\/div><\/div><\/div><\/span><\/span> <\/div><\/div><div  class=\"tshowcase-hover-box ts-col_3  ts-koordinatorler ts-id-4429 \"><div style=\"margin-left:auto; margin-right:auto; max-width:160px;\"><span class=\"ts-rounded \"><img src='https:\/\/e-marineeducation.com\/tr\/wp-content\/uploads\/27294512_1670964266301934_2030933742_n-128x160.jpg' width='128' \/><span class=\"tshowcase-hover-info\"><div class='tshowcase-box-info ts-align-center '><div class='tshowcase-box-info-inner'><div class=\"tshowcase-box-title\" itemprop=\"name\"><a href=\"https:\/\/e-marineeducation.com\/tr\/profil-burak-urun\/\" class=\"\">Burak Urun<\/a><\/div><div class='tshowcase-box-details'><div itemprop=\"jobTitle\" class=\"tshowcase-single-position\">Sosyal Medya Koordinat\u00f6r\u00fc<\/div><div class=\"tshowcase-single-location\">Makine Zabiti<\/div><\/div><\/div><\/div><\/span><\/span> <\/div><\/div><\/div><\/div><\/div>\n<p style=\"text-align: center;\"><strong>Edit\u00f6rler<\/strong><br \/>\n<div id=\"tshowcase_id_3\" data-atts=\"{&quot;orderby&quot;:&quot;title&quot;,&quot;category&quot;:&quot;editorler&quot;,&quot;url&quot;:&quot;active_custom&quot;,&quot;layout&quot;:&quot;hover&quot;,&quot;style&quot;:&quot;img-rounded,text-center,3-columns&quot;,&quot;display&quot;:&quot;photo,position,location,name&quot;}\"><div class='tshowcase'><div class='ts-responsive-wrap ' id='tshowcase-hover-wrap'><div  class=\"tshowcase-hover-box ts-col_3  ts-editorler ts-id-4430 \"><div style=\"margin-left:auto; margin-right:auto; max-width:160px;\"><span class=\"ts-rounded \"><img src='https:\/\/e-marineeducation.com\/tr\/wp-content\/uploads\/A.Sercan-Balc\u0131o\u011flu.png' width='151' \/><span class=\"tshowcase-hover-info\"><div class='tshowcase-box-info ts-align-center '><div class='tshowcase-box-info-inner'><div class=\"tshowcase-box-title\" itemprop=\"name\"><a href=\"https:\/\/e-marineeducation.com\/tr\/profil-ali-sercan-balcioglu\/\" class=\"\">Ali Sercan Balc\u0131o\u011flu<\/a><\/div><div class='tshowcase-box-details'><div itemprop=\"jobTitle\" class=\"tshowcase-single-position\">Medya Takip Edit\u00f6r\u00fc<\/div><div class=\"tshowcase-single-location\">Vardiya Zabiti<\/div><\/div><\/div><\/div><\/span><\/span> <\/div><\/div><div  class=\"tshowcase-hover-box ts-col_3  ts-editorler ts-id-4430 \"><div style=\"margin-left:auto; margin-right:auto; max-width:160px;\"><span class=\"ts-rounded \"><img src='https:\/\/e-marineeducation.com\/tr\/wp-content\/uploads\/O\u011fuz-Demirel.png' width='151' \/><span class=\"tshowcase-hover-info\"><div class='tshowcase-box-info ts-align-center '><div class='tshowcase-box-info-inner'><div class=\"tshowcase-box-title\" itemprop=\"name\"><a href=\"https:\/\/e-marineeducation.com\/tr\/profil-oguz-demirel\/\" class=\"\">O\u011fuz Demirel<\/a><\/div><div class='tshowcase-box-details'><div itemprop=\"jobTitle\" class=\"tshowcase-single-position\">Dijital Medya Edit\u00f6r\u00fc<\/div><div class=\"tshowcase-single-location\">Uzakyol Vardiya Zabiti<\/div><\/div><\/div><\/div><\/span><\/span> <\/div><\/div><div  class=\"tshowcase-hover-box ts-col_3  ts-editorler ts-id-4430 \"><div style=\"margin-left:auto; margin-right:auto; max-width:160px;\"><span class=\"ts-rounded \"><img src='https:\/\/e-marineeducation.com\/tr\/wp-content\/uploads\/Samet-Bi\u00e7en.png' width='151' \/><span class=\"tshowcase-hover-info\"><div class='tshowcase-box-info ts-align-center '><div class='tshowcase-box-info-inner'><div class=\"tshowcase-box-title\" itemprop=\"name\"><a href=\"https:\/\/e-marineeducation.com\/tr\/profil-samet-bicen\/\" class=\"\">Samet Bi\u00e7en<\/a><\/div><div class='tshowcase-box-details'><div itemprop=\"jobTitle\" class=\"tshowcase-single-position\">e-Dergi Edit\u00f6r\u00fc<\/div><div class=\"tshowcase-single-location\">Uzakyol Vardiya M\u00fchendisi<\/div><\/div><\/div><\/div><\/span><\/span> <\/div><\/div><div  class=\"tshowcase-hover-box ts-col_3  ts-editorler ts-id-4430 \"><div style=\"margin-left:auto; margin-right:auto; max-width:160px;\"><span class=\"ts-rounded \"><img src='https:\/\/e-marineeducation.com\/tr\/wp-content\/uploads\/Tugay-Hocek.jpg' width='151' \/><span class=\"tshowcase-hover-info\"><div class='tshowcase-box-info ts-align-center '><div class='tshowcase-box-info-inner'><div class=\"tshowcase-box-title\" itemprop=\"name\"><a href=\"https:\/\/e-marineeducation.com\/tr\/profil-tugay-hocek\/\" class=\"\">Tugay Hocek<\/a><\/div><div class='tshowcase-box-details'><div itemprop=\"jobTitle\" class=\"tshowcase-single-position\">\u0130\u00e7erik Edit\u00f6r\u00fc<\/div><div class=\"tshowcase-single-location\">\u00d6\u011frenci<\/div><\/div><\/div><\/div><\/span><\/span> <\/div><\/div><\/div><\/div><\/div>\n<p style=\"text-align: center;\"><strong>Terc\u00fcmanlar<\/strong><br \/>\n<div id=\"tshowcase_id_4\" data-atts=\"{&quot;orderby&quot;:&quot;title&quot;,&quot;category&quot;:&quot;tercuman&quot;,&quot;url&quot;:&quot;active_custom&quot;,&quot;layout&quot;:&quot;hover&quot;,&quot;style&quot;:&quot;img-rounded,text-center,3-columns&quot;,&quot;display&quot;:&quot;photo,position,location,name&quot;}\"><div class='tshowcase'><div class='ts-responsive-wrap ' id='tshowcase-hover-wrap'><div  class=\"tshowcase-hover-box ts-col_3  ts-tercuman ts-id-4431 \"><div style=\"margin-left:auto; margin-right:auto; max-width:160px;\"><span class=\"ts-rounded \"><img src='https:\/\/e-marineeducation.com\/tr\/wp-content\/uploads\/Cem-K\u00fct\u00fcko\u011flu.png' width='151' \/><span class=\"tshowcase-hover-info\"><div class='tshowcase-box-info ts-align-center '><div class='tshowcase-box-info-inner'><div class=\"tshowcase-box-title\" itemprop=\"name\"><a href=\"https:\/\/e-marineeducation.com\/tr\/profil-cem-kutukoglu\/\" class=\"\">Cem K\u00fct\u00fcko\u011flu<\/a><\/div><div class='tshowcase-box-details'><div itemprop=\"jobTitle\" class=\"tshowcase-single-position\">Terc\u00fcman<\/div><div class=\"tshowcase-single-location\">Uzakyol Vardiya Zabiti<\/div><\/div><\/div><\/div><\/span><\/span> <\/div><\/div><div  class=\"tshowcase-hover-box ts-col_3  ts-tercuman ts-id-4431 \"><div style=\"margin-left:auto; margin-right:auto; max-width:160px;\"><span class=\"ts-rounded \"><img src='https:\/\/e-marineeducation.com\/tr\/wp-content\/uploads\/Seray-Karlav-151x160.jpg' width='151' \/><span class=\"tshowcase-hover-info\"><div class='tshowcase-box-info ts-align-center '><div class='tshowcase-box-info-inner'><div class=\"tshowcase-box-title\" itemprop=\"name\"><a href=\"https:\/\/e-marineeducation.com\/tr\/kisisel-profil-sayfasi-seray-karlav\/\" class=\"\">Seray Karlav<\/a><\/div><div class='tshowcase-box-details'><div itemprop=\"jobTitle\" class=\"tshowcase-single-position\">Terc\u00fcman<\/div><div class=\"tshowcase-single-location\">Stajyer Avukat<\/div><\/div><\/div><\/div><\/span><\/span> <\/div><\/div><\/div><\/div><\/div>\n<p style=\"text-align: center;\"><strong>\u00d6\u011frenci Temsilcileri<br \/>\n<\/strong><div id=\"tshowcase_id_5\" data-atts=\"{&quot;orderby&quot;:&quot;title&quot;,&quot;category&quot;:&quot;ogrenci-temsilcileri&quot;,&quot;url&quot;:&quot;active_custom&quot;,&quot;layout&quot;:&quot;hover&quot;,&quot;style&quot;:&quot;img-rounded,text-center,3-columns&quot;,&quot;display&quot;:&quot;photo,position,location,name&quot;}\"><div class='tshowcase'><div class='ts-responsive-wrap ' id='tshowcase-hover-wrap'><div  class=\"tshowcase-hover-box ts-col_3  ts-ogrenci-temsilcileri ts-id-4432 \"><div style=\"margin-left:auto; margin-right:auto; max-width:160px;\"><span class=\"ts-rounded \"><img src='https:\/\/e-marineeducation.com\/tr\/wp-content\/uploads\/Burak-\u00dcnal.png' width='151' \/><span class=\"tshowcase-hover-info\"><div class='tshowcase-box-info ts-align-center '><div class='tshowcase-box-info-inner'><div class=\"tshowcase-box-title\" itemprop=\"name\"><a href=\"https:\/\/e-marineeducation.com\/tr\/profil-burak-unal\/\" class=\"\">Burak \u00dcnal<\/a><\/div><div class='tshowcase-box-details'><div itemprop=\"jobTitle\" class=\"tshowcase-single-position\">Kocaeli \u00dcniversitesi<\/div><div class=\"tshowcase-single-location\">\u00d6\u011frenci<\/div><\/div><\/div><\/div><\/span><\/span> <\/div><\/div><div  class=\"tshowcase-hover-box ts-col_3  ts-ogrenci-temsilcileri ts-id-4432 \"><div style=\"margin-left:auto; margin-right:auto; max-width:160px;\"><span class=\"ts-rounded \"><img src='https:\/\/e-marineeducation.com\/tr\/wp-content\/uploads\/Enes-B\u00fcy\u00fck\u00e7olak-151x160.jpeg' width='151' \/><span class=\"tshowcase-hover-info\"><div class='tshowcase-box-info ts-align-center '><div class='tshowcase-box-info-inner'><div class=\"tshowcase-box-title\" itemprop=\"name\"><a href=\"https:\/\/e-marineeducation.com\/tr\/profil-enes-buyukcolak\/\" class=\"\">Enes B\u00fcy\u00fck\u00e7olak<\/a><\/div><div class='tshowcase-box-details'><div itemprop=\"jobTitle\" class=\"tshowcase-single-position\">Piri Reis \u00dcniversitesi<\/div><div class=\"tshowcase-single-location\">\u00d6\u011frenci<\/div><\/div><\/div><\/div><\/span><\/span> <\/div><\/div><div  class=\"tshowcase-hover-box ts-col_3  ts-ogrenci-temsilcileri ts-id-4432 \"><div style=\"margin-left:auto; margin-right:auto; max-width:160px;\"><span class=\"ts-rounded \"><img src='https:\/\/e-marineeducation.com\/tr\/wp-content\/uploads\/Tayfun-Emre-Zerde.png' width='151' \/><span class=\"tshowcase-hover-info\"><div class='tshowcase-box-info ts-align-center '><div class='tshowcase-box-info-inner'><div class=\"tshowcase-box-title\" itemprop=\"name\"><a href=\"https:\/\/e-marineeducation.com\/tr\/profil-tayfun-emre-zerde\/\" class=\"\">Tayfun Emre Zerde<\/a><\/div><div class='tshowcase-box-details'><div itemprop=\"jobTitle\" class=\"tshowcase-single-position\">Karadeniz Teknik \u00dcniversitesi<\/div><div class=\"tshowcase-single-location\">\u00d6\u011frenci<\/div><\/div><\/div><\/div><\/span><\/span> <\/div><\/div><\/div><\/div><\/div><strong><br \/>\n<\/strong><\/p>\n","protected":false},"excerpt":{"rendered":"<p>Kurucu Genel Koordinat\u00f6r Koordinat\u00f6rler Edit\u00f6rler Terc\u00fcmanlar \u00d6\u011frenci Temsilcileri<\/p>\n","protected":false},"author":1,"featured_media":597,"parent":0,"menu_order":0,"comment_status":"closed","ping_status":"closed","template":"","meta":{"_acf_changed":false,"_bbp_topic_count":0,"_bbp_reply_count":0,"_bbp_total_topic_count":0,"_bbp_total_reply_count":0,"_bbp_voice_count":0,"_bbp_anonymous_reply_count":0,"_bbp_topic_count_hidden":0,"_bbp_reply_count_hidden":0,"_bbp_forum_subforum_count":0,"footnotes":""},"class_list":["post-87","page","type-page","status-publish","has-post-thumbnail",""],"acf":[],"yoast_head":"<!-- This site is optimized with the Yoast SEO plugin v27.2 - https:\/\/yoast.com\/product\/yoast-seo-wordpress\/ -->\n<title>Organizasyon - e-MarineEducation.com<\/title>\n<meta name=\"robots\" content=\"index, follow, max-snippet:-1, max-image-preview:large, max-video-preview:-1\" \/>\n<link rel=\"canonical\" href=\"https:\/\/e-marineeducation.com\/tr\/organizasyon\/\" \/>\n<meta property=\"og:locale\" content=\"tr_TR\" \/>\n<meta property=\"og:type\" content=\"article\" \/>\n<meta property=\"og:title\" content=\"Organizasyon - e-MarineEducation.com\" \/>\n<meta property=\"og:description\" content=\"Kurucu Genel Koordinat\u00f6r Koordinat\u00f6rler Edit\u00f6rler Terc\u00fcmanlar \u00d6\u011frenci Temsilcileri\" \/>\n<meta property=\"og:url\" content=\"https:\/\/e-marineeducation.com\/tr\/organizasyon\/\" \/>\n<meta property=\"og:site_name\" content=\"e-MarineEducation.com\" \/>\n<meta property=\"article:modified_time\" content=\"2017-11-19T08:34:22+00:00\" \/>\n<meta property=\"og:image\" content=\"https:\/\/e-marineeducation.com\/tr\/wp-content\/uploads\/2011\/08\/organizasyon.png\" \/>\n\t<meta property=\"og:image:width\" content=\"74\" \/>\n\t<meta property=\"og:image:height\" content=\"74\" \/>\n\t<meta property=\"og:image:type\" content=\"image\/png\" \/>\n<meta name=\"twitter:card\" content=\"summary_large_image\" \/>\n<meta name=\"twitter:label1\" content=\"Tahmini okuma s\u00fcresi\" \/>\n\t<meta name=\"twitter:data1\" content=\"1 dakika\" \/>\n<script type=\"application\/ld+json\" class=\"yoast-schema-graph\">{\"@context\":\"https:\/\/schema.org\",\"@graph\":[{\"@type\":\"WebPage\",\"@id\":\"https:\/\/e-marineeducation.com\/tr\/organizasyon\/\",\"url\":\"https:\/\/e-marineeducation.com\/tr\/organizasyon\/\",\"name\":\"Organizasyon - e-MarineEducation.com\",\"isPartOf\":{\"@id\":\"https:\/\/e-marineeducation.com\/tr\/#website\"},\"primaryImageOfPage\":{\"@id\":\"https:\/\/e-marineeducation.com\/tr\/organizasyon\/#primaryimage\"},\"image\":{\"@id\":\"https:\/\/e-marineeducation.com\/tr\/organizasyon\/#primaryimage\"},\"thumbnailUrl\":\"https:\/\/e-marineeducation.com\/tr\/wp-content\/uploads\/2011\/08\/organizasyon.png\",\"datePublished\":\"2011-08-12T01:11:45+00:00\",\"dateModified\":\"2017-11-19T08:34:22+00:00\",\"breadcrumb\":{\"@id\":\"https:\/\/e-marineeducation.com\/tr\/organizasyon\/#breadcrumb\"},\"inLanguage\":\"tr\",\"potentialAction\":[{\"@type\":\"ReadAction\",\"target\":[\"https:\/\/e-marineeducation.com\/tr\/organizasyon\/\"]}]},{\"@type\":\"ImageObject\",\"inLanguage\":\"tr\",\"@id\":\"https:\/\/e-marineeducation.com\/tr\/organizasyon\/#primaryimage\",\"url\":\"https:\/\/e-marineeducation.com\/tr\/wp-content\/uploads\/2011\/08\/organizasyon.png\",\"contentUrl\":\"https:\/\/e-marineeducation.com\/tr\/wp-content\/uploads\/2011\/08\/organizasyon.png\",\"width\":\"74\",\"height\":\"74\"},{\"@type\":\"BreadcrumbList\",\"@id\":\"https:\/\/e-marineeducation.com\/tr\/organizasyon\/#breadcrumb\",\"itemListElement\":[{\"@type\":\"ListItem\",\"position\":1,\"name\":\"Ana sayfa\",\"item\":\"https:\/\/e-marineeducation.com\/tr\/\"},{\"@type\":\"ListItem\",\"position\":2,\"name\":\"Organizasyon\"}]},{\"@type\":\"WebSite\",\"@id\":\"https:\/\/e-marineeducation.com\/tr\/#website\",\"url\":\"https:\/\/e-marineeducation.com\/tr\/\",\"name\":\"e-MarineEducation.com\",\"description\":\"Denizcilik E\u011fitimine Yeni Bir Bak\u0131\u015f A\u00e7\u0131s\u0131\",\"potentialAction\":[{\"@type\":\"SearchAction\",\"target\":{\"@type\":\"EntryPoint\",\"urlTemplate\":\"https:\/\/e-marineeducation.com\/tr\/?s={search_term_string}\"},\"query-input\":{\"@type\":\"PropertyValueSpecification\",\"valueRequired\":true,\"valueName\":\"search_term_string\"}}],\"inLanguage\":\"tr\"}]}<\/script>\n<!-- \/ Yoast SEO plugin. -->","yoast_head_json":{"title":"Organizasyon - e-MarineEducation.com","robots":{"index":"index","follow":"follow","max-snippet":"max-snippet:-1","max-image-preview":"max-image-preview:large","max-video-preview":"max-video-preview:-1"},"canonical":"https:\/\/e-marineeducation.com\/tr\/organizasyon\/","og_locale":"tr_TR","og_type":"article","og_title":"Organizasyon - e-MarineEducation.com","og_description":"Kurucu Genel Koordinat\u00f6r Koordinat\u00f6rler Edit\u00f6rler Terc\u00fcmanlar \u00d6\u011frenci Temsilcileri","og_url":"https:\/\/e-marineeducation.com\/tr\/organizasyon\/","og_site_name":"e-MarineEducation.com","article_modified_time":"2017-11-19T08:34:22+00:00","og_image":[{"width":74,"height":74,"url":"https:\/\/e-marineeducation.com\/tr\/wp-content\/uploads\/2011\/08\/organizasyon.png","type":"image\/png"}],"twitter_card":"summary_large_image","twitter_misc":{"Tahmini okuma s\u00fcresi":"1 dakika"},"schema":{"@context":"https:\/\/schema.org","@graph":[{"@type":"WebPage","@id":"https:\/\/e-marineeducation.com\/tr\/organizasyon\/","url":"https:\/\/e-marineeducation.com\/tr\/organizasyon\/","name":"Organizasyon - e-MarineEducation.com","isPartOf":{"@id":"https:\/\/e-marineeducation.com\/tr\/#website"},"primaryImageOfPage":{"@id":"https:\/\/e-marineeducation.com\/tr\/organizasyon\/#primaryimage"},"image":{"@id":"https:\/\/e-marineeducation.com\/tr\/organizasyon\/#primaryimage"},"thumbnailUrl":"https:\/\/e-marineeducation.com\/tr\/wp-content\/uploads\/2011\/08\/organizasyon.png","datePublished":"2011-08-12T01:11:45+00:00","dateModified":"2017-11-19T08:34:22+00:00","breadcrumb":{"@id":"https:\/\/e-marineeducation.com\/tr\/organizasyon\/#breadcrumb"},"inLanguage":"tr","potentialAction":[{"@type":"ReadAction","target":["https:\/\/e-marineeducation.com\/tr\/organizasyon\/"]}]},{"@type":"ImageObject","inLanguage":"tr","@id":"https:\/\/e-marineeducation.com\/tr\/organizasyon\/#primaryimage","url":"https:\/\/e-marineeducation.com\/tr\/wp-content\/uploads\/2011\/08\/organizasyon.png","contentUrl":"https:\/\/e-marineeducation.com\/tr\/wp-content\/uploads\/2011\/08\/organizasyon.png","width":"74","height":"74"},{"@type":"BreadcrumbList","@id":"https:\/\/e-marineeducation.com\/tr\/organizasyon\/#breadcrumb","itemListElement":[{"@type":"ListItem","position":1,"name":"Ana sayfa","item":"https:\/\/e-marineeducation.com\/tr\/"},{"@type":"ListItem","position":2,"name":"Organizasyon"}]},{"@type":"WebSite","@id":"https:\/\/e-marineeducation.com\/tr\/#website","url":"https:\/\/e-marineeducation.com\/tr\/","name":"e-MarineEducation.com","description":"Denizcilik E\u011fitimine Yeni Bir Bak\u0131\u015f A\u00e7\u0131s\u0131","potentialAction":[{"@type":"SearchAction","target":{"@type":"EntryPoint","urlTemplate":"https:\/\/e-marineeducation.com\/tr\/?s={search_term_string}"},"query-input":{"@type":"PropertyValueSpecification","valueRequired":true,"valueName":"search_term_string"}}],"inLanguage":"tr"}]}},"_links":{"self":[{"href":"https:\/\/e-marineeducation.com\/tr\/wp-json\/wp\/v2\/pages\/87","targetHints":{"allow":["GET"]}}],"collection":[{"href":"https:\/\/e-marineeducation.com\/tr\/wp-json\/wp\/v2\/pages"}],"about":[{"href":"https:\/\/e-marineeducation.com\/tr\/wp-json\/wp\/v2\/types\/page"}],"author":[{"embeddable":true,"href":"https:\/\/e-marineeducation.com\/tr\/wp-json\/wp\/v2\/users\/1"}],"replies":[{"embeddable":true,"href":"https:\/\/e-marineeducation.com\/tr\/wp-json\/wp\/v2\/comments?post=87"}],"version-history":[{"count":0,"href":"https:\/\/e-marineeducation.com\/tr\/wp-json\/wp\/v2\/pages\/87\/revisions"}],"wp:featuredmedia":[{"embeddable":true,"href":"https:\/\/e-marineeducation.com\/tr\/wp-json\/wp\/v2\/media\/597"}],"wp:attachment":[{"href":"https:\/\/e-marineeducation.com\/tr\/wp-json\/wp\/v2\/media?parent=87"}],"curies":[{"name":"wp","href":"https:\/\/api.w.org\/{rel}","templated":true}]}}