

{"id":85,"date":"2011-08-12T04:11:35","date_gmt":"2011-08-12T01:11:35","guid":{"rendered":"https:\/\/e-marineeducation.com\/tr\/?page_id=85"},"modified":"2016-07-12T12:58:48","modified_gmt":"2016-07-12T09:58:48","slug":"misyon-vizyon","status":"publish","type":"page","link":"https:\/\/e-marineeducation.com\/tr\/misyon-vizyon\/","title":{"rendered":"Misyon ve Vizyon"},"content":{"rendered":"<p><img loading=\"lazy\" decoding=\"async\" class=\"aligncenter size-full wp-image-554\" title=\"\" src=\"https:\/\/e-marineeducation.com\/tr\/wp-content\/uploads\/2011\/08\/misyon.png\" alt=\"\" width=\"630\" height=\"210\" srcset=\"https:\/\/e-marineeducation.com\/tr\/wp-content\/uploads\/2011\/08\/misyon.png 630w, https:\/\/e-marineeducation.com\/tr\/wp-content\/uploads\/2011\/08\/misyon-300x100.png 300w\" sizes=\"auto, (max-width: 630px) 100vw, 630px\" \/><\/p>\n<p style=\"text-align: justify;\"><strong><span style=\"color: #3366cc;\"><span style=\"color: #3498db;\">Misyon<\/span><br \/>\n<\/span><\/strong>e-MarineEducation.com sitesinin misyonu, haz\u0131rlanan dok\u00fcman ve g\u00f6rsel e\u011fitim unsurlar\u0131 ile denizcilik e\u011fitimine uluslararas\u0131 d\u00fczeyde katk\u0131 sa\u011flamak ve denizcilik k\u00fclt\u00fcr\u00fcn\u00fcn yay\u0131lmas\u0131 i\u00e7in \u00e7al\u0131\u015fmalar yapmakt\u0131r.<\/p>\n<p style=\"text-align: justify;\"><span style=\"color: #3366cc;\"><strong><span style=\"color: #3498db;\">Vizyon<\/span><br \/>\n<\/strong><\/span>e-MarineEducation.com sitesinin vizyonu, T\u00fcrkiye ve d\u00fcnyadan bir\u00e7ok ki\u015fi taraf\u0131ndan ziyaret edilerek denizcilik e\u011fitimine katk\u0131 sa\u011flama ve bu alanda bir marka olma hedefidir.<\/p>\n","protected":false},"excerpt":{"rendered":"<p>Misyon e-MarineEducation.com sitesinin misyonu, haz\u0131rlanan dok\u00fcman ve g\u00f6rsel e\u011fitim unsurlar\u0131 ile denizcilik e\u011fitimine uluslararas\u0131 d\u00fczeyde katk\u0131 sa\u011flamak ve denizcilik k\u00fclt\u00fcr\u00fcn\u00fcn yay\u0131lmas\u0131 i\u00e7in \u00e7al\u0131\u015fmalar yapmakt\u0131r. Vizyon e-MarineEducation.com sitesinin vizyonu, T\u00fcrkiye ve d\u00fcnyadan bir\u00e7ok ki\u015fi taraf\u0131ndan ziyaret edilerek denizcilik e\u011fitimine katk\u0131 sa\u011flama ve bu alanda bir marka olma hedefidir.<\/p>\n","protected":false},"author":1,"featured_media":566,"parent":0,"menu_order":0,"comment_status":"closed","ping_status":"closed","template":"","meta":{"_acf_changed":false,"_bbp_topic_count":0,"_bbp_reply_count":0,"_bbp_total_topic_count":0,"_bbp_total_reply_count":0,"_bbp_voice_count":0,"_bbp_anonymous_reply_count":0,"_bbp_topic_count_hidden":0,"_bbp_reply_count_hidden":0,"_bbp_forum_subforum_count":0,"footnotes":""},"class_list":["post-85","page","type-page","status-publish","has-post-thumbnail",""],"acf":[],"yoast_head":"<!-- This site is optimized with the Yoast SEO plugin v27.2 - https:\/\/yoast.com\/product\/yoast-seo-wordpress\/ -->\n<title>Misyon ve Vizyon - e-MarineEducation.com<\/title>\n<meta name=\"description\" content=\"E-MarineEducation.com alan ad\u0131na sahip internet sitemizin misyon ve vizyonun a\u00e7\u0131kland\u0131\u011f\u0131 sayfad\u0131r.\" \/>\n<meta name=\"robots\" content=\"index, follow, max-snippet:-1, max-image-preview:large, max-video-preview:-1\" \/>\n<link rel=\"canonical\" href=\"https:\/\/e-marineeducation.com\/tr\/misyon-vizyon\/\" \/>\n<meta property=\"og:locale\" content=\"tr_TR\" \/>\n<meta property=\"og:type\" content=\"article\" \/>\n<meta property=\"og:title\" content=\"Misyon ve Vizyon - e-MarineEducation.com\" \/>\n<meta property=\"og:description\" content=\"E-MarineEducation.com alan ad\u0131na sahip internet sitemizin misyon ve vizyonun a\u00e7\u0131kland\u0131\u011f\u0131 sayfad\u0131r.\" \/>\n<meta property=\"og:url\" content=\"https:\/\/e-marineeducation.com\/tr\/misyon-vizyon\/\" \/>\n<meta property=\"og:site_name\" content=\"e-MarineEducation.com\" \/>\n<meta property=\"article:modified_time\" content=\"2016-07-12T09:58:48+00:00\" \/>\n<meta property=\"og:image\" content=\"https:\/\/e-marineeducation.com\/tr\/wp-content\/uploads\/2011\/08\/Misyon-Simge.png\" \/>\n\t<meta property=\"og:image:width\" content=\"74\" \/>\n\t<meta property=\"og:image:height\" content=\"74\" \/>\n\t<meta property=\"og:image:type\" content=\"image\/png\" \/>\n<meta name=\"twitter:card\" content=\"summary_large_image\" \/>\n<script type=\"application\/ld+json\" class=\"yoast-schema-graph\">{\"@context\":\"https:\/\/schema.org\",\"@graph\":[{\"@type\":\"WebPage\",\"@id\":\"https:\/\/e-marineeducation.com\/tr\/misyon-vizyon\/\",\"url\":\"https:\/\/e-marineeducation.com\/tr\/misyon-vizyon\/\",\"name\":\"Misyon ve Vizyon - e-MarineEducation.com\",\"isPartOf\":{\"@id\":\"https:\/\/e-marineeducation.com\/tr\/#website\"},\"primaryImageOfPage\":{\"@id\":\"https:\/\/e-marineeducation.com\/tr\/misyon-vizyon\/#primaryimage\"},\"image\":{\"@id\":\"https:\/\/e-marineeducation.com\/tr\/misyon-vizyon\/#primaryimage\"},\"thumbnailUrl\":\"https:\/\/e-marineeducation.com\/tr\/wp-content\/uploads\/2011\/08\/Misyon-Simge.png\",\"datePublished\":\"2011-08-12T01:11:35+00:00\",\"dateModified\":\"2016-07-12T09:58:48+00:00\",\"description\":\"E-MarineEducation.com alan ad\u0131na sahip internet sitemizin misyon ve vizyonun a\u00e7\u0131kland\u0131\u011f\u0131 sayfad\u0131r.\",\"breadcrumb\":{\"@id\":\"https:\/\/e-marineeducation.com\/tr\/misyon-vizyon\/#breadcrumb\"},\"inLanguage\":\"tr\",\"potentialAction\":[{\"@type\":\"ReadAction\",\"target\":[\"https:\/\/e-marineeducation.com\/tr\/misyon-vizyon\/\"]}]},{\"@type\":\"ImageObject\",\"inLanguage\":\"tr\",\"@id\":\"https:\/\/e-marineeducation.com\/tr\/misyon-vizyon\/#primaryimage\",\"url\":\"https:\/\/e-marineeducation.com\/tr\/wp-content\/uploads\/2011\/08\/Misyon-Simge.png\",\"contentUrl\":\"https:\/\/e-marineeducation.com\/tr\/wp-content\/uploads\/2011\/08\/Misyon-Simge.png\",\"width\":\"74\",\"height\":\"74\"},{\"@type\":\"BreadcrumbList\",\"@id\":\"https:\/\/e-marineeducation.com\/tr\/misyon-vizyon\/#breadcrumb\",\"itemListElement\":[{\"@type\":\"ListItem\",\"position\":1,\"name\":\"Ana sayfa\",\"item\":\"https:\/\/e-marineeducation.com\/tr\/\"},{\"@type\":\"ListItem\",\"position\":2,\"name\":\"Misyon ve Vizyon\"}]},{\"@type\":\"WebSite\",\"@id\":\"https:\/\/e-marineeducation.com\/tr\/#website\",\"url\":\"https:\/\/e-marineeducation.com\/tr\/\",\"name\":\"e-MarineEducation.com\",\"description\":\"Denizcilik E\u011fitimine Yeni Bir Bak\u0131\u015f A\u00e7\u0131s\u0131\",\"potentialAction\":[{\"@type\":\"SearchAction\",\"target\":{\"@type\":\"EntryPoint\",\"urlTemplate\":\"https:\/\/e-marineeducation.com\/tr\/?s={search_term_string}\"},\"query-input\":{\"@type\":\"PropertyValueSpecification\",\"valueRequired\":true,\"valueName\":\"search_term_string\"}}],\"inLanguage\":\"tr\"}]}<\/script>\n<!-- \/ Yoast SEO plugin. -->","yoast_head_json":{"title":"Misyon ve Vizyon - e-MarineEducation.com","description":"E-MarineEducation.com alan ad\u0131na sahip internet sitemizin misyon ve vizyonun a\u00e7\u0131kland\u0131\u011f\u0131 sayfad\u0131r.","robots":{"index":"index","follow":"follow","max-snippet":"max-snippet:-1","max-image-preview":"max-image-preview:large","max-video-preview":"max-video-preview:-1"},"canonical":"https:\/\/e-marineeducation.com\/tr\/misyon-vizyon\/","og_locale":"tr_TR","og_type":"article","og_title":"Misyon ve Vizyon - e-MarineEducation.com","og_description":"E-MarineEducation.com alan ad\u0131na sahip internet sitemizin misyon ve vizyonun a\u00e7\u0131kland\u0131\u011f\u0131 sayfad\u0131r.","og_url":"https:\/\/e-marineeducation.com\/tr\/misyon-vizyon\/","og_site_name":"e-MarineEducation.com","article_modified_time":"2016-07-12T09:58:48+00:00","og_image":[{"width":74,"height":74,"url":"https:\/\/e-marineeducation.com\/tr\/wp-content\/uploads\/2011\/08\/Misyon-Simge.png","type":"image\/png"}],"twitter_card":"summary_large_image","schema":{"@context":"https:\/\/schema.org","@graph":[{"@type":"WebPage","@id":"https:\/\/e-marineeducation.com\/tr\/misyon-vizyon\/","url":"https:\/\/e-marineeducation.com\/tr\/misyon-vizyon\/","name":"Misyon ve Vizyon - e-MarineEducation.com","isPartOf":{"@id":"https:\/\/e-marineeducation.com\/tr\/#website"},"primaryImageOfPage":{"@id":"https:\/\/e-marineeducation.com\/tr\/misyon-vizyon\/#primaryimage"},"image":{"@id":"https:\/\/e-marineeducation.com\/tr\/misyon-vizyon\/#primaryimage"},"thumbnailUrl":"https:\/\/e-marineeducation.com\/tr\/wp-content\/uploads\/2011\/08\/Misyon-Simge.png","datePublished":"2011-08-12T01:11:35+00:00","dateModified":"2016-07-12T09:58:48+00:00","description":"E-MarineEducation.com alan ad\u0131na sahip internet sitemizin misyon ve vizyonun a\u00e7\u0131kland\u0131\u011f\u0131 sayfad\u0131r.","breadcrumb":{"@id":"https:\/\/e-marineeducation.com\/tr\/misyon-vizyon\/#breadcrumb"},"inLanguage":"tr","potentialAction":[{"@type":"ReadAction","target":["https:\/\/e-marineeducation.com\/tr\/misyon-vizyon\/"]}]},{"@type":"ImageObject","inLanguage":"tr","@id":"https:\/\/e-marineeducation.com\/tr\/misyon-vizyon\/#primaryimage","url":"https:\/\/e-marineeducation.com\/tr\/wp-content\/uploads\/2011\/08\/Misyon-Simge.png","contentUrl":"https:\/\/e-marineeducation.com\/tr\/wp-content\/uploads\/2011\/08\/Misyon-Simge.png","width":"74","height":"74"},{"@type":"BreadcrumbList","@id":"https:\/\/e-marineeducation.com\/tr\/misyon-vizyon\/#breadcrumb","itemListElement":[{"@type":"ListItem","position":1,"name":"Ana sayfa","item":"https:\/\/e-marineeducation.com\/tr\/"},{"@type":"ListItem","position":2,"name":"Misyon ve Vizyon"}]},{"@type":"WebSite","@id":"https:\/\/e-marineeducation.com\/tr\/#website","url":"https:\/\/e-marineeducation.com\/tr\/","name":"e-MarineEducation.com","description":"Denizcilik E\u011fitimine Yeni Bir Bak\u0131\u015f A\u00e7\u0131s\u0131","potentialAction":[{"@type":"SearchAction","target":{"@type":"EntryPoint","urlTemplate":"https:\/\/e-marineeducation.com\/tr\/?s={search_term_string}"},"query-input":{"@type":"PropertyValueSpecification","valueRequired":true,"valueName":"search_term_string"}}],"inLanguage":"tr"}]}},"_links":{"self":[{"href":"https:\/\/e-marineeducation.com\/tr\/wp-json\/wp\/v2\/pages\/85","targetHints":{"allow":["GET"]}}],"collection":[{"href":"https:\/\/e-marineeducation.com\/tr\/wp-json\/wp\/v2\/pages"}],"about":[{"href":"https:\/\/e-marineeducation.com\/tr\/wp-json\/wp\/v2\/types\/page"}],"author":[{"embeddable":true,"href":"https:\/\/e-marineeducation.com\/tr\/wp-json\/wp\/v2\/users\/1"}],"replies":[{"embeddable":true,"href":"https:\/\/e-marineeducation.com\/tr\/wp-json\/wp\/v2\/comments?post=85"}],"version-history":[{"count":0,"href":"https:\/\/e-marineeducation.com\/tr\/wp-json\/wp\/v2\/pages\/85\/revisions"}],"wp:featuredmedia":[{"embeddable":true,"href":"https:\/\/e-marineeducation.com\/tr\/wp-json\/wp\/v2\/media\/566"}],"wp:attachment":[{"href":"https:\/\/e-marineeducation.com\/tr\/wp-json\/wp\/v2\/media?parent=85"}],"curies":[{"name":"wp","href":"https:\/\/api.w.org\/{rel}","templated":true}]}}