

{"id":8249,"date":"2012-12-03T12:37:38","date_gmt":"2012-12-03T10:37:38","guid":{"rendered":"https:\/\/e-marineeducation.com\/tr\/?page_id=8249"},"modified":"2014-11-13T18:30:46","modified_gmt":"2014-11-13T16:30:46","slug":"servisler","status":"publish","type":"page","link":"https:\/\/e-marineeducation.com\/tr\/servisler\/","title":{"rendered":"Servisler"},"content":{"rendered":"<p><img loading=\"lazy\" decoding=\"async\" class=\"alignleft\" src=\"https:\/\/e-marineeducation.com\/tr\/wp-content\/uploads\/E-Posta.png\" alt=\"\" width=\"78\" height=\"90\" \/><\/p>\n<p><span style=\"color: #3366cc;\"><strong>E-Posta Paneli<\/strong><\/span><\/p>\n<p><strong>Link:<\/strong>\u00a0<a href=\"http:\/\/webmail.e-marineeducation.com\" target=\"_blank\">http:\/\/webmail.e-marineeducation.com<\/a><\/p>\n<table style=\"height: 80px;\" border=\"0\">\n<tbody>\n<tr>\n<td><\/td>\n<\/tr>\n<\/tbody>\n<\/table>\n<p><img loading=\"lazy\" decoding=\"async\" class=\"alignleft size-full wp-image-8250\" title=\"\" src=\"https:\/\/e-marineeducation.com\/tr\/wp-content\/uploads\/Lifebuoy.png\" alt=\"\" width=\"78\" height=\"78\" srcset=\"https:\/\/e-marineeducation.com\/tr\/wp-content\/uploads\/Lifebuoy.png 78w, https:\/\/e-marineeducation.com\/tr\/wp-content\/uploads\/Lifebuoy-74x74.png 74w\" sizes=\"auto, (max-width: 78px) 100vw, 78px\" \/><span style=\"color: #3366cc;\"><strong>e-MarEdu Akademi<\/strong><\/span><\/p>\n<p><strong>Link:\u00a0<\/strong><a href=\"https:\/\/e-marineeducation.com\/tr\/efront\/\" target=\"_blank\">https:\/\/e-marineeducation.com\/tr\/efront\/<\/a><\/p>\n<table style=\"height: 80px;\" border=\"0\">\n<tbody>\n<tr>\n<td><\/td>\n<\/tr>\n<\/tbody>\n<\/table>\n<p><img loading=\"lazy\" decoding=\"async\" class=\"alignleft size-full wp-image-8251\" title=\"\" src=\"https:\/\/e-marineeducation.com\/tr\/wp-content\/uploads\/file-sharing.png\" alt=\"\" width=\"78\" height=\"62\" \/><span style=\"color: #3366cc;\"><strong>Dosya Payla\u015f\u0131m Merkezi<\/strong><\/span><\/p>\n<p><strong>Link:<\/strong>\u00a0<a href=\"http:\/\/www.e-marineeducation.com\/ajaxplorer\/\" target=\"_blank\">www.e-marineeducation.com\/ajaxplorer\/<\/a><\/p>\n","protected":false},"excerpt":{"rendered":"<p>E-Posta Paneli Link:\u00a0http:\/\/webmail.e-marineeducation.com e-MarEdu Akademi Link:\u00a0https:\/\/e-marineeducation.com\/tr\/efront\/ Dosya Payla\u015f\u0131m Merkezi Link:\u00a0www.e-marineeducation.com\/ajaxplorer\/<\/p>\n","protected":false},"author":1,"featured_media":0,"parent":0,"menu_order":0,"comment_status":"open","ping_status":"open","template":"","meta":{"_acf_changed":false,"_bbp_topic_count":0,"_bbp_reply_count":0,"_bbp_total_topic_count":0,"_bbp_total_reply_count":0,"_bbp_voice_count":0,"_bbp_anonymous_reply_count":0,"_bbp_topic_count_hidden":0,"_bbp_reply_count_hidden":0,"_bbp_forum_subforum_count":0,"footnotes":""},"class_list":["post-8249","page","type-page","status-publish",""],"acf":[],"yoast_head":"<!-- This site is optimized with the Yoast SEO plugin v27.4 - https:\/\/yoast.com\/product\/yoast-seo-wordpress\/ -->\n<title>Servisler - e-MarineEducation.com<\/title>\n<meta name=\"robots\" content=\"index, follow, max-snippet:-1, max-image-preview:large, max-video-preview:-1\" \/>\n<link rel=\"canonical\" href=\"https:\/\/e-marineeducation.com\/tr\/servisler\/\" \/>\n<meta property=\"og:locale\" content=\"tr_TR\" \/>\n<meta property=\"og:type\" content=\"article\" \/>\n<meta property=\"og:title\" content=\"Servisler - e-MarineEducation.com\" \/>\n<meta property=\"og:description\" content=\"E-Posta Paneli Link:\u00a0http:\/\/webmail.e-marineeducation.com e-MarEdu Akademi Link:\u00a0https:\/\/e-marineeducation.com\/tr\/efront\/ Dosya Payla\u015f\u0131m Merkezi Link:\u00a0www.e-marineeducation.com\/ajaxplorer\/\" \/>\n<meta property=\"og:url\" content=\"https:\/\/e-marineeducation.com\/tr\/servisler\/\" \/>\n<meta property=\"og:site_name\" content=\"e-MarineEducation.com\" \/>\n<meta property=\"article:modified_time\" content=\"2014-11-13T16:30:46+00:00\" \/>\n<meta property=\"og:image\" content=\"https:\/\/e-marineeducation.com\/tr\/wp-content\/uploads\/E-Posta.png\" \/>\n<meta name=\"twitter:card\" content=\"summary_large_image\" \/>\n<script type=\"application\/ld+json\" class=\"yoast-schema-graph\">{\"@context\":\"https:\\\/\\\/schema.org\",\"@graph\":[{\"@type\":\"WebPage\",\"@id\":\"https:\\\/\\\/e-marineeducation.com\\\/tr\\\/servisler\\\/\",\"url\":\"https:\\\/\\\/e-marineeducation.com\\\/tr\\\/servisler\\\/\",\"name\":\"Servisler - e-MarineEducation.com\",\"isPartOf\":{\"@id\":\"https:\\\/\\\/e-marineeducation.com\\\/tr\\\/#website\"},\"primaryImageOfPage\":{\"@id\":\"https:\\\/\\\/e-marineeducation.com\\\/tr\\\/servisler\\\/#primaryimage\"},\"image\":{\"@id\":\"https:\\\/\\\/e-marineeducation.com\\\/tr\\\/servisler\\\/#primaryimage\"},\"thumbnailUrl\":\"https:\\\/\\\/e-marineeducation.com\\\/tr\\\/wp-content\\\/uploads\\\/E-Posta.png\",\"datePublished\":\"2012-12-03T10:37:38+00:00\",\"dateModified\":\"2014-11-13T16:30:46+00:00\",\"breadcrumb\":{\"@id\":\"https:\\\/\\\/e-marineeducation.com\\\/tr\\\/servisler\\\/#breadcrumb\"},\"inLanguage\":\"tr\",\"potentialAction\":[{\"@type\":\"ReadAction\",\"target\":[\"https:\\\/\\\/e-marineeducation.com\\\/tr\\\/servisler\\\/\"]}]},{\"@type\":\"ImageObject\",\"inLanguage\":\"tr\",\"@id\":\"https:\\\/\\\/e-marineeducation.com\\\/tr\\\/servisler\\\/#primaryimage\",\"url\":\"https:\\\/\\\/e-marineeducation.com\\\/tr\\\/wp-content\\\/uploads\\\/E-Posta.png\",\"contentUrl\":\"https:\\\/\\\/e-marineeducation.com\\\/tr\\\/wp-content\\\/uploads\\\/E-Posta.png\",\"width\":\"78\",\"height\":\"90\"},{\"@type\":\"BreadcrumbList\",\"@id\":\"https:\\\/\\\/e-marineeducation.com\\\/tr\\\/servisler\\\/#breadcrumb\",\"itemListElement\":[{\"@type\":\"ListItem\",\"position\":1,\"name\":\"Ana sayfa\",\"item\":\"https:\\\/\\\/e-marineeducation.com\\\/tr\\\/\"},{\"@type\":\"ListItem\",\"position\":2,\"name\":\"Servisler\"}]},{\"@type\":\"WebSite\",\"@id\":\"https:\\\/\\\/e-marineeducation.com\\\/tr\\\/#website\",\"url\":\"https:\\\/\\\/e-marineeducation.com\\\/tr\\\/\",\"name\":\"e-MarineEducation.com\",\"description\":\"Denizcilik E\u011fitimine Yeni Bir Bak\u0131\u015f A\u00e7\u0131s\u0131\",\"potentialAction\":[{\"@type\":\"SearchAction\",\"target\":{\"@type\":\"EntryPoint\",\"urlTemplate\":\"https:\\\/\\\/e-marineeducation.com\\\/tr\\\/?s={search_term_string}\"},\"query-input\":{\"@type\":\"PropertyValueSpecification\",\"valueRequired\":true,\"valueName\":\"search_term_string\"}}],\"inLanguage\":\"tr\"}]}<\/script>\n<!-- \/ Yoast SEO plugin. -->","yoast_head_json":{"title":"Servisler - e-MarineEducation.com","robots":{"index":"index","follow":"follow","max-snippet":"max-snippet:-1","max-image-preview":"max-image-preview:large","max-video-preview":"max-video-preview:-1"},"canonical":"https:\/\/e-marineeducation.com\/tr\/servisler\/","og_locale":"tr_TR","og_type":"article","og_title":"Servisler - e-MarineEducation.com","og_description":"E-Posta Paneli Link:\u00a0http:\/\/webmail.e-marineeducation.com e-MarEdu Akademi Link:\u00a0https:\/\/e-marineeducation.com\/tr\/efront\/ Dosya Payla\u015f\u0131m Merkezi Link:\u00a0www.e-marineeducation.com\/ajaxplorer\/","og_url":"https:\/\/e-marineeducation.com\/tr\/servisler\/","og_site_name":"e-MarineEducation.com","article_modified_time":"2014-11-13T16:30:46+00:00","og_image":[{"url":"https:\/\/e-marineeducation.com\/tr\/wp-content\/uploads\/E-Posta.png","type":"","width":"","height":""}],"twitter_card":"summary_large_image","schema":{"@context":"https:\/\/schema.org","@graph":[{"@type":"WebPage","@id":"https:\/\/e-marineeducation.com\/tr\/servisler\/","url":"https:\/\/e-marineeducation.com\/tr\/servisler\/","name":"Servisler - e-MarineEducation.com","isPartOf":{"@id":"https:\/\/e-marineeducation.com\/tr\/#website"},"primaryImageOfPage":{"@id":"https:\/\/e-marineeducation.com\/tr\/servisler\/#primaryimage"},"image":{"@id":"https:\/\/e-marineeducation.com\/tr\/servisler\/#primaryimage"},"thumbnailUrl":"https:\/\/e-marineeducation.com\/tr\/wp-content\/uploads\/E-Posta.png","datePublished":"2012-12-03T10:37:38+00:00","dateModified":"2014-11-13T16:30:46+00:00","breadcrumb":{"@id":"https:\/\/e-marineeducation.com\/tr\/servisler\/#breadcrumb"},"inLanguage":"tr","potentialAction":[{"@type":"ReadAction","target":["https:\/\/e-marineeducation.com\/tr\/servisler\/"]}]},{"@type":"ImageObject","inLanguage":"tr","@id":"https:\/\/e-marineeducation.com\/tr\/servisler\/#primaryimage","url":"https:\/\/e-marineeducation.com\/tr\/wp-content\/uploads\/E-Posta.png","contentUrl":"https:\/\/e-marineeducation.com\/tr\/wp-content\/uploads\/E-Posta.png","width":"78","height":"90"},{"@type":"BreadcrumbList","@id":"https:\/\/e-marineeducation.com\/tr\/servisler\/#breadcrumb","itemListElement":[{"@type":"ListItem","position":1,"name":"Ana sayfa","item":"https:\/\/e-marineeducation.com\/tr\/"},{"@type":"ListItem","position":2,"name":"Servisler"}]},{"@type":"WebSite","@id":"https:\/\/e-marineeducation.com\/tr\/#website","url":"https:\/\/e-marineeducation.com\/tr\/","name":"e-MarineEducation.com","description":"Denizcilik E\u011fitimine Yeni Bir Bak\u0131\u015f A\u00e7\u0131s\u0131","potentialAction":[{"@type":"SearchAction","target":{"@type":"EntryPoint","urlTemplate":"https:\/\/e-marineeducation.com\/tr\/?s={search_term_string}"},"query-input":{"@type":"PropertyValueSpecification","valueRequired":true,"valueName":"search_term_string"}}],"inLanguage":"tr"}]}},"_links":{"self":[{"href":"https:\/\/e-marineeducation.com\/tr\/wp-json\/wp\/v2\/pages\/8249","targetHints":{"allow":["GET"]}}],"collection":[{"href":"https:\/\/e-marineeducation.com\/tr\/wp-json\/wp\/v2\/pages"}],"about":[{"href":"https:\/\/e-marineeducation.com\/tr\/wp-json\/wp\/v2\/types\/page"}],"author":[{"embeddable":true,"href":"https:\/\/e-marineeducation.com\/tr\/wp-json\/wp\/v2\/users\/1"}],"replies":[{"embeddable":true,"href":"https:\/\/e-marineeducation.com\/tr\/wp-json\/wp\/v2\/comments?post=8249"}],"version-history":[{"count":0,"href":"https:\/\/e-marineeducation.com\/tr\/wp-json\/wp\/v2\/pages\/8249\/revisions"}],"wp:attachment":[{"href":"https:\/\/e-marineeducation.com\/tr\/wp-json\/wp\/v2\/media?parent=8249"}],"curies":[{"name":"wp","href":"https:\/\/api.w.org\/{rel}","templated":true}]}}