

{"id":7871,"date":"2012-11-06T23:03:23","date_gmt":"2012-11-06T20:03:23","guid":{"rendered":"https:\/\/e-marineeducation.com\/tr\/?page_id=7871"},"modified":"2016-08-28T00:45:40","modified_gmt":"2016-08-27T21:45:40","slug":"profil-tayfun-emre-zerde","status":"publish","type":"page","link":"https:\/\/e-marineeducation.com\/tr\/profil-tayfun-emre-zerde\/","title":{"rendered":"Ki\u015fisel Profil Sayfas\u0131"},"content":{"rendered":"<figure style=\"width: 159px\" class=\"wp-caption alignleft\"><img loading=\"lazy\" decoding=\"async\" src=\"https:\/\/e-marineeducation.com\/tr\/wp-content\/uploads\/Tayfun-Emre-Zerde.png\" width=\"159\" height=\"168\" \/><figcaption class=\"wp-caption-text\"><\/p>\n<p align=\"center\">Tayfun Emre Zerde<br \/> <a target=\"_blank\"><img decoding=\"async\" src=\"https:\/\/e-marineeducation.com\/tr\/wp-content\/uploads\/Web-\u0130con.png\" alt=\"\" \/><\/a>\u00a0<a target=\"_blank\"><img decoding=\"async\" src=\"https:\/\/e-marineeducation.com\/tr\/wp-content\/uploads\/Facebook-\u0130con.png\" alt=\"\" \/><\/a> <a href=\"https:\/\/twitter.com\/tayfunemrezerde\" target=\"_blank\"><img decoding=\"async\" src=\"https:\/\/e-marineeducation.com\/tr\/wp-content\/uploads\/Twitter-\u0130con.png\" alt=\"\" \/><\/a> <a href=\"http:\/\/www.linkedin.com\/pub\/tayfun-emre-zerde\/60\/a81\/222\" target=\"_blank\"><img decoding=\"async\" src=\"https:\/\/e-marineeducation.com\/tr\/wp-content\/uploads\/Linkedin-\u0130con.png\" alt=\"\" \/><\/a><\/p><\/figcaption><\/figure>\n<p><strong><span style=\"text-decoration: underline\">Ki\u015fisel Bilgiler<br \/>\n<\/span><\/strong><strong>Ad\u0131 Soyad\u0131:<\/strong>\u00a0Tayfun Emre Zerde<br \/>\n<strong>Do\u011fum Tarihi:<\/strong>\u00a001 Eyl\u00fcl 1993<br \/>\n<strong>Mesle\u011fi:<\/strong>\u00a0\u00d6\u011frenci <em>(Karadeniz Teknik \u00dcni. &#8211; Deniz Ula\u015ft\u0131rma \u0130\u015fletme M\u00fch.)<br \/>\n<\/em><strong>\u00d6zge\u00e7mi\u015fi<\/strong>:<span style=\"color: #3498db\">\u00a0<\/span><span style=\"color: #3366ff\"><a style=\"color: #3366ff\" href=\"https:\/\/e-marineeducation.com\/tr\/?p=12447\" target=\"_blank\"><span style=\"color: #3498db\">https:\/\/e-marineeducation.com\/tr\/?p=12447<\/span><br \/>\n<\/a><\/span><strong>E-Posta Adresi:<\/strong>\u00a0<span style=\"color: #3498db\"><a style=\"color: #3498db\" href=\"mailto:tayfunemrezerde@e-MarineEducation.com\">tayfunemrezerde@e-MarineEducation.com<\/a><\/span><\/p>\n<p><span style=\"text-decoration: underline\"><strong>e-MarineEducation.com Bilgileri<br \/>\n<\/strong><\/span><strong>\u00c7al\u0131\u015fma Durumu:<\/strong> <span style=\"color: #339966\"><strong>Aktif<br \/>\n<\/strong><\/span><strong>Kat\u0131l\u0131m Tarihi:<\/strong>\u00a015 Mart 2012<br \/>\n<strong>Mevcut G\u00f6revi:<\/strong>\u00a0\u00d6\u011frenci Temsilcisi<br \/>\n<strong>\u00d6nceki G\u00f6revleri:<\/strong>\u00a0&#8211; &#8211; &#8211;<\/p>\n<p><span style=\"text-decoration: underline\"><strong>Kazand\u0131rd\u0131klar\u0131<br \/>\n<\/strong><\/span>&#8211; Taraf\u0131ndan haz\u0131rlanan haberleri\u00a0&#8211; <span style=\"text-decoration: underline;color: #3366ff\"><strong><span style=\"text-decoration: underline\"><a style=\"color: #3366ff;text-decoration: underline\" href=\"https:\/\/e-marineeducation.com\/tr\/tag\/tayfun-emre-zerde-haberleri\/\" target=\"_blank\"><span style=\"color: #3498db;text-decoration: underline\">inceleyiniz<\/span><br \/>\n<\/a><\/span><\/strong><\/span>&#8211; Taraf\u0131ndan haz\u0131rlanan makaleleri\u00a0&#8211; <span style=\"text-decoration: underline;color: #3498db\"><strong><span style=\"text-decoration: underline\"><a style=\"color: #3498db;text-decoration: underline\" href=\"https:\/\/e-marineeducation.com\/tr\/tag\/tayfun-emre-zerde-yazilari\/\" target=\"_blank\">inceleyiniz<\/a><\/span><\/strong><\/span><\/p>\n<p style=\"text-align: right\"><strong>Organizasyon<\/strong>\u00a0sayfas\u0131na,\u00a0<strong><span style=\"text-decoration: underline;color: #3498db\"><a style=\"color: #3498db;text-decoration: underline\" href=\"https:\/\/e-marineeducation.com\/tr\/organizasyon\/\">Geri D\u00f6n<\/a><\/span>\u00a0<a href=\"https:\/\/e-marineeducation.com\/tr\/organizasyon\/\"><img loading=\"lazy\" decoding=\"async\" src=\"https:\/\/e-marineeducation.com\/tr\/wp-content\/uploads\/geri-d\u00f6n.png\" alt=\"\" width=\"74\" height=\"65\" align=\"right\" border=\"0\" \/><\/a><\/strong><\/p>\n","protected":false},"excerpt":{"rendered":"<p>Ki\u015fisel Bilgiler Ad\u0131 Soyad\u0131:\u00a0Tayfun Emre Zerde Do\u011fum Tarihi:\u00a001 Eyl\u00fcl 1993 Mesle\u011fi:\u00a0\u00d6\u011frenci (Karadeniz Teknik \u00dcni. &#8211; Deniz Ula\u015ft\u0131rma \u0130\u015fletme M\u00fch.) \u00d6zge\u00e7mi\u015fi:\u00a0https:\/\/e-marineeducation.com\/tr\/?p=12447 E-Posta Adresi:\u00a0tayfunemrezerde@e-MarineEducation.com e-MarineEducation.com Bilgileri \u00c7al\u0131\u015fma Durumu: Aktif Kat\u0131l\u0131m Tarihi:\u00a015 Mart 2012 Mevcut G\u00f6revi:\u00a0\u00d6\u011frenci Temsilcisi \u00d6nceki G\u00f6revleri:\u00a0&#8211; &#8211; &#8211; Kazand\u0131rd\u0131klar\u0131 &#8211; Taraf\u0131ndan haz\u0131rlanan haberleri\u00a0&#8211; inceleyiniz &#8211; Taraf\u0131ndan haz\u0131rlanan makaleleri\u00a0&#8211; inceleyiniz Organizasyon\u00a0sayfas\u0131na,\u00a0Geri D\u00f6n\u00a0<\/p>\n","protected":false},"author":1,"featured_media":26808,"parent":0,"menu_order":0,"comment_status":"closed","ping_status":"closed","template":"","meta":{"_acf_changed":false,"_bbp_topic_count":0,"_bbp_reply_count":0,"_bbp_total_topic_count":0,"_bbp_total_reply_count":0,"_bbp_voice_count":0,"_bbp_anonymous_reply_count":0,"_bbp_topic_count_hidden":0,"_bbp_reply_count_hidden":0,"_bbp_forum_subforum_count":0,"footnotes":""},"class_list":["post-7871","page","type-page","status-publish","has-post-thumbnail",""],"acf":[],"yoast_head":"<!-- This site is optimized with the Yoast SEO plugin v27.4 - https:\/\/yoast.com\/product\/yoast-seo-wordpress\/ -->\n<title>Ki\u015fisel Profil Sayfas\u0131: Tayfun Emre Zerde | E-Marine Education<\/title>\n<meta name=\"description\" content=\"Tayfun Emre Zerde&#039;nin ki\u015fisel profil sayfas\u0131d\u0131r.\" \/>\n<meta name=\"robots\" content=\"index, follow, max-snippet:-1, max-image-preview:large, max-video-preview:-1\" \/>\n<link rel=\"canonical\" href=\"https:\/\/e-marineeducation.com\/tr\/profil-tayfun-emre-zerde\/\" \/>\n<meta property=\"og:locale\" content=\"tr_TR\" \/>\n<meta property=\"og:type\" content=\"article\" \/>\n<meta property=\"og:title\" content=\"Ki\u015fisel Profil Sayfas\u0131: Tayfun Emre Zerde | E-Marine Education\" \/>\n<meta property=\"og:description\" content=\"Tayfun Emre Zerde&#039;nin ki\u015fisel profil sayfas\u0131d\u0131r.\" \/>\n<meta property=\"og:url\" content=\"https:\/\/e-marineeducation.com\/tr\/profil-tayfun-emre-zerde\/\" \/>\n<meta property=\"og:site_name\" content=\"e-MarineEducation.com\" \/>\n<meta property=\"article:modified_time\" content=\"2016-08-27T21:45:40+00:00\" \/>\n<meta property=\"og:image\" content=\"https:\/\/e-marineeducation.com\/tr\/wp-content\/uploads\/Tayfun-Emre-Zerde-Simge.jpg\" \/>\n\t<meta property=\"og:image:width\" content=\"200\" \/>\n\t<meta property=\"og:image:height\" content=\"165\" \/>\n\t<meta property=\"og:image:type\" content=\"image\/jpeg\" \/>\n<meta name=\"twitter:card\" content=\"summary_large_image\" \/>\n<script type=\"application\/ld+json\" class=\"yoast-schema-graph\">{\"@context\":\"https:\\\/\\\/schema.org\",\"@graph\":[{\"@type\":\"WebPage\",\"@id\":\"https:\\\/\\\/e-marineeducation.com\\\/tr\\\/profil-tayfun-emre-zerde\\\/\",\"url\":\"https:\\\/\\\/e-marineeducation.com\\\/tr\\\/profil-tayfun-emre-zerde\\\/\",\"name\":\"Ki\u015fisel Profil Sayfas\u0131: Tayfun Emre Zerde | E-Marine Education\",\"isPartOf\":{\"@id\":\"https:\\\/\\\/e-marineeducation.com\\\/tr\\\/#website\"},\"primaryImageOfPage\":{\"@id\":\"https:\\\/\\\/e-marineeducation.com\\\/tr\\\/profil-tayfun-emre-zerde\\\/#primaryimage\"},\"image\":{\"@id\":\"https:\\\/\\\/e-marineeducation.com\\\/tr\\\/profil-tayfun-emre-zerde\\\/#primaryimage\"},\"thumbnailUrl\":\"https:\\\/\\\/e-marineeducation.com\\\/tr\\\/wp-content\\\/uploads\\\/Tayfun-Emre-Zerde-Simge.jpg\",\"datePublished\":\"2012-11-06T20:03:23+00:00\",\"dateModified\":\"2016-08-27T21:45:40+00:00\",\"description\":\"Tayfun Emre Zerde'nin ki\u015fisel profil sayfas\u0131d\u0131r.\",\"breadcrumb\":{\"@id\":\"https:\\\/\\\/e-marineeducation.com\\\/tr\\\/profil-tayfun-emre-zerde\\\/#breadcrumb\"},\"inLanguage\":\"tr\",\"potentialAction\":[{\"@type\":\"ReadAction\",\"target\":[\"https:\\\/\\\/e-marineeducation.com\\\/tr\\\/profil-tayfun-emre-zerde\\\/\"]}]},{\"@type\":\"ImageObject\",\"inLanguage\":\"tr\",\"@id\":\"https:\\\/\\\/e-marineeducation.com\\\/tr\\\/profil-tayfun-emre-zerde\\\/#primaryimage\",\"url\":\"https:\\\/\\\/e-marineeducation.com\\\/tr\\\/wp-content\\\/uploads\\\/Tayfun-Emre-Zerde-Simge.jpg\",\"contentUrl\":\"https:\\\/\\\/e-marineeducation.com\\\/tr\\\/wp-content\\\/uploads\\\/Tayfun-Emre-Zerde-Simge.jpg\",\"width\":200,\"height\":165},{\"@type\":\"BreadcrumbList\",\"@id\":\"https:\\\/\\\/e-marineeducation.com\\\/tr\\\/profil-tayfun-emre-zerde\\\/#breadcrumb\",\"itemListElement\":[{\"@type\":\"ListItem\",\"position\":1,\"name\":\"Ana sayfa\",\"item\":\"https:\\\/\\\/e-marineeducation.com\\\/tr\\\/\"},{\"@type\":\"ListItem\",\"position\":2,\"name\":\"Ki\u015fisel Profil Sayfas\u0131\"}]},{\"@type\":\"WebSite\",\"@id\":\"https:\\\/\\\/e-marineeducation.com\\\/tr\\\/#website\",\"url\":\"https:\\\/\\\/e-marineeducation.com\\\/tr\\\/\",\"name\":\"e-MarineEducation.com\",\"description\":\"Denizcilik E\u011fitimine Yeni Bir Bak\u0131\u015f A\u00e7\u0131s\u0131\",\"potentialAction\":[{\"@type\":\"SearchAction\",\"target\":{\"@type\":\"EntryPoint\",\"urlTemplate\":\"https:\\\/\\\/e-marineeducation.com\\\/tr\\\/?s={search_term_string}\"},\"query-input\":{\"@type\":\"PropertyValueSpecification\",\"valueRequired\":true,\"valueName\":\"search_term_string\"}}],\"inLanguage\":\"tr\"}]}<\/script>\n<!-- \/ Yoast SEO plugin. -->","yoast_head_json":{"title":"Ki\u015fisel Profil Sayfas\u0131: Tayfun Emre Zerde | E-Marine Education","description":"Tayfun Emre Zerde'nin ki\u015fisel profil sayfas\u0131d\u0131r.","robots":{"index":"index","follow":"follow","max-snippet":"max-snippet:-1","max-image-preview":"max-image-preview:large","max-video-preview":"max-video-preview:-1"},"canonical":"https:\/\/e-marineeducation.com\/tr\/profil-tayfun-emre-zerde\/","og_locale":"tr_TR","og_type":"article","og_title":"Ki\u015fisel Profil Sayfas\u0131: Tayfun Emre Zerde | E-Marine Education","og_description":"Tayfun Emre Zerde'nin ki\u015fisel profil sayfas\u0131d\u0131r.","og_url":"https:\/\/e-marineeducation.com\/tr\/profil-tayfun-emre-zerde\/","og_site_name":"e-MarineEducation.com","article_modified_time":"2016-08-27T21:45:40+00:00","og_image":[{"width":200,"height":165,"url":"https:\/\/e-marineeducation.com\/tr\/wp-content\/uploads\/Tayfun-Emre-Zerde-Simge.jpg","type":"image\/jpeg"}],"twitter_card":"summary_large_image","schema":{"@context":"https:\/\/schema.org","@graph":[{"@type":"WebPage","@id":"https:\/\/e-marineeducation.com\/tr\/profil-tayfun-emre-zerde\/","url":"https:\/\/e-marineeducation.com\/tr\/profil-tayfun-emre-zerde\/","name":"Ki\u015fisel Profil Sayfas\u0131: Tayfun Emre Zerde | E-Marine Education","isPartOf":{"@id":"https:\/\/e-marineeducation.com\/tr\/#website"},"primaryImageOfPage":{"@id":"https:\/\/e-marineeducation.com\/tr\/profil-tayfun-emre-zerde\/#primaryimage"},"image":{"@id":"https:\/\/e-marineeducation.com\/tr\/profil-tayfun-emre-zerde\/#primaryimage"},"thumbnailUrl":"https:\/\/e-marineeducation.com\/tr\/wp-content\/uploads\/Tayfun-Emre-Zerde-Simge.jpg","datePublished":"2012-11-06T20:03:23+00:00","dateModified":"2016-08-27T21:45:40+00:00","description":"Tayfun Emre Zerde'nin ki\u015fisel profil sayfas\u0131d\u0131r.","breadcrumb":{"@id":"https:\/\/e-marineeducation.com\/tr\/profil-tayfun-emre-zerde\/#breadcrumb"},"inLanguage":"tr","potentialAction":[{"@type":"ReadAction","target":["https:\/\/e-marineeducation.com\/tr\/profil-tayfun-emre-zerde\/"]}]},{"@type":"ImageObject","inLanguage":"tr","@id":"https:\/\/e-marineeducation.com\/tr\/profil-tayfun-emre-zerde\/#primaryimage","url":"https:\/\/e-marineeducation.com\/tr\/wp-content\/uploads\/Tayfun-Emre-Zerde-Simge.jpg","contentUrl":"https:\/\/e-marineeducation.com\/tr\/wp-content\/uploads\/Tayfun-Emre-Zerde-Simge.jpg","width":200,"height":165},{"@type":"BreadcrumbList","@id":"https:\/\/e-marineeducation.com\/tr\/profil-tayfun-emre-zerde\/#breadcrumb","itemListElement":[{"@type":"ListItem","position":1,"name":"Ana sayfa","item":"https:\/\/e-marineeducation.com\/tr\/"},{"@type":"ListItem","position":2,"name":"Ki\u015fisel Profil Sayfas\u0131"}]},{"@type":"WebSite","@id":"https:\/\/e-marineeducation.com\/tr\/#website","url":"https:\/\/e-marineeducation.com\/tr\/","name":"e-MarineEducation.com","description":"Denizcilik E\u011fitimine Yeni Bir Bak\u0131\u015f A\u00e7\u0131s\u0131","potentialAction":[{"@type":"SearchAction","target":{"@type":"EntryPoint","urlTemplate":"https:\/\/e-marineeducation.com\/tr\/?s={search_term_string}"},"query-input":{"@type":"PropertyValueSpecification","valueRequired":true,"valueName":"search_term_string"}}],"inLanguage":"tr"}]}},"_links":{"self":[{"href":"https:\/\/e-marineeducation.com\/tr\/wp-json\/wp\/v2\/pages\/7871","targetHints":{"allow":["GET"]}}],"collection":[{"href":"https:\/\/e-marineeducation.com\/tr\/wp-json\/wp\/v2\/pages"}],"about":[{"href":"https:\/\/e-marineeducation.com\/tr\/wp-json\/wp\/v2\/types\/page"}],"author":[{"embeddable":true,"href":"https:\/\/e-marineeducation.com\/tr\/wp-json\/wp\/v2\/users\/1"}],"replies":[{"embeddable":true,"href":"https:\/\/e-marineeducation.com\/tr\/wp-json\/wp\/v2\/comments?post=7871"}],"version-history":[{"count":0,"href":"https:\/\/e-marineeducation.com\/tr\/wp-json\/wp\/v2\/pages\/7871\/revisions"}],"wp:featuredmedia":[{"embeddable":true,"href":"https:\/\/e-marineeducation.com\/tr\/wp-json\/wp\/v2\/media\/26808"}],"wp:attachment":[{"href":"https:\/\/e-marineeducation.com\/tr\/wp-json\/wp\/v2\/media?parent=7871"}],"curies":[{"name":"wp","href":"https:\/\/api.w.org\/{rel}","templated":true}]}}