

{"id":7825,"date":"2012-10-31T00:09:50","date_gmt":"2012-10-30T22:09:50","guid":{"rendered":"https:\/\/e-marineeducation.com\/tr\/?page_id=7825"},"modified":"2016-05-07T16:13:56","modified_gmt":"2016-05-07T13:13:56","slug":"profil-engin-agalday","status":"publish","type":"page","link":"https:\/\/e-marineeducation.com\/tr\/profil-engin-agalday\/","title":{"rendered":"Ki\u015fisel Profil Sayfas\u0131"},"content":{"rendered":"<figure style=\"width: 159px\" class=\"wp-caption alignleft\"><img loading=\"lazy\" decoding=\"async\" src=\"https:\/\/e-marineeducation.com\/tr\/wp-content\/uploads\/Engin-Agalday1.png\" width=\"159\" height=\"168\" \/><figcaption class=\"wp-caption-text\"><\/p>\n<p align=\"center\">Engin Agalday<br \/> <a target=\"_blank\"><img decoding=\"async\" src=\"https:\/\/e-marineeducation.com\/tr\/wp-content\/uploads\/Web-\u0130con.png\" alt=\"\" \/><\/a>\u00a0<a href=\"https:\/\/www.facebook.com\/EnginAgalday\" target=\"_blank\"><img decoding=\"async\" src=\"https:\/\/e-marineeducation.com\/tr\/wp-content\/uploads\/Facebook-\u0130con.png\" alt=\"\" \/><\/a> <a href=\"https:\/\/twitter.com\/EAgalday\" target=\"_blank\"><img decoding=\"async\" src=\"https:\/\/e-marineeducation.com\/tr\/wp-content\/uploads\/Twitter-\u0130con.png\" alt=\"\" \/><\/a> <a href=\"http:\/\/www.linkedin.com\/pub\/engin-agalday\/7a\/543\/a3a\" target=\"_blank\"><img decoding=\"async\" src=\"https:\/\/e-marineeducation.com\/tr\/wp-content\/uploads\/Linkedin-\u0130con.png\" alt=\"\" \/><\/a><\/p><\/figcaption><\/figure>\n<p><strong><span style=\"text-decoration: underline\">Ki\u015fisel Bilgiler<br \/>\n<\/span><\/strong><strong>Ad\u0131 Soyad\u0131:<\/strong>\u00a0Engin Agalday<br \/>\n<strong>Do\u011fum Tarihi:<\/strong>\u00a024 Ekim 1992<br \/>\n<strong>Mesle\u011fi:<\/strong>\u00a0\u00d6\u011frenci (<em>Dokuz Eyl\u00fcl \u00dcniversitesi &#8211; Denizcilik \u0130\u015flt. Y\u00f6n.<\/em>)<br \/>\n<strong>\u00d6zge\u00e7mi\u015fi<\/strong>:\u00a0<span style=\"color: #3366cc\"><a href=\"https:\/\/e-marineeducation.com\/tr\/?p=12395\" target=\"_blank\"><span style=\"color: #3366cc\"><span style=\"color: #3498db\">https:\/\/e-marineeducation.com\/tr\/?p=12395<\/span><br \/>\n<\/span><\/a><\/span><strong>E-Posta Adresi:<\/strong>\u00a0<span style=\"color: #3498db\"><a style=\"color: #3498db\" href=\"mailto:enginagalday@e-MarineEducation.com\">enginagalday@e-MarineEducation.com<\/a><\/span><\/p>\n<p><span style=\"text-decoration: underline\"><strong>e-MarineEducation.com Bilgileri<br \/>\n<\/strong><\/span><strong>\u00c7al\u0131\u015fma Durumu:<\/strong> <span style=\"color: #339966\"><strong><strong>Aktif<\/strong><\/strong><\/span><span style=\"text-decoration: underline\"><strong><strong><br \/>\n<\/strong><\/strong><\/span><strong>Kat\u0131l\u0131m Tarihi:<\/strong>\u00a003 May\u0131s 2012<br \/>\n<strong>Mevcut G\u00f6revi:<\/strong>\u00a0Y\u00f6netici Asistan\u0131<br \/>\n<strong>\u00d6nceki G\u00f6revleri:<\/strong>\u00a0Sosyal Medya Edit\u00f6r\u00fc,\u00a0\u00d6\u011frenci Temsilcisi<\/p>\n<p><span style=\"text-decoration: underline\"><strong>Kazand\u0131rd\u0131klar\u0131<\/strong><\/span><br \/>\n&#8211; Taraf\u0131ndan yap\u0131lan eklemeleri &#8211; <span style=\"text-decoration: underline;color: #3498db\"><strong><a style=\"color: #3498db;text-decoration: underline\" href=\"https:\/\/e-marineeducation.com\/tr\/tag\/engin-agalday-eklemeleri\/\" target=\"_blank\">inceleyiniz<\/a><\/strong><\/span><br \/>\n&#8211; Taraf\u0131ndan haz\u0131rlanan haberleri &#8211; <span style=\"text-decoration: underline;color: #3498db\"><strong><a style=\"color: #3498db;text-decoration: underline\" href=\"https:\/\/e-marineeducation.com\/tr\/tag\/engin-agalday-haberleri\/\" target=\"_blank\">inceleyiniz<\/a><\/strong><\/span><br \/>\n&#8211; Taraf\u0131ndan haz\u0131rlanan makaleleri &#8211; <span style=\"text-decoration: underline;color: #3366ff\"><strong><a style=\"color: #3366ff;text-decoration: underline\" href=\"https:\/\/e-marineeducation.com\/tr\/tag\/engin-agalday-yazilari\/\" target=\"_blank\"><span style=\"color: #3498db;text-decoration: underline\">inceleyiniz<\/span><br \/>\n<\/a><\/strong><\/span>&#8211;\u00a0Taraf\u0131ndan yap\u0131lan yaz\u0131m d\u00fczenlemeleri &#8211; <span style=\"color: #3498db\"><a style=\"color: #3498db\" href=\"https:\/\/e-marineeducation.com\/tr\/tag\/engin-agalday-duzenlemeleri\/\"><span style=\"text-decoration: underline\"><strong>inceleyiniz<\/strong><\/span><\/a><\/span><\/p>\n<p style=\"text-align: right\"><strong>Organizasyon<\/strong>\u00a0sayfas\u0131na,\u00a0<strong><a href=\"https:\/\/e-marineeducation.com\/tr\/organizasyon\/\">Geri D\u00f6n<img loading=\"lazy\" decoding=\"async\" src=\"https:\/\/e-marineeducation.com\/tr\/wp-content\/uploads\/geri-d\u00f6n.png\" alt=\"\" width=\"74\" height=\"65\" align=\"right\" border=\"0\" \/><\/a><\/strong><\/p>\n","protected":false},"excerpt":{"rendered":"<p>Ki\u015fisel Bilgiler Ad\u0131 Soyad\u0131:\u00a0Engin Agalday Do\u011fum Tarihi:\u00a024 Ekim 1992 Mesle\u011fi:\u00a0\u00d6\u011frenci (Dokuz Eyl\u00fcl \u00dcniversitesi &#8211; Denizcilik \u0130\u015flt. Y\u00f6n.) \u00d6zge\u00e7mi\u015fi:\u00a0https:\/\/e-marineeducation.com\/tr\/?p=12395 E-Posta Adresi:\u00a0enginagalday@e-MarineEducation.com e-MarineEducation.com Bilgileri \u00c7al\u0131\u015fma Durumu: Aktif Kat\u0131l\u0131m Tarihi:\u00a003 May\u0131s 2012 Mevcut G\u00f6revi:\u00a0Y\u00f6netici Asistan\u0131 \u00d6nceki G\u00f6revleri:\u00a0Sosyal Medya Edit\u00f6r\u00fc,\u00a0\u00d6\u011frenci Temsilcisi Kazand\u0131rd\u0131klar\u0131 &#8211; Taraf\u0131ndan yap\u0131lan eklemeleri &#8211; inceleyiniz &#8211; Taraf\u0131ndan haz\u0131rlanan haberleri &#8211; inceleyiniz &#8211; Taraf\u0131ndan haz\u0131rlanan makaleleri &#8211; &hellip;<\/p>\n","protected":false},"author":1,"featured_media":0,"parent":0,"menu_order":0,"comment_status":"open","ping_status":"open","template":"","meta":{"_acf_changed":false,"_bbp_topic_count":0,"_bbp_reply_count":0,"_bbp_total_topic_count":0,"_bbp_total_reply_count":0,"_bbp_voice_count":0,"_bbp_anonymous_reply_count":0,"_bbp_topic_count_hidden":0,"_bbp_reply_count_hidden":0,"_bbp_forum_subforum_count":0,"footnotes":""},"class_list":["post-7825","page","type-page","status-publish",""],"acf":[],"yoast_head":"<!-- This site is optimized with the Yoast SEO plugin v27.2 - https:\/\/yoast.com\/product\/yoast-seo-wordpress\/ -->\n<title>Ki\u015fisel Profil Sayfas\u0131: Engin Agalday | E-Marine Education<\/title>\n<meta name=\"description\" content=\"Engin Agalday&#039;\u0131n ki\u015fisel profil sayfas\u0131d\u0131r.\" \/>\n<meta name=\"robots\" content=\"index, follow, max-snippet:-1, max-image-preview:large, max-video-preview:-1\" \/>\n<link rel=\"canonical\" href=\"https:\/\/e-marineeducation.com\/tr\/profil-engin-agalday\/\" \/>\n<meta property=\"og:locale\" content=\"tr_TR\" \/>\n<meta property=\"og:type\" content=\"article\" \/>\n<meta property=\"og:title\" content=\"Ki\u015fisel Profil Sayfas\u0131: Engin Agalday | E-Marine Education\" \/>\n<meta property=\"og:description\" content=\"Engin Agalday&#039;\u0131n ki\u015fisel profil sayfas\u0131d\u0131r.\" \/>\n<meta property=\"og:url\" content=\"https:\/\/e-marineeducation.com\/tr\/profil-engin-agalday\/\" \/>\n<meta property=\"og:site_name\" content=\"e-MarineEducation.com\" \/>\n<meta property=\"article:modified_time\" content=\"2016-05-07T13:13:56+00:00\" \/>\n<meta property=\"og:image\" content=\"https:\/\/e-marineeducation.com\/tr\/wp-content\/uploads\/Engin-Agalday1.png\" \/>\n<meta name=\"twitter:card\" content=\"summary_large_image\" \/>\n<meta name=\"twitter:label1\" content=\"Tahmini okuma s\u00fcresi\" \/>\n\t<meta name=\"twitter:data1\" content=\"1 dakika\" \/>\n<script type=\"application\/ld+json\" class=\"yoast-schema-graph\">{\"@context\":\"https:\/\/schema.org\",\"@graph\":[{\"@type\":\"WebPage\",\"@id\":\"https:\/\/e-marineeducation.com\/tr\/profil-engin-agalday\/\",\"url\":\"https:\/\/e-marineeducation.com\/tr\/profil-engin-agalday\/\",\"name\":\"Ki\u015fisel Profil Sayfas\u0131: Engin Agalday | E-Marine Education\",\"isPartOf\":{\"@id\":\"https:\/\/e-marineeducation.com\/tr\/#website\"},\"primaryImageOfPage\":{\"@id\":\"https:\/\/e-marineeducation.com\/tr\/profil-engin-agalday\/#primaryimage\"},\"image\":{\"@id\":\"https:\/\/e-marineeducation.com\/tr\/profil-engin-agalday\/#primaryimage\"},\"thumbnailUrl\":\"https:\/\/e-marineeducation.com\/tr\/wp-content\/uploads\/Engin-Agalday1.png\",\"datePublished\":\"2012-10-30T22:09:50+00:00\",\"dateModified\":\"2016-05-07T13:13:56+00:00\",\"description\":\"Engin Agalday'\u0131n ki\u015fisel profil sayfas\u0131d\u0131r.\",\"breadcrumb\":{\"@id\":\"https:\/\/e-marineeducation.com\/tr\/profil-engin-agalday\/#breadcrumb\"},\"inLanguage\":\"tr\",\"potentialAction\":[{\"@type\":\"ReadAction\",\"target\":[\"https:\/\/e-marineeducation.com\/tr\/profil-engin-agalday\/\"]}]},{\"@type\":\"ImageObject\",\"inLanguage\":\"tr\",\"@id\":\"https:\/\/e-marineeducation.com\/tr\/profil-engin-agalday\/#primaryimage\",\"url\":\"https:\/\/e-marineeducation.com\/tr\/wp-content\/uploads\/Engin-Agalday1.png\",\"contentUrl\":\"https:\/\/e-marineeducation.com\/tr\/wp-content\/uploads\/Engin-Agalday1.png\",\"width\":159,\"height\":168},{\"@type\":\"BreadcrumbList\",\"@id\":\"https:\/\/e-marineeducation.com\/tr\/profil-engin-agalday\/#breadcrumb\",\"itemListElement\":[{\"@type\":\"ListItem\",\"position\":1,\"name\":\"Ana sayfa\",\"item\":\"https:\/\/e-marineeducation.com\/tr\/\"},{\"@type\":\"ListItem\",\"position\":2,\"name\":\"Ki\u015fisel Profil Sayfas\u0131\"}]},{\"@type\":\"WebSite\",\"@id\":\"https:\/\/e-marineeducation.com\/tr\/#website\",\"url\":\"https:\/\/e-marineeducation.com\/tr\/\",\"name\":\"e-MarineEducation.com\",\"description\":\"Denizcilik E\u011fitimine Yeni Bir Bak\u0131\u015f A\u00e7\u0131s\u0131\",\"potentialAction\":[{\"@type\":\"SearchAction\",\"target\":{\"@type\":\"EntryPoint\",\"urlTemplate\":\"https:\/\/e-marineeducation.com\/tr\/?s={search_term_string}\"},\"query-input\":{\"@type\":\"PropertyValueSpecification\",\"valueRequired\":true,\"valueName\":\"search_term_string\"}}],\"inLanguage\":\"tr\"}]}<\/script>\n<!-- \/ Yoast SEO plugin. -->","yoast_head_json":{"title":"Ki\u015fisel Profil Sayfas\u0131: Engin Agalday | E-Marine Education","description":"Engin Agalday'\u0131n ki\u015fisel profil sayfas\u0131d\u0131r.","robots":{"index":"index","follow":"follow","max-snippet":"max-snippet:-1","max-image-preview":"max-image-preview:large","max-video-preview":"max-video-preview:-1"},"canonical":"https:\/\/e-marineeducation.com\/tr\/profil-engin-agalday\/","og_locale":"tr_TR","og_type":"article","og_title":"Ki\u015fisel Profil Sayfas\u0131: Engin Agalday | E-Marine Education","og_description":"Engin Agalday'\u0131n ki\u015fisel profil sayfas\u0131d\u0131r.","og_url":"https:\/\/e-marineeducation.com\/tr\/profil-engin-agalday\/","og_site_name":"e-MarineEducation.com","article_modified_time":"2016-05-07T13:13:56+00:00","og_image":[{"url":"https:\/\/e-marineeducation.com\/tr\/wp-content\/uploads\/Engin-Agalday1.png","type":"","width":"","height":""}],"twitter_card":"summary_large_image","twitter_misc":{"Tahmini okuma s\u00fcresi":"1 dakika"},"schema":{"@context":"https:\/\/schema.org","@graph":[{"@type":"WebPage","@id":"https:\/\/e-marineeducation.com\/tr\/profil-engin-agalday\/","url":"https:\/\/e-marineeducation.com\/tr\/profil-engin-agalday\/","name":"Ki\u015fisel Profil Sayfas\u0131: Engin Agalday | E-Marine Education","isPartOf":{"@id":"https:\/\/e-marineeducation.com\/tr\/#website"},"primaryImageOfPage":{"@id":"https:\/\/e-marineeducation.com\/tr\/profil-engin-agalday\/#primaryimage"},"image":{"@id":"https:\/\/e-marineeducation.com\/tr\/profil-engin-agalday\/#primaryimage"},"thumbnailUrl":"https:\/\/e-marineeducation.com\/tr\/wp-content\/uploads\/Engin-Agalday1.png","datePublished":"2012-10-30T22:09:50+00:00","dateModified":"2016-05-07T13:13:56+00:00","description":"Engin Agalday'\u0131n ki\u015fisel profil sayfas\u0131d\u0131r.","breadcrumb":{"@id":"https:\/\/e-marineeducation.com\/tr\/profil-engin-agalday\/#breadcrumb"},"inLanguage":"tr","potentialAction":[{"@type":"ReadAction","target":["https:\/\/e-marineeducation.com\/tr\/profil-engin-agalday\/"]}]},{"@type":"ImageObject","inLanguage":"tr","@id":"https:\/\/e-marineeducation.com\/tr\/profil-engin-agalday\/#primaryimage","url":"https:\/\/e-marineeducation.com\/tr\/wp-content\/uploads\/Engin-Agalday1.png","contentUrl":"https:\/\/e-marineeducation.com\/tr\/wp-content\/uploads\/Engin-Agalday1.png","width":159,"height":168},{"@type":"BreadcrumbList","@id":"https:\/\/e-marineeducation.com\/tr\/profil-engin-agalday\/#breadcrumb","itemListElement":[{"@type":"ListItem","position":1,"name":"Ana sayfa","item":"https:\/\/e-marineeducation.com\/tr\/"},{"@type":"ListItem","position":2,"name":"Ki\u015fisel Profil Sayfas\u0131"}]},{"@type":"WebSite","@id":"https:\/\/e-marineeducation.com\/tr\/#website","url":"https:\/\/e-marineeducation.com\/tr\/","name":"e-MarineEducation.com","description":"Denizcilik E\u011fitimine Yeni Bir Bak\u0131\u015f A\u00e7\u0131s\u0131","potentialAction":[{"@type":"SearchAction","target":{"@type":"EntryPoint","urlTemplate":"https:\/\/e-marineeducation.com\/tr\/?s={search_term_string}"},"query-input":{"@type":"PropertyValueSpecification","valueRequired":true,"valueName":"search_term_string"}}],"inLanguage":"tr"}]}},"_links":{"self":[{"href":"https:\/\/e-marineeducation.com\/tr\/wp-json\/wp\/v2\/pages\/7825","targetHints":{"allow":["GET"]}}],"collection":[{"href":"https:\/\/e-marineeducation.com\/tr\/wp-json\/wp\/v2\/pages"}],"about":[{"href":"https:\/\/e-marineeducation.com\/tr\/wp-json\/wp\/v2\/types\/page"}],"author":[{"embeddable":true,"href":"https:\/\/e-marineeducation.com\/tr\/wp-json\/wp\/v2\/users\/1"}],"replies":[{"embeddable":true,"href":"https:\/\/e-marineeducation.com\/tr\/wp-json\/wp\/v2\/comments?post=7825"}],"version-history":[{"count":0,"href":"https:\/\/e-marineeducation.com\/tr\/wp-json\/wp\/v2\/pages\/7825\/revisions"}],"wp:attachment":[{"href":"https:\/\/e-marineeducation.com\/tr\/wp-json\/wp\/v2\/media?parent=7825"}],"curies":[{"name":"wp","href":"https:\/\/api.w.org\/{rel}","templated":true}]}}