

{"id":7660,"date":"2012-10-23T03:55:09","date_gmt":"2012-10-23T00:55:09","guid":{"rendered":"https:\/\/e-marineeducation.com\/tr\/?page_id=7660"},"modified":"2013-11-04T01:29:10","modified_gmt":"2013-11-03T22:29:10","slug":"profil-cihan-cakin","status":"publish","type":"page","link":"https:\/\/e-marineeducation.com\/tr\/profil-cihan-cakin\/","title":{"rendered":"Ki\u015fisel Profil Sayfas\u0131"},"content":{"rendered":"<figure style=\"width: 159px\" class=\"wp-caption alignleft\"><img loading=\"lazy\" decoding=\"async\" class=\"   \" alt=\"\" src=\"https:\/\/e-marineeducation.com\/tr\/wp-content\/uploads\/Cihan-%C3%87ak%C4%B1n1.png\" width=\"159\" height=\"168\" \/><figcaption class=\"wp-caption-text\">Cihan \u00c7ak\u0131n<\/figcaption><\/figure>\n<p><strong><span style=\"text-decoration: underline;\">Ki\u015fisel Bilgiler<\/span><\/strong><\/p>\n<p><strong>Ad\u0131 Soyad\u0131:<\/strong> Cihan \u00c7ak\u0131n<\/p>\n<p><strong>Do\u011fum Tarihi:<\/strong>\u00a003 \u015eubat 1986<\/p>\n<p><strong>Mesle\u011fi:<\/strong> \u00d6\u011frenci (<em>Yak\u0131n Do\u011fu \u00dcniversitesi<\/em><em>\u00a0&#8211; Gemi Makineleri \u0130\u015fletme M\u00fch.<\/em>)<\/p>\n<p><strong>\u00d6zge\u00e7mi\u015fi<\/strong>:\u00a0&#8211; &#8211; &#8211;<\/p>\n<p><strong>E-Posta Adresi:<\/strong>\u00a0&#8211; &#8211; &#8211;<\/p>\n<table style=\"height: 20px;\" border=\"0\">\n<tbody>\n<tr>\n<td><\/td>\n<\/tr>\n<\/tbody>\n<\/table>\n<p><span style=\"text-decoration: underline;\"><strong>e-MarineEducation.com Bilgileri<\/strong><\/span><\/p>\n<p><strong>\u00c7al\u0131\u015fma Durumu:<\/strong> <span style=\"color: #ff0000;\"><strong>Pasif<\/strong><\/span><\/p>\n<p><strong>G\u00f6rev S\u00fcresi:<\/strong> 16 Mart 2012 &#8211; 21 A\u011fustos 2013<\/p>\n<p><strong>Mevcut G\u00f6revi:<\/strong>\u00a0&#8211; &#8211; &#8211;<\/p>\n<p><strong>\u00d6nceki G\u00f6revleri:<\/strong>\u00a0&#8211; &#8211; &#8211;<\/p>\n<table style=\"height: 20px;\" border=\"0\">\n<tbody>\n<tr>\n<td><\/td>\n<\/tr>\n<\/tbody>\n<\/table>\n<p><span style=\"text-decoration: underline;\"><strong>Kazand\u0131rd\u0131klar\u0131<\/strong><\/span><\/p>\n<p>&#8211; Be\u015f (5) adet haber yaz\u0131m\u0131 &#8211; <span style=\"text-decoration: underline; color: #3366cc;\"><strong><span style=\"text-decoration: underline;\"><a href=\"https:\/\/e-marineeducation.com\/tr\/tag\/cihan-cakin-haberleri\/\" target=\"_blank\"><span style=\"color: #3366cc; text-decoration: underline;\">incele<\/span><\/a><\/span><\/strong><\/span><\/p>\n<p>&#8211; Bir (1) adet makale yaz\u0131m\u0131 &#8211; <span style=\"text-decoration: underline; color: #3366cc;\"><strong><a href=\"https:\/\/e-marineeducation.com\/tr\/tag\/cihan-cakin-yazilari\/\" target=\"_blank\"><span style=\"color: #3366cc; text-decoration: underline;\">incele<\/span><\/a><\/strong><\/span><\/p>\n<table border=\"0\">\n<tbody>\n<tr>\n<td width=\"264\" height=\"67\"><\/td>\n<td valign=\"middle\" width=\"246\" height=\"67\">\n<p align=\"right\"><strong>Organizasyon<\/strong>\u00a0sayfas\u0131na,\u00a0<strong><a href=\"https:\/\/e-marineeducation.com\/tr\/organizasyon\/\">Geri D\u00f6n<\/a><\/strong><\/p>\n<\/td>\n<td width=\"80\" height=\"67\"><a href=\"https:\/\/e-marineeducation.com\/tr\/organizasyon\/\"><img loading=\"lazy\" decoding=\"async\" alt=\"\" src=\"https:\/\/e-marineeducation.com\/tr\/wp-content\/uploads\/geri-d\u00f6n.png\" width=\"74\" height=\"65\" align=\"right\" border=\"0\" \/><\/a><\/td>\n<\/tr>\n<\/tbody>\n<\/table>\n","protected":false},"excerpt":{"rendered":"<p>Ki\u015fisel Bilgiler Ad\u0131 Soyad\u0131: Cihan \u00c7ak\u0131n Do\u011fum Tarihi:\u00a003 \u015eubat 1986 Mesle\u011fi: \u00d6\u011frenci (Yak\u0131n Do\u011fu \u00dcniversitesi\u00a0&#8211; Gemi Makineleri \u0130\u015fletme M\u00fch.) \u00d6zge\u00e7mi\u015fi:\u00a0&#8211; &#8211; &#8211; E-Posta Adresi:\u00a0&#8211; &#8211; &#8211; e-MarineEducation.com Bilgileri \u00c7al\u0131\u015fma Durumu: Pasif G\u00f6rev S\u00fcresi: 16 Mart 2012 &#8211; 21 A\u011fustos 2013 Mevcut G\u00f6revi:\u00a0&#8211; &#8211; &#8211; \u00d6nceki G\u00f6revleri:\u00a0&#8211; &#8211; &#8211; Kazand\u0131rd\u0131klar\u0131 &#8211; Be\u015f (5) adet haber yaz\u0131m\u0131 &hellip;<\/p>\n","protected":false},"author":1,"featured_media":0,"parent":0,"menu_order":0,"comment_status":"open","ping_status":"open","template":"","meta":{"_acf_changed":false,"_bbp_topic_count":0,"_bbp_reply_count":0,"_bbp_total_topic_count":0,"_bbp_total_reply_count":0,"_bbp_voice_count":0,"_bbp_anonymous_reply_count":0,"_bbp_topic_count_hidden":0,"_bbp_reply_count_hidden":0,"_bbp_forum_subforum_count":0,"footnotes":""},"class_list":["post-7660","page","type-page","status-publish",""],"acf":[],"yoast_head":"<!-- This site is optimized with the Yoast SEO plugin v27.4 - https:\/\/yoast.com\/product\/yoast-seo-wordpress\/ -->\n<title>Ki\u015fisel Profil Sayfas\u0131: Cihan \u00c7ak\u0131n | E-Marine Education<\/title>\n<meta name=\"robots\" content=\"index, follow, max-snippet:-1, max-image-preview:large, max-video-preview:-1\" \/>\n<link rel=\"canonical\" href=\"https:\/\/e-marineeducation.com\/tr\/profil-cihan-cakin\/\" \/>\n<meta property=\"og:locale\" content=\"tr_TR\" \/>\n<meta property=\"og:type\" content=\"article\" \/>\n<meta property=\"og:title\" content=\"Ki\u015fisel Profil Sayfas\u0131: Cihan \u00c7ak\u0131n | E-Marine Education\" \/>\n<meta property=\"og:description\" content=\"Ki\u015fisel Bilgiler Ad\u0131 Soyad\u0131: Cihan \u00c7ak\u0131n Do\u011fum Tarihi:\u00a003 \u015eubat 1986 Mesle\u011fi: \u00d6\u011frenci (Yak\u0131n Do\u011fu \u00dcniversitesi\u00a0&#8211; Gemi Makineleri \u0130\u015fletme M\u00fch.) \u00d6zge\u00e7mi\u015fi:\u00a0&#8211; &#8211; &#8211; E-Posta Adresi:\u00a0&#8211; &#8211; &#8211; e-MarineEducation.com Bilgileri \u00c7al\u0131\u015fma Durumu: Pasif G\u00f6rev S\u00fcresi: 16 Mart 2012 &#8211; 21 A\u011fustos 2013 Mevcut G\u00f6revi:\u00a0&#8211; &#8211; &#8211; \u00d6nceki G\u00f6revleri:\u00a0&#8211; &#8211; &#8211; Kazand\u0131rd\u0131klar\u0131 &#8211; Be\u015f (5) adet haber yaz\u0131m\u0131 &hellip;\" \/>\n<meta property=\"og:url\" content=\"https:\/\/e-marineeducation.com\/tr\/profil-cihan-cakin\/\" \/>\n<meta property=\"og:site_name\" content=\"e-MarineEducation.com\" \/>\n<meta property=\"article:modified_time\" content=\"2013-11-03T22:29:10+00:00\" \/>\n<meta property=\"og:image\" content=\"https:\/\/e-marineeducation.com\/tr\/wp-content\/uploads\/Cihan-%C3%87ak%C4%B1n1.png\" \/>\n<meta name=\"twitter:card\" content=\"summary_large_image\" \/>\n<script type=\"application\/ld+json\" class=\"yoast-schema-graph\">{\"@context\":\"https:\\\/\\\/schema.org\",\"@graph\":[{\"@type\":\"WebPage\",\"@id\":\"https:\\\/\\\/e-marineeducation.com\\\/tr\\\/profil-cihan-cakin\\\/\",\"url\":\"https:\\\/\\\/e-marineeducation.com\\\/tr\\\/profil-cihan-cakin\\\/\",\"name\":\"Ki\u015fisel Profil Sayfas\u0131: Cihan \u00c7ak\u0131n | E-Marine Education\",\"isPartOf\":{\"@id\":\"https:\\\/\\\/e-marineeducation.com\\\/tr\\\/#website\"},\"primaryImageOfPage\":{\"@id\":\"https:\\\/\\\/e-marineeducation.com\\\/tr\\\/profil-cihan-cakin\\\/#primaryimage\"},\"image\":{\"@id\":\"https:\\\/\\\/e-marineeducation.com\\\/tr\\\/profil-cihan-cakin\\\/#primaryimage\"},\"thumbnailUrl\":\"https:\\\/\\\/e-marineeducation.com\\\/tr\\\/wp-content\\\/uploads\\\/Cihan-%C3%87ak%C4%B1n1.png\",\"datePublished\":\"2012-10-23T00:55:09+00:00\",\"dateModified\":\"2013-11-03T22:29:10+00:00\",\"breadcrumb\":{\"@id\":\"https:\\\/\\\/e-marineeducation.com\\\/tr\\\/profil-cihan-cakin\\\/#breadcrumb\"},\"inLanguage\":\"tr\",\"potentialAction\":[{\"@type\":\"ReadAction\",\"target\":[\"https:\\\/\\\/e-marineeducation.com\\\/tr\\\/profil-cihan-cakin\\\/\"]}]},{\"@type\":\"ImageObject\",\"inLanguage\":\"tr\",\"@id\":\"https:\\\/\\\/e-marineeducation.com\\\/tr\\\/profil-cihan-cakin\\\/#primaryimage\",\"url\":\"https:\\\/\\\/e-marineeducation.com\\\/tr\\\/wp-content\\\/uploads\\\/Cihan-%C3%87ak%C4%B1n1.png\",\"contentUrl\":\"https:\\\/\\\/e-marineeducation.com\\\/tr\\\/wp-content\\\/uploads\\\/Cihan-%C3%87ak%C4%B1n1.png\"},{\"@type\":\"BreadcrumbList\",\"@id\":\"https:\\\/\\\/e-marineeducation.com\\\/tr\\\/profil-cihan-cakin\\\/#breadcrumb\",\"itemListElement\":[{\"@type\":\"ListItem\",\"position\":1,\"name\":\"Ana sayfa\",\"item\":\"https:\\\/\\\/e-marineeducation.com\\\/tr\\\/\"},{\"@type\":\"ListItem\",\"position\":2,\"name\":\"Ki\u015fisel Profil Sayfas\u0131\"}]},{\"@type\":\"WebSite\",\"@id\":\"https:\\\/\\\/e-marineeducation.com\\\/tr\\\/#website\",\"url\":\"https:\\\/\\\/e-marineeducation.com\\\/tr\\\/\",\"name\":\"e-MarineEducation.com\",\"description\":\"Denizcilik E\u011fitimine Yeni Bir Bak\u0131\u015f A\u00e7\u0131s\u0131\",\"potentialAction\":[{\"@type\":\"SearchAction\",\"target\":{\"@type\":\"EntryPoint\",\"urlTemplate\":\"https:\\\/\\\/e-marineeducation.com\\\/tr\\\/?s={search_term_string}\"},\"query-input\":{\"@type\":\"PropertyValueSpecification\",\"valueRequired\":true,\"valueName\":\"search_term_string\"}}],\"inLanguage\":\"tr\"}]}<\/script>\n<!-- \/ Yoast SEO plugin. -->","yoast_head_json":{"title":"Ki\u015fisel Profil Sayfas\u0131: Cihan \u00c7ak\u0131n | E-Marine Education","robots":{"index":"index","follow":"follow","max-snippet":"max-snippet:-1","max-image-preview":"max-image-preview:large","max-video-preview":"max-video-preview:-1"},"canonical":"https:\/\/e-marineeducation.com\/tr\/profil-cihan-cakin\/","og_locale":"tr_TR","og_type":"article","og_title":"Ki\u015fisel Profil Sayfas\u0131: Cihan \u00c7ak\u0131n | E-Marine Education","og_description":"Ki\u015fisel Bilgiler Ad\u0131 Soyad\u0131: Cihan \u00c7ak\u0131n Do\u011fum Tarihi:\u00a003 \u015eubat 1986 Mesle\u011fi: \u00d6\u011frenci (Yak\u0131n Do\u011fu \u00dcniversitesi\u00a0&#8211; Gemi Makineleri \u0130\u015fletme M\u00fch.) \u00d6zge\u00e7mi\u015fi:\u00a0&#8211; &#8211; &#8211; E-Posta Adresi:\u00a0&#8211; &#8211; &#8211; e-MarineEducation.com Bilgileri \u00c7al\u0131\u015fma Durumu: Pasif G\u00f6rev S\u00fcresi: 16 Mart 2012 &#8211; 21 A\u011fustos 2013 Mevcut G\u00f6revi:\u00a0&#8211; &#8211; &#8211; \u00d6nceki G\u00f6revleri:\u00a0&#8211; &#8211; &#8211; Kazand\u0131rd\u0131klar\u0131 &#8211; Be\u015f (5) adet haber yaz\u0131m\u0131 &hellip;","og_url":"https:\/\/e-marineeducation.com\/tr\/profil-cihan-cakin\/","og_site_name":"e-MarineEducation.com","article_modified_time":"2013-11-03T22:29:10+00:00","og_image":[{"url":"https:\/\/e-marineeducation.com\/tr\/wp-content\/uploads\/Cihan-%C3%87ak%C4%B1n1.png","type":"","width":"","height":""}],"twitter_card":"summary_large_image","schema":{"@context":"https:\/\/schema.org","@graph":[{"@type":"WebPage","@id":"https:\/\/e-marineeducation.com\/tr\/profil-cihan-cakin\/","url":"https:\/\/e-marineeducation.com\/tr\/profil-cihan-cakin\/","name":"Ki\u015fisel Profil Sayfas\u0131: Cihan \u00c7ak\u0131n | E-Marine Education","isPartOf":{"@id":"https:\/\/e-marineeducation.com\/tr\/#website"},"primaryImageOfPage":{"@id":"https:\/\/e-marineeducation.com\/tr\/profil-cihan-cakin\/#primaryimage"},"image":{"@id":"https:\/\/e-marineeducation.com\/tr\/profil-cihan-cakin\/#primaryimage"},"thumbnailUrl":"https:\/\/e-marineeducation.com\/tr\/wp-content\/uploads\/Cihan-%C3%87ak%C4%B1n1.png","datePublished":"2012-10-23T00:55:09+00:00","dateModified":"2013-11-03T22:29:10+00:00","breadcrumb":{"@id":"https:\/\/e-marineeducation.com\/tr\/profil-cihan-cakin\/#breadcrumb"},"inLanguage":"tr","potentialAction":[{"@type":"ReadAction","target":["https:\/\/e-marineeducation.com\/tr\/profil-cihan-cakin\/"]}]},{"@type":"ImageObject","inLanguage":"tr","@id":"https:\/\/e-marineeducation.com\/tr\/profil-cihan-cakin\/#primaryimage","url":"https:\/\/e-marineeducation.com\/tr\/wp-content\/uploads\/Cihan-%C3%87ak%C4%B1n1.png","contentUrl":"https:\/\/e-marineeducation.com\/tr\/wp-content\/uploads\/Cihan-%C3%87ak%C4%B1n1.png"},{"@type":"BreadcrumbList","@id":"https:\/\/e-marineeducation.com\/tr\/profil-cihan-cakin\/#breadcrumb","itemListElement":[{"@type":"ListItem","position":1,"name":"Ana sayfa","item":"https:\/\/e-marineeducation.com\/tr\/"},{"@type":"ListItem","position":2,"name":"Ki\u015fisel Profil Sayfas\u0131"}]},{"@type":"WebSite","@id":"https:\/\/e-marineeducation.com\/tr\/#website","url":"https:\/\/e-marineeducation.com\/tr\/","name":"e-MarineEducation.com","description":"Denizcilik E\u011fitimine Yeni Bir Bak\u0131\u015f A\u00e7\u0131s\u0131","potentialAction":[{"@type":"SearchAction","target":{"@type":"EntryPoint","urlTemplate":"https:\/\/e-marineeducation.com\/tr\/?s={search_term_string}"},"query-input":{"@type":"PropertyValueSpecification","valueRequired":true,"valueName":"search_term_string"}}],"inLanguage":"tr"}]}},"_links":{"self":[{"href":"https:\/\/e-marineeducation.com\/tr\/wp-json\/wp\/v2\/pages\/7660","targetHints":{"allow":["GET"]}}],"collection":[{"href":"https:\/\/e-marineeducation.com\/tr\/wp-json\/wp\/v2\/pages"}],"about":[{"href":"https:\/\/e-marineeducation.com\/tr\/wp-json\/wp\/v2\/types\/page"}],"author":[{"embeddable":true,"href":"https:\/\/e-marineeducation.com\/tr\/wp-json\/wp\/v2\/users\/1"}],"replies":[{"embeddable":true,"href":"https:\/\/e-marineeducation.com\/tr\/wp-json\/wp\/v2\/comments?post=7660"}],"version-history":[{"count":0,"href":"https:\/\/e-marineeducation.com\/tr\/wp-json\/wp\/v2\/pages\/7660\/revisions"}],"wp:attachment":[{"href":"https:\/\/e-marineeducation.com\/tr\/wp-json\/wp\/v2\/media?parent=7660"}],"curies":[{"name":"wp","href":"https:\/\/api.w.org\/{rel}","templated":true}]}}