

{"id":7523,"date":"2012-10-18T20:57:08","date_gmt":"2012-10-18T17:57:08","guid":{"rendered":"https:\/\/e-marineeducation.com\/tr\/?page_id=7523"},"modified":"2020-01-21T20:35:59","modified_gmt":"2020-01-21T17:35:59","slug":"profil-huseyin-altay-yontan","status":"publish","type":"page","link":"https:\/\/e-marineeducation.com\/tr\/profil-huseyin-altay-yontan\/","title":{"rendered":"Ki\u015fisel Profil Sayfas\u0131"},"content":{"rendered":"<p><img loading=\"lazy\" decoding=\"async\" class=\"alignleft\" src=\"https:\/\/e-marineeducation.com\/tr\/wp-content\/uploads\/huseyinaltayyontan.png\" alt=\"\" width=\"159\" height=\"168\" \/><\/p>\n<p><strong><span style=\"text-decoration: underline\">Ki\u015fisel Bilgiler<br \/>\n<\/span><\/strong><strong>Ad\u0131 Soyad\u0131:<\/strong> H\u00fcseyin\u00a0Altay Yontan<br \/>\n<strong>Do\u011fum Tarihi:<\/strong>\u00a023 May\u0131s 1990<br \/>\n<strong>Mesle\u011fi:<\/strong> &#8212;<br \/>\n<strong>\u00d6zge\u00e7mi\u015fi<\/strong>:\u00a0<span style=\"color: #3498db\"><a style=\"color: #3498db\" href=\"http:\/\/www.hayontan.com\" target=\"_blank\" rel=\"noopener noreferrer\"><span style=\"color: #3498db\">www.hayontan.com<\/span><br \/>\n<\/a><\/span><strong>E-Posta Adresi:<\/strong>\u00a0<span style=\"color: #3498db\"><a style=\"color: #3498db\" href=\"mailto:hayontan@e-MarineEducation.com\">hayontan@e-MarineEducation.com<\/a><\/span><\/p>\n<p><span style=\"text-decoration: underline\"><strong>e-MarineEducation.com Bilgileri<br \/>\n<\/strong><\/span><strong>\u00c7al\u0131\u015fma Durumu:<\/strong> <span style=\"color: #339966\"><strong>Aktif<br \/>\n<\/strong><\/span><strong>Kat\u0131l\u0131m Tarihi:<\/strong> 07 Temmuz 2012<br \/>\n<strong>Mevcut G\u00f6revi:<\/strong>\u00a0Genel Koordinat\u00f6r<br \/>\n<strong>\u00d6nceki G\u00f6revleri:<\/strong>\u00a0Web Edit\u00f6r\u00fc,\u00a0Y\u00f6netici Asistan\u0131<\/p>\n<p><span style=\"text-decoration: underline\"><strong>Kazand\u0131rd\u0131klar\u0131<br \/>\n<\/strong><\/span>&#8211; Taraf\u0131ndan yap\u0131lan eklemeleri &#8211; <span style=\"text-decoration: underline;color: #3498db\"><strong><span style=\"text-decoration: underline\"><a style=\"color: #3498db;text-decoration: underline\" href=\"https:\/\/e-marineeducation.com\/tr\/tag\/huseyin-altay-yontan-eklemeleri\/\" target=\"_blank\" rel=\"noopener noreferrer\">inceleyiniz<\/a><\/span><\/strong><\/span><br \/>\n&#8211; Taraf\u0131ndan haz\u0131rlanan haberleri &#8211; <span style=\"text-decoration: underline;color: #3366ff\"><strong><a style=\"color: #3366ff;text-decoration: underline\" href=\"https:\/\/e-marineeducation.com\/tr\/tag\/huseyin-altay-yontan-haberleri\/\" target=\"_blank\" rel=\"noopener noreferrer\"><span style=\"color: #3498db;text-decoration: underline\">inceleyiniz<br \/>\n<\/span><\/a><\/strong><\/span>&#8211; Taraf\u0131ndan haz\u0131rlanan makaleleri &#8211; <span style=\"text-decoration: underline;color: #3498db\"><strong><a style=\"color: #3498db;text-decoration: underline\" href=\"https:\/\/e-marineeducation.com\/tr\/tag\/huseyin-altay-yontan-yazilari\/\" target=\"_blank\" rel=\"noopener noreferrer\">inceleyiniz<\/a><\/strong><\/span><span style=\"text-decoration: underline;color: #3366ff\"><strong><a style=\"color: #3366ff;text-decoration: underline\" href=\"https:\/\/e-marineeducation.com\/tr\/tag\/huseyin-altay-yontan-haberleri\/\" target=\"_blank\" rel=\"noopener noreferrer\"><br \/>\n<\/a><\/strong><\/span>&#8211;\u00a0Taraf\u0131ndan haz\u0131rlanan e-MarEdu TV yay\u0131nlar\u0131 &#8211; <span style=\"color: #3498db\"><a style=\"color: #3498db\" href=\"https:\/\/e-marineeducation.com\/tr\/tag\/huseyin-altay-yontan-sunumlari-e-maredu-tv\/\" target=\"_blank\" rel=\"noopener noreferrer\"><span style=\"text-decoration: underline\"><strong>inceleyiniz<\/strong><\/span><\/a><\/span><\/p>\n<p style=\"text-align: right\"><strong>Organizasyon<\/strong>\u00a0sayfas\u0131na,\u00a0<strong><span style=\"text-decoration: underline;color: #3498db\"><a style=\"color: #3498db;text-decoration: underline\" href=\"https:\/\/e-marineeducation.com\/tr\/organizasyon\/\">Geri D\u00f6n<\/a><\/span>\u00a0<a href=\"https:\/\/e-marineeducation.com\/tr\/organizasyon\/\"><img loading=\"lazy\" decoding=\"async\" src=\"https:\/\/e-marineeducation.com\/tr\/wp-content\/uploads\/geri-d\u00f6n.png\" alt=\"\" width=\"74\" height=\"65\" align=\"right\" border=\"0\" \/><\/a><\/strong><\/p>\n","protected":false},"excerpt":{"rendered":"<p>Ki\u015fisel Bilgiler Ad\u0131 Soyad\u0131: H\u00fcseyin\u00a0Altay Yontan Do\u011fum Tarihi:\u00a023 May\u0131s 1990 Mesle\u011fi: &#8212; \u00d6zge\u00e7mi\u015fi:\u00a0www.hayontan.com E-Posta Adresi:\u00a0hayontan@e-MarineEducation.com e-MarineEducation.com Bilgileri \u00c7al\u0131\u015fma Durumu: Aktif Kat\u0131l\u0131m Tarihi: 07 Temmuz 2012 Mevcut G\u00f6revi:\u00a0Genel Koordinat\u00f6r \u00d6nceki G\u00f6revleri:\u00a0Web Edit\u00f6r\u00fc,\u00a0Y\u00f6netici Asistan\u0131 Kazand\u0131rd\u0131klar\u0131 &#8211; Taraf\u0131ndan yap\u0131lan eklemeleri &#8211; inceleyiniz &#8211; Taraf\u0131ndan haz\u0131rlanan haberleri &#8211; inceleyiniz &#8211; Taraf\u0131ndan haz\u0131rlanan makaleleri &#8211; inceleyiniz &#8211;\u00a0Taraf\u0131ndan haz\u0131rlanan e-MarEdu TV &hellip;<\/p>\n","protected":false},"author":1,"featured_media":23744,"parent":0,"menu_order":0,"comment_status":"closed","ping_status":"closed","template":"","meta":{"_acf_changed":false,"_bbp_topic_count":0,"_bbp_reply_count":0,"_bbp_total_topic_count":0,"_bbp_total_reply_count":0,"_bbp_voice_count":0,"_bbp_anonymous_reply_count":0,"_bbp_topic_count_hidden":0,"_bbp_reply_count_hidden":0,"_bbp_forum_subforum_count":0,"footnotes":""},"class_list":["post-7523","page","type-page","status-publish","has-post-thumbnail",""],"acf":[],"yoast_head":"<!-- This site is optimized with the Yoast SEO plugin v27.4 - https:\/\/yoast.com\/product\/yoast-seo-wordpress\/ -->\n<title>Ki\u015fisel Profil Sayfas\u0131: H\u00fcseyin Altay Yontan | E-Marine Education<\/title>\n<meta name=\"description\" content=\"H\u00fcseyin Altay Yontan&#039;\u0131n ki\u015fisel profil sayfas\u0131d\u0131r.\" \/>\n<meta name=\"robots\" content=\"index, follow, max-snippet:-1, max-image-preview:large, max-video-preview:-1\" \/>\n<link rel=\"canonical\" href=\"https:\/\/e-marineeducation.com\/tr\/profil-huseyin-altay-yontan\/\" \/>\n<meta property=\"og:locale\" content=\"tr_TR\" \/>\n<meta property=\"og:type\" content=\"article\" \/>\n<meta property=\"og:title\" content=\"Ki\u015fisel Profil Sayfas\u0131: H\u00fcseyin Altay Yontan | E-Marine Education\" \/>\n<meta property=\"og:description\" content=\"H\u00fcseyin Altay Yontan&#039;\u0131n ki\u015fisel profil sayfas\u0131d\u0131r.\" \/>\n<meta property=\"og:url\" content=\"https:\/\/e-marineeducation.com\/tr\/profil-huseyin-altay-yontan\/\" \/>\n<meta property=\"og:site_name\" content=\"e-MarineEducation.com\" \/>\n<meta property=\"article:modified_time\" content=\"2020-01-21T17:35:59+00:00\" \/>\n<meta property=\"og:image\" content=\"https:\/\/e-marineeducation.com\/tr\/wp-content\/uploads\/H\u00fcseyin-Altay-Yontan1.png\" \/>\n\t<meta property=\"og:image:width\" content=\"159\" \/>\n\t<meta property=\"og:image:height\" content=\"168\" \/>\n\t<meta property=\"og:image:type\" content=\"image\/png\" \/>\n<meta name=\"twitter:card\" content=\"summary_large_image\" \/>\n<script type=\"application\/ld+json\" class=\"yoast-schema-graph\">{\"@context\":\"https:\\\/\\\/schema.org\",\"@graph\":[{\"@type\":\"WebPage\",\"@id\":\"https:\\\/\\\/e-marineeducation.com\\\/tr\\\/profil-huseyin-altay-yontan\\\/\",\"url\":\"https:\\\/\\\/e-marineeducation.com\\\/tr\\\/profil-huseyin-altay-yontan\\\/\",\"name\":\"Ki\u015fisel Profil Sayfas\u0131: H\u00fcseyin Altay Yontan | E-Marine Education\",\"isPartOf\":{\"@id\":\"https:\\\/\\\/e-marineeducation.com\\\/tr\\\/#website\"},\"primaryImageOfPage\":{\"@id\":\"https:\\\/\\\/e-marineeducation.com\\\/tr\\\/profil-huseyin-altay-yontan\\\/#primaryimage\"},\"image\":{\"@id\":\"https:\\\/\\\/e-marineeducation.com\\\/tr\\\/profil-huseyin-altay-yontan\\\/#primaryimage\"},\"thumbnailUrl\":\"https:\\\/\\\/e-marineeducation.com\\\/tr\\\/wp-content\\\/uploads\\\/H.Altay-Yontan-Simge.png\",\"datePublished\":\"2012-10-18T17:57:08+00:00\",\"dateModified\":\"2020-01-21T17:35:59+00:00\",\"description\":\"H\u00fcseyin Altay Yontan'\u0131n ki\u015fisel profil sayfas\u0131d\u0131r.\",\"breadcrumb\":{\"@id\":\"https:\\\/\\\/e-marineeducation.com\\\/tr\\\/profil-huseyin-altay-yontan\\\/#breadcrumb\"},\"inLanguage\":\"tr\",\"potentialAction\":[{\"@type\":\"ReadAction\",\"target\":[\"https:\\\/\\\/e-marineeducation.com\\\/tr\\\/profil-huseyin-altay-yontan\\\/\"]}]},{\"@type\":\"ImageObject\",\"inLanguage\":\"tr\",\"@id\":\"https:\\\/\\\/e-marineeducation.com\\\/tr\\\/profil-huseyin-altay-yontan\\\/#primaryimage\",\"url\":\"https:\\\/\\\/e-marineeducation.com\\\/tr\\\/wp-content\\\/uploads\\\/H.Altay-Yontan-Simge.png\",\"contentUrl\":\"https:\\\/\\\/e-marineeducation.com\\\/tr\\\/wp-content\\\/uploads\\\/H.Altay-Yontan-Simge.png\",\"width\":200,\"height\":165},{\"@type\":\"BreadcrumbList\",\"@id\":\"https:\\\/\\\/e-marineeducation.com\\\/tr\\\/profil-huseyin-altay-yontan\\\/#breadcrumb\",\"itemListElement\":[{\"@type\":\"ListItem\",\"position\":1,\"name\":\"Ana sayfa\",\"item\":\"https:\\\/\\\/e-marineeducation.com\\\/tr\\\/\"},{\"@type\":\"ListItem\",\"position\":2,\"name\":\"Ki\u015fisel Profil Sayfas\u0131\"}]},{\"@type\":\"WebSite\",\"@id\":\"https:\\\/\\\/e-marineeducation.com\\\/tr\\\/#website\",\"url\":\"https:\\\/\\\/e-marineeducation.com\\\/tr\\\/\",\"name\":\"e-MarineEducation.com\",\"description\":\"Denizcilik E\u011fitimine Yeni Bir Bak\u0131\u015f A\u00e7\u0131s\u0131\",\"potentialAction\":[{\"@type\":\"SearchAction\",\"target\":{\"@type\":\"EntryPoint\",\"urlTemplate\":\"https:\\\/\\\/e-marineeducation.com\\\/tr\\\/?s={search_term_string}\"},\"query-input\":{\"@type\":\"PropertyValueSpecification\",\"valueRequired\":true,\"valueName\":\"search_term_string\"}}],\"inLanguage\":\"tr\"}]}<\/script>\n<!-- \/ Yoast SEO plugin. -->","yoast_head_json":{"title":"Ki\u015fisel Profil Sayfas\u0131: H\u00fcseyin Altay Yontan | E-Marine Education","description":"H\u00fcseyin Altay Yontan'\u0131n ki\u015fisel profil sayfas\u0131d\u0131r.","robots":{"index":"index","follow":"follow","max-snippet":"max-snippet:-1","max-image-preview":"max-image-preview:large","max-video-preview":"max-video-preview:-1"},"canonical":"https:\/\/e-marineeducation.com\/tr\/profil-huseyin-altay-yontan\/","og_locale":"tr_TR","og_type":"article","og_title":"Ki\u015fisel Profil Sayfas\u0131: H\u00fcseyin Altay Yontan | E-Marine Education","og_description":"H\u00fcseyin Altay Yontan'\u0131n ki\u015fisel profil sayfas\u0131d\u0131r.","og_url":"https:\/\/e-marineeducation.com\/tr\/profil-huseyin-altay-yontan\/","og_site_name":"e-MarineEducation.com","article_modified_time":"2020-01-21T17:35:59+00:00","og_image":[{"width":159,"height":168,"url":"https:\/\/e-marineeducation.com\/tr\/wp-content\/uploads\/H\u00fcseyin-Altay-Yontan1.png","type":"image\/png"}],"twitter_card":"summary_large_image","schema":{"@context":"https:\/\/schema.org","@graph":[{"@type":"WebPage","@id":"https:\/\/e-marineeducation.com\/tr\/profil-huseyin-altay-yontan\/","url":"https:\/\/e-marineeducation.com\/tr\/profil-huseyin-altay-yontan\/","name":"Ki\u015fisel Profil Sayfas\u0131: H\u00fcseyin Altay Yontan | E-Marine Education","isPartOf":{"@id":"https:\/\/e-marineeducation.com\/tr\/#website"},"primaryImageOfPage":{"@id":"https:\/\/e-marineeducation.com\/tr\/profil-huseyin-altay-yontan\/#primaryimage"},"image":{"@id":"https:\/\/e-marineeducation.com\/tr\/profil-huseyin-altay-yontan\/#primaryimage"},"thumbnailUrl":"https:\/\/e-marineeducation.com\/tr\/wp-content\/uploads\/H.Altay-Yontan-Simge.png","datePublished":"2012-10-18T17:57:08+00:00","dateModified":"2020-01-21T17:35:59+00:00","description":"H\u00fcseyin Altay Yontan'\u0131n ki\u015fisel profil sayfas\u0131d\u0131r.","breadcrumb":{"@id":"https:\/\/e-marineeducation.com\/tr\/profil-huseyin-altay-yontan\/#breadcrumb"},"inLanguage":"tr","potentialAction":[{"@type":"ReadAction","target":["https:\/\/e-marineeducation.com\/tr\/profil-huseyin-altay-yontan\/"]}]},{"@type":"ImageObject","inLanguage":"tr","@id":"https:\/\/e-marineeducation.com\/tr\/profil-huseyin-altay-yontan\/#primaryimage","url":"https:\/\/e-marineeducation.com\/tr\/wp-content\/uploads\/H.Altay-Yontan-Simge.png","contentUrl":"https:\/\/e-marineeducation.com\/tr\/wp-content\/uploads\/H.Altay-Yontan-Simge.png","width":200,"height":165},{"@type":"BreadcrumbList","@id":"https:\/\/e-marineeducation.com\/tr\/profil-huseyin-altay-yontan\/#breadcrumb","itemListElement":[{"@type":"ListItem","position":1,"name":"Ana sayfa","item":"https:\/\/e-marineeducation.com\/tr\/"},{"@type":"ListItem","position":2,"name":"Ki\u015fisel Profil Sayfas\u0131"}]},{"@type":"WebSite","@id":"https:\/\/e-marineeducation.com\/tr\/#website","url":"https:\/\/e-marineeducation.com\/tr\/","name":"e-MarineEducation.com","description":"Denizcilik E\u011fitimine Yeni Bir Bak\u0131\u015f A\u00e7\u0131s\u0131","potentialAction":[{"@type":"SearchAction","target":{"@type":"EntryPoint","urlTemplate":"https:\/\/e-marineeducation.com\/tr\/?s={search_term_string}"},"query-input":{"@type":"PropertyValueSpecification","valueRequired":true,"valueName":"search_term_string"}}],"inLanguage":"tr"}]}},"_links":{"self":[{"href":"https:\/\/e-marineeducation.com\/tr\/wp-json\/wp\/v2\/pages\/7523","targetHints":{"allow":["GET"]}}],"collection":[{"href":"https:\/\/e-marineeducation.com\/tr\/wp-json\/wp\/v2\/pages"}],"about":[{"href":"https:\/\/e-marineeducation.com\/tr\/wp-json\/wp\/v2\/types\/page"}],"author":[{"embeddable":true,"href":"https:\/\/e-marineeducation.com\/tr\/wp-json\/wp\/v2\/users\/1"}],"replies":[{"embeddable":true,"href":"https:\/\/e-marineeducation.com\/tr\/wp-json\/wp\/v2\/comments?post=7523"}],"version-history":[{"count":0,"href":"https:\/\/e-marineeducation.com\/tr\/wp-json\/wp\/v2\/pages\/7523\/revisions"}],"wp:featuredmedia":[{"embeddable":true,"href":"https:\/\/e-marineeducation.com\/tr\/wp-json\/wp\/v2\/media\/23744"}],"wp:attachment":[{"href":"https:\/\/e-marineeducation.com\/tr\/wp-json\/wp\/v2\/media?parent=7523"}],"curies":[{"name":"wp","href":"https:\/\/api.w.org\/{rel}","templated":true}]}}