

{"id":7468,"date":"2012-10-18T18:02:21","date_gmt":"2012-10-18T15:02:21","guid":{"rendered":"https:\/\/e-marineeducation.com\/tr\/?page_id=7468"},"modified":"2021-04-01T12:19:24","modified_gmt":"2021-04-01T11:19:24","slug":"profil-aybars-oruc","status":"publish","type":"page","link":"https:\/\/e-marineeducation.com\/tr\/profil-aybars-oruc\/","title":{"rendered":"Ki\u015fisel Profil Sayfas\u0131"},"content":{"rendered":"<figure style=\"width: 159px\" class=\"wp-caption alignleft\"><img loading=\"lazy\" decoding=\"async\" src=\"https:\/\/e-marineeducation.com\/tr\/wp-content\/uploads\/Aybars-Oru\u00e7-1.png\" width=\"159\" height=\"168\" \/><figcaption class=\"wp-caption-text\"><\/p>\n<p align=\"center\">Aybars Oru\u00e7<br \/> <a href=\"http:\/\/www.aybarsoruc.com\" target=\"_blank\" rel=\"noopener\"><img decoding=\"async\" src=\"https:\/\/e-marineeducation.com\/tr\/wp-content\/uploads\/Web-\u0130con.png\" alt=\"\" \/><\/a>\u00a0<a href=\"https:\/\/www.facebook.com\/oruc.aybars\" target=\"_blank\" rel=\"noopener\"><img decoding=\"async\" src=\"https:\/\/e-marineeducation.com\/tr\/wp-content\/uploads\/Facebook-\u0130con.png\" alt=\"\" \/><\/a> <a href=\"https:\/\/twitter.com\/aybarsoruc\" target=\"_blank\" rel=\"noopener\"><img decoding=\"async\" src=\"https:\/\/e-marineeducation.com\/tr\/wp-content\/uploads\/Twitter-\u0130con.png\" alt=\"\" \/><\/a> <a href=\"http:\/\/www.linkedin.com\/in\/aybarsoruc\" target=\"_blank\" rel=\"noopener\"><img decoding=\"async\" src=\"https:\/\/e-marineeducation.com\/tr\/wp-content\/uploads\/Linkedin-\u0130con.png\" alt=\"\" \/><\/a><\/p><\/figcaption><\/figure>\n<p><strong><span style=\"text-decoration: underline;\">Ki\u015fisel Bilgiler<br \/>\n<\/span><\/strong><strong>Ad\u0131 Soyad\u0131:<\/strong> Aybars Oru\u00e7<br \/>\n<strong>Do\u011fum Tarihi:<\/strong> 01 Nisan 1988<br \/>\n<strong>Mesle\u011fi:<\/strong>\u00a0Ara\u015ft\u0131rma G\u00f6revlisi (<em>Norve\u00e7 Bilim ve Teknoloji \u00dcniversitesi<\/em>)<br \/>\n<strong>\u00d6zge\u00e7mi\u015fi<\/strong>:\u00a0<span style=\"color: #3366cc;\"><a href=\"https:\/\/e-marineeducation.com\/tr?wp_ct=179\" target=\"_blank\" rel=\"noopener\"><span style=\"color: #3366cc;\"><span style=\"color: #3498db;\">www.aybarsoruc.com\/hakkimda<\/span><br \/>\n<\/span><\/a><\/span><strong>E-Posta Adresi:<\/strong> <span style=\"color: #3498db;\"><a style=\"color: #3498db;\" href=\"mailto:aybarsoruc@e-MarineEducation.com\">aybarsoruc@e-MarineEducation.com<\/a><\/span><\/p>\n<p><span style=\"text-decoration: underline;\"><strong>e-MarineEducation.com Bilgileri<br \/>\n<\/strong><\/span><strong>\u00c7al\u0131\u015fma Durumu:<\/strong> <span style=\"color: #339966;\"><strong><strong>Aktif<br \/>\n<\/strong><\/strong><\/span><strong>Kat\u0131l\u0131m Tarihi:<\/strong> 11 Eyl\u00fcl 2011<br \/>\n<strong>Mevcut G\u00f6revi:<\/strong>\u00a0Kurucu<br \/>\n<strong>\u00d6nceki G\u00f6revleri:<\/strong> &#8211; &#8211; &#8211;<\/p>\n<p><span style=\"text-decoration: underline;\"><strong>Kazand\u0131rd\u0131klar\u0131<\/strong><\/span><br \/>\n&#8211; Taraf\u0131ndan haz\u0131rlanan haberleri &#8211; <span style=\"text-decoration: underline; color: #3498db;\"><strong><a style=\"color: #3498db; text-decoration: underline;\" href=\"https:\/\/e-marineeducation.com\/tr\/tag\/aybars-oruc-haberleri\/\" target=\"_blank\" rel=\"noopener\">inceleyiniz<\/a><\/strong><\/span><br \/>\n&#8211; Taraf\u0131ndan haz\u0131rlanan makaleleri &#8211; <span style=\"text-decoration: underline; color: #3498db;\"><strong><a style=\"color: #3498db; text-decoration: underline;\" href=\"https:\/\/e-marineeducation.com\/tr\/tag\/aybars-oruc-yazilari\/\" target=\"_blank\" rel=\"noopener\">inceleyiniz<\/a><\/strong><\/span><br \/>\n&#8211; Taraf\u0131ndan yap\u0131lan video montajlar\u0131 &#8211; <span style=\"text-decoration: underline; color: #3498db;\"><strong><a style=\"color: #3498db; text-decoration: underline;\" href=\"https:\/\/e-marineeducation.com\/tr\/tag\/aybars-oruc-montajlari\/\" target=\"_blank\" rel=\"noopener\">inceleyiniz<\/a><\/strong><\/span><br \/>\n&#8211; Konuk oldu\u011fu e-MarEdu TV yay\u0131nlar\u0131 &#8211; <span style=\"text-decoration: underline; color: #3498db;\"><strong><a style=\"color: #3498db; text-decoration: underline;\" href=\"https:\/\/e-marineeducation.com\/tr\/tag\/aybars-oruc-konusmalari-e-maredu-tv\/\" target=\"_blank\" rel=\"noopener\">inceleyiniz<br \/>\n<\/a><\/strong><\/span>&#8211;\u00a0Taraf\u0131ndan yap\u0131lan yaz\u0131m d\u00fczenlemeleri &#8211; <span style=\"text-decoration: underline; color: #3498db;\"><strong><a style=\"color: #3498db;\" href=\"https:\/\/e-marineeducation.com\/tr\/tag\/aybars-oruc-duzenlemeleri\/\"><strong>inceleyiniz<\/strong><\/a><\/strong><\/span><br \/>\n&#8211; Taraf\u0131ndan yap\u0131lan e-MarEdu TV \u00e7ekimleri &#8211; <span style=\"text-decoration: underline; color: #3498db;\"><strong><a style=\"color: #3498db; text-decoration: underline;\" href=\"https:\/\/e-marineeducation.com\/tr\/tag\/aybars-oruc-cekimleri\/\" target=\"_blank\" rel=\"noopener\">inceleyiniz<\/a><\/strong><\/span><br \/>\n&#8211; Taraf\u0131ndan haz\u0131rlanan e-MarEdu TV yay\u0131nlar\u0131 &#8211; <span style=\"text-decoration: underline; color: #3498db;\"><strong><a style=\"color: #3498db; text-decoration: underline;\" href=\"https:\/\/e-marineeducation.com\/tr\/tag\/aybars-oruc-sunumlari-e-maredu-tv\/\" target=\"_blank\" rel=\"noopener\">inceleyiniz<\/a><\/strong><\/span><\/p>\n<p style=\"text-align: right;\"><strong>Organizasyon<\/strong>\u00a0sayfas\u0131na,\u00a0<strong><a href=\"https:\/\/e-marineeducation.com\/tr\/organizasyon\/\"><span style=\"text-decoration: underline;\"><span style=\"color: #3498db; text-decoration: underline;\">Geri D\u00f6n<\/span><\/span><img loading=\"lazy\" decoding=\"async\" src=\"https:\/\/e-marineeducation.com\/tr\/wp-content\/uploads\/geri-d\u00f6n.png\" alt=\"\" width=\"74\" height=\"65\" align=\"right\" border=\"0\" \/><\/a><\/strong><\/p>\n","protected":false},"excerpt":{"rendered":"<p>Ki\u015fisel Bilgiler Ad\u0131 Soyad\u0131: Aybars Oru\u00e7 Do\u011fum Tarihi: 01 Nisan 1988 Mesle\u011fi:\u00a0Ara\u015ft\u0131rma G\u00f6revlisi (Norve\u00e7 Bilim ve Teknoloji \u00dcniversitesi) \u00d6zge\u00e7mi\u015fi:\u00a0www.aybarsoruc.com\/hakkimda E-Posta Adresi: aybarsoruc@e-MarineEducation.com e-MarineEducation.com Bilgileri \u00c7al\u0131\u015fma Durumu: Aktif Kat\u0131l\u0131m Tarihi: 11 Eyl\u00fcl 2011 Mevcut G\u00f6revi:\u00a0Kurucu \u00d6nceki G\u00f6revleri: &#8211; &#8211; &#8211; Kazand\u0131rd\u0131klar\u0131 &#8211; Taraf\u0131ndan haz\u0131rlanan haberleri &#8211; inceleyiniz &#8211; Taraf\u0131ndan haz\u0131rlanan makaleleri &#8211; inceleyiniz &#8211; Taraf\u0131ndan yap\u0131lan &hellip;<\/p>\n","protected":false},"author":1,"featured_media":0,"parent":0,"menu_order":0,"comment_status":"closed","ping_status":"closed","template":"","meta":{"_acf_changed":false,"_bbp_topic_count":0,"_bbp_reply_count":0,"_bbp_total_topic_count":0,"_bbp_total_reply_count":0,"_bbp_voice_count":0,"_bbp_anonymous_reply_count":0,"_bbp_topic_count_hidden":0,"_bbp_reply_count_hidden":0,"_bbp_forum_subforum_count":0,"footnotes":""},"class_list":["post-7468","page","type-page","status-publish",""],"acf":[],"yoast_head":"<!-- This site is optimized with the Yoast SEO plugin v27.4 - https:\/\/yoast.com\/product\/yoast-seo-wordpress\/ -->\n<title>Ki\u015fisel Profil Sayfas\u0131: Aybars Oru\u00e7 | E-Marine Education<\/title>\n<meta name=\"description\" content=\"Aybars Oru\u00e7&#039;un ki\u015fisel profil sayfas\u0131d\u0131r.\" \/>\n<meta name=\"robots\" content=\"index, follow, max-snippet:-1, max-image-preview:large, max-video-preview:-1\" \/>\n<link rel=\"canonical\" href=\"https:\/\/e-marineeducation.com\/tr\/profil-aybars-oruc\/\" \/>\n<meta property=\"og:locale\" content=\"tr_TR\" \/>\n<meta property=\"og:type\" content=\"article\" \/>\n<meta property=\"og:title\" content=\"Ki\u015fisel Profil Sayfas\u0131: Aybars Oru\u00e7 | E-Marine Education\" \/>\n<meta property=\"og:description\" content=\"Aybars Oru\u00e7&#039;un ki\u015fisel profil sayfas\u0131d\u0131r.\" \/>\n<meta property=\"og:url\" content=\"https:\/\/e-marineeducation.com\/tr\/profil-aybars-oruc\/\" \/>\n<meta property=\"og:site_name\" content=\"e-MarineEducation.com\" \/>\n<meta property=\"article:modified_time\" content=\"2021-04-01T11:19:24+00:00\" \/>\n<meta property=\"og:image\" content=\"https:\/\/e-marineeducation.com\/tr\/wp-content\/uploads\/Aybars-Oru\u00e7-1.png\" \/>\n<meta name=\"twitter:card\" content=\"summary_large_image\" \/>\n<meta name=\"twitter:label1\" content=\"Tahmini okuma s\u00fcresi\" \/>\n\t<meta name=\"twitter:data1\" content=\"2 dakika\" \/>\n<script type=\"application\/ld+json\" class=\"yoast-schema-graph\">{\"@context\":\"https:\\\/\\\/schema.org\",\"@graph\":[{\"@type\":\"WebPage\",\"@id\":\"https:\\\/\\\/e-marineeducation.com\\\/tr\\\/profil-aybars-oruc\\\/\",\"url\":\"https:\\\/\\\/e-marineeducation.com\\\/tr\\\/profil-aybars-oruc\\\/\",\"name\":\"Ki\u015fisel Profil Sayfas\u0131: Aybars Oru\u00e7 | E-Marine Education\",\"isPartOf\":{\"@id\":\"https:\\\/\\\/e-marineeducation.com\\\/tr\\\/#website\"},\"datePublished\":\"2012-10-18T15:02:21+00:00\",\"dateModified\":\"2021-04-01T11:19:24+00:00\",\"description\":\"Aybars Oru\u00e7'un ki\u015fisel profil sayfas\u0131d\u0131r.\",\"breadcrumb\":{\"@id\":\"https:\\\/\\\/e-marineeducation.com\\\/tr\\\/profil-aybars-oruc\\\/#breadcrumb\"},\"inLanguage\":\"tr\",\"potentialAction\":[{\"@type\":\"ReadAction\",\"target\":[\"https:\\\/\\\/e-marineeducation.com\\\/tr\\\/profil-aybars-oruc\\\/\"]}]},{\"@type\":\"BreadcrumbList\",\"@id\":\"https:\\\/\\\/e-marineeducation.com\\\/tr\\\/profil-aybars-oruc\\\/#breadcrumb\",\"itemListElement\":[{\"@type\":\"ListItem\",\"position\":1,\"name\":\"Ana sayfa\",\"item\":\"https:\\\/\\\/e-marineeducation.com\\\/tr\\\/\"},{\"@type\":\"ListItem\",\"position\":2,\"name\":\"Ki\u015fisel Profil Sayfas\u0131\"}]},{\"@type\":\"WebSite\",\"@id\":\"https:\\\/\\\/e-marineeducation.com\\\/tr\\\/#website\",\"url\":\"https:\\\/\\\/e-marineeducation.com\\\/tr\\\/\",\"name\":\"e-MarineEducation.com\",\"description\":\"Denizcilik E\u011fitimine Yeni Bir Bak\u0131\u015f A\u00e7\u0131s\u0131\",\"potentialAction\":[{\"@type\":\"SearchAction\",\"target\":{\"@type\":\"EntryPoint\",\"urlTemplate\":\"https:\\\/\\\/e-marineeducation.com\\\/tr\\\/?s={search_term_string}\"},\"query-input\":{\"@type\":\"PropertyValueSpecification\",\"valueRequired\":true,\"valueName\":\"search_term_string\"}}],\"inLanguage\":\"tr\"}]}<\/script>\n<!-- \/ Yoast SEO plugin. -->","yoast_head_json":{"title":"Ki\u015fisel Profil Sayfas\u0131: Aybars Oru\u00e7 | E-Marine Education","description":"Aybars Oru\u00e7'un ki\u015fisel profil sayfas\u0131d\u0131r.","robots":{"index":"index","follow":"follow","max-snippet":"max-snippet:-1","max-image-preview":"max-image-preview:large","max-video-preview":"max-video-preview:-1"},"canonical":"https:\/\/e-marineeducation.com\/tr\/profil-aybars-oruc\/","og_locale":"tr_TR","og_type":"article","og_title":"Ki\u015fisel Profil Sayfas\u0131: Aybars Oru\u00e7 | E-Marine Education","og_description":"Aybars Oru\u00e7'un ki\u015fisel profil sayfas\u0131d\u0131r.","og_url":"https:\/\/e-marineeducation.com\/tr\/profil-aybars-oruc\/","og_site_name":"e-MarineEducation.com","article_modified_time":"2021-04-01T11:19:24+00:00","og_image":[{"url":"https:\/\/e-marineeducation.com\/tr\/wp-content\/uploads\/Aybars-Oru\u00e7-1.png","type":"","width":"","height":""}],"twitter_card":"summary_large_image","twitter_misc":{"Tahmini okuma s\u00fcresi":"2 dakika"},"schema":{"@context":"https:\/\/schema.org","@graph":[{"@type":"WebPage","@id":"https:\/\/e-marineeducation.com\/tr\/profil-aybars-oruc\/","url":"https:\/\/e-marineeducation.com\/tr\/profil-aybars-oruc\/","name":"Ki\u015fisel Profil Sayfas\u0131: Aybars Oru\u00e7 | E-Marine Education","isPartOf":{"@id":"https:\/\/e-marineeducation.com\/tr\/#website"},"datePublished":"2012-10-18T15:02:21+00:00","dateModified":"2021-04-01T11:19:24+00:00","description":"Aybars Oru\u00e7'un ki\u015fisel profil sayfas\u0131d\u0131r.","breadcrumb":{"@id":"https:\/\/e-marineeducation.com\/tr\/profil-aybars-oruc\/#breadcrumb"},"inLanguage":"tr","potentialAction":[{"@type":"ReadAction","target":["https:\/\/e-marineeducation.com\/tr\/profil-aybars-oruc\/"]}]},{"@type":"BreadcrumbList","@id":"https:\/\/e-marineeducation.com\/tr\/profil-aybars-oruc\/#breadcrumb","itemListElement":[{"@type":"ListItem","position":1,"name":"Ana sayfa","item":"https:\/\/e-marineeducation.com\/tr\/"},{"@type":"ListItem","position":2,"name":"Ki\u015fisel Profil Sayfas\u0131"}]},{"@type":"WebSite","@id":"https:\/\/e-marineeducation.com\/tr\/#website","url":"https:\/\/e-marineeducation.com\/tr\/","name":"e-MarineEducation.com","description":"Denizcilik E\u011fitimine Yeni Bir Bak\u0131\u015f A\u00e7\u0131s\u0131","potentialAction":[{"@type":"SearchAction","target":{"@type":"EntryPoint","urlTemplate":"https:\/\/e-marineeducation.com\/tr\/?s={search_term_string}"},"query-input":{"@type":"PropertyValueSpecification","valueRequired":true,"valueName":"search_term_string"}}],"inLanguage":"tr"}]}},"_links":{"self":[{"href":"https:\/\/e-marineeducation.com\/tr\/wp-json\/wp\/v2\/pages\/7468","targetHints":{"allow":["GET"]}}],"collection":[{"href":"https:\/\/e-marineeducation.com\/tr\/wp-json\/wp\/v2\/pages"}],"about":[{"href":"https:\/\/e-marineeducation.com\/tr\/wp-json\/wp\/v2\/types\/page"}],"author":[{"embeddable":true,"href":"https:\/\/e-marineeducation.com\/tr\/wp-json\/wp\/v2\/users\/1"}],"replies":[{"embeddable":true,"href":"https:\/\/e-marineeducation.com\/tr\/wp-json\/wp\/v2\/comments?post=7468"}],"version-history":[{"count":0,"href":"https:\/\/e-marineeducation.com\/tr\/wp-json\/wp\/v2\/pages\/7468\/revisions"}],"wp:attachment":[{"href":"https:\/\/e-marineeducation.com\/tr\/wp-json\/wp\/v2\/media?parent=7468"}],"curies":[{"name":"wp","href":"https:\/\/api.w.org\/{rel}","templated":true}]}}