

{"id":543,"date":"2011-08-20T05:10:10","date_gmt":"2011-08-20T02:10:10","guid":{"rendered":"https:\/\/e-marineeducation.com\/tr\/?page_id=543"},"modified":"2012-03-15T18:46:32","modified_gmt":"2012-03-15T16:46:32","slug":"denizcilik-meslek-liseleri","status":"publish","type":"page","link":"https:\/\/e-marineeducation.com\/tr\/denizcilik-meslek-liseleri\/","title":{"rendered":"Denizcilik Meslek Liseleri"},"content":{"rendered":"<p style=\"text-align: justify;\"><img loading=\"lazy\" decoding=\"async\" class=\"alignleft size-full wp-image-1166\" title=\"\" src=\"https:\/\/e-marineeducation.com\/tr\/wp-content\/uploads\/Uyar%C4%B1.png\" alt=\"\" width=\"76\" height=\"65\" \/>A\u015fa\u011f\u0131da yer alan liste T\u00fcrkiye&#8217;deki t\u00fcm denizcilik meslek liselerini bar\u0131nd\u0131rmamaktad\u0131r. T\u00fcrkiye genelinde say\u0131ca \u00e7ok fazla denizcilik e\u011fitimi veren lise bulunmas\u0131 nedeni ile sadece birka\u00e7 tanesi yaz\u0131lm\u0131\u015ft\u0131r. Gelecek \u00f6neriler do\u011frultusunda ilaveler yap\u0131labilir. Bu sebeple en g\u00fcncel bilgiye ancak M.E.B. taraf\u0131ndan yay\u0131nlanan tercih k\u0131lavuzlar\u0131ndan ula\u015f\u0131labilir. A\u015fa\u011f\u0131da yay\u0131nlananlardan ba\u015fka denizcilikle ilgili programlar da \u00fclkemizde mevcuttur. Buna Su \u00dcr\u00fcnleri \u00dcretimi program\u0131n\u0131 \u00f6rnek olrak g\u00f6sterebiliriz. Yay\u0131nlad\u0131\u011f\u0131m\u0131z liste sadece gemiadam\u0131 yeti\u015ftirmeye olanak tan\u0131yan ders plan\u0131na sahip programlardan olu\u015fmaktad\u0131r. Liste haz\u0131rlan\u0131rken liselerin T.C. Denizcilik M\u00fcste\u015farl\u0131\u011f\u0131 taraf\u0131ndan verilen e\u011fitim izni belgesine sahip olma \u015fart\u0131 aranmam\u0131\u015ft\u0131r.<\/p>\n<table style=\"width: 280px; height: 23px;\" border=\"0\">\n<tbody>\n<tr>\n<td><\/td>\n<\/tr>\n<\/tbody>\n<\/table>\n<p><strong><span style=\"color: #3366cc;\">Barbaros Hayrettin Pa\u015fa Denizcilik Anadolu Meslek Lisesi <\/span><\/strong><strong><\/strong><\/p>\n<p><img loading=\"lazy\" decoding=\"async\" class=\"alignleft size-full wp-image-1180\" title=\"Barbaros Hayrettin Pa\u015fa Denizcilik Anadolu Meslek Lisesi Logosu\" src=\"https:\/\/e-marineeducation.com\/tr\/wp-content\/uploads\/Barbaros-Hayrettin-Pa%C5%9Fa-Denizcilik-Anadolu-Meslek-Lisesi-Logosu.png\" alt=\"\" width=\"127\" height=\"127\" \/><\/p>\n<table style=\"width: 195px; height: 23px;\" border=\"0\">\n<tbody>\n<tr>\n<td><\/td>\n<\/tr>\n<\/tbody>\n<\/table>\n<p><span style=\"color: #3366cc;\"><strong><strong>T\u00fcr:<\/strong> <span style=\"color: #888888;\">Devlet Lisesi<\/span> &#8211;<strong> Konum:<\/strong> <span style=\"color: #888888;\">Beykoz \/ \u0130stanbul<\/span><\/strong><\/span><\/p>\n<table style=\"width: 267px; height: 23px;\" border=\"0\">\n<tbody>\n<tr>\n<td><\/td>\n<\/tr>\n<\/tbody>\n<\/table>\n<p><span style=\"color: #3366cc;\"><strong>B\u00f6l\u00fcmler:<\/strong><\/span><\/p>\n<p>Bal\u0131k\u00e7\u0131 Gemisi Kaptanl\u0131\u011f\u0131<\/p>\n<p>Gemi Y\u00f6netimi<\/p>\n<p>Gemi Makineleri<\/p>\n<table style=\"width: 426px; height: 20px;\" border=\"0\">\n<tbody>\n<tr>\n<td><\/td>\n<\/tr>\n<\/tbody>\n<\/table>\n<p><strong><span style=\"color: #3366cc;\">Gelibolu Armat\u00f6r Yakup Aksoy Denizcilik Anadolu Meslek Lisesi <\/span><\/strong><strong><\/strong><\/p>\n<p><img loading=\"lazy\" decoding=\"async\" class=\"alignleft size-full wp-image-1182\" title=\"Gelibolu Armat\u00f6r Yakup Aksoy Denizcilik Anadolu Meslek Lisesi Logosu\" src=\"https:\/\/e-marineeducation.com\/tr\/wp-content\/uploads\/Gelibolu-Armat%C3%B6r-Yakup-Aksoy-Denizcilik-Anadolu-Meslek-Lisesi-Logosu.png\" alt=\"\" width=\"127\" height=\"127\" \/><\/p>\n<table style=\"width: 195px; height: 23px;\" border=\"0\">\n<tbody>\n<tr>\n<td><\/td>\n<\/tr>\n<\/tbody>\n<\/table>\n<p><span style=\"color: #3366cc;\"><strong><strong>T\u00fcr:<\/strong> <span style=\"color: #888888;\">Devlet Lisesi<\/span> &#8211;<strong> Konum:<\/strong> <span style=\"color: #888888;\">Gelibolu \/ \u00c7anakkale<br \/>\n<\/span><\/strong><\/span><\/p>\n<table style=\"width: 267px; height: 23px;\" border=\"0\">\n<tbody>\n<tr>\n<td><\/td>\n<\/tr>\n<\/tbody>\n<\/table>\n<p><span style=\"color: #3366cc;\"><strong>B\u00f6l\u00fcmler:<\/strong><\/span><\/p>\n<p>Gemi Y\u00f6netimi<\/p>\n<p>Gemi Makineleri<\/p>\n<table style=\"width: 426px; height: 40px;\" border=\"0\">\n<tbody>\n<tr>\n<td><\/td>\n<\/tr>\n<\/tbody>\n<\/table>\n<p><strong><span style=\"color: #3366cc;\">Pendik Denizcilik Anadolu Meslek Lisesi <\/span><\/strong><strong><\/strong><\/p>\n<p><img loading=\"lazy\" decoding=\"async\" class=\"alignleft size-full wp-image-1176\" title=\"Pendik  Denizcilik Anadolu Meslek Lisesi Logosu\" src=\"https:\/\/e-marineeducation.com\/tr\/wp-content\/uploads\/Pendik-Anadolu-Denizcilik-Meslek-Lisesi-Logosu.png\" alt=\"\" width=\"127\" height=\"127\" srcset=\"https:\/\/e-marineeducation.com\/tr\/wp-content\/uploads\/Pendik-Anadolu-Denizcilik-Meslek-Lisesi-Logosu.png 127w, https:\/\/e-marineeducation.com\/tr\/wp-content\/uploads\/Pendik-Anadolu-Denizcilik-Meslek-Lisesi-Logosu-74x74.png 74w\" sizes=\"auto, (max-width: 127px) 100vw, 127px\" \/><\/p>\n<table style=\"width: 195px; height: 23px;\" border=\"0\">\n<tbody>\n<tr>\n<td><\/td>\n<\/tr>\n<\/tbody>\n<\/table>\n<p><span style=\"color: #3366cc;\"><strong><strong>T\u00fcr:<\/strong> <span style=\"color: #888888;\">Devlet Lisesi<\/span> &#8211;<strong> Konum:<\/strong> <span style=\"color: #888888;\">Pendik \/ \u0130stanbul<\/span><\/strong><\/span><\/p>\n<table style=\"width: 267px; height: 23px;\" border=\"0\">\n<tbody>\n<tr>\n<td><\/td>\n<\/tr>\n<\/tbody>\n<\/table>\n<p><span style=\"color: #3366cc;\"><strong>B\u00f6l\u00fcmler:<\/strong><\/span><\/p>\n<p>Gemi Y\u00f6netimi<\/p>\n<p>Gemi Makineleri<\/p>\n<table style=\"width: 426px; height: 40px;\" border=\"0\">\n<tbody>\n<tr>\n<td><\/td>\n<\/tr>\n<\/tbody>\n<\/table>\n<p><strong><span style=\"color: #3366cc;\"><a href=\"https:\/\/e-marineeducation.com\/tr\/category\/piri-reis-d-a-m-l\/\"><span style=\"color: #3366cc;\">Piri Reis Denizcilik Anadolu Meslek Lisesi<\/span><\/a><\/span><span style=\"color: #3366cc;\"><strong><a href=\"https:\/\/e-marineeducation.com\/tr\/category\/itu-denizcilik-fakultesi-2\/\">\u00a0\u00a0<\/a><strong><strong><strong><a href=\"https:\/\/e-marineeducation.com\/tr\/category\/piri-reis-d-a-m-l\/\"><img loading=\"lazy\" decoding=\"async\" title=\"\" src=\"https:\/\/e-marineeducation.com\/tr\/wp-content\/uploads\/detay1.gif\" alt=\"\" width=\"44\" height=\"12\" \/><\/a><\/strong><\/strong><\/strong><\/strong> <\/span><\/strong><strong><\/strong><\/p>\n<p><img loading=\"lazy\" decoding=\"async\" class=\"alignleft size-full wp-image-1177\" title=\"Piri Reis Denizcilik Anadolu Meslek Lisesi Logosu\" src=\"https:\/\/e-marineeducation.com\/tr\/wp-content\/uploads\/Piri-Reis-Denizcilik-Anadolu-Meslek-Lisesi-Logosu.png\" alt=\"\" width=\"127\" height=\"127\" srcset=\"https:\/\/e-marineeducation.com\/tr\/wp-content\/uploads\/Piri-Reis-Denizcilik-Anadolu-Meslek-Lisesi-Logosu.png 127w, https:\/\/e-marineeducation.com\/tr\/wp-content\/uploads\/Piri-Reis-Denizcilik-Anadolu-Meslek-Lisesi-Logosu-74x74.png 74w\" sizes=\"auto, (max-width: 127px) 100vw, 127px\" \/><\/p>\n<table style=\"width: 195px; height: 23px;\" border=\"0\">\n<tbody>\n<tr>\n<td><\/td>\n<\/tr>\n<\/tbody>\n<\/table>\n<p><span style=\"color: #3366cc;\"><strong><strong>T\u00fcr:<\/strong> <span style=\"color: #888888;\">Devlet Lisesi<\/span> &#8211;<strong> Konum:<\/strong> <span style=\"color: #888888;\">Tuzla \/ \u0130stanbul<\/span><\/strong><\/span><\/p>\n<table style=\"width: 267px; height: 23px;\" border=\"0\">\n<tbody>\n<tr>\n<td><\/td>\n<\/tr>\n<\/tbody>\n<\/table>\n<p><span style=\"color: #3366cc;\"><strong>B\u00f6l\u00fcmler:<\/strong><\/span><\/p>\n<p>Gemi Y\u00f6netimi<\/p>\n<p>Gemi Makineleri<\/p>\n<p>Gemi Elektroni\u011fi ve Haberle\u015fme<\/p>\n<table style=\"width: 426px; height: 20px;\" border=\"0\">\n<tbody>\n<tr>\n<td><\/td>\n<\/tr>\n<\/tbody>\n<\/table>\n<p><strong><span style=\"color: #3366cc;\">Ziya Kalkavan Denizcilik Anadolu Teknik Lisesi <\/span><\/strong><strong><\/strong><\/p>\n<p><img loading=\"lazy\" decoding=\"async\" class=\"alignleft size-full wp-image-1144\" title=\"Ziya Kalkavan Denizcilik Anadolu Teknik Lisesi Logosu\" src=\"https:\/\/e-marineeducation.com\/tr\/wp-content\/uploads\/Ziya-Kalkavan-Denizcilik-Anadolu-Teknik-Lisesi-Logosu.png\" alt=\"\" width=\"127\" height=\"127\" srcset=\"https:\/\/e-marineeducation.com\/tr\/wp-content\/uploads\/Ziya-Kalkavan-Denizcilik-Anadolu-Teknik-Lisesi-Logosu.png 127w, https:\/\/e-marineeducation.com\/tr\/wp-content\/uploads\/Ziya-Kalkavan-Denizcilik-Anadolu-Teknik-Lisesi-Logosu-74x74.png 74w\" sizes=\"auto, (max-width: 127px) 100vw, 127px\" \/><\/p>\n<table style=\"width: 195px; height: 23px;\" border=\"0\">\n<tbody>\n<tr>\n<td><\/td>\n<\/tr>\n<\/tbody>\n<\/table>\n<p><span style=\"color: #3366cc;\"><strong><strong>T\u00fcr:<\/strong> <span style=\"color: #888888;\">Devlet Lisesi<\/span> &#8211;<strong> Konum:<\/strong> <span style=\"color: #888888;\">Be\u015fikta\u015f \/ \u0130stanbul<\/span><\/strong><\/span><\/p>\n<table style=\"width: 267px; height: 23px;\" border=\"0\">\n<tbody>\n<tr>\n<td><\/td>\n<\/tr>\n<\/tbody>\n<\/table>\n<p><span style=\"color: #3366cc;\"><strong>B\u00f6l\u00fcmler:<\/strong><\/span><\/p>\n<p>Gemi Y\u00f6netimi<\/p>\n<p>Gemi Makineleri<\/p>\n<p>Gemi Elektroni\u011fi ve Haberle\u015fme<\/p>\n<table style=\"width: 426px; height: 23px;\" border=\"0\">\n<tbody>\n<tr>\n<td><\/td>\n<\/tr>\n<\/tbody>\n<\/table>\n","protected":false},"excerpt":{"rendered":"<p>A\u015fa\u011f\u0131da yer alan liste T\u00fcrkiye&#8217;deki t\u00fcm denizcilik meslek liselerini bar\u0131nd\u0131rmamaktad\u0131r. T\u00fcrkiye genelinde say\u0131ca \u00e7ok fazla denizcilik e\u011fitimi veren lise bulunmas\u0131 nedeni ile sadece birka\u00e7 tanesi yaz\u0131lm\u0131\u015ft\u0131r. Gelecek \u00f6neriler do\u011frultusunda ilaveler yap\u0131labilir. Bu sebeple en g\u00fcncel bilgiye ancak M.E.B. taraf\u0131ndan yay\u0131nlanan tercih k\u0131lavuzlar\u0131ndan ula\u015f\u0131labilir. A\u015fa\u011f\u0131da yay\u0131nlananlardan ba\u015fka denizcilikle ilgili programlar da \u00fclkemizde mevcuttur. Buna Su \u00dcr\u00fcnleri &hellip;<\/p>\n","protected":false},"author":1,"featured_media":0,"parent":0,"menu_order":0,"comment_status":"open","ping_status":"open","template":"","meta":{"_acf_changed":false,"_bbp_topic_count":0,"_bbp_reply_count":0,"_bbp_total_topic_count":0,"_bbp_total_reply_count":0,"_bbp_voice_count":0,"_bbp_anonymous_reply_count":0,"_bbp_topic_count_hidden":0,"_bbp_reply_count_hidden":0,"_bbp_forum_subforum_count":0,"footnotes":""},"class_list":["post-543","page","type-page","status-publish",""],"acf":[],"yoast_head":"<!-- This site is optimized with the Yoast SEO plugin v27.4 - https:\/\/yoast.com\/product\/yoast-seo-wordpress\/ -->\n<title>Denizcilik Meslek Liseleri - e-MarineEducation.com<\/title>\n<meta name=\"robots\" content=\"index, follow, max-snippet:-1, max-image-preview:large, max-video-preview:-1\" \/>\n<link rel=\"canonical\" href=\"https:\/\/e-marineeducation.com\/tr\/denizcilik-meslek-liseleri\/\" \/>\n<meta property=\"og:locale\" content=\"tr_TR\" \/>\n<meta property=\"og:type\" content=\"article\" \/>\n<meta property=\"og:title\" content=\"Denizcilik Meslek Liseleri - e-MarineEducation.com\" \/>\n<meta property=\"og:description\" content=\"A\u015fa\u011f\u0131da yer alan liste T\u00fcrkiye&#8217;deki t\u00fcm denizcilik meslek liselerini bar\u0131nd\u0131rmamaktad\u0131r. T\u00fcrkiye genelinde say\u0131ca \u00e7ok fazla denizcilik e\u011fitimi veren lise bulunmas\u0131 nedeni ile sadece birka\u00e7 tanesi yaz\u0131lm\u0131\u015ft\u0131r. Gelecek \u00f6neriler do\u011frultusunda ilaveler yap\u0131labilir. Bu sebeple en g\u00fcncel bilgiye ancak M.E.B. taraf\u0131ndan yay\u0131nlanan tercih k\u0131lavuzlar\u0131ndan ula\u015f\u0131labilir. A\u015fa\u011f\u0131da yay\u0131nlananlardan ba\u015fka denizcilikle ilgili programlar da \u00fclkemizde mevcuttur. Buna Su \u00dcr\u00fcnleri &hellip;\" \/>\n<meta property=\"og:url\" content=\"https:\/\/e-marineeducation.com\/tr\/denizcilik-meslek-liseleri\/\" \/>\n<meta property=\"og:site_name\" content=\"e-MarineEducation.com\" \/>\n<meta property=\"article:modified_time\" content=\"2012-03-15T16:46:32+00:00\" \/>\n<meta property=\"og:image\" content=\"https:\/\/e-marineeducation.com\/tr\/wp-content\/uploads\/Uyar%C4%B1.png\" \/>\n<meta name=\"twitter:card\" content=\"summary_large_image\" \/>\n<meta name=\"twitter:label1\" content=\"Tahmini okuma s\u00fcresi\" \/>\n\t<meta name=\"twitter:data1\" content=\"1 dakika\" \/>\n<script type=\"application\/ld+json\" class=\"yoast-schema-graph\">{\"@context\":\"https:\\\/\\\/schema.org\",\"@graph\":[{\"@type\":\"WebPage\",\"@id\":\"https:\\\/\\\/e-marineeducation.com\\\/tr\\\/denizcilik-meslek-liseleri\\\/\",\"url\":\"https:\\\/\\\/e-marineeducation.com\\\/tr\\\/denizcilik-meslek-liseleri\\\/\",\"name\":\"Denizcilik Meslek Liseleri - e-MarineEducation.com\",\"isPartOf\":{\"@id\":\"https:\\\/\\\/e-marineeducation.com\\\/tr\\\/#website\"},\"primaryImageOfPage\":{\"@id\":\"https:\\\/\\\/e-marineeducation.com\\\/tr\\\/denizcilik-meslek-liseleri\\\/#primaryimage\"},\"image\":{\"@id\":\"https:\\\/\\\/e-marineeducation.com\\\/tr\\\/denizcilik-meslek-liseleri\\\/#primaryimage\"},\"thumbnailUrl\":\"https:\\\/\\\/e-marineeducation.com\\\/tr\\\/wp-content\\\/uploads\\\/Uyar%C4%B1.png\",\"datePublished\":\"2011-08-20T02:10:10+00:00\",\"dateModified\":\"2012-03-15T16:46:32+00:00\",\"breadcrumb\":{\"@id\":\"https:\\\/\\\/e-marineeducation.com\\\/tr\\\/denizcilik-meslek-liseleri\\\/#breadcrumb\"},\"inLanguage\":\"tr\",\"potentialAction\":[{\"@type\":\"ReadAction\",\"target\":[\"https:\\\/\\\/e-marineeducation.com\\\/tr\\\/denizcilik-meslek-liseleri\\\/\"]}]},{\"@type\":\"ImageObject\",\"inLanguage\":\"tr\",\"@id\":\"https:\\\/\\\/e-marineeducation.com\\\/tr\\\/denizcilik-meslek-liseleri\\\/#primaryimage\",\"url\":\"https:\\\/\\\/e-marineeducation.com\\\/tr\\\/wp-content\\\/uploads\\\/Uyar%C4%B1.png\",\"contentUrl\":\"https:\\\/\\\/e-marineeducation.com\\\/tr\\\/wp-content\\\/uploads\\\/Uyar%C4%B1.png\"},{\"@type\":\"BreadcrumbList\",\"@id\":\"https:\\\/\\\/e-marineeducation.com\\\/tr\\\/denizcilik-meslek-liseleri\\\/#breadcrumb\",\"itemListElement\":[{\"@type\":\"ListItem\",\"position\":1,\"name\":\"Ana sayfa\",\"item\":\"https:\\\/\\\/e-marineeducation.com\\\/tr\\\/\"},{\"@type\":\"ListItem\",\"position\":2,\"name\":\"Denizcilik Meslek Liseleri\"}]},{\"@type\":\"WebSite\",\"@id\":\"https:\\\/\\\/e-marineeducation.com\\\/tr\\\/#website\",\"url\":\"https:\\\/\\\/e-marineeducation.com\\\/tr\\\/\",\"name\":\"e-MarineEducation.com\",\"description\":\"Denizcilik E\u011fitimine Yeni Bir Bak\u0131\u015f A\u00e7\u0131s\u0131\",\"potentialAction\":[{\"@type\":\"SearchAction\",\"target\":{\"@type\":\"EntryPoint\",\"urlTemplate\":\"https:\\\/\\\/e-marineeducation.com\\\/tr\\\/?s={search_term_string}\"},\"query-input\":{\"@type\":\"PropertyValueSpecification\",\"valueRequired\":true,\"valueName\":\"search_term_string\"}}],\"inLanguage\":\"tr\"}]}<\/script>\n<!-- \/ Yoast SEO plugin. -->","yoast_head_json":{"title":"Denizcilik Meslek Liseleri - e-MarineEducation.com","robots":{"index":"index","follow":"follow","max-snippet":"max-snippet:-1","max-image-preview":"max-image-preview:large","max-video-preview":"max-video-preview:-1"},"canonical":"https:\/\/e-marineeducation.com\/tr\/denizcilik-meslek-liseleri\/","og_locale":"tr_TR","og_type":"article","og_title":"Denizcilik Meslek Liseleri - e-MarineEducation.com","og_description":"A\u015fa\u011f\u0131da yer alan liste T\u00fcrkiye&#8217;deki t\u00fcm denizcilik meslek liselerini bar\u0131nd\u0131rmamaktad\u0131r. T\u00fcrkiye genelinde say\u0131ca \u00e7ok fazla denizcilik e\u011fitimi veren lise bulunmas\u0131 nedeni ile sadece birka\u00e7 tanesi yaz\u0131lm\u0131\u015ft\u0131r. Gelecek \u00f6neriler do\u011frultusunda ilaveler yap\u0131labilir. Bu sebeple en g\u00fcncel bilgiye ancak M.E.B. taraf\u0131ndan yay\u0131nlanan tercih k\u0131lavuzlar\u0131ndan ula\u015f\u0131labilir. A\u015fa\u011f\u0131da yay\u0131nlananlardan ba\u015fka denizcilikle ilgili programlar da \u00fclkemizde mevcuttur. Buna Su \u00dcr\u00fcnleri &hellip;","og_url":"https:\/\/e-marineeducation.com\/tr\/denizcilik-meslek-liseleri\/","og_site_name":"e-MarineEducation.com","article_modified_time":"2012-03-15T16:46:32+00:00","og_image":[{"url":"https:\/\/e-marineeducation.com\/tr\/wp-content\/uploads\/Uyar%C4%B1.png","type":"","width":"","height":""}],"twitter_card":"summary_large_image","twitter_misc":{"Tahmini okuma s\u00fcresi":"1 dakika"},"schema":{"@context":"https:\/\/schema.org","@graph":[{"@type":"WebPage","@id":"https:\/\/e-marineeducation.com\/tr\/denizcilik-meslek-liseleri\/","url":"https:\/\/e-marineeducation.com\/tr\/denizcilik-meslek-liseleri\/","name":"Denizcilik Meslek Liseleri - e-MarineEducation.com","isPartOf":{"@id":"https:\/\/e-marineeducation.com\/tr\/#website"},"primaryImageOfPage":{"@id":"https:\/\/e-marineeducation.com\/tr\/denizcilik-meslek-liseleri\/#primaryimage"},"image":{"@id":"https:\/\/e-marineeducation.com\/tr\/denizcilik-meslek-liseleri\/#primaryimage"},"thumbnailUrl":"https:\/\/e-marineeducation.com\/tr\/wp-content\/uploads\/Uyar%C4%B1.png","datePublished":"2011-08-20T02:10:10+00:00","dateModified":"2012-03-15T16:46:32+00:00","breadcrumb":{"@id":"https:\/\/e-marineeducation.com\/tr\/denizcilik-meslek-liseleri\/#breadcrumb"},"inLanguage":"tr","potentialAction":[{"@type":"ReadAction","target":["https:\/\/e-marineeducation.com\/tr\/denizcilik-meslek-liseleri\/"]}]},{"@type":"ImageObject","inLanguage":"tr","@id":"https:\/\/e-marineeducation.com\/tr\/denizcilik-meslek-liseleri\/#primaryimage","url":"https:\/\/e-marineeducation.com\/tr\/wp-content\/uploads\/Uyar%C4%B1.png","contentUrl":"https:\/\/e-marineeducation.com\/tr\/wp-content\/uploads\/Uyar%C4%B1.png"},{"@type":"BreadcrumbList","@id":"https:\/\/e-marineeducation.com\/tr\/denizcilik-meslek-liseleri\/#breadcrumb","itemListElement":[{"@type":"ListItem","position":1,"name":"Ana sayfa","item":"https:\/\/e-marineeducation.com\/tr\/"},{"@type":"ListItem","position":2,"name":"Denizcilik Meslek Liseleri"}]},{"@type":"WebSite","@id":"https:\/\/e-marineeducation.com\/tr\/#website","url":"https:\/\/e-marineeducation.com\/tr\/","name":"e-MarineEducation.com","description":"Denizcilik E\u011fitimine Yeni Bir Bak\u0131\u015f A\u00e7\u0131s\u0131","potentialAction":[{"@type":"SearchAction","target":{"@type":"EntryPoint","urlTemplate":"https:\/\/e-marineeducation.com\/tr\/?s={search_term_string}"},"query-input":{"@type":"PropertyValueSpecification","valueRequired":true,"valueName":"search_term_string"}}],"inLanguage":"tr"}]}},"_links":{"self":[{"href":"https:\/\/e-marineeducation.com\/tr\/wp-json\/wp\/v2\/pages\/543","targetHints":{"allow":["GET"]}}],"collection":[{"href":"https:\/\/e-marineeducation.com\/tr\/wp-json\/wp\/v2\/pages"}],"about":[{"href":"https:\/\/e-marineeducation.com\/tr\/wp-json\/wp\/v2\/types\/page"}],"author":[{"embeddable":true,"href":"https:\/\/e-marineeducation.com\/tr\/wp-json\/wp\/v2\/users\/1"}],"replies":[{"embeddable":true,"href":"https:\/\/e-marineeducation.com\/tr\/wp-json\/wp\/v2\/comments?post=543"}],"version-history":[{"count":0,"href":"https:\/\/e-marineeducation.com\/tr\/wp-json\/wp\/v2\/pages\/543\/revisions"}],"wp:attachment":[{"href":"https:\/\/e-marineeducation.com\/tr\/wp-json\/wp\/v2\/media?parent=543"}],"curies":[{"name":"wp","href":"https:\/\/api.w.org\/{rel}","templated":true}]}}