

{"id":4308,"date":"2012-03-12T03:46:07","date_gmt":"2012-03-12T00:46:07","guid":{"rendered":"https:\/\/e-marineeducation.com\/tr\/?page_id=4308"},"modified":"2016-07-22T00:45:43","modified_gmt":"2016-07-21T21:45:43","slug":"basvuru-formu","status":"publish","type":"page","link":"https:\/\/e-marineeducation.com\/tr\/basvuru-formu\/","title":{"rendered":"Ba\u015fvuru Formu"},"content":{"rendered":"\n\t\t\t<div class=\"ccf-form-wrapper form-id-18871\" data-form-id=\"18871\">\n\t\t\t\t<form  class=\"ccf-form ccf-theme-default\" method=\"post\" action=\"?v=1778294213\" data-form-id=\"18871\">\n\n\t\t\t\t\t\t\t\t\t\t\t\t\t\t\t\t\t\t<div class=\"form-title\">\n\t\t\t\t\t\t\t\tBa\u015fvuru Formu\t\t\t\t\t\t\t<\/div>\n\t\t\t\t\t\t\t\t\t\t\t\n\t\t\t\t\t\n\t\t\t\t\t\n\t\t<div data-field-type=\"single-line-text\" data-field-slug=\"isim\" class=\"form-group  field isim field-type-single-line-text field-27472  field-required\">\n\t\t\t<label class=\"main-label\" for=\"ccf_field_isim\">\n\t\t\t\t<span class=\"required\">*<\/span>\t\t\t\tAd\u0131n\u0131z Soyad\u0131n\u0131z\t\t\t<\/label>\n\t\t\t<input class=\"form-control  field-input\" required aria-required=\"true\" type=\"text\" name=\"ccf_field_isim\" id=\"ccf_field_isim\" placeholder=\"\" value=\"\">\n\n\t\t\t\n\t\t\t\t\t<\/div>\n\n\t\t\n\t\t<div data-field-type=\"dropdown\" data-field-slug=\"cinsiyet\" class=\"form-group  field cinsiyet field-type-dropdown field-27473  field-required\">\n\t\t\t<label class=\"main-label\" for=\"ccf_field_cinsiyet\">\n\t\t\t\t<span class=\"required\">*<\/span>\t\t\t\tCinsiyetiniz\t\t\t<\/label>\n\t\t\t<select class=\"form-control  field-input\" required aria-required=\"true\"  name=\"ccf_field_cinsiyet\" id=\"ccf_field_cinsiyet\">\n\t\t\t\t\t\t\t\t\t<option  value=\"L\u00fctfen se\u00e7iniz.\">L\u00fctfen se\u00e7iniz.<\/option>\n\t\t\t\t\t\t\t\t\t<option  value=\"Erkek\">Erkek<\/option>\n\t\t\t\t\t\t\t\t\t<option  value=\"Kad\u0131n\">Kad\u0131n<\/option>\n\t\t\t\t\t\t\t<\/select>\n\n\t\t\t\n\t\t\t\t\t<\/div>\n\n\t\t\n\t\t<div data-field-type=\"dropdown\" data-field-slug=\"meslek\" class=\"form-group  field meslek field-type-dropdown field-27477  field-required\">\n\t\t\t<label class=\"main-label\" for=\"ccf_field_meslek\">\n\t\t\t\t<span class=\"required\">*<\/span>\t\t\t\tMesle\u011finiz\t\t\t<\/label>\n\t\t\t<select class=\"form-control  field-input\" required aria-required=\"true\"  name=\"ccf_field_meslek\" id=\"ccf_field_meslek\">\n\t\t\t\t\t\t\t\t\t<option  value=\"L\u00fctfen se\u00e7iniz.\">L\u00fctfen se\u00e7iniz.<\/option>\n\t\t\t\t\t\t\t\t\t<option  value=\"Akademisyen\">Akademisyen<\/option>\n\t\t\t\t\t\t\t\t\t<option  value=\"\u00d6\u011fretmen\">\u00d6\u011fretmen<\/option>\n\t\t\t\t\t\t\t\t\t<option  value=\"\u015eirket \u00c7al\u0131\u015fan\u0131\">\u015eirket \u00c7al\u0131\u015fan\u0131<\/option>\n\t\t\t\t\t\t\t\t\t<option  value=\"\u00d6\u011frenci (Lise)\">\u00d6\u011frenci (Lise)<\/option>\n\t\t\t\t\t\t\t\t\t<option  value=\"\u00d6\u011frenci (MYO)\">\u00d6\u011frenci (MYO)<\/option>\n\t\t\t\t\t\t\t\t\t<option  value=\"\u00d6\u011frenci (Fak\u00fclte\/Y\u00fcksekokul)\">\u00d6\u011frenci (Fak\u00fclte\/Y\u00fcksekokul)<\/option>\n\t\t\t\t\t\t\t\t\t<option  value=\"Gemiadam\u0131 (Personel)\">Gemiadam\u0131 (Personel)<\/option>\n\t\t\t\t\t\t\t\t\t<option  value=\"Gemiadam\u0131 (Stajyer)\">Gemiadam\u0131 (Stajyer)<\/option>\n\t\t\t\t\t\t\t\t\t<option  value=\"Gemiadam\u0131 (Zabit)\">Gemiadam\u0131 (Zabit)<\/option>\n\t\t\t\t\t\t\t\t\t<option  value=\"Di\u011fer\">Di\u011fer<\/option>\n\t\t\t\t\t\t\t<\/select>\n\n\t\t\t\n\t\t\t\t\t<\/div>\n\n\t\t\n\t\t<div data-field-type=\"single-line-text\" data-field-slug=\"Dogum-Tarihi\" class=\"form-group  field Dogum-Tarihi field-type-single-line-text field-27489  field-required\">\n\t\t\t<label class=\"main-label\" for=\"ccf_field_Dogum-Tarihi\">\n\t\t\t\t<span class=\"required\">*<\/span>\t\t\t\tDo\u011fum Tarihiniz\t\t\t<\/label>\n\t\t\t<input class=\"form-control  field-input\" required aria-required=\"true\" type=\"text\" name=\"ccf_field_Dogum-Tarihi\" id=\"ccf_field_Dogum-Tarihi\" placeholder=\"\" value=\"\">\n\n\t\t\t\n\t\t\t\t\t<\/div>\n\n\t\t\n\t\t<div data-field-type=\"single-line-text\" data-field-slug=\"e-Posta\" class=\"form-group  field e-Posta field-type-single-line-text field-27490  field-required\">\n\t\t\t<label class=\"main-label\" for=\"ccf_field_e-Posta\">\n\t\t\t\t<span class=\"required\">*<\/span>\t\t\t\te-Posta Adresiniz\t\t\t<\/label>\n\t\t\t<input class=\"form-control  field-input\" required aria-required=\"true\" type=\"text\" name=\"ccf_field_e-Posta\" id=\"ccf_field_e-Posta\" placeholder=\"\" value=\"\">\n\n\t\t\t\n\t\t\t\t\t<\/div>\n\n\t\t\n\t\t<div data-field-type=\"single-line-text\" data-field-slug=\"ceptelefonu\" class=\"form-group  field ceptelefonu field-type-single-line-text field-27491  field-required\">\n\t\t\t<label class=\"main-label\" for=\"ccf_field_ceptelefonu\">\n\t\t\t\t<span class=\"required\">*<\/span>\t\t\t\tCep Telefonunuz\t\t\t<\/label>\n\t\t\t<input class=\"form-control  field-input\" required aria-required=\"true\" type=\"text\" name=\"ccf_field_ceptelefonu\" id=\"ccf_field_ceptelefonu\" placeholder=\"\" value=\"\">\n\n\t\t\t\n\t\t\t\t\t<\/div>\n\n\t\t\n\t\t<div data-field-type=\"single-line-text\" data-field-slug=\"Okul\" class=\"form-group  field Okul field-type-single-line-text field-27492  field-required\">\n\t\t\t<label class=\"main-label\" for=\"ccf_field_Okul\">\n\t\t\t\t<span class=\"required\">*<\/span>\t\t\t\t\u00d6\u011frenim g\u00f6rd\u00fc\u011f\u00fcn\u00fcz \/ Mezun oldu\u011funuz e\u011fitim kurumu\t\t\t<\/label>\n\t\t\t<input class=\"form-control  field-input\" required aria-required=\"true\" type=\"text\" name=\"ccf_field_Okul\" id=\"ccf_field_Okul\" placeholder=\"\" value=\"\">\n\n\t\t\t\n\t\t\t\t\t<\/div>\n\n\t\t\n\t\t<div data-field-type=\"dropdown\" data-field-slug=\"Sinif\" class=\"form-group  field Sinif field-type-dropdown field-27493  field-required\">\n\t\t\t<label class=\"main-label\" for=\"ccf_field_Sinif\">\n\t\t\t\t<span class=\"required\">*<\/span>\t\t\t\tS\u0131n\u0131f\u0131n\u0131z \/ Mezuniyetiniz\t\t\t<\/label>\n\t\t\t<select class=\"form-control  field-input\" required aria-required=\"true\"  name=\"ccf_field_Sinif\" id=\"ccf_field_Sinif\">\n\t\t\t\t\t\t\t\t\t<option  value=\"L\u00fctfen se\u00e7iniz.\">L\u00fctfen se\u00e7iniz.<\/option>\n\t\t\t\t\t\t\t\t\t<option  value=\"Mezun oldum.\">Mezun oldum.<\/option>\n\t\t\t\t\t\t\t\t\t<option  value=\"Haz\u0131rl\u0131k S\u0131n\u0131f\u0131\">Haz\u0131rl\u0131k S\u0131n\u0131f\u0131<\/option>\n\t\t\t\t\t\t\t\t\t<option  value=\"1. S\u0131n\u0131f\">1. S\u0131n\u0131f<\/option>\n\t\t\t\t\t\t\t\t\t<option  value=\"2. S\u0131n\u0131f\">2. S\u0131n\u0131f<\/option>\n\t\t\t\t\t\t\t\t\t<option  value=\"3. S\u0131n\u0131f\">3. S\u0131n\u0131f<\/option>\n\t\t\t\t\t\t\t\t\t<option  value=\"4. S\u0131n\u0131f\">4. S\u0131n\u0131f<\/option>\n\t\t\t\t\t\t\t<\/select>\n\n\t\t\t\n\t\t\t\t\t<\/div>\n\n\t\t\n\t\t<div data-field-type=\"dropdown\" data-field-slug=\"Kontrol-Sikligi\" class=\"form-group  field Kontrol-Sikligi field-type-dropdown field-27501  field-required\">\n\t\t\t<label class=\"main-label\" for=\"ccf_field_Kontrol-Sikligi\">\n\t\t\t\t<span class=\"required\">*<\/span>\t\t\t\te-Postalar\u0131n\u0131z\u0131 kontrol etme s\u0131kl\u0131\u011f\u0131n\u0131z nedir?\t\t\t<\/label>\n\t\t\t<select class=\"form-control  field-input\" required aria-required=\"true\"  name=\"ccf_field_Kontrol-Sikligi\" id=\"ccf_field_Kontrol-Sikligi\">\n\t\t\t\t\t\t\t\t\t<option  value=\"L\u00fctfen se\u00e7iniz.\">L\u00fctfen se\u00e7iniz.<\/option>\n\t\t\t\t\t\t\t\t\t<option  value=\"G\u00fcnde birka\u00e7 defa\">G\u00fcnde birka\u00e7 defa<\/option>\n\t\t\t\t\t\t\t\t\t<option  value=\"G\u00fcnde bir defa\">G\u00fcnde bir defa<\/option>\n\t\t\t\t\t\t\t\t\t<option  value=\"\u0130ki g\u00fcnde bir defa\">\u0130ki g\u00fcnde bir defa<\/option>\n\t\t\t\t\t\t\t\t\t<option  value=\"\u00dc\u00e7 g\u00fcnde bir defa\">\u00dc\u00e7 g\u00fcnde bir defa<\/option>\n\t\t\t\t\t\t\t\t\t<option  value=\"Daha uzun s\u00fcrede bir defa\">Daha uzun s\u00fcrede bir defa<\/option>\n\t\t\t\t\t\t\t<\/select>\n\n\t\t\t\n\t\t\t\t\t<\/div>\n\n\t\t\n\t\t<div data-field-type=\"dropdown\" data-field-slug=\"ingilizce\" class=\"form-group  field ingilizce field-type-dropdown field-27508  field-required\">\n\t\t\t<label class=\"main-label\" for=\"ccf_field_ingilizce\">\n\t\t\t\t<span class=\"required\">*<\/span>\t\t\t\t\u0130ngilizce seviyeniz nedir?\t\t\t<\/label>\n\t\t\t<select class=\"form-control  field-input\" required aria-required=\"true\"  name=\"ccf_field_ingilizce\" id=\"ccf_field_ingilizce\">\n\t\t\t\t\t\t\t\t\t<option  value=\"L\u00fctfen se\u00e7iniz.\">L\u00fctfen se\u00e7iniz.<\/option>\n\t\t\t\t\t\t\t\t\t<option  value=\"\u0130ngilizce bilmiyorum.\">\u0130ngilizce bilmiyorum.<\/option>\n\t\t\t\t\t\t\t\t\t<option  value=\"Evet (Ba\u015flang\u0131\u00e7)\">Evet (Ba\u015flang\u0131\u00e7)<\/option>\n\t\t\t\t\t\t\t\t\t<option  value=\"Evet (Orta)\">Evet (Orta)<\/option>\n\t\t\t\t\t\t\t\t\t<option  value=\"Evet (\u0130leri)\">Evet (\u0130leri)<\/option>\n\t\t\t\t\t\t\t<\/select>\n\n\t\t\t\n\t\t\t\t\t<\/div>\n\n\t\t\n\t\t<div data-field-type=\"single-line-text\" data-field-slug=\"Diger-Dil\" class=\"form-group  field Diger-Dil field-type-single-line-text field-27514  \">\n\t\t\t<label class=\"main-label\" for=\"ccf_field_Diger-Dil\">\n\t\t\t\t\t\t\t\tE\u011fer \u0130ngilizce haricinde bir dil biliyorsan\u0131z l\u00fctfen yaz\u0131n\u0131z.\t\t\t<\/label>\n\t\t\t<input class=\"form-control  field-input\"  type=\"text\" name=\"ccf_field_Diger-Dil\" id=\"ccf_field_Diger-Dil\" placeholder=\"\" value=\"\">\n\n\t\t\t\n\t\t\t\t\t<\/div>\n\n\t\t\n\t\t<div data-field-type=\"paragraph-text\" data-field-slug=\"Kulupler\" class=\"form-group  field Kulupler field-type-paragraph-text field-27515  \">\n\t\t\t<label class=\"main-label\" for=\"ccf_field_Kulupler\">\n\t\t\t\t\t\t\t\tGe\u00e7mi\u015fte ya da g\u00fcn\u00fcm\u00fczde \u00fcyesi oldu\u011funuz dernek ve kul\u00fcpler varsa l\u00fctfen yaz\u0131n\u0131z.\t\t\t<\/label>\n\t\t\t<textarea class=\"form-control  field-input\"  name=\"ccf_field_Kulupler\" id=\"ccf_field_Kulupler\" placeholder=\"\"><\/textarea>\n\n\t\t\t\n\t\t\t\t\t<\/div>\n\n\t\t\n\t\t<div data-field-type=\"checkboxes\" data-field-slug=\"Pozisyon\" class=\"form-group  field Pozisyon field-type-checkboxes field-27516  field-required\">\n\t\t\t<label class=\"main-label\" for=\"ccf_field_Pozisyon\">\n\t\t\t\t<span class=\"required\">*<\/span>\t\t\t\tHangi pozisyonlarda g\u00f6rev alabilirsiniz?\t\t\t<\/label>\n\t\t\t\t\t\t\t<div class=\"choice checkbox\">\n\t\t\t\t\t<label><input class=\"field-input\" name=\"ccf_field_Pozisyon[]\" type=\"checkbox\"  value=\"Analiz Uzman\u0131\"> <span>Analiz Uzman\u0131<\/span><\/label>\n\t\t\t\t<\/div>\n\t\t\t\t\t\t\t<div class=\"choice checkbox\">\n\t\t\t\t\t<label><input class=\"field-input\" name=\"ccf_field_Pozisyon[]\" type=\"checkbox\"  value=\"DJ (e-MarEdu Radio)\"> <span>DJ (e-MarEdu Radio)<\/span><\/label>\n\t\t\t\t<\/div>\n\t\t\t\t\t\t\t<div class=\"choice checkbox\">\n\t\t\t\t\t<label><input class=\"field-input\" name=\"ccf_field_Pozisyon[]\" type=\"checkbox\"  value=\"\u00d6\u011frenci Temsilcisi\"> <span>\u00d6\u011frenci Temsilcisi<\/span><\/label>\n\t\t\t\t<\/div>\n\t\t\t\t\t\t\t<div class=\"choice checkbox\">\n\t\t\t\t\t<label><input class=\"field-input\" name=\"ccf_field_Pozisyon[]\" type=\"checkbox\"  value=\"Terc\u00fcman\"> <span>Terc\u00fcman<\/span><\/label>\n\t\t\t\t<\/div>\n\t\t\t\t\t\t\t<div class=\"choice checkbox\">\n\t\t\t\t\t<label><input class=\"field-input\" name=\"ccf_field_Pozisyon[]\" type=\"checkbox\"  value=\"Yazar\"> <span>Yazar<\/span><\/label>\n\t\t\t\t<\/div>\n\t\t\t\t\t\t\t<div class=\"choice checkbox\">\n\t\t\t\t\t<label><input class=\"field-input\" name=\"ccf_field_Pozisyon[]\" type=\"checkbox\"  value=\"e-Dergi Edit\u00f6r\u00fc\"> <span>e-Dergi Edit\u00f6r\u00fc<\/span><\/label>\n\t\t\t\t<\/div>\n\t\t\t\t\t\t\t<div class=\"choice checkbox\">\n\t\t\t\t\t<label><input class=\"field-input\" name=\"ccf_field_Pozisyon[]\" type=\"checkbox\"  value=\"Grafik Tasar\u0131m Edit\u00f6r\u00fc\"> <span>Grafik Tasar\u0131m Edit\u00f6r\u00fc<\/span><\/label>\n\t\t\t\t<\/div>\n\t\t\t\t\t\t\t<div class=\"choice checkbox\">\n\t\t\t\t\t<label><input class=\"field-input\" name=\"ccf_field_Pozisyon[]\" type=\"checkbox\"  value=\"\u0130\u00e7erik Edit\u00f6r\u00fc\"> <span>\u0130\u00e7erik Edit\u00f6r\u00fc<\/span><\/label>\n\t\t\t\t<\/div>\n\t\t\t\t\t\t\t<div class=\"choice checkbox\">\n\t\t\t\t\t<label><input class=\"field-input\" name=\"ccf_field_Pozisyon[]\" type=\"checkbox\"  value=\"Medya Takip Edit\u00f6r\u00fc\"> <span>Medya Takip Edit\u00f6r\u00fc<\/span><\/label>\n\t\t\t\t<\/div>\n\t\t\t\t\t\t\t<div class=\"choice checkbox\">\n\t\t\t\t\t<label><input class=\"field-input\" name=\"ccf_field_Pozisyon[]\" type=\"checkbox\"  value=\"Sosyal Medya Edit\u00f6r\u00fc\"> <span>Sosyal Medya Edit\u00f6r\u00fc<\/span><\/label>\n\t\t\t\t<\/div>\n\t\t\t\t\t\t\t<div class=\"choice checkbox\">\n\t\t\t\t\t<label><input class=\"field-input\" name=\"ccf_field_Pozisyon[]\" type=\"checkbox\"  value=\"Video Edit\u00f6r\u00fc\"> <span>Video Edit\u00f6r\u00fc<\/span><\/label>\n\t\t\t\t<\/div>\n\t\t\t\t\t\t\t<div class=\"choice checkbox\">\n\t\t\t\t\t<label><input class=\"field-input\" name=\"ccf_field_Pozisyon[]\" type=\"checkbox\"  value=\"Web Edit\u00f6r\u00fc\"> <span>Web Edit\u00f6r\u00fc<\/span><\/label>\n\t\t\t\t<\/div>\n\t\t\t\t\t\t\t<div class=\"choice checkbox\">\n\t\t\t\t\t<label><input class=\"field-input\" name=\"ccf_field_Pozisyon[]\" type=\"checkbox\"  value=\"Di\u011fer (L\u00fctfen eklemek istedikleriniz b\u00f6l\u00fcm\u00fcnde belirtiniz)\"> <span>Di\u011fer (L\u00fctfen eklemek istedikleriniz b\u00f6l\u00fcm\u00fcnde belirtiniz)<\/span><\/label>\n\t\t\t\t<\/div>\n\t\t\t\n\t\t\t\n\t\t\t\t\t<\/div>\n\n\t\t\n\t\t<div data-field-type=\"paragraph-text\" data-field-slug=\"eklenen\" class=\"form-group  field eklenen field-type-paragraph-text field-27530  \">\n\t\t\t<label class=\"main-label\" for=\"ccf_field_eklenen\">\n\t\t\t\t\t\t\t\tEklemek istedikleriniz...\t\t\t<\/label>\n\t\t\t<textarea class=\"form-control  field-input\"  name=\"ccf_field_eklenen\" id=\"ccf_field_eklenen\" placeholder=\"\"><\/textarea>\n\n\t\t\t\n\t\t\t\t\t<\/div>\n\n\t\t\n\t\t\t\t\t<div class=\"form-submit \">\n\t\t\t\t\t\t<input type=\"submit\" class=\"btn btn-primary ccf-submit-button\" value=\"G\u00f6nder\">\n\t\t\t\t\t\t<img decoding=\"async\" class=\"loading-img\" src=\"https:\/\/e-marineeducation.com\/tr\/wp-admin\/images\/wpspin_light.gif\">\n\t\t\t\t\t<\/div>\n\n\t\t\t\t\t<script type=\"text\/javascript\">\n\t\t\t\t\twindow.wp = window.wp || {};\n\t\t\t\t\twp.ccf = wp.ccf || {};\n\t\t\t\t\twp.ccf.conditionals = wp.ccf.conditionals || [];\n\t\t\t\t\twp.ccf.conditionals[18871] = [];\n\t\t\t\t\t<\/script>\n\n\t\t\t\t\t<input type=\"hidden\" name=\"form_id\" value=\"18871\">\n\t\t\t\t\t<input type=\"hidden\" name=\"form_page\" value=\"https:\/\/e-marineeducation.com\/tr\/tr\/wp-json\/wp\/v2\/pages\/4308\">\n\t\t\t\t\t<input type=\"text\" name=\"my_information\" style=\"display: none;\">\n\t\t\t\t\t<input type=\"hidden\"  name=\"ccf_form\" value=\"1\">\n\t\t\t\t\t<input type=\"hidden\" name=\"form_nonce\" value=\"d61b3fa173\">\n\t\t\t\t<\/form>\n\n\t\t\t\t<iframe class=\"ccf-form-frame\" id=\"ccf_form_frame_18871\" name=\"ccf_form_frame_18871\"><\/iframe>\n\t\t\t<\/div>\n\n\t\t\t\n","protected":false},"excerpt":{"rendered":"","protected":false},"author":1,"featured_media":0,"parent":0,"menu_order":0,"comment_status":"closed","ping_status":"closed","template":"","meta":{"_acf_changed":false,"_bbp_topic_count":0,"_bbp_reply_count":0,"_bbp_total_topic_count":0,"_bbp_total_reply_count":0,"_bbp_voice_count":0,"_bbp_anonymous_reply_count":0,"_bbp_topic_count_hidden":0,"_bbp_reply_count_hidden":0,"_bbp_forum_subforum_count":0,"footnotes":""},"class_list":["post-4308","page","type-page","status-publish",""],"acf":[],"yoast_head":"<!-- This site is optimized with the Yoast SEO plugin v27.4 - https:\/\/yoast.com\/product\/yoast-seo-wordpress\/ -->\n<title>Ba\u015fvuru Formu - e-MarineEducation.com<\/title>\n<meta name=\"robots\" content=\"index, follow, max-snippet:-1, max-image-preview:large, max-video-preview:-1\" \/>\n<link rel=\"canonical\" href=\"https:\/\/e-marineeducation.com\/tr\/basvuru-formu\/\" \/>\n<meta property=\"og:locale\" content=\"tr_TR\" \/>\n<meta property=\"og:type\" content=\"article\" \/>\n<meta property=\"og:title\" content=\"Ba\u015fvuru Formu - e-MarineEducation.com\" \/>\n<meta property=\"og:url\" content=\"https:\/\/e-marineeducation.com\/tr\/basvuru-formu\/\" \/>\n<meta property=\"og:site_name\" content=\"e-MarineEducation.com\" \/>\n<meta property=\"article:modified_time\" content=\"2016-07-21T21:45:43+00:00\" \/>\n<meta name=\"twitter:card\" content=\"summary_large_image\" \/>\n<script type=\"application\/ld+json\" class=\"yoast-schema-graph\">{\"@context\":\"https:\\\/\\\/schema.org\",\"@graph\":[{\"@type\":\"WebPage\",\"@id\":\"https:\\\/\\\/e-marineeducation.com\\\/tr\\\/basvuru-formu\\\/\",\"url\":\"https:\\\/\\\/e-marineeducation.com\\\/tr\\\/basvuru-formu\\\/\",\"name\":\"Ba\u015fvuru Formu - e-MarineEducation.com\",\"isPartOf\":{\"@id\":\"https:\\\/\\\/e-marineeducation.com\\\/tr\\\/#website\"},\"datePublished\":\"2012-03-12T00:46:07+00:00\",\"dateModified\":\"2016-07-21T21:45:43+00:00\",\"breadcrumb\":{\"@id\":\"https:\\\/\\\/e-marineeducation.com\\\/tr\\\/basvuru-formu\\\/#breadcrumb\"},\"inLanguage\":\"tr\",\"potentialAction\":[{\"@type\":\"ReadAction\",\"target\":[\"https:\\\/\\\/e-marineeducation.com\\\/tr\\\/basvuru-formu\\\/\"]}]},{\"@type\":\"BreadcrumbList\",\"@id\":\"https:\\\/\\\/e-marineeducation.com\\\/tr\\\/basvuru-formu\\\/#breadcrumb\",\"itemListElement\":[{\"@type\":\"ListItem\",\"position\":1,\"name\":\"Ana sayfa\",\"item\":\"https:\\\/\\\/e-marineeducation.com\\\/tr\\\/\"},{\"@type\":\"ListItem\",\"position\":2,\"name\":\"Ba\u015fvuru Formu\"}]},{\"@type\":\"WebSite\",\"@id\":\"https:\\\/\\\/e-marineeducation.com\\\/tr\\\/#website\",\"url\":\"https:\\\/\\\/e-marineeducation.com\\\/tr\\\/\",\"name\":\"e-MarineEducation.com\",\"description\":\"Denizcilik E\u011fitimine Yeni Bir Bak\u0131\u015f A\u00e7\u0131s\u0131\",\"potentialAction\":[{\"@type\":\"SearchAction\",\"target\":{\"@type\":\"EntryPoint\",\"urlTemplate\":\"https:\\\/\\\/e-marineeducation.com\\\/tr\\\/?s={search_term_string}\"},\"query-input\":{\"@type\":\"PropertyValueSpecification\",\"valueRequired\":true,\"valueName\":\"search_term_string\"}}],\"inLanguage\":\"tr\"}]}<\/script>\n<!-- \/ Yoast SEO plugin. -->","yoast_head_json":{"title":"Ba\u015fvuru Formu - e-MarineEducation.com","robots":{"index":"index","follow":"follow","max-snippet":"max-snippet:-1","max-image-preview":"max-image-preview:large","max-video-preview":"max-video-preview:-1"},"canonical":"https:\/\/e-marineeducation.com\/tr\/basvuru-formu\/","og_locale":"tr_TR","og_type":"article","og_title":"Ba\u015fvuru Formu - e-MarineEducation.com","og_url":"https:\/\/e-marineeducation.com\/tr\/basvuru-formu\/","og_site_name":"e-MarineEducation.com","article_modified_time":"2016-07-21T21:45:43+00:00","twitter_card":"summary_large_image","schema":{"@context":"https:\/\/schema.org","@graph":[{"@type":"WebPage","@id":"https:\/\/e-marineeducation.com\/tr\/basvuru-formu\/","url":"https:\/\/e-marineeducation.com\/tr\/basvuru-formu\/","name":"Ba\u015fvuru Formu - e-MarineEducation.com","isPartOf":{"@id":"https:\/\/e-marineeducation.com\/tr\/#website"},"datePublished":"2012-03-12T00:46:07+00:00","dateModified":"2016-07-21T21:45:43+00:00","breadcrumb":{"@id":"https:\/\/e-marineeducation.com\/tr\/basvuru-formu\/#breadcrumb"},"inLanguage":"tr","potentialAction":[{"@type":"ReadAction","target":["https:\/\/e-marineeducation.com\/tr\/basvuru-formu\/"]}]},{"@type":"BreadcrumbList","@id":"https:\/\/e-marineeducation.com\/tr\/basvuru-formu\/#breadcrumb","itemListElement":[{"@type":"ListItem","position":1,"name":"Ana sayfa","item":"https:\/\/e-marineeducation.com\/tr\/"},{"@type":"ListItem","position":2,"name":"Ba\u015fvuru Formu"}]},{"@type":"WebSite","@id":"https:\/\/e-marineeducation.com\/tr\/#website","url":"https:\/\/e-marineeducation.com\/tr\/","name":"e-MarineEducation.com","description":"Denizcilik E\u011fitimine Yeni Bir Bak\u0131\u015f A\u00e7\u0131s\u0131","potentialAction":[{"@type":"SearchAction","target":{"@type":"EntryPoint","urlTemplate":"https:\/\/e-marineeducation.com\/tr\/?s={search_term_string}"},"query-input":{"@type":"PropertyValueSpecification","valueRequired":true,"valueName":"search_term_string"}}],"inLanguage":"tr"}]}},"_links":{"self":[{"href":"https:\/\/e-marineeducation.com\/tr\/wp-json\/wp\/v2\/pages\/4308","targetHints":{"allow":["GET"]}}],"collection":[{"href":"https:\/\/e-marineeducation.com\/tr\/wp-json\/wp\/v2\/pages"}],"about":[{"href":"https:\/\/e-marineeducation.com\/tr\/wp-json\/wp\/v2\/types\/page"}],"author":[{"embeddable":true,"href":"https:\/\/e-marineeducation.com\/tr\/wp-json\/wp\/v2\/users\/1"}],"replies":[{"embeddable":true,"href":"https:\/\/e-marineeducation.com\/tr\/wp-json\/wp\/v2\/comments?post=4308"}],"version-history":[{"count":0,"href":"https:\/\/e-marineeducation.com\/tr\/wp-json\/wp\/v2\/pages\/4308\/revisions"}],"wp:attachment":[{"href":"https:\/\/e-marineeducation.com\/tr\/wp-json\/wp\/v2\/media?parent=4308"}],"curies":[{"name":"wp","href":"https:\/\/api.w.org\/{rel}","templated":true}]}}