

{"id":3991,"date":"2012-02-17T18:29:27","date_gmt":"2012-02-17T16:29:27","guid":{"rendered":"https:\/\/e-marineeducation.com\/tr\/?page_id=3991"},"modified":"2012-08-27T00:13:33","modified_gmt":"2012-08-26T21:13:33","slug":"sadece-dizel-ana-makine-kullanilan-uygulamalar","status":"publish","type":"page","link":"https:\/\/e-marineeducation.com\/tr\/sadece-dizel-ana-makine-kullanilan-uygulamalar\/","title":{"rendered":"Sadece Dizel Ana Makine Kullan\u0131lan Uygulamalar"},"content":{"rendered":"<table style=\"width: 630px;\" border=\"0\">\n<tbody>\n<tr>\n<td width=\"264\" height=\"67\"><a href=\"https:\/\/e-marineeducation.com\/tr?wp_ct=179\" target=\"_blank\"><img loading=\"lazy\" decoding=\"async\" src=\"https:\/\/e-marineeducation.com\/tr\/wp-content\/uploads\/Aybars-Oru\u00e7-e-egitim.png\" alt=\"\" width=\"264\" height=\"65\" border=\"0\" \/><\/a><\/td>\n<td valign=\"middle\" width=\"246\" height=\"67\">\n<p align=\"right\"><strong>Ana Makineler<\/strong>\u00a0sayfas\u0131na, <span style=\"text-decoration: underline; color: #3366cc;\"><strong> <a href=\"https:\/\/e-marineeducation.com\/tr\/gemi-ana-makineleri\/\"><span style=\"color: #3366cc; text-decoration: underline;\">Geri D\u00f6n<\/span><\/a><\/strong><\/span><\/p>\n<\/td>\n<td width=\"80\" height=\"67\"><a href=\"https:\/\/e-marineeducation.com\/tr\/gemi-pervaneleri\/\"><img loading=\"lazy\" decoding=\"async\" src=\"https:\/\/e-marineeducation.com\/tr\/wp-content\/uploads\/geri-d\u00f6n.png\" alt=\"\" width=\"74\" height=\"65\" align=\"right\" border=\"0\" \/><\/a><\/td>\n<\/tr>\n<tr>\n<td colspan=\"3\" width=\"590\"><\/td>\n<\/tr>\n<\/tbody>\n<\/table>\n<p style=\"text-align: justify;\"><span style=\"text-align: justify;\">\u0130ki dizel makinesinin birle\u015fiminden meydana gelen sisteme Dizel ve Dizel Birle\u015fimi (Combined Diesel and Diesel (CODAD) ad\u0131 verilir. Bu sistemde her iki dizel ayn\u0131 anda \u00e7al\u0131\u015ft\u0131r\u0131labildi\u011fi gibi sadece tek bir dizel de \u00e7al\u0131\u015ft\u0131r\u0131labilir. \u0130ki dizel ayn\u0131 anda \u00e7al\u0131\u015ft\u0131r\u0131ld\u0131\u011f\u0131nda her ikisinin devir say\u0131s\u0131n\u0131n ayn\u0131 olmas\u0131 gerekmektedir. Aksi halde di\u015fliler zarar g\u00f6r\u00fcr.<\/span><\/p>\n<table style=\"height: 20px;\" border=\"0\">\n<tbody>\n<tr>\n<td><\/td>\n<\/tr>\n<\/tbody>\n<\/table>\n<figure style=\"width: 600px\" class=\"wp-caption aligncenter\"><img loading=\"lazy\" decoding=\"async\" class=\"size-full wp-image-3917 \" title=\"Dizel ve Dizel Birle\u015fimi\" src=\"https:\/\/e-marineeducation.com\/tr\/wp-content\/uploads\/Dizel-ve-Dizel-Birle\u015fimi.png\" alt=\"\" width=\"600\" height=\"311\" srcset=\"https:\/\/e-marineeducation.com\/tr\/wp-content\/uploads\/Dizel-ve-Dizel-Birle\u015fimi.png 600w, https:\/\/e-marineeducation.com\/tr\/wp-content\/uploads\/Dizel-ve-Dizel-Birle\u015fimi-150x77.png 150w, https:\/\/e-marineeducation.com\/tr\/wp-content\/uploads\/Dizel-ve-Dizel-Birle\u015fimi-300x155.png 300w\" sizes=\"auto, (max-width: 600px) 100vw, 600px\" \/><figcaption class=\"wp-caption-text\">Dizel ve Dizel Birle\u015fimi (CODAD)<\/figcaption><\/figure>\n<table style=\"height: 20px;\" border=\"0\">\n<tbody>\n<tr>\n<td><\/td>\n<\/tr>\n<\/tbody>\n<\/table>\n<p style=\"text-align: justify;\">Sadece dizel makinelerle olu\u015fturulmu\u015f farkl\u0131 kombinasyonlar da mevcuttur. Bunlar a\u015fa\u011f\u0131daki resimlerde ifade edilmeye \u00e7al\u0131\u015f\u0131lm\u0131\u015ft\u0131r.<\/p>\n<table style=\"height: 20px;\" border=\"0\">\n<tbody>\n<tr>\n<td><\/td>\n<\/tr>\n<\/tbody>\n<\/table>\n<figure style=\"width: 600px\" class=\"wp-caption aligncenter\"><img loading=\"lazy\" decoding=\"async\" class=\"size-full wp-image-3918 \" title=\"\u0130ki Dizel - \u0130ki Pervane\" src=\"https:\/\/e-marineeducation.com\/tr\/wp-content\/uploads\/\u0130ki-Dizel-\u0130ki-Pervane.png\" alt=\"\" width=\"600\" height=\"446\" srcset=\"https:\/\/e-marineeducation.com\/tr\/wp-content\/uploads\/\u0130ki-Dizel-\u0130ki-Pervane.png 600w, https:\/\/e-marineeducation.com\/tr\/wp-content\/uploads\/\u0130ki-Dizel-\u0130ki-Pervane-150x111.png 150w, https:\/\/e-marineeducation.com\/tr\/wp-content\/uploads\/\u0130ki-Dizel-\u0130ki-Pervane-300x223.png 300w\" sizes=\"auto, (max-width: 600px) 100vw, 600px\" \/><figcaption class=\"wp-caption-text\">\u0130ki Dizel &#8211; \u0130ki Pervane<\/figcaption><\/figure>\n<table style=\"height: 20px;\" border=\"0\">\n<tbody>\n<tr>\n<td><\/td>\n<\/tr>\n<\/tbody>\n<\/table>\n<figure style=\"width: 600px\" class=\"wp-caption aligncenter\"><img loading=\"lazy\" decoding=\"async\" class=\"size-full wp-image-3919 \" title=\"\u00dc\u00e7 Dizel - Bir Pervane\" src=\"https:\/\/e-marineeducation.com\/tr\/wp-content\/uploads\/\u00dc\u00e7-Dizel-Bir-Pervane.png\" alt=\"\" width=\"600\" height=\"386\" srcset=\"https:\/\/e-marineeducation.com\/tr\/wp-content\/uploads\/\u00dc\u00e7-Dizel-Bir-Pervane.png 600w, https:\/\/e-marineeducation.com\/tr\/wp-content\/uploads\/\u00dc\u00e7-Dizel-Bir-Pervane-150x96.png 150w, https:\/\/e-marineeducation.com\/tr\/wp-content\/uploads\/\u00dc\u00e7-Dizel-Bir-Pervane-300x193.png 300w\" sizes=\"auto, (max-width: 600px) 100vw, 600px\" \/><figcaption class=\"wp-caption-text\">\u00dc\u00e7 Dizel &#8211; Bir Pervane<\/figcaption><\/figure>\n<table style=\"height: 20px;\" border=\"0\">\n<tbody>\n<tr>\n<td><\/td>\n<\/tr>\n<\/tbody>\n<\/table>\n<figure style=\"width: 600px\" class=\"wp-caption aligncenter\"><img loading=\"lazy\" decoding=\"async\" class=\"size-full wp-image-3920 \" title=\"\u00dc\u00e7 Dizel - \u00dc\u00e7 Pervane\" src=\"https:\/\/e-marineeducation.com\/tr\/wp-content\/uploads\/\u00dc\u00e7-Dizel-\u00dc\u00e7-Pervane.png\" alt=\"\" width=\"600\" height=\"463\" srcset=\"https:\/\/e-marineeducation.com\/tr\/wp-content\/uploads\/\u00dc\u00e7-Dizel-\u00dc\u00e7-Pervane.png 600w, https:\/\/e-marineeducation.com\/tr\/wp-content\/uploads\/\u00dc\u00e7-Dizel-\u00dc\u00e7-Pervane-150x115.png 150w, https:\/\/e-marineeducation.com\/tr\/wp-content\/uploads\/\u00dc\u00e7-Dizel-\u00dc\u00e7-Pervane-300x231.png 300w\" sizes=\"auto, (max-width: 600px) 100vw, 600px\" \/><figcaption class=\"wp-caption-text\">\u00dc\u00e7 Dizel &#8211; \u00dc\u00e7 Pervane<\/figcaption><\/figure>\n<table style=\"height: 20px;\" border=\"0\">\n<tbody>\n<tr>\n<td><\/td>\n<\/tr>\n<\/tbody>\n<\/table>\n<figure style=\"width: 600px\" class=\"wp-caption aligncenter\"><img loading=\"lazy\" decoding=\"async\" class=\"size-full wp-image-3921 \" title=\"D\u00f6rt Dizel - Bir Pervane\" src=\"https:\/\/e-marineeducation.com\/tr\/wp-content\/uploads\/D\u00f6rt-Dizel-Bir-Pervane.png\" alt=\"\" width=\"600\" height=\"357\" srcset=\"https:\/\/e-marineeducation.com\/tr\/wp-content\/uploads\/D\u00f6rt-Dizel-Bir-Pervane.png 600w, https:\/\/e-marineeducation.com\/tr\/wp-content\/uploads\/D\u00f6rt-Dizel-Bir-Pervane-150x89.png 150w, https:\/\/e-marineeducation.com\/tr\/wp-content\/uploads\/D\u00f6rt-Dizel-Bir-Pervane-300x178.png 300w\" sizes=\"auto, (max-width: 600px) 100vw, 600px\" \/><figcaption class=\"wp-caption-text\">D\u00f6rt Dizel &#8211; Bir Pervane<\/figcaption><\/figure>\n<table style=\"height: 20px;\" border=\"0\">\n<tbody>\n<tr>\n<td><\/td>\n<\/tr>\n<\/tbody>\n<\/table>\n<figure id=\"attachment_3995\" aria-describedby=\"caption-attachment-3995\" style=\"width: 600px\" class=\"wp-caption aligncenter\"><img loading=\"lazy\" decoding=\"async\" class=\"size-full wp-image-3995\" title=\"D\u00f6rt Dizel - \u0130ki Pervane\" src=\"https:\/\/e-marineeducation.com\/tr\/wp-content\/uploads\/D\u00f6rt-Dizel-\u0130ki-Pervane1.png\" alt=\"\" width=\"600\" height=\"434\" srcset=\"https:\/\/e-marineeducation.com\/tr\/wp-content\/uploads\/D\u00f6rt-Dizel-\u0130ki-Pervane1.png 600w, https:\/\/e-marineeducation.com\/tr\/wp-content\/uploads\/D\u00f6rt-Dizel-\u0130ki-Pervane1-150x108.png 150w, https:\/\/e-marineeducation.com\/tr\/wp-content\/uploads\/D\u00f6rt-Dizel-\u0130ki-Pervane1-300x217.png 300w\" sizes=\"auto, (max-width: 600px) 100vw, 600px\" \/><figcaption id=\"caption-attachment-3995\" class=\"wp-caption-text\">D\u00f6rt Dizel &#8211; \u0130ki Pervane<\/figcaption><\/figure>\n","protected":false},"excerpt":{"rendered":"<p>Ana Makineler\u00a0sayfas\u0131na, Geri D\u00f6n \u0130ki dizel makinesinin birle\u015fiminden meydana gelen sisteme Dizel ve Dizel Birle\u015fimi (Combined Diesel and Diesel (CODAD) ad\u0131 verilir. Bu sistemde her iki dizel ayn\u0131 anda \u00e7al\u0131\u015ft\u0131r\u0131labildi\u011fi gibi sadece tek bir dizel de \u00e7al\u0131\u015ft\u0131r\u0131labilir. \u0130ki dizel ayn\u0131 anda \u00e7al\u0131\u015ft\u0131r\u0131ld\u0131\u011f\u0131nda her ikisinin devir say\u0131s\u0131n\u0131n ayn\u0131 olmas\u0131 gerekmektedir. Aksi halde di\u015fliler zarar g\u00f6r\u00fcr. Sadece &hellip;<\/p>\n","protected":false},"author":1,"featured_media":3996,"parent":0,"menu_order":0,"comment_status":"open","ping_status":"open","template":"","meta":{"_acf_changed":false,"_bbp_topic_count":0,"_bbp_reply_count":0,"_bbp_total_topic_count":0,"_bbp_total_reply_count":0,"_bbp_voice_count":0,"_bbp_anonymous_reply_count":0,"_bbp_topic_count_hidden":0,"_bbp_reply_count_hidden":0,"_bbp_forum_subforum_count":0,"footnotes":""},"class_list":["post-3991","page","type-page","status-publish","has-post-thumbnail",""],"acf":[],"yoast_head":"<!-- This site is optimized with the Yoast SEO plugin v27.4 - https:\/\/yoast.com\/product\/yoast-seo-wordpress\/ -->\n<title>Sadece Dizel Ana Makine Kullan\u0131lan Uygulamalar - e-MarineEducation.com<\/title>\n<meta name=\"description\" content=\"Gemilerdeki dizel ana makine uygulamalar\u0131n\u0131n anlat\u0131ld\u0131\u011f\u0131 yaz\u0131d\u0131r.\" \/>\n<meta name=\"robots\" content=\"index, follow, max-snippet:-1, max-image-preview:large, max-video-preview:-1\" \/>\n<link rel=\"canonical\" href=\"https:\/\/e-marineeducation.com\/tr\/sadece-dizel-ana-makine-kullanilan-uygulamalar\/\" \/>\n<meta property=\"og:locale\" content=\"tr_TR\" \/>\n<meta property=\"og:type\" content=\"article\" \/>\n<meta property=\"og:title\" content=\"Sadece Dizel Ana Makine Kullan\u0131lan Uygulamalar - e-MarineEducation.com\" \/>\n<meta property=\"og:description\" content=\"Gemilerdeki dizel ana makine uygulamalar\u0131n\u0131n anlat\u0131ld\u0131\u011f\u0131 yaz\u0131d\u0131r.\" \/>\n<meta property=\"og:url\" content=\"https:\/\/e-marineeducation.com\/tr\/sadece-dizel-ana-makine-kullanilan-uygulamalar\/\" \/>\n<meta property=\"og:site_name\" content=\"e-MarineEducation.com\" \/>\n<meta property=\"article:modified_time\" content=\"2012-08-26T21:13:33+00:00\" \/>\n<meta property=\"og:image\" content=\"https:\/\/e-marineeducation.com\/tr\/wp-content\/uploads\/Dizel-ve-Dizel-Birle\u015fimi-Simge.png\" \/>\n\t<meta property=\"og:image:width\" content=\"74\" \/>\n\t<meta property=\"og:image:height\" content=\"74\" \/>\n\t<meta property=\"og:image:type\" content=\"image\/png\" \/>\n<meta name=\"twitter:card\" content=\"summary_large_image\" \/>\n<meta name=\"twitter:label1\" content=\"Tahmini okuma s\u00fcresi\" \/>\n\t<meta name=\"twitter:data1\" content=\"1 dakika\" \/>\n<script type=\"application\/ld+json\" class=\"yoast-schema-graph\">{\"@context\":\"https:\\\/\\\/schema.org\",\"@graph\":[{\"@type\":\"WebPage\",\"@id\":\"https:\\\/\\\/e-marineeducation.com\\\/tr\\\/sadece-dizel-ana-makine-kullanilan-uygulamalar\\\/\",\"url\":\"https:\\\/\\\/e-marineeducation.com\\\/tr\\\/sadece-dizel-ana-makine-kullanilan-uygulamalar\\\/\",\"name\":\"Sadece Dizel Ana Makine Kullan\u0131lan Uygulamalar - e-MarineEducation.com\",\"isPartOf\":{\"@id\":\"https:\\\/\\\/e-marineeducation.com\\\/tr\\\/#website\"},\"primaryImageOfPage\":{\"@id\":\"https:\\\/\\\/e-marineeducation.com\\\/tr\\\/sadece-dizel-ana-makine-kullanilan-uygulamalar\\\/#primaryimage\"},\"image\":{\"@id\":\"https:\\\/\\\/e-marineeducation.com\\\/tr\\\/sadece-dizel-ana-makine-kullanilan-uygulamalar\\\/#primaryimage\"},\"thumbnailUrl\":\"https:\\\/\\\/e-marineeducation.com\\\/tr\\\/wp-content\\\/uploads\\\/Dizel-ve-Dizel-Birle\u015fimi-Simge.png\",\"datePublished\":\"2012-02-17T16:29:27+00:00\",\"dateModified\":\"2012-08-26T21:13:33+00:00\",\"description\":\"Gemilerdeki dizel ana makine uygulamalar\u0131n\u0131n anlat\u0131ld\u0131\u011f\u0131 yaz\u0131d\u0131r.\",\"breadcrumb\":{\"@id\":\"https:\\\/\\\/e-marineeducation.com\\\/tr\\\/sadece-dizel-ana-makine-kullanilan-uygulamalar\\\/#breadcrumb\"},\"inLanguage\":\"tr\",\"potentialAction\":[{\"@type\":\"ReadAction\",\"target\":[\"https:\\\/\\\/e-marineeducation.com\\\/tr\\\/sadece-dizel-ana-makine-kullanilan-uygulamalar\\\/\"]}]},{\"@type\":\"ImageObject\",\"inLanguage\":\"tr\",\"@id\":\"https:\\\/\\\/e-marineeducation.com\\\/tr\\\/sadece-dizel-ana-makine-kullanilan-uygulamalar\\\/#primaryimage\",\"url\":\"https:\\\/\\\/e-marineeducation.com\\\/tr\\\/wp-content\\\/uploads\\\/Dizel-ve-Dizel-Birle\u015fimi-Simge.png\",\"contentUrl\":\"https:\\\/\\\/e-marineeducation.com\\\/tr\\\/wp-content\\\/uploads\\\/Dizel-ve-Dizel-Birle\u015fimi-Simge.png\",\"width\":\"74\",\"height\":\"74\"},{\"@type\":\"BreadcrumbList\",\"@id\":\"https:\\\/\\\/e-marineeducation.com\\\/tr\\\/sadece-dizel-ana-makine-kullanilan-uygulamalar\\\/#breadcrumb\",\"itemListElement\":[{\"@type\":\"ListItem\",\"position\":1,\"name\":\"Ana sayfa\",\"item\":\"https:\\\/\\\/e-marineeducation.com\\\/tr\\\/\"},{\"@type\":\"ListItem\",\"position\":2,\"name\":\"Sadece Dizel Ana Makine Kullan\u0131lan Uygulamalar\"}]},{\"@type\":\"WebSite\",\"@id\":\"https:\\\/\\\/e-marineeducation.com\\\/tr\\\/#website\",\"url\":\"https:\\\/\\\/e-marineeducation.com\\\/tr\\\/\",\"name\":\"e-MarineEducation.com\",\"description\":\"Denizcilik E\u011fitimine Yeni Bir Bak\u0131\u015f A\u00e7\u0131s\u0131\",\"potentialAction\":[{\"@type\":\"SearchAction\",\"target\":{\"@type\":\"EntryPoint\",\"urlTemplate\":\"https:\\\/\\\/e-marineeducation.com\\\/tr\\\/?s={search_term_string}\"},\"query-input\":{\"@type\":\"PropertyValueSpecification\",\"valueRequired\":true,\"valueName\":\"search_term_string\"}}],\"inLanguage\":\"tr\"}]}<\/script>\n<!-- \/ Yoast SEO plugin. -->","yoast_head_json":{"title":"Sadece Dizel Ana Makine Kullan\u0131lan Uygulamalar - e-MarineEducation.com","description":"Gemilerdeki dizel ana makine uygulamalar\u0131n\u0131n anlat\u0131ld\u0131\u011f\u0131 yaz\u0131d\u0131r.","robots":{"index":"index","follow":"follow","max-snippet":"max-snippet:-1","max-image-preview":"max-image-preview:large","max-video-preview":"max-video-preview:-1"},"canonical":"https:\/\/e-marineeducation.com\/tr\/sadece-dizel-ana-makine-kullanilan-uygulamalar\/","og_locale":"tr_TR","og_type":"article","og_title":"Sadece Dizel Ana Makine Kullan\u0131lan Uygulamalar - e-MarineEducation.com","og_description":"Gemilerdeki dizel ana makine uygulamalar\u0131n\u0131n anlat\u0131ld\u0131\u011f\u0131 yaz\u0131d\u0131r.","og_url":"https:\/\/e-marineeducation.com\/tr\/sadece-dizel-ana-makine-kullanilan-uygulamalar\/","og_site_name":"e-MarineEducation.com","article_modified_time":"2012-08-26T21:13:33+00:00","og_image":[{"width":74,"height":74,"url":"https:\/\/e-marineeducation.com\/tr\/wp-content\/uploads\/Dizel-ve-Dizel-Birle\u015fimi-Simge.png","type":"image\/png"}],"twitter_card":"summary_large_image","twitter_misc":{"Tahmini okuma s\u00fcresi":"1 dakika"},"schema":{"@context":"https:\/\/schema.org","@graph":[{"@type":"WebPage","@id":"https:\/\/e-marineeducation.com\/tr\/sadece-dizel-ana-makine-kullanilan-uygulamalar\/","url":"https:\/\/e-marineeducation.com\/tr\/sadece-dizel-ana-makine-kullanilan-uygulamalar\/","name":"Sadece Dizel Ana Makine Kullan\u0131lan Uygulamalar - e-MarineEducation.com","isPartOf":{"@id":"https:\/\/e-marineeducation.com\/tr\/#website"},"primaryImageOfPage":{"@id":"https:\/\/e-marineeducation.com\/tr\/sadece-dizel-ana-makine-kullanilan-uygulamalar\/#primaryimage"},"image":{"@id":"https:\/\/e-marineeducation.com\/tr\/sadece-dizel-ana-makine-kullanilan-uygulamalar\/#primaryimage"},"thumbnailUrl":"https:\/\/e-marineeducation.com\/tr\/wp-content\/uploads\/Dizel-ve-Dizel-Birle\u015fimi-Simge.png","datePublished":"2012-02-17T16:29:27+00:00","dateModified":"2012-08-26T21:13:33+00:00","description":"Gemilerdeki dizel ana makine uygulamalar\u0131n\u0131n anlat\u0131ld\u0131\u011f\u0131 yaz\u0131d\u0131r.","breadcrumb":{"@id":"https:\/\/e-marineeducation.com\/tr\/sadece-dizel-ana-makine-kullanilan-uygulamalar\/#breadcrumb"},"inLanguage":"tr","potentialAction":[{"@type":"ReadAction","target":["https:\/\/e-marineeducation.com\/tr\/sadece-dizel-ana-makine-kullanilan-uygulamalar\/"]}]},{"@type":"ImageObject","inLanguage":"tr","@id":"https:\/\/e-marineeducation.com\/tr\/sadece-dizel-ana-makine-kullanilan-uygulamalar\/#primaryimage","url":"https:\/\/e-marineeducation.com\/tr\/wp-content\/uploads\/Dizel-ve-Dizel-Birle\u015fimi-Simge.png","contentUrl":"https:\/\/e-marineeducation.com\/tr\/wp-content\/uploads\/Dizel-ve-Dizel-Birle\u015fimi-Simge.png","width":"74","height":"74"},{"@type":"BreadcrumbList","@id":"https:\/\/e-marineeducation.com\/tr\/sadece-dizel-ana-makine-kullanilan-uygulamalar\/#breadcrumb","itemListElement":[{"@type":"ListItem","position":1,"name":"Ana sayfa","item":"https:\/\/e-marineeducation.com\/tr\/"},{"@type":"ListItem","position":2,"name":"Sadece Dizel Ana Makine Kullan\u0131lan Uygulamalar"}]},{"@type":"WebSite","@id":"https:\/\/e-marineeducation.com\/tr\/#website","url":"https:\/\/e-marineeducation.com\/tr\/","name":"e-MarineEducation.com","description":"Denizcilik E\u011fitimine Yeni Bir Bak\u0131\u015f A\u00e7\u0131s\u0131","potentialAction":[{"@type":"SearchAction","target":{"@type":"EntryPoint","urlTemplate":"https:\/\/e-marineeducation.com\/tr\/?s={search_term_string}"},"query-input":{"@type":"PropertyValueSpecification","valueRequired":true,"valueName":"search_term_string"}}],"inLanguage":"tr"}]}},"_links":{"self":[{"href":"https:\/\/e-marineeducation.com\/tr\/wp-json\/wp\/v2\/pages\/3991","targetHints":{"allow":["GET"]}}],"collection":[{"href":"https:\/\/e-marineeducation.com\/tr\/wp-json\/wp\/v2\/pages"}],"about":[{"href":"https:\/\/e-marineeducation.com\/tr\/wp-json\/wp\/v2\/types\/page"}],"author":[{"embeddable":true,"href":"https:\/\/e-marineeducation.com\/tr\/wp-json\/wp\/v2\/users\/1"}],"replies":[{"embeddable":true,"href":"https:\/\/e-marineeducation.com\/tr\/wp-json\/wp\/v2\/comments?post=3991"}],"version-history":[{"count":0,"href":"https:\/\/e-marineeducation.com\/tr\/wp-json\/wp\/v2\/pages\/3991\/revisions"}],"wp:featuredmedia":[{"embeddable":true,"href":"https:\/\/e-marineeducation.com\/tr\/wp-json\/wp\/v2\/media\/3996"}],"wp:attachment":[{"href":"https:\/\/e-marineeducation.com\/tr\/wp-json\/wp\/v2\/media?parent=3991"}],"curies":[{"name":"wp","href":"https:\/\/api.w.org\/{rel}","templated":true}]}}