

{"id":3981,"date":"2012-02-17T17:24:59","date_gmt":"2012-02-17T15:24:59","guid":{"rendered":"https:\/\/e-marineeducation.com\/tr\/?page_id=3981"},"modified":"2012-08-27T00:11:27","modified_gmt":"2012-08-26T21:11:27","slug":"dizel-elektrik-birlesimi-combined-diesel-electric-propulsion","status":"publish","type":"page","link":"https:\/\/e-marineeducation.com\/tr\/dizel-elektrik-birlesimi-combined-diesel-electric-propulsion\/","title":{"rendered":"Dizel-Elektrik Birle\u015fimi \/ Combined Diesel-Electric Propulsion"},"content":{"rendered":"<table style=\"width: 630px;\" border=\"0\">\n<tbody>\n<tr>\n<td width=\"264\" height=\"67\"><a href=\"https:\/\/e-marineeducation.com\/tr?wp_ct=179\" target=\"_blank\"><img loading=\"lazy\" decoding=\"async\" src=\"https:\/\/e-marineeducation.com\/tr\/wp-content\/uploads\/Aybars-Oru\u00e7-e-egitim.png\" alt=\"\" width=\"264\" height=\"65\" border=\"0\" \/><\/a><\/td>\n<td valign=\"middle\" width=\"246\" height=\"67\">\n<p align=\"right\"><strong>Ana Makineler<\/strong>\u00a0sayfas\u0131na, <span style=\"text-decoration: underline; color: #3366cc;\"><strong> <a href=\"https:\/\/e-marineeducation.com\/tr\/gemi-ana-makineleri\/\"><span style=\"color: #3366cc; text-decoration: underline;\">Geri D\u00f6n<\/span><\/a><\/strong><\/span><\/p>\n<\/td>\n<td width=\"80\" height=\"67\"><a href=\"https:\/\/e-marineeducation.com\/tr\/gemi-pervaneleri\/\"><img loading=\"lazy\" decoding=\"async\" src=\"https:\/\/e-marineeducation.com\/tr\/wp-content\/uploads\/geri-d\u00f6n.png\" alt=\"\" width=\"74\" height=\"65\" align=\"right\" border=\"0\" \/><\/a><\/td>\n<\/tr>\n<tr>\n<td colspan=\"3\" width=\"590\"><\/td>\n<\/tr>\n<\/tbody>\n<\/table>\n<p style=\"text-align: justify;\"><span style=\"text-align: justify;\">CODLAG&#8217;tan tek fark\u0131 bir gaz t\u00fcrbininin sistemde yer almamas\u0131d\u0131r. Dolay\u0131s\u0131 ile kurulum maliyeti daha ucuz ve sistem daha basittir. Ayr\u0131ca sistemde yer almamas\u0131 sebebi ile gaz t\u00fcrbininin bak\u0131m\u0131na da gerek yoktur. \u00c7ok y\u00fcksek h\u0131z gerekmedi\u011finde bu sistem de kullan\u0131labilir.<\/span><\/p>\n<table style=\"height: 20px;\" border=\"0\">\n<tbody>\n<tr>\n<td><\/td>\n<\/tr>\n<\/tbody>\n<\/table>\n<figure id=\"attachment_3916\" aria-describedby=\"caption-attachment-3916\" style=\"width: 600px\" class=\"wp-caption aligncenter\"><img loading=\"lazy\" decoding=\"async\" class=\"size-full wp-image-3916 \" title=\"Dizel-Elektrik Tahrik Sistemi\" src=\"https:\/\/e-marineeducation.com\/tr\/wp-content\/uploads\/Dizel-Elektrik-Tahrik-Sistemi.png\" alt=\"\" width=\"600\" height=\"395\" srcset=\"https:\/\/e-marineeducation.com\/tr\/wp-content\/uploads\/Dizel-Elektrik-Tahrik-Sistemi.png 600w, https:\/\/e-marineeducation.com\/tr\/wp-content\/uploads\/Dizel-Elektrik-Tahrik-Sistemi-150x98.png 150w, https:\/\/e-marineeducation.com\/tr\/wp-content\/uploads\/Dizel-Elektrik-Tahrik-Sistemi-300x197.png 300w\" sizes=\"auto, (max-width: 600px) 100vw, 600px\" \/><figcaption id=\"caption-attachment-3916\" class=\"wp-caption-text\">Dizel-Elektrik Tahrik Sistemi<\/figcaption><\/figure>\n","protected":false},"excerpt":{"rendered":"<p>Ana Makineler\u00a0sayfas\u0131na, Geri D\u00f6n CODLAG&#8217;tan tek fark\u0131 bir gaz t\u00fcrbininin sistemde yer almamas\u0131d\u0131r. Dolay\u0131s\u0131 ile kurulum maliyeti daha ucuz ve sistem daha basittir. Ayr\u0131ca sistemde yer almamas\u0131 sebebi ile gaz t\u00fcrbininin bak\u0131m\u0131na da gerek yoktur. \u00c7ok y\u00fcksek h\u0131z gerekmedi\u011finde bu sistem de kullan\u0131labilir.<\/p>\n","protected":false},"author":1,"featured_media":3984,"parent":0,"menu_order":0,"comment_status":"open","ping_status":"open","template":"","meta":{"_acf_changed":false,"_bbp_topic_count":0,"_bbp_reply_count":0,"_bbp_total_topic_count":0,"_bbp_total_reply_count":0,"_bbp_voice_count":0,"_bbp_anonymous_reply_count":0,"_bbp_topic_count_hidden":0,"_bbp_reply_count_hidden":0,"_bbp_forum_subforum_count":0,"footnotes":""},"class_list":["post-3981","page","type-page","status-publish","has-post-thumbnail",""],"acf":[],"yoast_head":"<!-- This site is optimized with the Yoast SEO plugin v27.2 - https:\/\/yoast.com\/product\/yoast-seo-wordpress\/ -->\n<title>Dizel-Elektrik Birle\u015fimi \/ Combined Diesel-Electric Propulsion - e-MarineEducation.com<\/title>\n<meta name=\"description\" content=\"Gemi dizel ana makine uygulamalar\u0131ndan Dizel-Elektrik birle\u015fimi uygulamas\u0131n\u0131n a\u00e7\u0131kland\u0131\u011f\u0131 sayfad\u0131r.\" \/>\n<meta name=\"robots\" content=\"index, follow, max-snippet:-1, max-image-preview:large, max-video-preview:-1\" \/>\n<link rel=\"canonical\" href=\"https:\/\/e-marineeducation.com\/tr\/dizel-elektrik-birlesimi-combined-diesel-electric-propulsion\/\" \/>\n<meta property=\"og:locale\" content=\"tr_TR\" \/>\n<meta property=\"og:type\" content=\"article\" \/>\n<meta property=\"og:title\" content=\"Dizel-Elektrik Birle\u015fimi \/ Combined Diesel-Electric Propulsion - e-MarineEducation.com\" \/>\n<meta property=\"og:description\" content=\"Gemi dizel ana makine uygulamalar\u0131ndan Dizel-Elektrik birle\u015fimi uygulamas\u0131n\u0131n a\u00e7\u0131kland\u0131\u011f\u0131 sayfad\u0131r.\" \/>\n<meta property=\"og:url\" content=\"https:\/\/e-marineeducation.com\/tr\/dizel-elektrik-birlesimi-combined-diesel-electric-propulsion\/\" \/>\n<meta property=\"og:site_name\" content=\"e-MarineEducation.com\" \/>\n<meta property=\"article:modified_time\" content=\"2012-08-26T21:11:27+00:00\" \/>\n<meta property=\"og:image\" content=\"https:\/\/e-marineeducation.com\/tr\/wp-content\/uploads\/Dizel-Elektrik-Tahrik-Sistemi-simge.png\" \/>\n\t<meta property=\"og:image:width\" content=\"74\" \/>\n\t<meta property=\"og:image:height\" content=\"74\" \/>\n\t<meta property=\"og:image:type\" content=\"image\/png\" \/>\n<meta name=\"twitter:card\" content=\"summary_large_image\" \/>\n<script type=\"application\/ld+json\" class=\"yoast-schema-graph\">{\"@context\":\"https:\/\/schema.org\",\"@graph\":[{\"@type\":\"WebPage\",\"@id\":\"https:\/\/e-marineeducation.com\/tr\/dizel-elektrik-birlesimi-combined-diesel-electric-propulsion\/\",\"url\":\"https:\/\/e-marineeducation.com\/tr\/dizel-elektrik-birlesimi-combined-diesel-electric-propulsion\/\",\"name\":\"Dizel-Elektrik Birle\u015fimi \/ Combined Diesel-Electric Propulsion - e-MarineEducation.com\",\"isPartOf\":{\"@id\":\"https:\/\/e-marineeducation.com\/tr\/#website\"},\"primaryImageOfPage\":{\"@id\":\"https:\/\/e-marineeducation.com\/tr\/dizel-elektrik-birlesimi-combined-diesel-electric-propulsion\/#primaryimage\"},\"image\":{\"@id\":\"https:\/\/e-marineeducation.com\/tr\/dizel-elektrik-birlesimi-combined-diesel-electric-propulsion\/#primaryimage\"},\"thumbnailUrl\":\"https:\/\/e-marineeducation.com\/tr\/wp-content\/uploads\/Dizel-Elektrik-Tahrik-Sistemi-simge.png\",\"datePublished\":\"2012-02-17T15:24:59+00:00\",\"dateModified\":\"2012-08-26T21:11:27+00:00\",\"description\":\"Gemi dizel ana makine uygulamalar\u0131ndan Dizel-Elektrik birle\u015fimi uygulamas\u0131n\u0131n a\u00e7\u0131kland\u0131\u011f\u0131 sayfad\u0131r.\",\"breadcrumb\":{\"@id\":\"https:\/\/e-marineeducation.com\/tr\/dizel-elektrik-birlesimi-combined-diesel-electric-propulsion\/#breadcrumb\"},\"inLanguage\":\"tr\",\"potentialAction\":[{\"@type\":\"ReadAction\",\"target\":[\"https:\/\/e-marineeducation.com\/tr\/dizel-elektrik-birlesimi-combined-diesel-electric-propulsion\/\"]}]},{\"@type\":\"ImageObject\",\"inLanguage\":\"tr\",\"@id\":\"https:\/\/e-marineeducation.com\/tr\/dizel-elektrik-birlesimi-combined-diesel-electric-propulsion\/#primaryimage\",\"url\":\"https:\/\/e-marineeducation.com\/tr\/wp-content\/uploads\/Dizel-Elektrik-Tahrik-Sistemi-simge.png\",\"contentUrl\":\"https:\/\/e-marineeducation.com\/tr\/wp-content\/uploads\/Dizel-Elektrik-Tahrik-Sistemi-simge.png\",\"width\":\"74\",\"height\":\"74\"},{\"@type\":\"BreadcrumbList\",\"@id\":\"https:\/\/e-marineeducation.com\/tr\/dizel-elektrik-birlesimi-combined-diesel-electric-propulsion\/#breadcrumb\",\"itemListElement\":[{\"@type\":\"ListItem\",\"position\":1,\"name\":\"Ana sayfa\",\"item\":\"https:\/\/e-marineeducation.com\/tr\/\"},{\"@type\":\"ListItem\",\"position\":2,\"name\":\"Dizel-Elektrik Birle\u015fimi \/ Combined Diesel-Electric Propulsion\"}]},{\"@type\":\"WebSite\",\"@id\":\"https:\/\/e-marineeducation.com\/tr\/#website\",\"url\":\"https:\/\/e-marineeducation.com\/tr\/\",\"name\":\"e-MarineEducation.com\",\"description\":\"Denizcilik E\u011fitimine Yeni Bir Bak\u0131\u015f A\u00e7\u0131s\u0131\",\"potentialAction\":[{\"@type\":\"SearchAction\",\"target\":{\"@type\":\"EntryPoint\",\"urlTemplate\":\"https:\/\/e-marineeducation.com\/tr\/?s={search_term_string}\"},\"query-input\":{\"@type\":\"PropertyValueSpecification\",\"valueRequired\":true,\"valueName\":\"search_term_string\"}}],\"inLanguage\":\"tr\"}]}<\/script>\n<!-- \/ Yoast SEO plugin. -->","yoast_head_json":{"title":"Dizel-Elektrik Birle\u015fimi \/ Combined Diesel-Electric Propulsion - e-MarineEducation.com","description":"Gemi dizel ana makine uygulamalar\u0131ndan Dizel-Elektrik birle\u015fimi uygulamas\u0131n\u0131n a\u00e7\u0131kland\u0131\u011f\u0131 sayfad\u0131r.","robots":{"index":"index","follow":"follow","max-snippet":"max-snippet:-1","max-image-preview":"max-image-preview:large","max-video-preview":"max-video-preview:-1"},"canonical":"https:\/\/e-marineeducation.com\/tr\/dizel-elektrik-birlesimi-combined-diesel-electric-propulsion\/","og_locale":"tr_TR","og_type":"article","og_title":"Dizel-Elektrik Birle\u015fimi \/ Combined Diesel-Electric Propulsion - e-MarineEducation.com","og_description":"Gemi dizel ana makine uygulamalar\u0131ndan Dizel-Elektrik birle\u015fimi uygulamas\u0131n\u0131n a\u00e7\u0131kland\u0131\u011f\u0131 sayfad\u0131r.","og_url":"https:\/\/e-marineeducation.com\/tr\/dizel-elektrik-birlesimi-combined-diesel-electric-propulsion\/","og_site_name":"e-MarineEducation.com","article_modified_time":"2012-08-26T21:11:27+00:00","og_image":[{"width":74,"height":74,"url":"https:\/\/e-marineeducation.com\/tr\/wp-content\/uploads\/Dizel-Elektrik-Tahrik-Sistemi-simge.png","type":"image\/png"}],"twitter_card":"summary_large_image","schema":{"@context":"https:\/\/schema.org","@graph":[{"@type":"WebPage","@id":"https:\/\/e-marineeducation.com\/tr\/dizel-elektrik-birlesimi-combined-diesel-electric-propulsion\/","url":"https:\/\/e-marineeducation.com\/tr\/dizel-elektrik-birlesimi-combined-diesel-electric-propulsion\/","name":"Dizel-Elektrik Birle\u015fimi \/ Combined Diesel-Electric Propulsion - e-MarineEducation.com","isPartOf":{"@id":"https:\/\/e-marineeducation.com\/tr\/#website"},"primaryImageOfPage":{"@id":"https:\/\/e-marineeducation.com\/tr\/dizel-elektrik-birlesimi-combined-diesel-electric-propulsion\/#primaryimage"},"image":{"@id":"https:\/\/e-marineeducation.com\/tr\/dizel-elektrik-birlesimi-combined-diesel-electric-propulsion\/#primaryimage"},"thumbnailUrl":"https:\/\/e-marineeducation.com\/tr\/wp-content\/uploads\/Dizel-Elektrik-Tahrik-Sistemi-simge.png","datePublished":"2012-02-17T15:24:59+00:00","dateModified":"2012-08-26T21:11:27+00:00","description":"Gemi dizel ana makine uygulamalar\u0131ndan Dizel-Elektrik birle\u015fimi uygulamas\u0131n\u0131n a\u00e7\u0131kland\u0131\u011f\u0131 sayfad\u0131r.","breadcrumb":{"@id":"https:\/\/e-marineeducation.com\/tr\/dizel-elektrik-birlesimi-combined-diesel-electric-propulsion\/#breadcrumb"},"inLanguage":"tr","potentialAction":[{"@type":"ReadAction","target":["https:\/\/e-marineeducation.com\/tr\/dizel-elektrik-birlesimi-combined-diesel-electric-propulsion\/"]}]},{"@type":"ImageObject","inLanguage":"tr","@id":"https:\/\/e-marineeducation.com\/tr\/dizel-elektrik-birlesimi-combined-diesel-electric-propulsion\/#primaryimage","url":"https:\/\/e-marineeducation.com\/tr\/wp-content\/uploads\/Dizel-Elektrik-Tahrik-Sistemi-simge.png","contentUrl":"https:\/\/e-marineeducation.com\/tr\/wp-content\/uploads\/Dizel-Elektrik-Tahrik-Sistemi-simge.png","width":"74","height":"74"},{"@type":"BreadcrumbList","@id":"https:\/\/e-marineeducation.com\/tr\/dizel-elektrik-birlesimi-combined-diesel-electric-propulsion\/#breadcrumb","itemListElement":[{"@type":"ListItem","position":1,"name":"Ana sayfa","item":"https:\/\/e-marineeducation.com\/tr\/"},{"@type":"ListItem","position":2,"name":"Dizel-Elektrik Birle\u015fimi \/ Combined Diesel-Electric Propulsion"}]},{"@type":"WebSite","@id":"https:\/\/e-marineeducation.com\/tr\/#website","url":"https:\/\/e-marineeducation.com\/tr\/","name":"e-MarineEducation.com","description":"Denizcilik E\u011fitimine Yeni Bir Bak\u0131\u015f A\u00e7\u0131s\u0131","potentialAction":[{"@type":"SearchAction","target":{"@type":"EntryPoint","urlTemplate":"https:\/\/e-marineeducation.com\/tr\/?s={search_term_string}"},"query-input":{"@type":"PropertyValueSpecification","valueRequired":true,"valueName":"search_term_string"}}],"inLanguage":"tr"}]}},"_links":{"self":[{"href":"https:\/\/e-marineeducation.com\/tr\/wp-json\/wp\/v2\/pages\/3981","targetHints":{"allow":["GET"]}}],"collection":[{"href":"https:\/\/e-marineeducation.com\/tr\/wp-json\/wp\/v2\/pages"}],"about":[{"href":"https:\/\/e-marineeducation.com\/tr\/wp-json\/wp\/v2\/types\/page"}],"author":[{"embeddable":true,"href":"https:\/\/e-marineeducation.com\/tr\/wp-json\/wp\/v2\/users\/1"}],"replies":[{"embeddable":true,"href":"https:\/\/e-marineeducation.com\/tr\/wp-json\/wp\/v2\/comments?post=3981"}],"version-history":[{"count":0,"href":"https:\/\/e-marineeducation.com\/tr\/wp-json\/wp\/v2\/pages\/3981\/revisions"}],"wp:featuredmedia":[{"embeddable":true,"href":"https:\/\/e-marineeducation.com\/tr\/wp-json\/wp\/v2\/media\/3984"}],"wp:attachment":[{"href":"https:\/\/e-marineeducation.com\/tr\/wp-json\/wp\/v2\/media?parent=3981"}],"curies":[{"name":"wp","href":"https:\/\/api.w.org\/{rel}","templated":true}]}}