

{"id":3971,"date":"2012-02-15T02:02:48","date_gmt":"2012-02-15T00:02:48","guid":{"rendered":"https:\/\/e-marineeducation.com\/tr\/?page_id=3971"},"modified":"2012-08-27T00:11:44","modified_gmt":"2012-08-26T21:11:44","slug":"dizel-elektrik-ve-gaz-turbini-birlesimi-combined-diesel-electric-and-gas-codlag","status":"publish","type":"page","link":"https:\/\/e-marineeducation.com\/tr\/dizel-elektrik-ve-gaz-turbini-birlesimi-combined-diesel-electric-and-gas-codlag\/","title":{"rendered":"Dizel-Elektrik ve Gaz T\u00fcrbini Birle\u015fimi \/ Combined Diesel-Electric and Gas (CODLAG)"},"content":{"rendered":"<table style=\"width: 630px;\" border=\"0\">\n<tbody>\n<tr>\n<td width=\"264\" height=\"67\"><a href=\"https:\/\/e-marineeducation.com\/tr?wp_ct=179\" target=\"_blank\"><img loading=\"lazy\" decoding=\"async\" src=\"https:\/\/e-marineeducation.com\/tr\/wp-content\/uploads\/Aybars-Oru\u00e7-e-egitim.png\" alt=\"\" width=\"264\" height=\"65\" border=\"0\" \/><\/a><\/td>\n<td valign=\"middle\" width=\"246\" height=\"67\">\n<p align=\"right\"><strong>Ana Makineler<\/strong>\u00a0sayfas\u0131na, <span style=\"text-decoration: underline; color: #3366cc;\"><strong> <a href=\"https:\/\/e-marineeducation.com\/tr\/gemi-ana-makineleri\/\"><span style=\"color: #3366cc; text-decoration: underline;\">Geri D\u00f6n<\/span><\/a><\/strong><\/span><\/p>\n<\/td>\n<td width=\"80\" height=\"67\"><a href=\"https:\/\/e-marineeducation.com\/tr\/gemi-pervaneleri\/\"><img loading=\"lazy\" decoding=\"async\" src=\"https:\/\/e-marineeducation.com\/tr\/wp-content\/uploads\/geri-d\u00f6n.png\" alt=\"\" width=\"74\" height=\"65\" align=\"right\" border=\"0\" \/><\/a><\/td>\n<\/tr>\n<tr>\n<td colspan=\"3\" width=\"590\"><\/td>\n<\/tr>\n<\/tbody>\n<\/table>\n<p style=\"text-align: justify;\"><span style=\"text-align: justify;\">CODLAG uygulamas\u0131nda gaz t\u00fcrbini, dizel makineleri ve elektrik motorlar\u0131 yer al\u0131r. Burada yer alan dizel makineler jenerat\u00f6r olarak kullan\u0131l\u0131r ve elektrik motorlar\u0131n\u0131n ihtiya\u00e7 duydu\u011fu elektrik enerjisini \u00fcretir. Elektrik motorlar\u0131 ve dizel jenerat\u00f6rler, dizel ana makinelere k\u0131yasla daha az bak\u0131m gerektirir ve bak\u0131mlar\u0131 daha kolayd\u0131r. Bu durum da bak\u0131m\u0131 kolayla\u015ft\u0131r\u0131r, maliyetini azalt\u0131r. Ayr\u0131ca devir d\u00fc\u015f\u00fcr\u00fcc\u00fcye (Reduction Gear) ihtiya\u00e7 yoktur. \u00c7\u00fcnk\u00fc elektrik motorunda istenen devir kolayl\u0131kla ayarlanabilir. Ayr\u0131ca di\u015fli say\u0131s\u0131n\u0131n azalmas\u0131 makine dairesinde olu\u015fan g\u00fcr\u00fclt\u00fcn\u00fcn de azalmas\u0131na sebep olur. Bu da sistemin \u00f6zellikle denizalt\u0131 ve yolcu gemilerinde kullan\u0131lmas\u0131nda \u00f6nemli bir sebeptir. Bu sistemin ilk yat\u0131r\u0131m maliyeti y\u00fcksektir. Genellikle denizalt\u0131larda oldu\u011fu gibi bataryalar mevcuttur. Elektrik enerjisi bu bataryalara doldurularak elektrik motorlar\u0131 bir s\u00fcre jenerat\u00f6rler \u00e7al\u0131\u015fmadan \u00e7al\u0131\u015ft\u0131r\u0131labilir. Ayr\u0131ca bu sistemde yer alan gaz t\u00fcrbini ile de \u015faft d\u00f6nd\u00fcr\u00fclebilir. Y\u00fcksek h\u0131z gerekti\u011finde gaz t\u00fcrbini ile seyir s\u00fcrd\u00fcr\u00fcl\u00fcr, elektrik motorlar\u0131 durdurulur.<\/span><\/p>\n<table style=\"height: 20px;\" border=\"0\">\n<tbody>\n<tr>\n<td><\/td>\n<\/tr>\n<\/tbody>\n<\/table>\n<figure style=\"width: 600px\" class=\"wp-caption aligncenter\"><img loading=\"lazy\" decoding=\"async\" class=\"size-full wp-image-3914\" title=\"Dizel Elektrik ve Gaz T\u00fcrbini Birle\u015fimi\" src=\"https:\/\/e-marineeducation.com\/tr\/wp-content\/uploads\/Dizel-Elektrik-ve-Gaz-T\u00fcrbini-Birle\u015fimi.png\" alt=\"\" width=\"600\" height=\"351\" srcset=\"https:\/\/e-marineeducation.com\/tr\/wp-content\/uploads\/Dizel-Elektrik-ve-Gaz-T\u00fcrbini-Birle\u015fimi.png 600w, https:\/\/e-marineeducation.com\/tr\/wp-content\/uploads\/Dizel-Elektrik-ve-Gaz-T\u00fcrbini-Birle\u015fimi-150x87.png 150w, https:\/\/e-marineeducation.com\/tr\/wp-content\/uploads\/Dizel-Elektrik-ve-Gaz-T\u00fcrbini-Birle\u015fimi-300x175.png 300w\" sizes=\"auto, (max-width: 600px) 100vw, 600px\" \/><figcaption class=\"wp-caption-text\">Dizel-Elektrik ve Gaz T\u00fcrbini Birle\u015fimi<\/figcaption><\/figure>\n","protected":false},"excerpt":{"rendered":"<p>Ana Makineler\u00a0sayfas\u0131na, Geri D\u00f6n CODLAG uygulamas\u0131nda gaz t\u00fcrbini, dizel makineleri ve elektrik motorlar\u0131 yer al\u0131r. Burada yer alan dizel makineler jenerat\u00f6r olarak kullan\u0131l\u0131r ve elektrik motorlar\u0131n\u0131n ihtiya\u00e7 duydu\u011fu elektrik enerjisini \u00fcretir. Elektrik motorlar\u0131 ve dizel jenerat\u00f6rler, dizel ana makinelere k\u0131yasla daha az bak\u0131m gerektirir ve bak\u0131mlar\u0131 daha kolayd\u0131r. Bu durum da bak\u0131m\u0131 kolayla\u015ft\u0131r\u0131r, maliyetini azalt\u0131r. &hellip;<\/p>\n","protected":false},"author":1,"featured_media":3973,"parent":0,"menu_order":0,"comment_status":"open","ping_status":"open","template":"","meta":{"_acf_changed":false,"_bbp_topic_count":0,"_bbp_reply_count":0,"_bbp_total_topic_count":0,"_bbp_total_reply_count":0,"_bbp_voice_count":0,"_bbp_anonymous_reply_count":0,"_bbp_topic_count_hidden":0,"_bbp_reply_count_hidden":0,"_bbp_forum_subforum_count":0,"footnotes":""},"class_list":["post-3971","page","type-page","status-publish","has-post-thumbnail",""],"acf":[],"yoast_head":"<!-- This site is optimized with the Yoast SEO plugin v27.4 - https:\/\/yoast.com\/product\/yoast-seo-wordpress\/ -->\n<title>E-MarineEducation.com, denizcilik e\u011fitimi, codlag, gemi, dizel, ana makine, tahrik sistemi, uygulamalar, gaz t\u00fcrbini, elektrik motoru, denizalt\u0131, reduction gear, devir d\u00fc\u015f\u00fcr\u00fcc\u00fc, yolcu gemisi, jenerat\u00f6r<\/title>\n<meta name=\"description\" content=\"Gemi dizel ana makine uygulamalar\u0131ndan &quot;CODLAG Sistemi&quot;nin a\u00e7\u0131kland\u0131\u011f\u0131 sayfad\u0131r.\" \/>\n<meta name=\"robots\" content=\"index, follow, max-snippet:-1, max-image-preview:large, max-video-preview:-1\" \/>\n<link rel=\"canonical\" href=\"https:\/\/e-marineeducation.com\/tr\/dizel-elektrik-ve-gaz-turbini-birlesimi-combined-diesel-electric-and-gas-codlag\/\" \/>\n<meta property=\"og:locale\" content=\"tr_TR\" \/>\n<meta property=\"og:type\" content=\"article\" \/>\n<meta property=\"og:title\" content=\"E-MarineEducation.com, denizcilik e\u011fitimi, codlag, gemi, dizel, ana makine, tahrik sistemi, uygulamalar, gaz t\u00fcrbini, elektrik motoru, denizalt\u0131, reduction gear, devir d\u00fc\u015f\u00fcr\u00fcc\u00fc, yolcu gemisi, jenerat\u00f6r\" \/>\n<meta property=\"og:description\" content=\"Gemi dizel ana makine uygulamalar\u0131ndan &quot;CODLAG Sistemi&quot;nin a\u00e7\u0131kland\u0131\u011f\u0131 sayfad\u0131r.\" \/>\n<meta property=\"og:url\" content=\"https:\/\/e-marineeducation.com\/tr\/dizel-elektrik-ve-gaz-turbini-birlesimi-combined-diesel-electric-and-gas-codlag\/\" \/>\n<meta property=\"og:site_name\" content=\"e-MarineEducation.com\" \/>\n<meta property=\"article:modified_time\" content=\"2012-08-26T21:11:44+00:00\" \/>\n<meta property=\"og:image\" content=\"https:\/\/e-marineeducation.com\/tr\/wp-content\/uploads\/Dizel-Elektrik-ve-Gaz-T\u00fcrbini-Birle\u015fimi-Simge.png\" \/>\n\t<meta property=\"og:image:width\" content=\"74\" \/>\n\t<meta property=\"og:image:height\" content=\"74\" \/>\n\t<meta property=\"og:image:type\" content=\"image\/png\" \/>\n<meta name=\"twitter:card\" content=\"summary_large_image\" \/>\n<meta name=\"twitter:label1\" content=\"Tahmini okuma s\u00fcresi\" \/>\n\t<meta name=\"twitter:data1\" content=\"1 dakika\" \/>\n<script type=\"application\/ld+json\" class=\"yoast-schema-graph\">{\"@context\":\"https:\\\/\\\/schema.org\",\"@graph\":[{\"@type\":\"WebPage\",\"@id\":\"https:\\\/\\\/e-marineeducation.com\\\/tr\\\/dizel-elektrik-ve-gaz-turbini-birlesimi-combined-diesel-electric-and-gas-codlag\\\/\",\"url\":\"https:\\\/\\\/e-marineeducation.com\\\/tr\\\/dizel-elektrik-ve-gaz-turbini-birlesimi-combined-diesel-electric-and-gas-codlag\\\/\",\"name\":\"E-MarineEducation.com, denizcilik e\u011fitimi, codlag, gemi, dizel, ana makine, tahrik sistemi, uygulamalar, gaz t\u00fcrbini, elektrik motoru, denizalt\u0131, reduction gear, devir d\u00fc\u015f\u00fcr\u00fcc\u00fc, yolcu gemisi, jenerat\u00f6r\",\"isPartOf\":{\"@id\":\"https:\\\/\\\/e-marineeducation.com\\\/tr\\\/#website\"},\"primaryImageOfPage\":{\"@id\":\"https:\\\/\\\/e-marineeducation.com\\\/tr\\\/dizel-elektrik-ve-gaz-turbini-birlesimi-combined-diesel-electric-and-gas-codlag\\\/#primaryimage\"},\"image\":{\"@id\":\"https:\\\/\\\/e-marineeducation.com\\\/tr\\\/dizel-elektrik-ve-gaz-turbini-birlesimi-combined-diesel-electric-and-gas-codlag\\\/#primaryimage\"},\"thumbnailUrl\":\"https:\\\/\\\/e-marineeducation.com\\\/tr\\\/wp-content\\\/uploads\\\/Dizel-Elektrik-ve-Gaz-T\u00fcrbini-Birle\u015fimi-Simge.png\",\"datePublished\":\"2012-02-15T00:02:48+00:00\",\"dateModified\":\"2012-08-26T21:11:44+00:00\",\"description\":\"Gemi dizel ana makine uygulamalar\u0131ndan \\\"CODLAG Sistemi\\\"nin a\u00e7\u0131kland\u0131\u011f\u0131 sayfad\u0131r.\",\"breadcrumb\":{\"@id\":\"https:\\\/\\\/e-marineeducation.com\\\/tr\\\/dizel-elektrik-ve-gaz-turbini-birlesimi-combined-diesel-electric-and-gas-codlag\\\/#breadcrumb\"},\"inLanguage\":\"tr\",\"potentialAction\":[{\"@type\":\"ReadAction\",\"target\":[\"https:\\\/\\\/e-marineeducation.com\\\/tr\\\/dizel-elektrik-ve-gaz-turbini-birlesimi-combined-diesel-electric-and-gas-codlag\\\/\"]}]},{\"@type\":\"ImageObject\",\"inLanguage\":\"tr\",\"@id\":\"https:\\\/\\\/e-marineeducation.com\\\/tr\\\/dizel-elektrik-ve-gaz-turbini-birlesimi-combined-diesel-electric-and-gas-codlag\\\/#primaryimage\",\"url\":\"https:\\\/\\\/e-marineeducation.com\\\/tr\\\/wp-content\\\/uploads\\\/Dizel-Elektrik-ve-Gaz-T\u00fcrbini-Birle\u015fimi-Simge.png\",\"contentUrl\":\"https:\\\/\\\/e-marineeducation.com\\\/tr\\\/wp-content\\\/uploads\\\/Dizel-Elektrik-ve-Gaz-T\u00fcrbini-Birle\u015fimi-Simge.png\",\"width\":\"74\",\"height\":\"74\"},{\"@type\":\"BreadcrumbList\",\"@id\":\"https:\\\/\\\/e-marineeducation.com\\\/tr\\\/dizel-elektrik-ve-gaz-turbini-birlesimi-combined-diesel-electric-and-gas-codlag\\\/#breadcrumb\",\"itemListElement\":[{\"@type\":\"ListItem\",\"position\":1,\"name\":\"Ana sayfa\",\"item\":\"https:\\\/\\\/e-marineeducation.com\\\/tr\\\/\"},{\"@type\":\"ListItem\",\"position\":2,\"name\":\"Dizel-Elektrik ve Gaz T\u00fcrbini Birle\u015fimi \\\/ Combined Diesel-Electric and Gas (CODLAG)\"}]},{\"@type\":\"WebSite\",\"@id\":\"https:\\\/\\\/e-marineeducation.com\\\/tr\\\/#website\",\"url\":\"https:\\\/\\\/e-marineeducation.com\\\/tr\\\/\",\"name\":\"e-MarineEducation.com\",\"description\":\"Denizcilik E\u011fitimine Yeni Bir Bak\u0131\u015f A\u00e7\u0131s\u0131\",\"potentialAction\":[{\"@type\":\"SearchAction\",\"target\":{\"@type\":\"EntryPoint\",\"urlTemplate\":\"https:\\\/\\\/e-marineeducation.com\\\/tr\\\/?s={search_term_string}\"},\"query-input\":{\"@type\":\"PropertyValueSpecification\",\"valueRequired\":true,\"valueName\":\"search_term_string\"}}],\"inLanguage\":\"tr\"}]}<\/script>\n<!-- \/ Yoast SEO plugin. -->","yoast_head_json":{"title":"E-MarineEducation.com, denizcilik e\u011fitimi, codlag, gemi, dizel, ana makine, tahrik sistemi, uygulamalar, gaz t\u00fcrbini, elektrik motoru, denizalt\u0131, reduction gear, devir d\u00fc\u015f\u00fcr\u00fcc\u00fc, yolcu gemisi, jenerat\u00f6r","description":"Gemi dizel ana makine uygulamalar\u0131ndan \"CODLAG Sistemi\"nin a\u00e7\u0131kland\u0131\u011f\u0131 sayfad\u0131r.","robots":{"index":"index","follow":"follow","max-snippet":"max-snippet:-1","max-image-preview":"max-image-preview:large","max-video-preview":"max-video-preview:-1"},"canonical":"https:\/\/e-marineeducation.com\/tr\/dizel-elektrik-ve-gaz-turbini-birlesimi-combined-diesel-electric-and-gas-codlag\/","og_locale":"tr_TR","og_type":"article","og_title":"E-MarineEducation.com, denizcilik e\u011fitimi, codlag, gemi, dizel, ana makine, tahrik sistemi, uygulamalar, gaz t\u00fcrbini, elektrik motoru, denizalt\u0131, reduction gear, devir d\u00fc\u015f\u00fcr\u00fcc\u00fc, yolcu gemisi, jenerat\u00f6r","og_description":"Gemi dizel ana makine uygulamalar\u0131ndan \"CODLAG Sistemi\"nin a\u00e7\u0131kland\u0131\u011f\u0131 sayfad\u0131r.","og_url":"https:\/\/e-marineeducation.com\/tr\/dizel-elektrik-ve-gaz-turbini-birlesimi-combined-diesel-electric-and-gas-codlag\/","og_site_name":"e-MarineEducation.com","article_modified_time":"2012-08-26T21:11:44+00:00","og_image":[{"width":74,"height":74,"url":"https:\/\/e-marineeducation.com\/tr\/wp-content\/uploads\/Dizel-Elektrik-ve-Gaz-T\u00fcrbini-Birle\u015fimi-Simge.png","type":"image\/png"}],"twitter_card":"summary_large_image","twitter_misc":{"Tahmini okuma s\u00fcresi":"1 dakika"},"schema":{"@context":"https:\/\/schema.org","@graph":[{"@type":"WebPage","@id":"https:\/\/e-marineeducation.com\/tr\/dizel-elektrik-ve-gaz-turbini-birlesimi-combined-diesel-electric-and-gas-codlag\/","url":"https:\/\/e-marineeducation.com\/tr\/dizel-elektrik-ve-gaz-turbini-birlesimi-combined-diesel-electric-and-gas-codlag\/","name":"E-MarineEducation.com, denizcilik e\u011fitimi, codlag, gemi, dizel, ana makine, tahrik sistemi, uygulamalar, gaz t\u00fcrbini, elektrik motoru, denizalt\u0131, reduction gear, devir d\u00fc\u015f\u00fcr\u00fcc\u00fc, yolcu gemisi, jenerat\u00f6r","isPartOf":{"@id":"https:\/\/e-marineeducation.com\/tr\/#website"},"primaryImageOfPage":{"@id":"https:\/\/e-marineeducation.com\/tr\/dizel-elektrik-ve-gaz-turbini-birlesimi-combined-diesel-electric-and-gas-codlag\/#primaryimage"},"image":{"@id":"https:\/\/e-marineeducation.com\/tr\/dizel-elektrik-ve-gaz-turbini-birlesimi-combined-diesel-electric-and-gas-codlag\/#primaryimage"},"thumbnailUrl":"https:\/\/e-marineeducation.com\/tr\/wp-content\/uploads\/Dizel-Elektrik-ve-Gaz-T\u00fcrbini-Birle\u015fimi-Simge.png","datePublished":"2012-02-15T00:02:48+00:00","dateModified":"2012-08-26T21:11:44+00:00","description":"Gemi dizel ana makine uygulamalar\u0131ndan \"CODLAG Sistemi\"nin a\u00e7\u0131kland\u0131\u011f\u0131 sayfad\u0131r.","breadcrumb":{"@id":"https:\/\/e-marineeducation.com\/tr\/dizel-elektrik-ve-gaz-turbini-birlesimi-combined-diesel-electric-and-gas-codlag\/#breadcrumb"},"inLanguage":"tr","potentialAction":[{"@type":"ReadAction","target":["https:\/\/e-marineeducation.com\/tr\/dizel-elektrik-ve-gaz-turbini-birlesimi-combined-diesel-electric-and-gas-codlag\/"]}]},{"@type":"ImageObject","inLanguage":"tr","@id":"https:\/\/e-marineeducation.com\/tr\/dizel-elektrik-ve-gaz-turbini-birlesimi-combined-diesel-electric-and-gas-codlag\/#primaryimage","url":"https:\/\/e-marineeducation.com\/tr\/wp-content\/uploads\/Dizel-Elektrik-ve-Gaz-T\u00fcrbini-Birle\u015fimi-Simge.png","contentUrl":"https:\/\/e-marineeducation.com\/tr\/wp-content\/uploads\/Dizel-Elektrik-ve-Gaz-T\u00fcrbini-Birle\u015fimi-Simge.png","width":"74","height":"74"},{"@type":"BreadcrumbList","@id":"https:\/\/e-marineeducation.com\/tr\/dizel-elektrik-ve-gaz-turbini-birlesimi-combined-diesel-electric-and-gas-codlag\/#breadcrumb","itemListElement":[{"@type":"ListItem","position":1,"name":"Ana sayfa","item":"https:\/\/e-marineeducation.com\/tr\/"},{"@type":"ListItem","position":2,"name":"Dizel-Elektrik ve Gaz T\u00fcrbini Birle\u015fimi \/ Combined Diesel-Electric and Gas (CODLAG)"}]},{"@type":"WebSite","@id":"https:\/\/e-marineeducation.com\/tr\/#website","url":"https:\/\/e-marineeducation.com\/tr\/","name":"e-MarineEducation.com","description":"Denizcilik E\u011fitimine Yeni Bir Bak\u0131\u015f A\u00e7\u0131s\u0131","potentialAction":[{"@type":"SearchAction","target":{"@type":"EntryPoint","urlTemplate":"https:\/\/e-marineeducation.com\/tr\/?s={search_term_string}"},"query-input":{"@type":"PropertyValueSpecification","valueRequired":true,"valueName":"search_term_string"}}],"inLanguage":"tr"}]}},"_links":{"self":[{"href":"https:\/\/e-marineeducation.com\/tr\/wp-json\/wp\/v2\/pages\/3971","targetHints":{"allow":["GET"]}}],"collection":[{"href":"https:\/\/e-marineeducation.com\/tr\/wp-json\/wp\/v2\/pages"}],"about":[{"href":"https:\/\/e-marineeducation.com\/tr\/wp-json\/wp\/v2\/types\/page"}],"author":[{"embeddable":true,"href":"https:\/\/e-marineeducation.com\/tr\/wp-json\/wp\/v2\/users\/1"}],"replies":[{"embeddable":true,"href":"https:\/\/e-marineeducation.com\/tr\/wp-json\/wp\/v2\/comments?post=3971"}],"version-history":[{"count":0,"href":"https:\/\/e-marineeducation.com\/tr\/wp-json\/wp\/v2\/pages\/3971\/revisions"}],"wp:featuredmedia":[{"embeddable":true,"href":"https:\/\/e-marineeducation.com\/tr\/wp-json\/wp\/v2\/media\/3973"}],"wp:attachment":[{"href":"https:\/\/e-marineeducation.com\/tr\/wp-json\/wp\/v2\/media?parent=3971"}],"curies":[{"name":"wp","href":"https:\/\/api.w.org\/{rel}","templated":true}]}}