

{"id":3961,"date":"2012-02-13T23:16:05","date_gmt":"2012-02-13T21:16:05","guid":{"rendered":"https:\/\/e-marineeducation.com\/tr\/?page_id=3961"},"modified":"2012-08-27T00:10:25","modified_gmt":"2012-08-26T21:10:25","slug":"dizel-ve-gaz-turbini-birlesimi-combined-diesel-and-gas-codag","status":"publish","type":"page","link":"https:\/\/e-marineeducation.com\/tr\/dizel-ve-gaz-turbini-birlesimi-combined-diesel-and-gas-codag\/","title":{"rendered":"Dizel ve Gaz T\u00fcrbini Birle\u015fimi \/ Combined Diesel and Gas (CODAG)"},"content":{"rendered":"<table style=\"width: 630px;\" border=\"0\">\n<tbody>\n<tr>\n<td width=\"264\" height=\"67\"><a href=\"https:\/\/e-marineeducation.com\/tr?wp_ct=179\" target=\"_blank\"><img loading=\"lazy\" decoding=\"async\" src=\"https:\/\/e-marineeducation.com\/tr\/wp-content\/uploads\/Aybars-Oru\u00e7-e-egitim.png\" alt=\"\" width=\"264\" height=\"65\" border=\"0\" \/><\/a><\/td>\n<td valign=\"middle\" width=\"246\" height=\"67\">\n<p align=\"right\"><strong>Ana Makineler<\/strong>\u00a0sayfas\u0131na, <span style=\"text-decoration: underline; color: #3366cc;\"><strong> <a href=\"https:\/\/e-marineeducation.com\/tr\/gemi-ana-makineleri\/\"><span style=\"color: #3366cc; text-decoration: underline;\">Geri D\u00f6n<\/span><\/a><\/strong><\/span><\/p>\n<\/td>\n<td width=\"80\" height=\"67\"><a href=\"https:\/\/e-marineeducation.com\/tr\/gemi-pervaneleri\/\"><img loading=\"lazy\" decoding=\"async\" src=\"https:\/\/e-marineeducation.com\/tr\/wp-content\/uploads\/geri-d\u00f6n.png\" alt=\"\" width=\"74\" height=\"65\" align=\"right\" border=\"0\" \/><\/a><\/td>\n<\/tr>\n<tr>\n<td colspan=\"3\" width=\"590\"><\/td>\n<\/tr>\n<\/tbody>\n<\/table>\n<p style=\"text-align: justify;\">CODOG uygulamas\u0131 ile benzerlik g\u00f6sterir. CODOG&#8217;ta daha az di\u015fli kullan\u0131l\u0131r. Bu sebeple daha ekonomik bir maliyete sahiptir. CODAG&#8217;ta ise daha fazla di\u015fli mevcuttur ve kurulum maliyeti artar. CODOG&#8217;ta ayn\u0131 anda dizel makinalar\u0131 ve gaz t\u00fcrbini \u00e7al\u0131\u015ft\u0131r\u0131lmaz. CODAG&#8217;ta ise \u00e7al\u0131\u015ft\u0131r\u0131labilir. Ayr\u0131ca bu uygulamada multispeed-geer box ad\u0131 verilen di\u015fliler de mevcuttur. Bu sistemde pervane kanatlar\u0131n\u0131n mutlaka pitch propeller ile y\u00f6nlendirilebiliyor olmas\u0131 gereklidir.<\/p>\n<table style=\"height: 20px;\" border=\"0\">\n<tbody>\n<tr>\n<td><\/td>\n<\/tr>\n<\/tbody>\n<\/table>\n<figure style=\"width: 600px\" class=\"wp-caption aligncenter\"><img loading=\"lazy\" decoding=\"async\" class=\"size-full wp-image-3911\" title=\"Dizel ve Gaz T\u00fcrbini Birle\u015fimi\" src=\"https:\/\/e-marineeducation.com\/tr\/wp-content\/uploads\/Dizel-ve-Gaz-T\u00fcrbini-Birle\u015fimi.png\" alt=\"\" width=\"600\" height=\"335\" srcset=\"https:\/\/e-marineeducation.com\/tr\/wp-content\/uploads\/Dizel-ve-Gaz-T\u00fcrbini-Birle\u015fimi.png 600w, https:\/\/e-marineeducation.com\/tr\/wp-content\/uploads\/Dizel-ve-Gaz-T\u00fcrbini-Birle\u015fimi-150x83.png 150w, https:\/\/e-marineeducation.com\/tr\/wp-content\/uploads\/Dizel-ve-Gaz-T\u00fcrbini-Birle\u015fimi-300x167.png 300w\" sizes=\"auto, (max-width: 600px) 100vw, 600px\" \/><figcaption class=\"wp-caption-text\">Dizel Elektrik ve Gaz T\u00fcrbini Birle\u015fimi<\/figcaption><\/figure>\n","protected":false},"excerpt":{"rendered":"<p>Ana Makineler\u00a0sayfas\u0131na, Geri D\u00f6n CODOG uygulamas\u0131 ile benzerlik g\u00f6sterir. CODOG&#8217;ta daha az di\u015fli kullan\u0131l\u0131r. Bu sebeple daha ekonomik bir maliyete sahiptir. CODAG&#8217;ta ise daha fazla di\u015fli mevcuttur ve kurulum maliyeti artar. CODOG&#8217;ta ayn\u0131 anda dizel makinalar\u0131 ve gaz t\u00fcrbini \u00e7al\u0131\u015ft\u0131r\u0131lmaz. CODAG&#8217;ta ise \u00e7al\u0131\u015ft\u0131r\u0131labilir. Ayr\u0131ca bu uygulamada multispeed-geer box ad\u0131 verilen di\u015fliler de mevcuttur. Bu sistemde &hellip;<\/p>\n","protected":false},"author":1,"featured_media":3965,"parent":0,"menu_order":0,"comment_status":"open","ping_status":"open","template":"","meta":{"_acf_changed":false,"_bbp_topic_count":0,"_bbp_reply_count":0,"_bbp_total_topic_count":0,"_bbp_total_reply_count":0,"_bbp_voice_count":0,"_bbp_anonymous_reply_count":0,"_bbp_topic_count_hidden":0,"_bbp_reply_count_hidden":0,"_bbp_forum_subforum_count":0,"footnotes":""},"class_list":["post-3961","page","type-page","status-publish","has-post-thumbnail",""],"acf":[],"yoast_head":"<!-- This site is optimized with the Yoast SEO plugin v27.4 - https:\/\/yoast.com\/product\/yoast-seo-wordpress\/ -->\n<title>Dizel ve Gaz T\u00fcrbini Birle\u015fimi \/ Combined Diesel and Gas (CODAG) - e-MarineEducation.com<\/title>\n<meta name=\"description\" content=\"Gemi dizel ana makine uygulamalar\u0131ndan &quot;CODAG Sistemi&quot;nin a\u00e7\u0131kland\u0131\u011f\u0131 sayfad\u0131r.\" \/>\n<meta name=\"robots\" content=\"index, follow, max-snippet:-1, max-image-preview:large, max-video-preview:-1\" \/>\n<link rel=\"canonical\" href=\"https:\/\/e-marineeducation.com\/tr\/dizel-ve-gaz-turbini-birlesimi-combined-diesel-and-gas-codag\/\" \/>\n<meta property=\"og:locale\" content=\"tr_TR\" \/>\n<meta property=\"og:type\" content=\"article\" \/>\n<meta property=\"og:title\" content=\"Dizel ve Gaz T\u00fcrbini Birle\u015fimi \/ Combined Diesel and Gas (CODAG) - e-MarineEducation.com\" \/>\n<meta property=\"og:description\" content=\"Gemi dizel ana makine uygulamalar\u0131ndan &quot;CODAG Sistemi&quot;nin a\u00e7\u0131kland\u0131\u011f\u0131 sayfad\u0131r.\" \/>\n<meta property=\"og:url\" content=\"https:\/\/e-marineeducation.com\/tr\/dizel-ve-gaz-turbini-birlesimi-combined-diesel-and-gas-codag\/\" \/>\n<meta property=\"og:site_name\" content=\"e-MarineEducation.com\" \/>\n<meta property=\"article:modified_time\" content=\"2012-08-26T21:10:25+00:00\" \/>\n<meta property=\"og:image\" content=\"https:\/\/e-marineeducation.com\/tr\/wp-content\/uploads\/Dizel-ve-Gaz-T\u00fcrbini-Birle\u015fimi-Simge.png\" \/>\n\t<meta property=\"og:image:width\" content=\"74\" \/>\n\t<meta property=\"og:image:height\" content=\"74\" \/>\n\t<meta property=\"og:image:type\" content=\"image\/png\" \/>\n<meta name=\"twitter:card\" content=\"summary_large_image\" \/>\n<script type=\"application\/ld+json\" class=\"yoast-schema-graph\">{\"@context\":\"https:\\\/\\\/schema.org\",\"@graph\":[{\"@type\":\"WebPage\",\"@id\":\"https:\\\/\\\/e-marineeducation.com\\\/tr\\\/dizel-ve-gaz-turbini-birlesimi-combined-diesel-and-gas-codag\\\/\",\"url\":\"https:\\\/\\\/e-marineeducation.com\\\/tr\\\/dizel-ve-gaz-turbini-birlesimi-combined-diesel-and-gas-codag\\\/\",\"name\":\"Dizel ve Gaz T\u00fcrbini Birle\u015fimi \\\/ Combined Diesel and Gas (CODAG) - e-MarineEducation.com\",\"isPartOf\":{\"@id\":\"https:\\\/\\\/e-marineeducation.com\\\/tr\\\/#website\"},\"primaryImageOfPage\":{\"@id\":\"https:\\\/\\\/e-marineeducation.com\\\/tr\\\/dizel-ve-gaz-turbini-birlesimi-combined-diesel-and-gas-codag\\\/#primaryimage\"},\"image\":{\"@id\":\"https:\\\/\\\/e-marineeducation.com\\\/tr\\\/dizel-ve-gaz-turbini-birlesimi-combined-diesel-and-gas-codag\\\/#primaryimage\"},\"thumbnailUrl\":\"https:\\\/\\\/e-marineeducation.com\\\/tr\\\/wp-content\\\/uploads\\\/Dizel-ve-Gaz-T\u00fcrbini-Birle\u015fimi-Simge.png\",\"datePublished\":\"2012-02-13T21:16:05+00:00\",\"dateModified\":\"2012-08-26T21:10:25+00:00\",\"description\":\"Gemi dizel ana makine uygulamalar\u0131ndan \\\"CODAG Sistemi\\\"nin a\u00e7\u0131kland\u0131\u011f\u0131 sayfad\u0131r.\",\"breadcrumb\":{\"@id\":\"https:\\\/\\\/e-marineeducation.com\\\/tr\\\/dizel-ve-gaz-turbini-birlesimi-combined-diesel-and-gas-codag\\\/#breadcrumb\"},\"inLanguage\":\"tr\",\"potentialAction\":[{\"@type\":\"ReadAction\",\"target\":[\"https:\\\/\\\/e-marineeducation.com\\\/tr\\\/dizel-ve-gaz-turbini-birlesimi-combined-diesel-and-gas-codag\\\/\"]}]},{\"@type\":\"ImageObject\",\"inLanguage\":\"tr\",\"@id\":\"https:\\\/\\\/e-marineeducation.com\\\/tr\\\/dizel-ve-gaz-turbini-birlesimi-combined-diesel-and-gas-codag\\\/#primaryimage\",\"url\":\"https:\\\/\\\/e-marineeducation.com\\\/tr\\\/wp-content\\\/uploads\\\/Dizel-ve-Gaz-T\u00fcrbini-Birle\u015fimi-Simge.png\",\"contentUrl\":\"https:\\\/\\\/e-marineeducation.com\\\/tr\\\/wp-content\\\/uploads\\\/Dizel-ve-Gaz-T\u00fcrbini-Birle\u015fimi-Simge.png\",\"width\":\"74\",\"height\":\"74\"},{\"@type\":\"BreadcrumbList\",\"@id\":\"https:\\\/\\\/e-marineeducation.com\\\/tr\\\/dizel-ve-gaz-turbini-birlesimi-combined-diesel-and-gas-codag\\\/#breadcrumb\",\"itemListElement\":[{\"@type\":\"ListItem\",\"position\":1,\"name\":\"Ana sayfa\",\"item\":\"https:\\\/\\\/e-marineeducation.com\\\/tr\\\/\"},{\"@type\":\"ListItem\",\"position\":2,\"name\":\"Dizel ve Gaz T\u00fcrbini Birle\u015fimi \\\/ Combined Diesel and Gas (CODAG)\"}]},{\"@type\":\"WebSite\",\"@id\":\"https:\\\/\\\/e-marineeducation.com\\\/tr\\\/#website\",\"url\":\"https:\\\/\\\/e-marineeducation.com\\\/tr\\\/\",\"name\":\"e-MarineEducation.com\",\"description\":\"Denizcilik E\u011fitimine Yeni Bir Bak\u0131\u015f A\u00e7\u0131s\u0131\",\"potentialAction\":[{\"@type\":\"SearchAction\",\"target\":{\"@type\":\"EntryPoint\",\"urlTemplate\":\"https:\\\/\\\/e-marineeducation.com\\\/tr\\\/?s={search_term_string}\"},\"query-input\":{\"@type\":\"PropertyValueSpecification\",\"valueRequired\":true,\"valueName\":\"search_term_string\"}}],\"inLanguage\":\"tr\"}]}<\/script>\n<!-- \/ Yoast SEO plugin. -->","yoast_head_json":{"title":"Dizel ve Gaz T\u00fcrbini Birle\u015fimi \/ Combined Diesel and Gas (CODAG) - e-MarineEducation.com","description":"Gemi dizel ana makine uygulamalar\u0131ndan \"CODAG Sistemi\"nin a\u00e7\u0131kland\u0131\u011f\u0131 sayfad\u0131r.","robots":{"index":"index","follow":"follow","max-snippet":"max-snippet:-1","max-image-preview":"max-image-preview:large","max-video-preview":"max-video-preview:-1"},"canonical":"https:\/\/e-marineeducation.com\/tr\/dizel-ve-gaz-turbini-birlesimi-combined-diesel-and-gas-codag\/","og_locale":"tr_TR","og_type":"article","og_title":"Dizel ve Gaz T\u00fcrbini Birle\u015fimi \/ Combined Diesel and Gas (CODAG) - e-MarineEducation.com","og_description":"Gemi dizel ana makine uygulamalar\u0131ndan \"CODAG Sistemi\"nin a\u00e7\u0131kland\u0131\u011f\u0131 sayfad\u0131r.","og_url":"https:\/\/e-marineeducation.com\/tr\/dizel-ve-gaz-turbini-birlesimi-combined-diesel-and-gas-codag\/","og_site_name":"e-MarineEducation.com","article_modified_time":"2012-08-26T21:10:25+00:00","og_image":[{"width":74,"height":74,"url":"https:\/\/e-marineeducation.com\/tr\/wp-content\/uploads\/Dizel-ve-Gaz-T\u00fcrbini-Birle\u015fimi-Simge.png","type":"image\/png"}],"twitter_card":"summary_large_image","schema":{"@context":"https:\/\/schema.org","@graph":[{"@type":"WebPage","@id":"https:\/\/e-marineeducation.com\/tr\/dizel-ve-gaz-turbini-birlesimi-combined-diesel-and-gas-codag\/","url":"https:\/\/e-marineeducation.com\/tr\/dizel-ve-gaz-turbini-birlesimi-combined-diesel-and-gas-codag\/","name":"Dizel ve Gaz T\u00fcrbini Birle\u015fimi \/ Combined Diesel and Gas (CODAG) - e-MarineEducation.com","isPartOf":{"@id":"https:\/\/e-marineeducation.com\/tr\/#website"},"primaryImageOfPage":{"@id":"https:\/\/e-marineeducation.com\/tr\/dizel-ve-gaz-turbini-birlesimi-combined-diesel-and-gas-codag\/#primaryimage"},"image":{"@id":"https:\/\/e-marineeducation.com\/tr\/dizel-ve-gaz-turbini-birlesimi-combined-diesel-and-gas-codag\/#primaryimage"},"thumbnailUrl":"https:\/\/e-marineeducation.com\/tr\/wp-content\/uploads\/Dizel-ve-Gaz-T\u00fcrbini-Birle\u015fimi-Simge.png","datePublished":"2012-02-13T21:16:05+00:00","dateModified":"2012-08-26T21:10:25+00:00","description":"Gemi dizel ana makine uygulamalar\u0131ndan \"CODAG Sistemi\"nin a\u00e7\u0131kland\u0131\u011f\u0131 sayfad\u0131r.","breadcrumb":{"@id":"https:\/\/e-marineeducation.com\/tr\/dizel-ve-gaz-turbini-birlesimi-combined-diesel-and-gas-codag\/#breadcrumb"},"inLanguage":"tr","potentialAction":[{"@type":"ReadAction","target":["https:\/\/e-marineeducation.com\/tr\/dizel-ve-gaz-turbini-birlesimi-combined-diesel-and-gas-codag\/"]}]},{"@type":"ImageObject","inLanguage":"tr","@id":"https:\/\/e-marineeducation.com\/tr\/dizel-ve-gaz-turbini-birlesimi-combined-diesel-and-gas-codag\/#primaryimage","url":"https:\/\/e-marineeducation.com\/tr\/wp-content\/uploads\/Dizel-ve-Gaz-T\u00fcrbini-Birle\u015fimi-Simge.png","contentUrl":"https:\/\/e-marineeducation.com\/tr\/wp-content\/uploads\/Dizel-ve-Gaz-T\u00fcrbini-Birle\u015fimi-Simge.png","width":"74","height":"74"},{"@type":"BreadcrumbList","@id":"https:\/\/e-marineeducation.com\/tr\/dizel-ve-gaz-turbini-birlesimi-combined-diesel-and-gas-codag\/#breadcrumb","itemListElement":[{"@type":"ListItem","position":1,"name":"Ana sayfa","item":"https:\/\/e-marineeducation.com\/tr\/"},{"@type":"ListItem","position":2,"name":"Dizel ve Gaz T\u00fcrbini Birle\u015fimi \/ Combined Diesel and Gas (CODAG)"}]},{"@type":"WebSite","@id":"https:\/\/e-marineeducation.com\/tr\/#website","url":"https:\/\/e-marineeducation.com\/tr\/","name":"e-MarineEducation.com","description":"Denizcilik E\u011fitimine Yeni Bir Bak\u0131\u015f A\u00e7\u0131s\u0131","potentialAction":[{"@type":"SearchAction","target":{"@type":"EntryPoint","urlTemplate":"https:\/\/e-marineeducation.com\/tr\/?s={search_term_string}"},"query-input":{"@type":"PropertyValueSpecification","valueRequired":true,"valueName":"search_term_string"}}],"inLanguage":"tr"}]}},"_links":{"self":[{"href":"https:\/\/e-marineeducation.com\/tr\/wp-json\/wp\/v2\/pages\/3961","targetHints":{"allow":["GET"]}}],"collection":[{"href":"https:\/\/e-marineeducation.com\/tr\/wp-json\/wp\/v2\/pages"}],"about":[{"href":"https:\/\/e-marineeducation.com\/tr\/wp-json\/wp\/v2\/types\/page"}],"author":[{"embeddable":true,"href":"https:\/\/e-marineeducation.com\/tr\/wp-json\/wp\/v2\/users\/1"}],"replies":[{"embeddable":true,"href":"https:\/\/e-marineeducation.com\/tr\/wp-json\/wp\/v2\/comments?post=3961"}],"version-history":[{"count":0,"href":"https:\/\/e-marineeducation.com\/tr\/wp-json\/wp\/v2\/pages\/3961\/revisions"}],"wp:featuredmedia":[{"embeddable":true,"href":"https:\/\/e-marineeducation.com\/tr\/wp-json\/wp\/v2\/media\/3965"}],"wp:attachment":[{"href":"https:\/\/e-marineeducation.com\/tr\/wp-json\/wp\/v2\/media?parent=3961"}],"curies":[{"name":"wp","href":"https:\/\/api.w.org\/{rel}","templated":true}]}}