

{"id":3945,"date":"2012-02-13T21:33:05","date_gmt":"2012-02-13T19:33:05","guid":{"rendered":"https:\/\/e-marineeducation.com\/tr\/?page_id=3945"},"modified":"2012-08-27T00:11:06","modified_gmt":"2012-08-26T21:11:06","slug":"dizel-veya-gaz-turbini-birlesimi-combined-diesel-or-gas-codog","status":"publish","type":"page","link":"https:\/\/e-marineeducation.com\/tr\/dizel-veya-gaz-turbini-birlesimi-combined-diesel-or-gas-codog\/","title":{"rendered":"Dizel veya Gaz T\u00fcrbini Birle\u015fimi \/ Combined Diesel or Gas (CODOG)"},"content":{"rendered":"<table style=\"width: 630px;\" border=\"0\">\n<tbody>\n<tr>\n<td width=\"264\" height=\"67\"><a href=\"https:\/\/e-marineeducation.com\/tr?wp_ct=179\" target=\"_blank\"><img loading=\"lazy\" decoding=\"async\" src=\"https:\/\/e-marineeducation.com\/tr\/wp-content\/uploads\/Aybars-Oru\u00e7-e-egitim.png\" alt=\"\" width=\"264\" height=\"65\" border=\"0\" \/><\/a><\/td>\n<td valign=\"middle\" width=\"246\" height=\"67\">\n<p align=\"right\"><strong>Ana Makineler<\/strong> sayfas\u0131na, <span style=\"text-decoration: underline; color: #3366cc;\"><strong> <a href=\"https:\/\/e-marineeducation.com\/tr\/gemi-ana-makineleri\/\"><span style=\"color: #3366cc; text-decoration: underline;\">Geri D\u00f6n<\/span><\/a><\/strong><\/span><\/p>\n<\/td>\n<td width=\"80\" height=\"67\"><a href=\"https:\/\/e-marineeducation.com\/tr\/gemi-pervaneleri\/\"><img loading=\"lazy\" decoding=\"async\" src=\"https:\/\/e-marineeducation.com\/tr\/wp-content\/uploads\/geri-d\u00f6n.png\" alt=\"\" width=\"74\" height=\"65\" align=\"right\" border=\"0\" \/><\/a><\/td>\n<\/tr>\n<tr>\n<td colspan=\"3\" width=\"590\"><\/td>\n<\/tr>\n<\/tbody>\n<\/table>\n<p style=\"text-align: justify;\">CODOG uygulamas\u0131 genellikle sava\u015f gemilerinde kullan\u0131l\u0131r. Bu uygulamada gaz t\u00fcrbini sayesinde geminin h\u0131z\u0131 \u00f6nemli miktarda artar. Gaz t\u00fcrbinin devir h\u0131z\u0131 \u00e7ok y\u00fcksektir. Bu sebeple sisteme devir d\u00fc\u015f\u00fcr\u00fcc\u00fc (Reduction Gear) ile ba\u011flan\u0131r. Ayr\u0131ca bu sistemde, gaz t\u00fcrbini ya da dizel makinesinden sadece bir tanesi \u00e7al\u0131\u015ft\u0131r\u0131l\u0131r. Dizel makinesi ve gaz t\u00fcrbini birlikte \u00e7al\u0131\u015ft\u0131r\u0131l\u0131rsa devir h\u0131zlar\u0131ndaki farkl\u0131l\u0131ktan \u00f6t\u00fcr\u00fc sistemde yer alan di\u015fliler zarar g\u00f6r\u00fcr.<\/p>\n<table style=\"height: 20px;\" border=\"0\">\n<tbody>\n<tr>\n<td><\/td>\n<\/tr>\n<\/tbody>\n<\/table>\n<p style=\"text-align: justify;\">Daha \u00e7ok g\u00fc\u00e7 daha b\u00fcy\u00fck dizel makinesi anlam\u0131na gelir. Gaz t\u00fcrbini ise bu g\u00fcc\u00fc daha ufak boyutlarda sa\u011flama imkan\u0131na sahiptir. Fazla g\u00fc\u00e7\/h\u0131z isteniyorsa sadece gaz t\u00fcrbini \u00e7al\u0131\u015ft\u0131r\u0131l\u0131r, d\u00fc\u015f\u00fck g\u00fc\u00e7\/h\u0131z isteniyorsa sadece dizel makinesi \u00e7al\u0131\u015ft\u0131r\u0131l\u0131r. Gaz t\u00fcrbini d\u00fc\u015f\u00fck h\u0131zda \u00e7al\u0131\u015ft\u0131r\u0131lmaz, \u00e7\u00fcnk\u00fc ekonomik de\u011fildir.<\/p>\n<table style=\"height: 20px;\" border=\"0\">\n<tbody>\n<tr>\n<td><\/td>\n<\/tr>\n<\/tbody>\n<\/table>\n<figure id=\"attachment_3908\" aria-describedby=\"caption-attachment-3908\" style=\"width: 600px\" class=\"wp-caption aligncenter\"><img loading=\"lazy\" decoding=\"async\" class=\"size-full wp-image-3908\" title=\"Dizel veya Gaz T\u00fcrbini Birle\u015fimi\" src=\"https:\/\/e-marineeducation.com\/tr\/wp-content\/uploads\/Dizel-veya-Gaz-T\u00fcrbini-Birle\u015fimi.png\" alt=\"\" width=\"600\" height=\"304\" srcset=\"https:\/\/e-marineeducation.com\/tr\/wp-content\/uploads\/Dizel-veya-Gaz-T\u00fcrbini-Birle\u015fimi.png 600w, https:\/\/e-marineeducation.com\/tr\/wp-content\/uploads\/Dizel-veya-Gaz-T\u00fcrbini-Birle\u015fimi-150x76.png 150w, https:\/\/e-marineeducation.com\/tr\/wp-content\/uploads\/Dizel-veya-Gaz-T\u00fcrbini-Birle\u015fimi-300x152.png 300w\" sizes=\"auto, (max-width: 600px) 100vw, 600px\" \/><figcaption id=\"caption-attachment-3908\" class=\"wp-caption-text\">Dizel veya Gaz T\u00fcrbini Birle\u015fimi<\/figcaption><\/figure>\n","protected":false},"excerpt":{"rendered":"<p>Ana Makineler sayfas\u0131na, Geri D\u00f6n CODOG uygulamas\u0131 genellikle sava\u015f gemilerinde kullan\u0131l\u0131r. Bu uygulamada gaz t\u00fcrbini sayesinde geminin h\u0131z\u0131 \u00f6nemli miktarda artar. Gaz t\u00fcrbinin devir h\u0131z\u0131 \u00e7ok y\u00fcksektir. Bu sebeple sisteme devir d\u00fc\u015f\u00fcr\u00fcc\u00fc (Reduction Gear) ile ba\u011flan\u0131r. Ayr\u0131ca bu sistemde, gaz t\u00fcrbini ya da dizel makinesinden sadece bir tanesi \u00e7al\u0131\u015ft\u0131r\u0131l\u0131r. Dizel makinesi ve gaz t\u00fcrbini birlikte &hellip;<\/p>\n","protected":false},"author":1,"featured_media":3950,"parent":0,"menu_order":0,"comment_status":"open","ping_status":"open","template":"","meta":{"_acf_changed":false,"_bbp_topic_count":0,"_bbp_reply_count":0,"_bbp_total_topic_count":0,"_bbp_total_reply_count":0,"_bbp_voice_count":0,"_bbp_anonymous_reply_count":0,"_bbp_topic_count_hidden":0,"_bbp_reply_count_hidden":0,"_bbp_forum_subforum_count":0,"footnotes":""},"class_list":["post-3945","page","type-page","status-publish","has-post-thumbnail",""],"acf":[],"yoast_head":"<!-- This site is optimized with the Yoast SEO plugin v27.4 - https:\/\/yoast.com\/product\/yoast-seo-wordpress\/ -->\n<title>Dizel veya Gaz T\u00fcrbini Birle\u015fimi \/ Combined Diesel or Gas (CODOG) - e-MarineEducation.com<\/title>\n<meta name=\"description\" content=\"Gemi dizel ana makine uygulamalar\u0131ndan &quot;CODOG Sistemi&quot;nin a\u00e7\u0131kland\u0131\u011f\u0131 sayfad\u0131r.\" \/>\n<meta name=\"robots\" content=\"index, follow, max-snippet:-1, max-image-preview:large, max-video-preview:-1\" \/>\n<link rel=\"canonical\" href=\"https:\/\/e-marineeducation.com\/tr\/dizel-veya-gaz-turbini-birlesimi-combined-diesel-or-gas-codog\/\" \/>\n<meta property=\"og:locale\" content=\"tr_TR\" \/>\n<meta property=\"og:type\" content=\"article\" \/>\n<meta property=\"og:title\" content=\"Dizel veya Gaz T\u00fcrbini Birle\u015fimi \/ Combined Diesel or Gas (CODOG) - e-MarineEducation.com\" \/>\n<meta property=\"og:description\" content=\"Gemi dizel ana makine uygulamalar\u0131ndan &quot;CODOG Sistemi&quot;nin a\u00e7\u0131kland\u0131\u011f\u0131 sayfad\u0131r.\" \/>\n<meta property=\"og:url\" content=\"https:\/\/e-marineeducation.com\/tr\/dizel-veya-gaz-turbini-birlesimi-combined-diesel-or-gas-codog\/\" \/>\n<meta property=\"og:site_name\" content=\"e-MarineEducation.com\" \/>\n<meta property=\"article:modified_time\" content=\"2012-08-26T21:11:06+00:00\" \/>\n<meta property=\"og:image\" content=\"https:\/\/e-marineeducation.com\/tr\/wp-content\/uploads\/Dizel-veya-Gaz-T\u00fcrbini-Birle\u015fimi-Simge.png\" \/>\n\t<meta property=\"og:image:width\" content=\"74\" \/>\n\t<meta property=\"og:image:height\" content=\"74\" \/>\n\t<meta property=\"og:image:type\" content=\"image\/png\" \/>\n<meta name=\"twitter:card\" content=\"summary_large_image\" \/>\n<meta name=\"twitter:label1\" content=\"Tahmini okuma s\u00fcresi\" \/>\n\t<meta name=\"twitter:data1\" content=\"1 dakika\" \/>\n<script type=\"application\/ld+json\" class=\"yoast-schema-graph\">{\"@context\":\"https:\\\/\\\/schema.org\",\"@graph\":[{\"@type\":\"WebPage\",\"@id\":\"https:\\\/\\\/e-marineeducation.com\\\/tr\\\/dizel-veya-gaz-turbini-birlesimi-combined-diesel-or-gas-codog\\\/\",\"url\":\"https:\\\/\\\/e-marineeducation.com\\\/tr\\\/dizel-veya-gaz-turbini-birlesimi-combined-diesel-or-gas-codog\\\/\",\"name\":\"Dizel veya Gaz T\u00fcrbini Birle\u015fimi \\\/ Combined Diesel or Gas (CODOG) - e-MarineEducation.com\",\"isPartOf\":{\"@id\":\"https:\\\/\\\/e-marineeducation.com\\\/tr\\\/#website\"},\"primaryImageOfPage\":{\"@id\":\"https:\\\/\\\/e-marineeducation.com\\\/tr\\\/dizel-veya-gaz-turbini-birlesimi-combined-diesel-or-gas-codog\\\/#primaryimage\"},\"image\":{\"@id\":\"https:\\\/\\\/e-marineeducation.com\\\/tr\\\/dizel-veya-gaz-turbini-birlesimi-combined-diesel-or-gas-codog\\\/#primaryimage\"},\"thumbnailUrl\":\"https:\\\/\\\/e-marineeducation.com\\\/tr\\\/wp-content\\\/uploads\\\/Dizel-veya-Gaz-T\u00fcrbini-Birle\u015fimi-Simge.png\",\"datePublished\":\"2012-02-13T19:33:05+00:00\",\"dateModified\":\"2012-08-26T21:11:06+00:00\",\"description\":\"Gemi dizel ana makine uygulamalar\u0131ndan \\\"CODOG Sistemi\\\"nin a\u00e7\u0131kland\u0131\u011f\u0131 sayfad\u0131r.\",\"breadcrumb\":{\"@id\":\"https:\\\/\\\/e-marineeducation.com\\\/tr\\\/dizel-veya-gaz-turbini-birlesimi-combined-diesel-or-gas-codog\\\/#breadcrumb\"},\"inLanguage\":\"tr\",\"potentialAction\":[{\"@type\":\"ReadAction\",\"target\":[\"https:\\\/\\\/e-marineeducation.com\\\/tr\\\/dizel-veya-gaz-turbini-birlesimi-combined-diesel-or-gas-codog\\\/\"]}]},{\"@type\":\"ImageObject\",\"inLanguage\":\"tr\",\"@id\":\"https:\\\/\\\/e-marineeducation.com\\\/tr\\\/dizel-veya-gaz-turbini-birlesimi-combined-diesel-or-gas-codog\\\/#primaryimage\",\"url\":\"https:\\\/\\\/e-marineeducation.com\\\/tr\\\/wp-content\\\/uploads\\\/Dizel-veya-Gaz-T\u00fcrbini-Birle\u015fimi-Simge.png\",\"contentUrl\":\"https:\\\/\\\/e-marineeducation.com\\\/tr\\\/wp-content\\\/uploads\\\/Dizel-veya-Gaz-T\u00fcrbini-Birle\u015fimi-Simge.png\",\"width\":\"74\",\"height\":\"74\"},{\"@type\":\"BreadcrumbList\",\"@id\":\"https:\\\/\\\/e-marineeducation.com\\\/tr\\\/dizel-veya-gaz-turbini-birlesimi-combined-diesel-or-gas-codog\\\/#breadcrumb\",\"itemListElement\":[{\"@type\":\"ListItem\",\"position\":1,\"name\":\"Ana sayfa\",\"item\":\"https:\\\/\\\/e-marineeducation.com\\\/tr\\\/\"},{\"@type\":\"ListItem\",\"position\":2,\"name\":\"Dizel veya Gaz T\u00fcrbini Birle\u015fimi \\\/ Combined Diesel or Gas (CODOG)\"}]},{\"@type\":\"WebSite\",\"@id\":\"https:\\\/\\\/e-marineeducation.com\\\/tr\\\/#website\",\"url\":\"https:\\\/\\\/e-marineeducation.com\\\/tr\\\/\",\"name\":\"e-MarineEducation.com\",\"description\":\"Denizcilik E\u011fitimine Yeni Bir Bak\u0131\u015f A\u00e7\u0131s\u0131\",\"potentialAction\":[{\"@type\":\"SearchAction\",\"target\":{\"@type\":\"EntryPoint\",\"urlTemplate\":\"https:\\\/\\\/e-marineeducation.com\\\/tr\\\/?s={search_term_string}\"},\"query-input\":{\"@type\":\"PropertyValueSpecification\",\"valueRequired\":true,\"valueName\":\"search_term_string\"}}],\"inLanguage\":\"tr\"}]}<\/script>\n<!-- \/ Yoast SEO plugin. -->","yoast_head_json":{"title":"Dizel veya Gaz T\u00fcrbini Birle\u015fimi \/ Combined Diesel or Gas (CODOG) - e-MarineEducation.com","description":"Gemi dizel ana makine uygulamalar\u0131ndan \"CODOG Sistemi\"nin a\u00e7\u0131kland\u0131\u011f\u0131 sayfad\u0131r.","robots":{"index":"index","follow":"follow","max-snippet":"max-snippet:-1","max-image-preview":"max-image-preview:large","max-video-preview":"max-video-preview:-1"},"canonical":"https:\/\/e-marineeducation.com\/tr\/dizel-veya-gaz-turbini-birlesimi-combined-diesel-or-gas-codog\/","og_locale":"tr_TR","og_type":"article","og_title":"Dizel veya Gaz T\u00fcrbini Birle\u015fimi \/ Combined Diesel or Gas (CODOG) - e-MarineEducation.com","og_description":"Gemi dizel ana makine uygulamalar\u0131ndan \"CODOG Sistemi\"nin a\u00e7\u0131kland\u0131\u011f\u0131 sayfad\u0131r.","og_url":"https:\/\/e-marineeducation.com\/tr\/dizel-veya-gaz-turbini-birlesimi-combined-diesel-or-gas-codog\/","og_site_name":"e-MarineEducation.com","article_modified_time":"2012-08-26T21:11:06+00:00","og_image":[{"width":74,"height":74,"url":"https:\/\/e-marineeducation.com\/tr\/wp-content\/uploads\/Dizel-veya-Gaz-T\u00fcrbini-Birle\u015fimi-Simge.png","type":"image\/png"}],"twitter_card":"summary_large_image","twitter_misc":{"Tahmini okuma s\u00fcresi":"1 dakika"},"schema":{"@context":"https:\/\/schema.org","@graph":[{"@type":"WebPage","@id":"https:\/\/e-marineeducation.com\/tr\/dizel-veya-gaz-turbini-birlesimi-combined-diesel-or-gas-codog\/","url":"https:\/\/e-marineeducation.com\/tr\/dizel-veya-gaz-turbini-birlesimi-combined-diesel-or-gas-codog\/","name":"Dizel veya Gaz T\u00fcrbini Birle\u015fimi \/ Combined Diesel or Gas (CODOG) - e-MarineEducation.com","isPartOf":{"@id":"https:\/\/e-marineeducation.com\/tr\/#website"},"primaryImageOfPage":{"@id":"https:\/\/e-marineeducation.com\/tr\/dizel-veya-gaz-turbini-birlesimi-combined-diesel-or-gas-codog\/#primaryimage"},"image":{"@id":"https:\/\/e-marineeducation.com\/tr\/dizel-veya-gaz-turbini-birlesimi-combined-diesel-or-gas-codog\/#primaryimage"},"thumbnailUrl":"https:\/\/e-marineeducation.com\/tr\/wp-content\/uploads\/Dizel-veya-Gaz-T\u00fcrbini-Birle\u015fimi-Simge.png","datePublished":"2012-02-13T19:33:05+00:00","dateModified":"2012-08-26T21:11:06+00:00","description":"Gemi dizel ana makine uygulamalar\u0131ndan \"CODOG Sistemi\"nin a\u00e7\u0131kland\u0131\u011f\u0131 sayfad\u0131r.","breadcrumb":{"@id":"https:\/\/e-marineeducation.com\/tr\/dizel-veya-gaz-turbini-birlesimi-combined-diesel-or-gas-codog\/#breadcrumb"},"inLanguage":"tr","potentialAction":[{"@type":"ReadAction","target":["https:\/\/e-marineeducation.com\/tr\/dizel-veya-gaz-turbini-birlesimi-combined-diesel-or-gas-codog\/"]}]},{"@type":"ImageObject","inLanguage":"tr","@id":"https:\/\/e-marineeducation.com\/tr\/dizel-veya-gaz-turbini-birlesimi-combined-diesel-or-gas-codog\/#primaryimage","url":"https:\/\/e-marineeducation.com\/tr\/wp-content\/uploads\/Dizel-veya-Gaz-T\u00fcrbini-Birle\u015fimi-Simge.png","contentUrl":"https:\/\/e-marineeducation.com\/tr\/wp-content\/uploads\/Dizel-veya-Gaz-T\u00fcrbini-Birle\u015fimi-Simge.png","width":"74","height":"74"},{"@type":"BreadcrumbList","@id":"https:\/\/e-marineeducation.com\/tr\/dizel-veya-gaz-turbini-birlesimi-combined-diesel-or-gas-codog\/#breadcrumb","itemListElement":[{"@type":"ListItem","position":1,"name":"Ana sayfa","item":"https:\/\/e-marineeducation.com\/tr\/"},{"@type":"ListItem","position":2,"name":"Dizel veya Gaz T\u00fcrbini Birle\u015fimi \/ Combined Diesel or Gas (CODOG)"}]},{"@type":"WebSite","@id":"https:\/\/e-marineeducation.com\/tr\/#website","url":"https:\/\/e-marineeducation.com\/tr\/","name":"e-MarineEducation.com","description":"Denizcilik E\u011fitimine Yeni Bir Bak\u0131\u015f A\u00e7\u0131s\u0131","potentialAction":[{"@type":"SearchAction","target":{"@type":"EntryPoint","urlTemplate":"https:\/\/e-marineeducation.com\/tr\/?s={search_term_string}"},"query-input":{"@type":"PropertyValueSpecification","valueRequired":true,"valueName":"search_term_string"}}],"inLanguage":"tr"}]}},"_links":{"self":[{"href":"https:\/\/e-marineeducation.com\/tr\/wp-json\/wp\/v2\/pages\/3945","targetHints":{"allow":["GET"]}}],"collection":[{"href":"https:\/\/e-marineeducation.com\/tr\/wp-json\/wp\/v2\/pages"}],"about":[{"href":"https:\/\/e-marineeducation.com\/tr\/wp-json\/wp\/v2\/types\/page"}],"author":[{"embeddable":true,"href":"https:\/\/e-marineeducation.com\/tr\/wp-json\/wp\/v2\/users\/1"}],"replies":[{"embeddable":true,"href":"https:\/\/e-marineeducation.com\/tr\/wp-json\/wp\/v2\/comments?post=3945"}],"version-history":[{"count":0,"href":"https:\/\/e-marineeducation.com\/tr\/wp-json\/wp\/v2\/pages\/3945\/revisions"}],"wp:featuredmedia":[{"embeddable":true,"href":"https:\/\/e-marineeducation.com\/tr\/wp-json\/wp\/v2\/media\/3950"}],"wp:attachment":[{"href":"https:\/\/e-marineeducation.com\/tr\/wp-json\/wp\/v2\/media?parent=3945"}],"curies":[{"name":"wp","href":"https:\/\/api.w.org\/{rel}","templated":true}]}}