

{"id":3935,"date":"2012-02-13T17:45:27","date_gmt":"2012-02-13T15:45:27","guid":{"rendered":"https:\/\/e-marineeducation.com\/tr\/?page_id=3935"},"modified":"2012-08-27T00:12:05","modified_gmt":"2012-08-26T21:12:05","slug":"dogrudan-baglanti-direct-drive","status":"publish","type":"page","link":"https:\/\/e-marineeducation.com\/tr\/dogrudan-baglanti-direct-drive\/","title":{"rendered":"Do\u011frudan Ba\u011flant\u0131 \/ Direct Drive"},"content":{"rendered":"<table style=\"width: 630px;\" border=\"0\">\n<tbody>\n<tr>\n<td width=\"264\" height=\"67\"><a href=\"https:\/\/e-marineeducation.com\/tr?wp_ct=179\" target=\"_blank\"><img loading=\"lazy\" decoding=\"async\" src=\"https:\/\/e-marineeducation.com\/tr\/wp-content\/uploads\/Aybars-Oru\u00e7-e-egitim.png\" alt=\"\" width=\"264\" height=\"65\" border=\"0\" \/><\/a><\/td>\n<td valign=\"middle\" width=\"246\" height=\"67\">\n<p align=\"right\"><strong>Ana Makineler<\/strong> sayfas\u0131na, <span style=\"text-decoration: underline; color: #3366cc;\"><strong> <a href=\"https:\/\/e-marineeducation.com\/tr\/gemi-ana-makineleri\/\"><span style=\"color: #3366cc; text-decoration: underline;\">Geri D\u00f6n<\/span><\/a><\/strong><\/span><\/p>\n<\/td>\n<td width=\"80\" height=\"67\"><a href=\"https:\/\/e-marineeducation.com\/tr\/gemi-pervaneleri\/\"><img loading=\"lazy\" decoding=\"async\" src=\"https:\/\/e-marineeducation.com\/tr\/wp-content\/uploads\/geri-d\u00f6n.png\" alt=\"\" width=\"74\" height=\"65\" align=\"right\" border=\"0\" \/><\/a><\/td>\n<\/tr>\n<tr>\n<td colspan=\"3\" width=\"590\"><\/td>\n<\/tr>\n<\/tbody>\n<\/table>\n<p>&nbsp;<\/p>\n<p style=\"text-align: justify;\">Ticaret gemilerinde en \u00e7ok kullan\u0131lan uygulama y\u00f6ntemidir. Bu uygulamada genellikle d\u00fc\u015f\u00fck h\u0131zdaki dizel makineler kullan\u0131l\u0131r. Y\u00fcksek h\u0131zda dizel makinesi konulacaksa sisteme bir reduction gear (Devir d\u00fc\u015f\u00fcr\u00fcc\u00fc) ilave edilir.<\/p>\n<table style=\"height: 20px;\" border=\"0\">\n<tbody>\n<tr>\n<td><\/td>\n<\/tr>\n<\/tbody>\n<\/table>\n<figure id=\"attachment_3892\" aria-describedby=\"caption-attachment-3892\" style=\"width: 336px\" class=\"wp-caption aligncenter\"><img loading=\"lazy\" decoding=\"async\" class=\"size-full wp-image-3892\" title=\"Do\u011frudan Ba\u011flant\u0131\" src=\"https:\/\/e-marineeducation.com\/tr\/wp-content\/uploads\/Do\u011frudan-Ba\u011flant\u0131.png\" alt=\"\" width=\"336\" height=\"162\" srcset=\"https:\/\/e-marineeducation.com\/tr\/wp-content\/uploads\/Do\u011frudan-Ba\u011flant\u0131.png 336w, https:\/\/e-marineeducation.com\/tr\/wp-content\/uploads\/Do\u011frudan-Ba\u011flant\u0131-150x72.png 150w, https:\/\/e-marineeducation.com\/tr\/wp-content\/uploads\/Do\u011frudan-Ba\u011flant\u0131-300x144.png 300w\" sizes=\"auto, (max-width: 336px) 100vw, 336px\" \/><figcaption id=\"caption-attachment-3892\" class=\"wp-caption-text\">Do\u011frudan Ba\u011flant\u0131<\/figcaption><\/figure>\n","protected":false},"excerpt":{"rendered":"<p>Ana Makineler sayfas\u0131na, Geri D\u00f6n &nbsp; Ticaret gemilerinde en \u00e7ok kullan\u0131lan uygulama y\u00f6ntemidir. Bu uygulamada genellikle d\u00fc\u015f\u00fck h\u0131zdaki dizel makineler kullan\u0131l\u0131r. Y\u00fcksek h\u0131zda dizel makinesi konulacaksa sisteme bir reduction gear (Devir d\u00fc\u015f\u00fcr\u00fcc\u00fc) ilave edilir.<\/p>\n","protected":false},"author":1,"featured_media":3937,"parent":0,"menu_order":0,"comment_status":"open","ping_status":"open","template":"","meta":{"_acf_changed":false,"_bbp_topic_count":0,"_bbp_reply_count":0,"_bbp_total_topic_count":0,"_bbp_total_reply_count":0,"_bbp_voice_count":0,"_bbp_anonymous_reply_count":0,"_bbp_topic_count_hidden":0,"_bbp_reply_count_hidden":0,"_bbp_forum_subforum_count":0,"footnotes":""},"class_list":["post-3935","page","type-page","status-publish","has-post-thumbnail",""],"acf":[],"yoast_head":"<!-- This site is optimized with the Yoast SEO plugin v27.4 - https:\/\/yoast.com\/product\/yoast-seo-wordpress\/ -->\n<title>Do\u011frudan Ba\u011flant\u0131 \/ Direct Drive - e-MarineEducation.com<\/title>\n<meta name=\"description\" content=\"Gemi dizel ana makine uygulamalar\u0131ndan &quot;Do\u011frudan Ba\u011flant\u0131&quot;n\u0131n a\u00e7\u0131kland\u0131\u011f\u0131 sayfad\u0131r.\" \/>\n<meta name=\"robots\" content=\"index, follow, max-snippet:-1, max-image-preview:large, max-video-preview:-1\" \/>\n<link rel=\"canonical\" href=\"https:\/\/e-marineeducation.com\/tr\/dogrudan-baglanti-direct-drive\/\" \/>\n<meta property=\"og:locale\" content=\"tr_TR\" \/>\n<meta property=\"og:type\" content=\"article\" \/>\n<meta property=\"og:title\" content=\"Do\u011frudan Ba\u011flant\u0131 \/ Direct Drive - e-MarineEducation.com\" \/>\n<meta property=\"og:description\" content=\"Gemi dizel ana makine uygulamalar\u0131ndan &quot;Do\u011frudan Ba\u011flant\u0131&quot;n\u0131n a\u00e7\u0131kland\u0131\u011f\u0131 sayfad\u0131r.\" \/>\n<meta property=\"og:url\" content=\"https:\/\/e-marineeducation.com\/tr\/dogrudan-baglanti-direct-drive\/\" \/>\n<meta property=\"og:site_name\" content=\"e-MarineEducation.com\" \/>\n<meta property=\"article:modified_time\" content=\"2012-08-26T21:12:05+00:00\" \/>\n<meta property=\"og:image\" content=\"https:\/\/e-marineeducation.com\/tr\/wp-content\/uploads\/Do\u011frudan-Ba\u011flant\u0131-Simge.png\" \/>\n\t<meta property=\"og:image:width\" content=\"74\" \/>\n\t<meta property=\"og:image:height\" content=\"74\" \/>\n\t<meta property=\"og:image:type\" content=\"image\/png\" \/>\n<meta name=\"twitter:card\" content=\"summary_large_image\" \/>\n<script type=\"application\/ld+json\" class=\"yoast-schema-graph\">{\"@context\":\"https:\\\/\\\/schema.org\",\"@graph\":[{\"@type\":\"WebPage\",\"@id\":\"https:\\\/\\\/e-marineeducation.com\\\/tr\\\/dogrudan-baglanti-direct-drive\\\/\",\"url\":\"https:\\\/\\\/e-marineeducation.com\\\/tr\\\/dogrudan-baglanti-direct-drive\\\/\",\"name\":\"Do\u011frudan Ba\u011flant\u0131 \\\/ Direct Drive - e-MarineEducation.com\",\"isPartOf\":{\"@id\":\"https:\\\/\\\/e-marineeducation.com\\\/tr\\\/#website\"},\"primaryImageOfPage\":{\"@id\":\"https:\\\/\\\/e-marineeducation.com\\\/tr\\\/dogrudan-baglanti-direct-drive\\\/#primaryimage\"},\"image\":{\"@id\":\"https:\\\/\\\/e-marineeducation.com\\\/tr\\\/dogrudan-baglanti-direct-drive\\\/#primaryimage\"},\"thumbnailUrl\":\"https:\\\/\\\/e-marineeducation.com\\\/tr\\\/wp-content\\\/uploads\\\/Do\u011frudan-Ba\u011flant\u0131-Simge.png\",\"datePublished\":\"2012-02-13T15:45:27+00:00\",\"dateModified\":\"2012-08-26T21:12:05+00:00\",\"description\":\"Gemi dizel ana makine uygulamalar\u0131ndan \\\"Do\u011frudan Ba\u011flant\u0131\\\"n\u0131n a\u00e7\u0131kland\u0131\u011f\u0131 sayfad\u0131r.\",\"breadcrumb\":{\"@id\":\"https:\\\/\\\/e-marineeducation.com\\\/tr\\\/dogrudan-baglanti-direct-drive\\\/#breadcrumb\"},\"inLanguage\":\"tr\",\"potentialAction\":[{\"@type\":\"ReadAction\",\"target\":[\"https:\\\/\\\/e-marineeducation.com\\\/tr\\\/dogrudan-baglanti-direct-drive\\\/\"]}]},{\"@type\":\"ImageObject\",\"inLanguage\":\"tr\",\"@id\":\"https:\\\/\\\/e-marineeducation.com\\\/tr\\\/dogrudan-baglanti-direct-drive\\\/#primaryimage\",\"url\":\"https:\\\/\\\/e-marineeducation.com\\\/tr\\\/wp-content\\\/uploads\\\/Do\u011frudan-Ba\u011flant\u0131-Simge.png\",\"contentUrl\":\"https:\\\/\\\/e-marineeducation.com\\\/tr\\\/wp-content\\\/uploads\\\/Do\u011frudan-Ba\u011flant\u0131-Simge.png\",\"width\":\"74\",\"height\":\"74\"},{\"@type\":\"BreadcrumbList\",\"@id\":\"https:\\\/\\\/e-marineeducation.com\\\/tr\\\/dogrudan-baglanti-direct-drive\\\/#breadcrumb\",\"itemListElement\":[{\"@type\":\"ListItem\",\"position\":1,\"name\":\"Ana sayfa\",\"item\":\"https:\\\/\\\/e-marineeducation.com\\\/tr\\\/\"},{\"@type\":\"ListItem\",\"position\":2,\"name\":\"Do\u011frudan Ba\u011flant\u0131 \\\/ Direct Drive\"}]},{\"@type\":\"WebSite\",\"@id\":\"https:\\\/\\\/e-marineeducation.com\\\/tr\\\/#website\",\"url\":\"https:\\\/\\\/e-marineeducation.com\\\/tr\\\/\",\"name\":\"e-MarineEducation.com\",\"description\":\"Denizcilik E\u011fitimine Yeni Bir Bak\u0131\u015f A\u00e7\u0131s\u0131\",\"potentialAction\":[{\"@type\":\"SearchAction\",\"target\":{\"@type\":\"EntryPoint\",\"urlTemplate\":\"https:\\\/\\\/e-marineeducation.com\\\/tr\\\/?s={search_term_string}\"},\"query-input\":{\"@type\":\"PropertyValueSpecification\",\"valueRequired\":true,\"valueName\":\"search_term_string\"}}],\"inLanguage\":\"tr\"}]}<\/script>\n<!-- \/ Yoast SEO plugin. -->","yoast_head_json":{"title":"Do\u011frudan Ba\u011flant\u0131 \/ Direct Drive - e-MarineEducation.com","description":"Gemi dizel ana makine uygulamalar\u0131ndan \"Do\u011frudan Ba\u011flant\u0131\"n\u0131n a\u00e7\u0131kland\u0131\u011f\u0131 sayfad\u0131r.","robots":{"index":"index","follow":"follow","max-snippet":"max-snippet:-1","max-image-preview":"max-image-preview:large","max-video-preview":"max-video-preview:-1"},"canonical":"https:\/\/e-marineeducation.com\/tr\/dogrudan-baglanti-direct-drive\/","og_locale":"tr_TR","og_type":"article","og_title":"Do\u011frudan Ba\u011flant\u0131 \/ Direct Drive - e-MarineEducation.com","og_description":"Gemi dizel ana makine uygulamalar\u0131ndan \"Do\u011frudan Ba\u011flant\u0131\"n\u0131n a\u00e7\u0131kland\u0131\u011f\u0131 sayfad\u0131r.","og_url":"https:\/\/e-marineeducation.com\/tr\/dogrudan-baglanti-direct-drive\/","og_site_name":"e-MarineEducation.com","article_modified_time":"2012-08-26T21:12:05+00:00","og_image":[{"width":74,"height":74,"url":"https:\/\/e-marineeducation.com\/tr\/wp-content\/uploads\/Do\u011frudan-Ba\u011flant\u0131-Simge.png","type":"image\/png"}],"twitter_card":"summary_large_image","schema":{"@context":"https:\/\/schema.org","@graph":[{"@type":"WebPage","@id":"https:\/\/e-marineeducation.com\/tr\/dogrudan-baglanti-direct-drive\/","url":"https:\/\/e-marineeducation.com\/tr\/dogrudan-baglanti-direct-drive\/","name":"Do\u011frudan Ba\u011flant\u0131 \/ Direct Drive - e-MarineEducation.com","isPartOf":{"@id":"https:\/\/e-marineeducation.com\/tr\/#website"},"primaryImageOfPage":{"@id":"https:\/\/e-marineeducation.com\/tr\/dogrudan-baglanti-direct-drive\/#primaryimage"},"image":{"@id":"https:\/\/e-marineeducation.com\/tr\/dogrudan-baglanti-direct-drive\/#primaryimage"},"thumbnailUrl":"https:\/\/e-marineeducation.com\/tr\/wp-content\/uploads\/Do\u011frudan-Ba\u011flant\u0131-Simge.png","datePublished":"2012-02-13T15:45:27+00:00","dateModified":"2012-08-26T21:12:05+00:00","description":"Gemi dizel ana makine uygulamalar\u0131ndan \"Do\u011frudan Ba\u011flant\u0131\"n\u0131n a\u00e7\u0131kland\u0131\u011f\u0131 sayfad\u0131r.","breadcrumb":{"@id":"https:\/\/e-marineeducation.com\/tr\/dogrudan-baglanti-direct-drive\/#breadcrumb"},"inLanguage":"tr","potentialAction":[{"@type":"ReadAction","target":["https:\/\/e-marineeducation.com\/tr\/dogrudan-baglanti-direct-drive\/"]}]},{"@type":"ImageObject","inLanguage":"tr","@id":"https:\/\/e-marineeducation.com\/tr\/dogrudan-baglanti-direct-drive\/#primaryimage","url":"https:\/\/e-marineeducation.com\/tr\/wp-content\/uploads\/Do\u011frudan-Ba\u011flant\u0131-Simge.png","contentUrl":"https:\/\/e-marineeducation.com\/tr\/wp-content\/uploads\/Do\u011frudan-Ba\u011flant\u0131-Simge.png","width":"74","height":"74"},{"@type":"BreadcrumbList","@id":"https:\/\/e-marineeducation.com\/tr\/dogrudan-baglanti-direct-drive\/#breadcrumb","itemListElement":[{"@type":"ListItem","position":1,"name":"Ana sayfa","item":"https:\/\/e-marineeducation.com\/tr\/"},{"@type":"ListItem","position":2,"name":"Do\u011frudan Ba\u011flant\u0131 \/ Direct Drive"}]},{"@type":"WebSite","@id":"https:\/\/e-marineeducation.com\/tr\/#website","url":"https:\/\/e-marineeducation.com\/tr\/","name":"e-MarineEducation.com","description":"Denizcilik E\u011fitimine Yeni Bir Bak\u0131\u015f A\u00e7\u0131s\u0131","potentialAction":[{"@type":"SearchAction","target":{"@type":"EntryPoint","urlTemplate":"https:\/\/e-marineeducation.com\/tr\/?s={search_term_string}"},"query-input":{"@type":"PropertyValueSpecification","valueRequired":true,"valueName":"search_term_string"}}],"inLanguage":"tr"}]}},"_links":{"self":[{"href":"https:\/\/e-marineeducation.com\/tr\/wp-json\/wp\/v2\/pages\/3935","targetHints":{"allow":["GET"]}}],"collection":[{"href":"https:\/\/e-marineeducation.com\/tr\/wp-json\/wp\/v2\/pages"}],"about":[{"href":"https:\/\/e-marineeducation.com\/tr\/wp-json\/wp\/v2\/types\/page"}],"author":[{"embeddable":true,"href":"https:\/\/e-marineeducation.com\/tr\/wp-json\/wp\/v2\/users\/1"}],"replies":[{"embeddable":true,"href":"https:\/\/e-marineeducation.com\/tr\/wp-json\/wp\/v2\/comments?post=3935"}],"version-history":[{"count":0,"href":"https:\/\/e-marineeducation.com\/tr\/wp-json\/wp\/v2\/pages\/3935\/revisions"}],"wp:featuredmedia":[{"embeddable":true,"href":"https:\/\/e-marineeducation.com\/tr\/wp-json\/wp\/v2\/media\/3937"}],"wp:attachment":[{"href":"https:\/\/e-marineeducation.com\/tr\/wp-json\/wp\/v2\/media?parent=3935"}],"curies":[{"name":"wp","href":"https:\/\/api.w.org\/{rel}","templated":true}]}}