

{"id":3925,"date":"2012-02-13T03:10:02","date_gmt":"2012-02-13T01:10:02","guid":{"rendered":"https:\/\/e-marineeducation.com\/tr\/?page_id=3925"},"modified":"2012-08-27T00:12:27","modified_gmt":"2012-08-26T21:12:27","slug":"gemi-ana-makine-uygulamalari","status":"publish","type":"page","link":"https:\/\/e-marineeducation.com\/tr\/gemi-ana-makine-uygulamalari\/","title":{"rendered":"Gemi Ana Makine Uygulamalar\u0131"},"content":{"rendered":"<table style=\"width: 630px;\" border=\"0\">\n<tbody>\n<tr>\n<td width=\"264\" height=\"67\"><a href=\"https:\/\/e-marineeducation.com\/tr?wp_ct=179\" target=\"_blank\"><img loading=\"lazy\" decoding=\"async\" src=\"https:\/\/e-marineeducation.com\/tr\/wp-content\/uploads\/Aybars-Oru\u00e7-e-egitim.png\" alt=\"\" width=\"264\" height=\"65\" border=\"0\" \/><\/a><\/td>\n<td valign=\"middle\" width=\"246\" height=\"67\">\n<p align=\"right\"><strong>Ana Makineler<\/strong> sayfas\u0131na, <span style=\"text-decoration: underline; color: #3366cc;\"><strong> <a href=\"https:\/\/e-marineeducation.com\/tr\/gemi-ana-makineleri\/\"><span style=\"color: #3366cc; text-decoration: underline;\">Geri D\u00f6n<\/span><\/a><\/strong><\/span><\/p>\n<\/td>\n<td width=\"80\" height=\"67\"><a href=\"https:\/\/e-marineeducation.com\/tr\/gemi-pervaneleri\/\"><img loading=\"lazy\" decoding=\"async\" src=\"https:\/\/e-marineeducation.com\/tr\/wp-content\/uploads\/geri-d\u00f6n.png\" alt=\"\" width=\"74\" height=\"65\" align=\"right\" border=\"0\" \/><\/a><\/td>\n<\/tr>\n<tr>\n<td colspan=\"3\" width=\"590\"><\/td>\n<\/tr>\n<\/tbody>\n<\/table>\n<p style=\"text-align: justify;\">Dizel ana makineler gemilerde farkl\u0131 \u015fekillerde uygulan\u0131r. Uygulama bi\u00e7imini ise geminin tipi, ihtiya\u00e7 duyulan g\u00fc\u00e7, h\u0131z gibi etmenler belirler. Genel olarak ifade edersek dizel ana makineler alt\u0131 (6) farkl\u0131 bi\u00e7imde gemilere uygulan\u0131r. Bunlar:<\/p>\n<table style=\"width: 118px; height: 23px;\" border=\"0\">\n<tbody>\n<tr>\n<td><\/td>\n<\/tr>\n<\/tbody>\n<\/table>\n<p><strong>1.<\/strong> Do\u011frudan Ba\u011flant\u0131 \/ Direct Drive &#8211; <span style=\"text-decoration: underline;\"><span style=\"color: #3366cc; text-decoration: underline;\"><strong><a href=\"https:\/\/e-marineeducation.com\/tr\/dogrudan-baglanti-direct-drive\/\"><span style=\"color: #3366cc; text-decoration: underline;\"><em>Detay<\/em><\/span><\/a><\/strong><\/span><\/span><\/p>\n<p><strong>2.<\/strong> Dizel veya Gaz T\u00fcrbini Birle\u015fimi \/ Combined Diesel or Gas (CODOG) &#8211; <span style=\"text-decoration: underline;\"><span style=\"color: #3366cc;\"><strong><em><a href=\"https:\/\/e-marineeducation.com\/tr\/dizel-veya-gaz-turbini-birlesimi-combined-diesel-or-gas-codog\/\"><span style=\"color: #3366cc; text-decoration: underline;\">Detay<\/span><\/a><\/em><\/strong><\/span><\/span><\/p>\n<p><strong>3. <\/strong>Dizel ve Gaz T\u00fcrbini Birle\u015fimi \/ Combined Diesel and Gas (CODAG) &#8211; <span style=\"text-decoration: underline; color: #3366cc;\"><a href=\"https:\/\/e-marineeducation.com\/tr\/dizel-ve-gaz-turbini-birlesimi-combined-diesel-and-gas-codag\/\"><span style=\"color: #3366cc; text-decoration: underline;\"><em><strong>Detay<\/strong><\/em><\/span><\/a><\/span><\/p>\n<p><strong>4.<\/strong> Dizel-Elektrik ve Gaz T\u00fcrbini Birle\u015fimi \/ Combined Diesel-Electric and Gas (CODLAG) &#8211; <span style=\"text-decoration: underline;\"><span style=\"color: #3366cc;\"><strong><em><a href=\"https:\/\/e-marineeducation.com\/tr\/dizel-elektrik-ve-gaz-turbini-birlesimi-combined-diesel-electric-and-gas-codlag\/\"><span style=\"color: #3366cc; text-decoration: underline;\">Detay<\/span><\/a><\/em><\/strong><\/span><\/span><\/p>\n<p><strong>5.<\/strong> Dizel-Elektrik Birle\u015fimi \/ Combined Diesel-Electric Propulsion &#8211; <span style=\"text-decoration: underline;\"><strong><span style=\"color: #3366cc;\"><em><a href=\"https:\/\/e-marineeducation.com\/tr\/dizel-elektrik-birlesimi-combined-diesel-electric-propulsion\/\"><span style=\"color: #3366cc; text-decoration: underline;\">Detay<\/span><\/a><\/em><\/span><\/strong><\/span><\/p>\n<p><strong>6.<\/strong> Sadece Dizel Ana Makine Kullan\u0131lan Uygulamalar &#8211; <span style=\"color: #3366cc;\"><strong><em><a href=\"https:\/\/e-marineeducation.com\/tr\/sadece-dizel-ana-makine-kullanilan-uygulamalar\/\"><span style=\"color: #3366cc;\">Detay<\/span><\/a><\/em><\/strong><\/span><\/p>\n<table style=\"height: 20px;\" border=\"0\">\n<tbody>\n<tr>\n<td><\/td>\n<\/tr>\n<\/tbody>\n<\/table>\n<p style=\"text-align: justify;\">Gemilerde yukar\u0131da say\u0131lan dizel makinelerle olu\u015fturulanlar\u0131n haricinde farkl\u0131 tahrik sistemi uygulamar\u0131 da mevcuttur. Bunlara \u00f6rnek olarak a\u015fa\u011f\u0131daki sistemleri s\u00f6yleyebiliriz.<\/p>\n<table style=\"height: 20px;\" border=\"0\">\n<tbody>\n<tr>\n<td><\/td>\n<\/tr>\n<\/tbody>\n<\/table>\n<p><strong>1.<\/strong> Buhar T\u00fcrbini ve Gaz T\u00fcrbini Birle\u015fimi \/ Combined Steam and Gas (COSAG)<\/p>\n<p><strong>2.<\/strong> Gaz T\u00fcrbini veya Gaz T\u00fcrbini Birle\u015fimi \/ Combined Gas or Gas (COGOG)<\/p>\n<p><strong>3.<\/strong> Gaz T\u00fcrbini ve Gaz T\u00fcrbini Birle\u015fimi \/ Combined Gas and Gas (COGAG)<\/p>\n<p><strong>4.<\/strong> Gaz T\u00fcrbini ve Buhar T\u00fcrbini Birle\u015fimi \/ Combined Gas and Steam (COGAS)<\/p>\n<p><strong>5.<\/strong> N\u00fckleer ve Buhar T\u00fcrbini Birle\u015fimi \/ Combined Nuclear and Steam Propulsion (CONAS)<\/p>\n","protected":false},"excerpt":{"rendered":"<p>Ana Makineler sayfas\u0131na, Geri D\u00f6n Dizel ana makineler gemilerde farkl\u0131 \u015fekillerde uygulan\u0131r. Uygulama bi\u00e7imini ise geminin tipi, ihtiya\u00e7 duyulan g\u00fc\u00e7, h\u0131z gibi etmenler belirler. Genel olarak ifade edersek dizel ana makineler alt\u0131 (6) farkl\u0131 bi\u00e7imde gemilere uygulan\u0131r. Bunlar: 1. Do\u011frudan Ba\u011flant\u0131 \/ Direct Drive &#8211; Detay 2. Dizel veya Gaz T\u00fcrbini Birle\u015fimi \/ Combined Diesel &hellip;<\/p>\n","protected":false},"author":1,"featured_media":3877,"parent":0,"menu_order":0,"comment_status":"open","ping_status":"open","template":"","meta":{"_acf_changed":false,"_bbp_topic_count":0,"_bbp_reply_count":0,"_bbp_total_topic_count":0,"_bbp_total_reply_count":0,"_bbp_voice_count":0,"_bbp_anonymous_reply_count":0,"_bbp_topic_count_hidden":0,"_bbp_reply_count_hidden":0,"_bbp_forum_subforum_count":0,"footnotes":""},"class_list":["post-3925","page","type-page","status-publish","has-post-thumbnail",""],"acf":[],"yoast_head":"<!-- This site is optimized with the Yoast SEO plugin v27.4 - https:\/\/yoast.com\/product\/yoast-seo-wordpress\/ -->\n<title>Gemi Ana Makine Uygulamalar\u0131 - e-MarineEducation.com<\/title>\n<meta name=\"description\" content=\"Gemilerde kullan\u0131lan ana makine tahrik sistemlerinin listelendi\u011fi sayfad\u0131r.\" \/>\n<meta name=\"robots\" content=\"index, follow, max-snippet:-1, max-image-preview:large, max-video-preview:-1\" \/>\n<link rel=\"canonical\" href=\"https:\/\/e-marineeducation.com\/tr\/gemi-ana-makine-uygulamalari\/\" \/>\n<meta property=\"og:locale\" content=\"tr_TR\" \/>\n<meta property=\"og:type\" content=\"article\" \/>\n<meta property=\"og:title\" content=\"Gemi Ana Makine Uygulamalar\u0131 - e-MarineEducation.com\" \/>\n<meta property=\"og:description\" content=\"Gemilerde kullan\u0131lan ana makine tahrik sistemlerinin listelendi\u011fi sayfad\u0131r.\" \/>\n<meta property=\"og:url\" content=\"https:\/\/e-marineeducation.com\/tr\/gemi-ana-makine-uygulamalari\/\" \/>\n<meta property=\"og:site_name\" content=\"e-MarineEducation.com\" \/>\n<meta property=\"article:modified_time\" content=\"2012-08-26T21:12:27+00:00\" \/>\n<meta property=\"og:image\" content=\"https:\/\/e-marineeducation.com\/tr\/wp-content\/uploads\/Ana-Makina.png\" \/>\n\t<meta property=\"og:image:width\" content=\"74\" \/>\n\t<meta property=\"og:image:height\" content=\"74\" \/>\n\t<meta property=\"og:image:type\" content=\"image\/png\" \/>\n<meta name=\"twitter:card\" content=\"summary_large_image\" \/>\n<meta name=\"twitter:label1\" content=\"Tahmini okuma s\u00fcresi\" \/>\n\t<meta name=\"twitter:data1\" content=\"1 dakika\" \/>\n<script type=\"application\/ld+json\" class=\"yoast-schema-graph\">{\"@context\":\"https:\\\/\\\/schema.org\",\"@graph\":[{\"@type\":\"WebPage\",\"@id\":\"https:\\\/\\\/e-marineeducation.com\\\/tr\\\/gemi-ana-makine-uygulamalari\\\/\",\"url\":\"https:\\\/\\\/e-marineeducation.com\\\/tr\\\/gemi-ana-makine-uygulamalari\\\/\",\"name\":\"Gemi Ana Makine Uygulamalar\u0131 - e-MarineEducation.com\",\"isPartOf\":{\"@id\":\"https:\\\/\\\/e-marineeducation.com\\\/tr\\\/#website\"},\"primaryImageOfPage\":{\"@id\":\"https:\\\/\\\/e-marineeducation.com\\\/tr\\\/gemi-ana-makine-uygulamalari\\\/#primaryimage\"},\"image\":{\"@id\":\"https:\\\/\\\/e-marineeducation.com\\\/tr\\\/gemi-ana-makine-uygulamalari\\\/#primaryimage\"},\"thumbnailUrl\":\"https:\\\/\\\/e-marineeducation.com\\\/tr\\\/wp-content\\\/uploads\\\/Ana-Makina.png\",\"datePublished\":\"2012-02-13T01:10:02+00:00\",\"dateModified\":\"2012-08-26T21:12:27+00:00\",\"description\":\"Gemilerde kullan\u0131lan ana makine tahrik sistemlerinin listelendi\u011fi sayfad\u0131r.\",\"breadcrumb\":{\"@id\":\"https:\\\/\\\/e-marineeducation.com\\\/tr\\\/gemi-ana-makine-uygulamalari\\\/#breadcrumb\"},\"inLanguage\":\"tr\",\"potentialAction\":[{\"@type\":\"ReadAction\",\"target\":[\"https:\\\/\\\/e-marineeducation.com\\\/tr\\\/gemi-ana-makine-uygulamalari\\\/\"]}]},{\"@type\":\"ImageObject\",\"inLanguage\":\"tr\",\"@id\":\"https:\\\/\\\/e-marineeducation.com\\\/tr\\\/gemi-ana-makine-uygulamalari\\\/#primaryimage\",\"url\":\"https:\\\/\\\/e-marineeducation.com\\\/tr\\\/wp-content\\\/uploads\\\/Ana-Makina.png\",\"contentUrl\":\"https:\\\/\\\/e-marineeducation.com\\\/tr\\\/wp-content\\\/uploads\\\/Ana-Makina.png\",\"width\":\"74\",\"height\":\"74\"},{\"@type\":\"BreadcrumbList\",\"@id\":\"https:\\\/\\\/e-marineeducation.com\\\/tr\\\/gemi-ana-makine-uygulamalari\\\/#breadcrumb\",\"itemListElement\":[{\"@type\":\"ListItem\",\"position\":1,\"name\":\"Ana sayfa\",\"item\":\"https:\\\/\\\/e-marineeducation.com\\\/tr\\\/\"},{\"@type\":\"ListItem\",\"position\":2,\"name\":\"Gemi Ana Makine Uygulamalar\u0131\"}]},{\"@type\":\"WebSite\",\"@id\":\"https:\\\/\\\/e-marineeducation.com\\\/tr\\\/#website\",\"url\":\"https:\\\/\\\/e-marineeducation.com\\\/tr\\\/\",\"name\":\"e-MarineEducation.com\",\"description\":\"Denizcilik E\u011fitimine Yeni Bir Bak\u0131\u015f A\u00e7\u0131s\u0131\",\"potentialAction\":[{\"@type\":\"SearchAction\",\"target\":{\"@type\":\"EntryPoint\",\"urlTemplate\":\"https:\\\/\\\/e-marineeducation.com\\\/tr\\\/?s={search_term_string}\"},\"query-input\":{\"@type\":\"PropertyValueSpecification\",\"valueRequired\":true,\"valueName\":\"search_term_string\"}}],\"inLanguage\":\"tr\"}]}<\/script>\n<!-- \/ Yoast SEO plugin. -->","yoast_head_json":{"title":"Gemi Ana Makine Uygulamalar\u0131 - e-MarineEducation.com","description":"Gemilerde kullan\u0131lan ana makine tahrik sistemlerinin listelendi\u011fi sayfad\u0131r.","robots":{"index":"index","follow":"follow","max-snippet":"max-snippet:-1","max-image-preview":"max-image-preview:large","max-video-preview":"max-video-preview:-1"},"canonical":"https:\/\/e-marineeducation.com\/tr\/gemi-ana-makine-uygulamalari\/","og_locale":"tr_TR","og_type":"article","og_title":"Gemi Ana Makine Uygulamalar\u0131 - e-MarineEducation.com","og_description":"Gemilerde kullan\u0131lan ana makine tahrik sistemlerinin listelendi\u011fi sayfad\u0131r.","og_url":"https:\/\/e-marineeducation.com\/tr\/gemi-ana-makine-uygulamalari\/","og_site_name":"e-MarineEducation.com","article_modified_time":"2012-08-26T21:12:27+00:00","og_image":[{"width":74,"height":74,"url":"https:\/\/e-marineeducation.com\/tr\/wp-content\/uploads\/Ana-Makina.png","type":"image\/png"}],"twitter_card":"summary_large_image","twitter_misc":{"Tahmini okuma s\u00fcresi":"1 dakika"},"schema":{"@context":"https:\/\/schema.org","@graph":[{"@type":"WebPage","@id":"https:\/\/e-marineeducation.com\/tr\/gemi-ana-makine-uygulamalari\/","url":"https:\/\/e-marineeducation.com\/tr\/gemi-ana-makine-uygulamalari\/","name":"Gemi Ana Makine Uygulamalar\u0131 - e-MarineEducation.com","isPartOf":{"@id":"https:\/\/e-marineeducation.com\/tr\/#website"},"primaryImageOfPage":{"@id":"https:\/\/e-marineeducation.com\/tr\/gemi-ana-makine-uygulamalari\/#primaryimage"},"image":{"@id":"https:\/\/e-marineeducation.com\/tr\/gemi-ana-makine-uygulamalari\/#primaryimage"},"thumbnailUrl":"https:\/\/e-marineeducation.com\/tr\/wp-content\/uploads\/Ana-Makina.png","datePublished":"2012-02-13T01:10:02+00:00","dateModified":"2012-08-26T21:12:27+00:00","description":"Gemilerde kullan\u0131lan ana makine tahrik sistemlerinin listelendi\u011fi sayfad\u0131r.","breadcrumb":{"@id":"https:\/\/e-marineeducation.com\/tr\/gemi-ana-makine-uygulamalari\/#breadcrumb"},"inLanguage":"tr","potentialAction":[{"@type":"ReadAction","target":["https:\/\/e-marineeducation.com\/tr\/gemi-ana-makine-uygulamalari\/"]}]},{"@type":"ImageObject","inLanguage":"tr","@id":"https:\/\/e-marineeducation.com\/tr\/gemi-ana-makine-uygulamalari\/#primaryimage","url":"https:\/\/e-marineeducation.com\/tr\/wp-content\/uploads\/Ana-Makina.png","contentUrl":"https:\/\/e-marineeducation.com\/tr\/wp-content\/uploads\/Ana-Makina.png","width":"74","height":"74"},{"@type":"BreadcrumbList","@id":"https:\/\/e-marineeducation.com\/tr\/gemi-ana-makine-uygulamalari\/#breadcrumb","itemListElement":[{"@type":"ListItem","position":1,"name":"Ana sayfa","item":"https:\/\/e-marineeducation.com\/tr\/"},{"@type":"ListItem","position":2,"name":"Gemi Ana Makine Uygulamalar\u0131"}]},{"@type":"WebSite","@id":"https:\/\/e-marineeducation.com\/tr\/#website","url":"https:\/\/e-marineeducation.com\/tr\/","name":"e-MarineEducation.com","description":"Denizcilik E\u011fitimine Yeni Bir Bak\u0131\u015f A\u00e7\u0131s\u0131","potentialAction":[{"@type":"SearchAction","target":{"@type":"EntryPoint","urlTemplate":"https:\/\/e-marineeducation.com\/tr\/?s={search_term_string}"},"query-input":{"@type":"PropertyValueSpecification","valueRequired":true,"valueName":"search_term_string"}}],"inLanguage":"tr"}]}},"_links":{"self":[{"href":"https:\/\/e-marineeducation.com\/tr\/wp-json\/wp\/v2\/pages\/3925","targetHints":{"allow":["GET"]}}],"collection":[{"href":"https:\/\/e-marineeducation.com\/tr\/wp-json\/wp\/v2\/pages"}],"about":[{"href":"https:\/\/e-marineeducation.com\/tr\/wp-json\/wp\/v2\/types\/page"}],"author":[{"embeddable":true,"href":"https:\/\/e-marineeducation.com\/tr\/wp-json\/wp\/v2\/users\/1"}],"replies":[{"embeddable":true,"href":"https:\/\/e-marineeducation.com\/tr\/wp-json\/wp\/v2\/comments?post=3925"}],"version-history":[{"count":0,"href":"https:\/\/e-marineeducation.com\/tr\/wp-json\/wp\/v2\/pages\/3925\/revisions"}],"wp:featuredmedia":[{"embeddable":true,"href":"https:\/\/e-marineeducation.com\/tr\/wp-json\/wp\/v2\/media\/3877"}],"wp:attachment":[{"href":"https:\/\/e-marineeducation.com\/tr\/wp-json\/wp\/v2\/media?parent=3925"}],"curies":[{"name":"wp","href":"https:\/\/api.w.org\/{rel}","templated":true}]}}