

{"id":32910,"date":"2023-03-30T04:06:02","date_gmt":"2023-03-30T01:06:02","guid":{"rendered":"https:\/\/e-marineeducation.com\/tr\/?page_id=32910"},"modified":"2023-03-30T04:06:46","modified_gmt":"2023-03-30T01:06:46","slug":"on-gereksinim-calismasi","status":"publish","type":"page","link":"https:\/\/e-marineeducation.com\/tr\/on-gereksinim-calismasi\/","title":{"rendered":"\u00d6n Gereksinim \u00c7al\u0131\u015fmas\u0131"},"content":{"rendered":"<p>A\u015fa\u011f\u0131da yer alan form d\u00fczenlenecek olan denizde siber g\u00fcvenlik e\u011fitimi i\u00e7in beklentilerinizi anlamak amac\u0131yla olu\u015fturulmu\u015ftur. Ayr\u0131ca girdileriniz akademik bir \u00e7al\u0131\u015fma i\u00e7in kullan\u0131lacakt\u0131r. \u0130sim, soyisim, e-posta gibi ki\u015fisel herhangi bir bilginiz talep edilmemektedir.<\/p>\n<p>&nbsp;<\/p>\n<div class='fluentform ff-default fluentform_wrapper_4 ffs_default_wrap'><form data-form_id=\"4\" id=\"fluentform_4\" class=\"frm-fluent-form fluent_form_4 ff-el-form-top ff_form_instance_4_1 ff-form-loading ffs_default\" data-form_instance=\"ff_form_instance_4_1\" method=\"POST\" ><fieldset  style=\"border: none!important;margin: 0!important;padding: 0!important;background-color: transparent!important;box-shadow: none!important;outline: none!important; min-inline-size: 100%;\">\n                    <legend class=\"ff_screen_reader_title\" style=\"display: block; margin: 0!important;padding: 0!important;height: 0!important;text-indent: -999999px;width: 0!important;overflow:hidden;\">Blank Form (#4)<\/legend><input type='hidden' name='__fluent_form_embded_post_id' value='32910' \/><input type=\"hidden\" id=\"_fluentform_4_fluentformnonce\" name=\"_fluentform_4_fluentformnonce\" value=\"551c8aaab5\" \/><input type=\"hidden\" name=\"_wp_http_referer\" value=\"\/tr\/wp-json\/wp\/v2\/pages\/32910\" \/><div class='ff-el-group'><div class=\"ff-el-input--label ff-el-is-required asterisk-right\"><label for='ff_4_multi_select' id='label_ff_4_multi_select' aria-label=\"Multiselect\">Multiselect<\/label><\/div><div class='ff-el-input--content'><select name=\"multi_select[]\" id=\"ff_4_multi_select\" class=\"ff-el-form-control  ff_has_multi_select\" placeholder=\"dssd\" multiple=\"1\" data-name=\"multi_select\" data-calc_value=\"0\"  aria-invalid=\"false\" aria-required=\"true\" aria-labelledby=\"label_ff_4_multi_select\"><option value=\"\">dssd<\/option><option value=\"Option 1\"  selected>Option 1<\/option><option value=\"Option 2\"  selected>Option 2<\/option><\/select><\/div><\/div><div class='ff-el-group ff-text-left ff_submit_btn_wrapper'><button type=\"submit\" class=\"ff-btn ff-btn-submit ff-btn-md ff_btn_style\"  aria-label=\"Submit Form\">Submit Form<\/button><\/div><\/fieldset><\/form><div id='fluentform_4_errors' class='ff-errors-in-stack ff_form_instance_4_1 ff-form-loading_errors ff_form_instance_4_1_errors'><\/div><\/div>            <script type=\"text\/javascript\">\n                window.fluent_form_ff_form_instance_4_1 = {\"id\":\"4\",\"ajaxUrl\":\"https:\\\/\\\/e-marineeducation.com\\\/tr\\\/wp-admin\\\/admin-ajax.php\",\"settings\":{\"layout\":{\"labelPlacement\":\"top\",\"helpMessagePlacement\":\"with_label\",\"errorMessagePlacement\":\"inline\"},\"restrictions\":{\"denyEmptySubmission\":{\"enabled\":false}}},\"form_instance\":\"ff_form_instance_4_1\",\"form_id_selector\":\"fluentform_4\",\"rules\":{\"multi_select\":{\"required\":{\"value\":true,\"message\":\"This field is required\"}}},\"debounce_time\":300};\n                            <\/script>\n            \n","protected":false},"excerpt":{"rendered":"<p>A\u015fa\u011f\u0131da yer alan form d\u00fczenlenecek olan denizde siber g\u00fcvenlik e\u011fitimi i\u00e7in beklentilerinizi anlamak amac\u0131yla olu\u015fturulmu\u015ftur. Ayr\u0131ca girdileriniz akademik bir \u00e7al\u0131\u015fma i\u00e7in kullan\u0131lacakt\u0131r. \u0130sim, soyisim, e-posta gibi ki\u015fisel herhangi bir bilginiz talep edilmemektedir. &nbsp;<\/p>\n","protected":false},"author":1,"featured_media":0,"parent":0,"menu_order":0,"comment_status":"closed","ping_status":"closed","template":"","meta":{"_acf_changed":false,"_bbp_topic_count":0,"_bbp_reply_count":0,"_bbp_total_topic_count":0,"_bbp_total_reply_count":0,"_bbp_voice_count":0,"_bbp_anonymous_reply_count":0,"_bbp_topic_count_hidden":0,"_bbp_reply_count_hidden":0,"_bbp_forum_subforum_count":0,"footnotes":""},"class_list":["post-32910","page","type-page","status-publish",""],"acf":[],"yoast_head":"<!-- This site is optimized with the Yoast SEO plugin v27.4 - https:\/\/yoast.com\/product\/yoast-seo-wordpress\/ -->\n<title>\u00d6n Gereksinim \u00c7al\u0131\u015fmas\u0131 - e-MarineEducation.com<\/title>\n<meta name=\"robots\" content=\"index, follow, max-snippet:-1, max-image-preview:large, max-video-preview:-1\" \/>\n<link rel=\"canonical\" href=\"https:\/\/e-marineeducation.com\/tr\/on-gereksinim-calismasi\/\" \/>\n<meta property=\"og:locale\" content=\"tr_TR\" \/>\n<meta property=\"og:type\" content=\"article\" \/>\n<meta property=\"og:title\" content=\"\u00d6n Gereksinim \u00c7al\u0131\u015fmas\u0131 - e-MarineEducation.com\" \/>\n<meta property=\"og:description\" content=\"A\u015fa\u011f\u0131da yer alan form d\u00fczenlenecek olan denizde siber g\u00fcvenlik e\u011fitimi i\u00e7in beklentilerinizi anlamak amac\u0131yla olu\u015fturulmu\u015ftur. Ayr\u0131ca girdileriniz akademik bir \u00e7al\u0131\u015fma i\u00e7in kullan\u0131lacakt\u0131r. \u0130sim, soyisim, e-posta gibi ki\u015fisel herhangi bir bilginiz talep edilmemektedir. &nbsp;\" \/>\n<meta property=\"og:url\" content=\"https:\/\/e-marineeducation.com\/tr\/on-gereksinim-calismasi\/\" \/>\n<meta property=\"og:site_name\" content=\"e-MarineEducation.com\" \/>\n<meta property=\"article:modified_time\" content=\"2023-03-30T01:06:46+00:00\" \/>\n<meta name=\"twitter:card\" content=\"summary_large_image\" \/>\n<meta name=\"twitter:label1\" content=\"Tahmini okuma s\u00fcresi\" \/>\n\t<meta name=\"twitter:data1\" content=\"1 dakika\" \/>\n<script type=\"application\/ld+json\" class=\"yoast-schema-graph\">{\"@context\":\"https:\\\/\\\/schema.org\",\"@graph\":[{\"@type\":\"WebPage\",\"@id\":\"https:\\\/\\\/e-marineeducation.com\\\/tr\\\/on-gereksinim-calismasi\\\/\",\"url\":\"https:\\\/\\\/e-marineeducation.com\\\/tr\\\/on-gereksinim-calismasi\\\/\",\"name\":\"\u00d6n Gereksinim \u00c7al\u0131\u015fmas\u0131 - e-MarineEducation.com\",\"isPartOf\":{\"@id\":\"https:\\\/\\\/e-marineeducation.com\\\/tr\\\/#website\"},\"datePublished\":\"2023-03-30T01:06:02+00:00\",\"dateModified\":\"2023-03-30T01:06:46+00:00\",\"breadcrumb\":{\"@id\":\"https:\\\/\\\/e-marineeducation.com\\\/tr\\\/on-gereksinim-calismasi\\\/#breadcrumb\"},\"inLanguage\":\"tr\",\"potentialAction\":[{\"@type\":\"ReadAction\",\"target\":[\"https:\\\/\\\/e-marineeducation.com\\\/tr\\\/on-gereksinim-calismasi\\\/\"]}]},{\"@type\":\"BreadcrumbList\",\"@id\":\"https:\\\/\\\/e-marineeducation.com\\\/tr\\\/on-gereksinim-calismasi\\\/#breadcrumb\",\"itemListElement\":[{\"@type\":\"ListItem\",\"position\":1,\"name\":\"Ana sayfa\",\"item\":\"https:\\\/\\\/e-marineeducation.com\\\/tr\\\/\"},{\"@type\":\"ListItem\",\"position\":2,\"name\":\"\u00d6n Gereksinim \u00c7al\u0131\u015fmas\u0131\"}]},{\"@type\":\"WebSite\",\"@id\":\"https:\\\/\\\/e-marineeducation.com\\\/tr\\\/#website\",\"url\":\"https:\\\/\\\/e-marineeducation.com\\\/tr\\\/\",\"name\":\"e-MarineEducation.com\",\"description\":\"Denizcilik E\u011fitimine Yeni Bir Bak\u0131\u015f A\u00e7\u0131s\u0131\",\"potentialAction\":[{\"@type\":\"SearchAction\",\"target\":{\"@type\":\"EntryPoint\",\"urlTemplate\":\"https:\\\/\\\/e-marineeducation.com\\\/tr\\\/?s={search_term_string}\"},\"query-input\":{\"@type\":\"PropertyValueSpecification\",\"valueRequired\":true,\"valueName\":\"search_term_string\"}}],\"inLanguage\":\"tr\"}]}<\/script>\n<!-- \/ Yoast SEO plugin. -->","yoast_head_json":{"title":"\u00d6n Gereksinim \u00c7al\u0131\u015fmas\u0131 - e-MarineEducation.com","robots":{"index":"index","follow":"follow","max-snippet":"max-snippet:-1","max-image-preview":"max-image-preview:large","max-video-preview":"max-video-preview:-1"},"canonical":"https:\/\/e-marineeducation.com\/tr\/on-gereksinim-calismasi\/","og_locale":"tr_TR","og_type":"article","og_title":"\u00d6n Gereksinim \u00c7al\u0131\u015fmas\u0131 - e-MarineEducation.com","og_description":"A\u015fa\u011f\u0131da yer alan form d\u00fczenlenecek olan denizde siber g\u00fcvenlik e\u011fitimi i\u00e7in beklentilerinizi anlamak amac\u0131yla olu\u015fturulmu\u015ftur. Ayr\u0131ca girdileriniz akademik bir \u00e7al\u0131\u015fma i\u00e7in kullan\u0131lacakt\u0131r. \u0130sim, soyisim, e-posta gibi ki\u015fisel herhangi bir bilginiz talep edilmemektedir. &nbsp;","og_url":"https:\/\/e-marineeducation.com\/tr\/on-gereksinim-calismasi\/","og_site_name":"e-MarineEducation.com","article_modified_time":"2023-03-30T01:06:46+00:00","twitter_card":"summary_large_image","twitter_misc":{"Tahmini okuma s\u00fcresi":"1 dakika"},"schema":{"@context":"https:\/\/schema.org","@graph":[{"@type":"WebPage","@id":"https:\/\/e-marineeducation.com\/tr\/on-gereksinim-calismasi\/","url":"https:\/\/e-marineeducation.com\/tr\/on-gereksinim-calismasi\/","name":"\u00d6n Gereksinim \u00c7al\u0131\u015fmas\u0131 - e-MarineEducation.com","isPartOf":{"@id":"https:\/\/e-marineeducation.com\/tr\/#website"},"datePublished":"2023-03-30T01:06:02+00:00","dateModified":"2023-03-30T01:06:46+00:00","breadcrumb":{"@id":"https:\/\/e-marineeducation.com\/tr\/on-gereksinim-calismasi\/#breadcrumb"},"inLanguage":"tr","potentialAction":[{"@type":"ReadAction","target":["https:\/\/e-marineeducation.com\/tr\/on-gereksinim-calismasi\/"]}]},{"@type":"BreadcrumbList","@id":"https:\/\/e-marineeducation.com\/tr\/on-gereksinim-calismasi\/#breadcrumb","itemListElement":[{"@type":"ListItem","position":1,"name":"Ana sayfa","item":"https:\/\/e-marineeducation.com\/tr\/"},{"@type":"ListItem","position":2,"name":"\u00d6n Gereksinim \u00c7al\u0131\u015fmas\u0131"}]},{"@type":"WebSite","@id":"https:\/\/e-marineeducation.com\/tr\/#website","url":"https:\/\/e-marineeducation.com\/tr\/","name":"e-MarineEducation.com","description":"Denizcilik E\u011fitimine Yeni Bir Bak\u0131\u015f A\u00e7\u0131s\u0131","potentialAction":[{"@type":"SearchAction","target":{"@type":"EntryPoint","urlTemplate":"https:\/\/e-marineeducation.com\/tr\/?s={search_term_string}"},"query-input":{"@type":"PropertyValueSpecification","valueRequired":true,"valueName":"search_term_string"}}],"inLanguage":"tr"}]}},"_links":{"self":[{"href":"https:\/\/e-marineeducation.com\/tr\/wp-json\/wp\/v2\/pages\/32910","targetHints":{"allow":["GET"]}}],"collection":[{"href":"https:\/\/e-marineeducation.com\/tr\/wp-json\/wp\/v2\/pages"}],"about":[{"href":"https:\/\/e-marineeducation.com\/tr\/wp-json\/wp\/v2\/types\/page"}],"author":[{"embeddable":true,"href":"https:\/\/e-marineeducation.com\/tr\/wp-json\/wp\/v2\/users\/1"}],"replies":[{"embeddable":true,"href":"https:\/\/e-marineeducation.com\/tr\/wp-json\/wp\/v2\/comments?post=32910"}],"version-history":[{"count":0,"href":"https:\/\/e-marineeducation.com\/tr\/wp-json\/wp\/v2\/pages\/32910\/revisions"}],"wp:attachment":[{"href":"https:\/\/e-marineeducation.com\/tr\/wp-json\/wp\/v2\/media?parent=32910"}],"curies":[{"name":"wp","href":"https:\/\/api.w.org\/{rel}","templated":true}]}}