

{"id":29913,"date":"2017-11-19T10:31:06","date_gmt":"2017-11-19T07:31:06","guid":{"rendered":"https:\/\/e-marineeducation.com\/tr\/?page_id=29913"},"modified":"2017-11-19T11:40:19","modified_gmt":"2017-11-19T08:40:19","slug":"kisisel-profil-sayfasi-seray-karlav","status":"publish","type":"page","link":"https:\/\/e-marineeducation.com\/tr\/kisisel-profil-sayfasi-seray-karlav\/","title":{"rendered":"Ki\u015fisel Profil Sayfas\u0131"},"content":{"rendered":"<figure id=\"attachment_27987\" aria-describedby=\"caption-attachment-27987\" style=\"width: 159px\" class=\"wp-caption alignleft\"><img loading=\"lazy\" decoding=\"async\" class=\"wp-image-27987 size-full\" src=\"https:\/\/e-marineeducation.com\/tr\/wp-content\/uploads\/Seray-Karlav.jpg\" width=\"159\" height=\"168\" \/><figcaption id=\"caption-attachment-27987\" class=\"wp-caption-text\"><\/p>\n<p align=\"center\">Seray Karlav<br \/> <a target=\"_blank\"><img decoding=\"async\" src=\"https:\/\/e-marineeducation.com\/tr\/wp-content\/uploads\/Web-\u0130con.png\" alt=\"\" \/><\/a> <a target=\"_blank\"><img decoding=\"async\" src=\"https:\/\/e-marineeducation.com\/tr\/wp-content\/uploads\/Facebook-\u0130con.png\" alt=\"\" \/><\/a> <a target=\"_blank\"><img decoding=\"async\" src=\"https:\/\/e-marineeducation.com\/tr\/wp-content\/uploads\/Twitter-%C4%B0con.png\" alt=\"\" \/><\/a> <a target=\"_blank\"><img decoding=\"async\" src=\"https:\/\/e-marineeducation.com\/tr\/wp-content\/uploads\/Linkedin-\u0130con.png\" alt=\"\" \/><\/a><\/p><\/figcaption><\/figure>\n<p><strong><span style=\"text-decoration: underline;\">Ki\u015fisel Bilgiler<br \/>\n<\/span><\/strong><strong>Ad\u0131 Soyad\u0131:<\/strong> Seray Karlav<br \/>\n<strong>Do\u011fum Tarihi:<\/strong>\u00a017 Eyl\u00fcl 1995<br \/>\n<strong>Mesle\u011fi:<\/strong>\u00a0Stajyer Avukat<br \/>\n<strong>\u00d6zge\u00e7mi\u015fi<\/strong>: \u2013\u2013\u2013<span style=\"color: #3498db;\"><a style=\"color: #3498db;\" href=\"http:\/\/www.hayontan.com\" target=\"_blank\"><br \/>\n<\/a><\/span><strong>E-Posta Adresi:<\/strong>\u00a0<span style=\"color: #3498db;\"><a style=\"color: #3498db;\" href=\"mailto:seraykarlav@e-MarineEducation.com\">seraykarlav@e-MarineEducation.com<\/a><\/span><\/p>\n<p><span style=\"text-decoration: underline;\"><strong>e-MarineEducation.com Bilgileri<br \/>\n<\/strong><\/span><strong>\u00c7al\u0131\u015fma Durumu:<\/strong> <span style=\"color: #339966;\"><strong>Aktif<br \/>\n<\/strong><\/span><strong>Kat\u0131l\u0131m Tarihi:<\/strong>\u00a019 Kas\u0131m 2017<br \/>\n<strong>Mevcut G\u00f6revi:<\/strong>\u00a0Terc\u00fcman<br \/>\n<strong>\u00d6nceki G\u00f6revleri:<\/strong> &#8211; &#8211; &#8211;<\/p>\n<p><span style=\"text-decoration: underline;\"><strong>Kazand\u0131rd\u0131klar\u0131<br \/>\n<\/strong><\/span>&#8211;<\/p>\n<p style=\"text-align: right;\"><strong>Organizasyon<\/strong>\u00a0sayfas\u0131na,\u00a0<strong><span style=\"text-decoration: underline; color: #3498db;\"><a style=\"color: #3498db; text-decoration: underline;\" href=\"https:\/\/e-marineeducation.com\/tr\/organizasyon\/\">Geri D\u00f6n<\/a><\/span>\u00a0<a href=\"https:\/\/e-marineeducation.com\/tr\/organizasyon\/\"><img loading=\"lazy\" decoding=\"async\" src=\"https:\/\/e-marineeducation.com\/tr\/wp-content\/uploads\/geri-d\u00f6n.png\" alt=\"\" width=\"74\" height=\"65\" align=\"right\" border=\"0\" \/><\/a><\/strong><\/p>\n","protected":false},"excerpt":{"rendered":"<p>Ki\u015fisel Bilgiler Ad\u0131 Soyad\u0131: Seray Karlav Do\u011fum Tarihi:\u00a017 Eyl\u00fcl 1995 Mesle\u011fi:\u00a0Stajyer Avukat \u00d6zge\u00e7mi\u015fi: \u2013\u2013\u2013 E-Posta Adresi:\u00a0seraykarlav@e-MarineEducation.com e-MarineEducation.com Bilgileri \u00c7al\u0131\u015fma Durumu: Aktif Kat\u0131l\u0131m Tarihi:\u00a019 Kas\u0131m 2017 Mevcut G\u00f6revi:\u00a0Terc\u00fcman \u00d6nceki G\u00f6revleri: &#8211; &#8211; &#8211; Kazand\u0131rd\u0131klar\u0131 &#8211; Organizasyon\u00a0sayfas\u0131na,\u00a0Geri D\u00f6n\u00a0<\/p>\n","protected":false},"author":1,"featured_media":0,"parent":0,"menu_order":0,"comment_status":"closed","ping_status":"closed","template":"","meta":{"_acf_changed":false,"_bbp_topic_count":0,"_bbp_reply_count":0,"_bbp_total_topic_count":0,"_bbp_total_reply_count":0,"_bbp_voice_count":0,"_bbp_anonymous_reply_count":0,"_bbp_topic_count_hidden":0,"_bbp_reply_count_hidden":0,"_bbp_forum_subforum_count":0,"footnotes":""},"class_list":["post-29913","page","type-page","status-publish",""],"acf":[],"yoast_head":"<!-- This site is optimized with the Yoast SEO plugin v27.2 - https:\/\/yoast.com\/product\/yoast-seo-wordpress\/ -->\n<title>Ki\u015fisel Profil Sayfas\u0131 - e-MarineEducation.com<\/title>\n<meta name=\"robots\" content=\"index, follow, max-snippet:-1, max-image-preview:large, max-video-preview:-1\" \/>\n<link rel=\"canonical\" href=\"https:\/\/e-marineeducation.com\/tr\/kisisel-profil-sayfasi-seray-karlav\/\" \/>\n<meta property=\"og:locale\" content=\"tr_TR\" \/>\n<meta property=\"og:type\" content=\"article\" \/>\n<meta property=\"og:title\" content=\"Ki\u015fisel Profil Sayfas\u0131 - e-MarineEducation.com\" \/>\n<meta property=\"og:description\" content=\"Ki\u015fisel Bilgiler Ad\u0131 Soyad\u0131: Seray Karlav Do\u011fum Tarihi:\u00a017 Eyl\u00fcl 1995 Mesle\u011fi:\u00a0Stajyer Avukat \u00d6zge\u00e7mi\u015fi: \u2013\u2013\u2013 E-Posta Adresi:\u00a0seraykarlav@e-MarineEducation.com e-MarineEducation.com Bilgileri \u00c7al\u0131\u015fma Durumu: Aktif Kat\u0131l\u0131m Tarihi:\u00a019 Kas\u0131m 2017 Mevcut G\u00f6revi:\u00a0Terc\u00fcman \u00d6nceki G\u00f6revleri: &#8211; &#8211; &#8211; Kazand\u0131rd\u0131klar\u0131 &#8211; Organizasyon\u00a0sayfas\u0131na,\u00a0Geri D\u00f6n\u00a0\" \/>\n<meta property=\"og:url\" content=\"https:\/\/e-marineeducation.com\/tr\/kisisel-profil-sayfasi-seray-karlav\/\" \/>\n<meta property=\"og:site_name\" content=\"e-MarineEducation.com\" \/>\n<meta property=\"article:modified_time\" content=\"2017-11-19T08:40:19+00:00\" \/>\n<meta property=\"og:image\" content=\"https:\/\/e-marineeducation.com\/tr\/wp-content\/uploads\/Seray-Karlav.jpg\" \/>\n<meta name=\"twitter:card\" content=\"summary_large_image\" \/>\n<script type=\"application\/ld+json\" class=\"yoast-schema-graph\">{\"@context\":\"https:\/\/schema.org\",\"@graph\":[{\"@type\":\"WebPage\",\"@id\":\"https:\/\/e-marineeducation.com\/tr\/kisisel-profil-sayfasi-seray-karlav\/\",\"url\":\"https:\/\/e-marineeducation.com\/tr\/kisisel-profil-sayfasi-seray-karlav\/\",\"name\":\"Ki\u015fisel Profil Sayfas\u0131 - e-MarineEducation.com\",\"isPartOf\":{\"@id\":\"https:\/\/e-marineeducation.com\/tr\/#website\"},\"primaryImageOfPage\":{\"@id\":\"https:\/\/e-marineeducation.com\/tr\/kisisel-profil-sayfasi-seray-karlav\/#primaryimage\"},\"image\":{\"@id\":\"https:\/\/e-marineeducation.com\/tr\/kisisel-profil-sayfasi-seray-karlav\/#primaryimage\"},\"thumbnailUrl\":\"https:\/\/e-marineeducation.com\/tr\/wp-content\/uploads\/Seray-Karlav.jpg\",\"datePublished\":\"2017-11-19T07:31:06+00:00\",\"dateModified\":\"2017-11-19T08:40:19+00:00\",\"breadcrumb\":{\"@id\":\"https:\/\/e-marineeducation.com\/tr\/kisisel-profil-sayfasi-seray-karlav\/#breadcrumb\"},\"inLanguage\":\"tr\",\"potentialAction\":[{\"@type\":\"ReadAction\",\"target\":[\"https:\/\/e-marineeducation.com\/tr\/kisisel-profil-sayfasi-seray-karlav\/\"]}]},{\"@type\":\"ImageObject\",\"inLanguage\":\"tr\",\"@id\":\"https:\/\/e-marineeducation.com\/tr\/kisisel-profil-sayfasi-seray-karlav\/#primaryimage\",\"url\":\"https:\/\/e-marineeducation.com\/tr\/wp-content\/uploads\/Seray-Karlav.jpg\",\"contentUrl\":\"https:\/\/e-marineeducation.com\/tr\/wp-content\/uploads\/Seray-Karlav.jpg\",\"width\":159,\"height\":168},{\"@type\":\"BreadcrumbList\",\"@id\":\"https:\/\/e-marineeducation.com\/tr\/kisisel-profil-sayfasi-seray-karlav\/#breadcrumb\",\"itemListElement\":[{\"@type\":\"ListItem\",\"position\":1,\"name\":\"Ana sayfa\",\"item\":\"https:\/\/e-marineeducation.com\/tr\/\"},{\"@type\":\"ListItem\",\"position\":2,\"name\":\"Ki\u015fisel Profil Sayfas\u0131\"}]},{\"@type\":\"WebSite\",\"@id\":\"https:\/\/e-marineeducation.com\/tr\/#website\",\"url\":\"https:\/\/e-marineeducation.com\/tr\/\",\"name\":\"e-MarineEducation.com\",\"description\":\"Denizcilik E\u011fitimine Yeni Bir Bak\u0131\u015f A\u00e7\u0131s\u0131\",\"potentialAction\":[{\"@type\":\"SearchAction\",\"target\":{\"@type\":\"EntryPoint\",\"urlTemplate\":\"https:\/\/e-marineeducation.com\/tr\/?s={search_term_string}\"},\"query-input\":{\"@type\":\"PropertyValueSpecification\",\"valueRequired\":true,\"valueName\":\"search_term_string\"}}],\"inLanguage\":\"tr\"}]}<\/script>\n<!-- \/ Yoast SEO plugin. -->","yoast_head_json":{"title":"Ki\u015fisel Profil Sayfas\u0131 - e-MarineEducation.com","robots":{"index":"index","follow":"follow","max-snippet":"max-snippet:-1","max-image-preview":"max-image-preview:large","max-video-preview":"max-video-preview:-1"},"canonical":"https:\/\/e-marineeducation.com\/tr\/kisisel-profil-sayfasi-seray-karlav\/","og_locale":"tr_TR","og_type":"article","og_title":"Ki\u015fisel Profil Sayfas\u0131 - e-MarineEducation.com","og_description":"Ki\u015fisel Bilgiler Ad\u0131 Soyad\u0131: Seray Karlav Do\u011fum Tarihi:\u00a017 Eyl\u00fcl 1995 Mesle\u011fi:\u00a0Stajyer Avukat \u00d6zge\u00e7mi\u015fi: \u2013\u2013\u2013 E-Posta Adresi:\u00a0seraykarlav@e-MarineEducation.com e-MarineEducation.com Bilgileri \u00c7al\u0131\u015fma Durumu: Aktif Kat\u0131l\u0131m Tarihi:\u00a019 Kas\u0131m 2017 Mevcut G\u00f6revi:\u00a0Terc\u00fcman \u00d6nceki G\u00f6revleri: &#8211; &#8211; &#8211; Kazand\u0131rd\u0131klar\u0131 &#8211; Organizasyon\u00a0sayfas\u0131na,\u00a0Geri D\u00f6n\u00a0","og_url":"https:\/\/e-marineeducation.com\/tr\/kisisel-profil-sayfasi-seray-karlav\/","og_site_name":"e-MarineEducation.com","article_modified_time":"2017-11-19T08:40:19+00:00","og_image":[{"url":"https:\/\/e-marineeducation.com\/tr\/wp-content\/uploads\/Seray-Karlav.jpg","type":"","width":"","height":""}],"twitter_card":"summary_large_image","schema":{"@context":"https:\/\/schema.org","@graph":[{"@type":"WebPage","@id":"https:\/\/e-marineeducation.com\/tr\/kisisel-profil-sayfasi-seray-karlav\/","url":"https:\/\/e-marineeducation.com\/tr\/kisisel-profil-sayfasi-seray-karlav\/","name":"Ki\u015fisel Profil Sayfas\u0131 - e-MarineEducation.com","isPartOf":{"@id":"https:\/\/e-marineeducation.com\/tr\/#website"},"primaryImageOfPage":{"@id":"https:\/\/e-marineeducation.com\/tr\/kisisel-profil-sayfasi-seray-karlav\/#primaryimage"},"image":{"@id":"https:\/\/e-marineeducation.com\/tr\/kisisel-profil-sayfasi-seray-karlav\/#primaryimage"},"thumbnailUrl":"https:\/\/e-marineeducation.com\/tr\/wp-content\/uploads\/Seray-Karlav.jpg","datePublished":"2017-11-19T07:31:06+00:00","dateModified":"2017-11-19T08:40:19+00:00","breadcrumb":{"@id":"https:\/\/e-marineeducation.com\/tr\/kisisel-profil-sayfasi-seray-karlav\/#breadcrumb"},"inLanguage":"tr","potentialAction":[{"@type":"ReadAction","target":["https:\/\/e-marineeducation.com\/tr\/kisisel-profil-sayfasi-seray-karlav\/"]}]},{"@type":"ImageObject","inLanguage":"tr","@id":"https:\/\/e-marineeducation.com\/tr\/kisisel-profil-sayfasi-seray-karlav\/#primaryimage","url":"https:\/\/e-marineeducation.com\/tr\/wp-content\/uploads\/Seray-Karlav.jpg","contentUrl":"https:\/\/e-marineeducation.com\/tr\/wp-content\/uploads\/Seray-Karlav.jpg","width":159,"height":168},{"@type":"BreadcrumbList","@id":"https:\/\/e-marineeducation.com\/tr\/kisisel-profil-sayfasi-seray-karlav\/#breadcrumb","itemListElement":[{"@type":"ListItem","position":1,"name":"Ana sayfa","item":"https:\/\/e-marineeducation.com\/tr\/"},{"@type":"ListItem","position":2,"name":"Ki\u015fisel Profil Sayfas\u0131"}]},{"@type":"WebSite","@id":"https:\/\/e-marineeducation.com\/tr\/#website","url":"https:\/\/e-marineeducation.com\/tr\/","name":"e-MarineEducation.com","description":"Denizcilik E\u011fitimine Yeni Bir Bak\u0131\u015f A\u00e7\u0131s\u0131","potentialAction":[{"@type":"SearchAction","target":{"@type":"EntryPoint","urlTemplate":"https:\/\/e-marineeducation.com\/tr\/?s={search_term_string}"},"query-input":{"@type":"PropertyValueSpecification","valueRequired":true,"valueName":"search_term_string"}}],"inLanguage":"tr"}]}},"_links":{"self":[{"href":"https:\/\/e-marineeducation.com\/tr\/wp-json\/wp\/v2\/pages\/29913","targetHints":{"allow":["GET"]}}],"collection":[{"href":"https:\/\/e-marineeducation.com\/tr\/wp-json\/wp\/v2\/pages"}],"about":[{"href":"https:\/\/e-marineeducation.com\/tr\/wp-json\/wp\/v2\/types\/page"}],"author":[{"embeddable":true,"href":"https:\/\/e-marineeducation.com\/tr\/wp-json\/wp\/v2\/users\/1"}],"replies":[{"embeddable":true,"href":"https:\/\/e-marineeducation.com\/tr\/wp-json\/wp\/v2\/comments?post=29913"}],"version-history":[{"count":0,"href":"https:\/\/e-marineeducation.com\/tr\/wp-json\/wp\/v2\/pages\/29913\/revisions"}],"wp:attachment":[{"href":"https:\/\/e-marineeducation.com\/tr\/wp-json\/wp\/v2\/media?parent=29913"}],"curies":[{"name":"wp","href":"https:\/\/api.w.org\/{rel}","templated":true}]}}