

{"id":25733,"date":"2016-07-28T18:00:13","date_gmt":"2016-07-28T15:00:13","guid":{"rendered":"https:\/\/e-marineeducation.com\/tr\/?page_id=25733"},"modified":"2016-07-29T01:18:22","modified_gmt":"2016-07-28T22:18:22","slug":"calisma-sartlari","status":"publish","type":"page","link":"https:\/\/e-marineeducation.com\/tr\/turk-denizcilik-maas-skalasi\/calisma-sartlari\/","title":{"rendered":"\u00c7al\u0131\u015fma \u015eartlar\u0131"},"content":{"rendered":"<p style=\"text-align: justify;\"><img loading=\"lazy\" decoding=\"async\" class=\"alignleft\" src=\"https:\/\/e-marineeducation.com\/tr\/wp-content\/uploads\/Maa%C5%9F.png\" width=\"127\" height=\"104\" \/>\u00d6ncelikle g\u00f6stermi\u015f oldu\u011funuz ilgi i\u00e7in te\u015fekk\u00fcr ederiz. L\u00fctfen eklenmesini istedi\u011finiz \u015firketin maa\u015f ve di\u011fer imkanlar\u0131n\u0131 a\u015fa\u011f\u0131da yer alan forma giriniz. Herhangi bir yard\u0131ma ihtiya\u00e7 duyarsan\u0131z destek talebi a\u00e7abilirsiniz. T\u00fcrk Denizcili\u011fi&#8217;ne sa\u011flayaca\u011f\u0131n\u0131z katk\u0131 i\u00e7in size te\u015fekk\u00fcrlerimizi sunar\u0131z.<\/p>\n<p style=\"text-align: justify;\"><strong>Destek:\u00a0<\/strong><a href=\"https:\/\/e-marineeducation.com\/tr\/iletisim-bilgileri\/\" target=\"_blank\"><span style=\"text-decoration: underline;\"><span style=\"color: #3498db; text-decoration: underline;\">http:\/\/www.e-marineeduc<\/span><span style=\"color: #3498db; text-decoration: underline;\">ati<\/span><span style=\"color: #3498db; text-decoration: underline;\">on.com\/tr\/iletisim-bilgileri\/<\/span><\/span><\/a><\/p>\n\n\t\t\t<div class=\"ccf-form-wrapper form-id-25658\" data-form-id=\"25658\">\n\t\t\t\t<form  class=\"ccf-form ccf-theme-default\" method=\"post\" action=\"?v=1778176636\" data-form-id=\"25658\">\n\n\t\t\t\t\t\n\t\t\t\t\t\n\t\t\t\t\t\n\t\t<div data-field-type=\"single-line-text\" data-field-slug=\"single-line-text-2\" class=\"form-group  field single-line-text-2 field-type-single-line-text field-27759  field-required\">\n\t\t\t<label class=\"main-label\" for=\"ccf_field_single-line-text-2\">\n\t\t\t\t<span class=\"required\">*<\/span>\t\t\t\t\u015eirket Ad\u0131\t\t\t<\/label>\n\t\t\t<input class=\"form-control  field-input\" required aria-required=\"true\" type=\"text\" name=\"ccf_field_single-line-text-2\" id=\"ccf_field_single-line-text-2\" placeholder=\"\" value=\"\">\n\n\t\t\t\n\t\t\t\t\t<\/div>\n\n\t\t\n\t\t<div data-field-type=\"dropdown\" data-field-slug=\"dropdown-7\" class=\"form-group  field dropdown-7 field-type-dropdown field-27760  field-required\">\n\t\t\t<label class=\"main-label\" for=\"ccf_field_dropdown-7\">\n\t\t\t\t<span class=\"required\">*<\/span>\t\t\t\tGemi Tipi\t\t\t<\/label>\n\t\t\t<select class=\"form-control  field-input\" required aria-required=\"true\"  name=\"ccf_field_dropdown-7\" id=\"ccf_field_dropdown-7\">\n\t\t\t\t\t\t\t\t\t<option  value=\"L\u00fctfen se\u00e7iniz.\">L\u00fctfen se\u00e7iniz.<\/option>\n\t\t\t\t\t\t\t\t\t<option  value=\"Kuruy\u00fck\">Kuruy\u00fck<\/option>\n\t\t\t\t\t\t\t\t\t<option  value=\"Tanker\">Tanker<\/option>\n\t\t\t\t\t\t\t\t\t<option  value=\"LPG\">LPG<\/option>\n\t\t\t\t\t\t\t\t\t<option  value=\"Konteyner\">Konteyner<\/option>\n\t\t\t\t\t\t\t\t\t<option  value=\"RORO\">RORO<\/option>\n\t\t\t\t\t\t\t<\/select>\n\n\t\t\t\n\t\t\t\t\t<\/div>\n\n\t\t\n\t\t<div data-field-type=\"dropdown\" data-field-slug=\"dropdown-10\" class=\"form-group  field dropdown-10 field-type-dropdown field-27767  field-required\">\n\t\t\t<label class=\"main-label\" for=\"ccf_field_dropdown-10\">\n\t\t\t\t<span class=\"required\">*<\/span>\t\t\t\tSigorta (SSK) \u00d6deniyor Mu?\t\t\t<\/label>\n\t\t\t<select class=\"form-control  field-input\" required aria-required=\"true\"  name=\"ccf_field_dropdown-10\" id=\"ccf_field_dropdown-10\">\n\t\t\t\t\t\t\t\t\t<option  value=\"L\u00fctfen se\u00e7iniz.\">L\u00fctfen se\u00e7iniz.<\/option>\n\t\t\t\t\t\t\t\t\t<option  value=\"Evet; sigorta \u00f6deniyor.\">Evet; sigorta \u00f6deniyor.<\/option>\n\t\t\t\t\t\t\t\t\t<option  value=\"Hay\u0131r; sigorta \u00f6denmiyor.\">Hay\u0131r; sigorta \u00f6denmiyor.<\/option>\n\t\t\t\t\t\t\t<\/select>\n\n\t\t\t\n\t\t\t\t\t<\/div>\n\n\t\t\n\t\t<div data-field-type=\"dropdown\" data-field-slug=\"dropdown-4\" class=\"form-group  field dropdown-4 field-type-dropdown field-27771  field-required\">\n\t\t\t<label class=\"main-label\" for=\"ccf_field_dropdown-4\">\n\t\t\t\t<span class=\"required\">*<\/span>\t\t\t\tG\u00f6rev\t\t\t<\/label>\n\t\t\t<select class=\"form-control  field-input\" required aria-required=\"true\"  name=\"ccf_field_dropdown-4\" id=\"ccf_field_dropdown-4\">\n\t\t\t\t\t\t\t\t\t<option  value=\"L\u00fctfen se\u00e7iniz.\">L\u00fctfen se\u00e7iniz.<\/option>\n\t\t\t\t\t\t\t\t\t<option  value=\"Kaptan\">Kaptan<\/option>\n\t\t\t\t\t\t\t\t\t<option  value=\"1. Zabit\">1. Zabit<\/option>\n\t\t\t\t\t\t\t\t\t<option  value=\"2. Zabit\">2. Zabit<\/option>\n\t\t\t\t\t\t\t\t\t<option  value=\"3. Zabit\">3. Zabit<\/option>\n\t\t\t\t\t\t\t\t\t<option  value=\"Ba\u015fm\u00fchendis\">Ba\u015fm\u00fchendis<\/option>\n\t\t\t\t\t\t\t\t\t<option  value=\"G\u00fcverte Stajyeri\">G\u00fcverte Stajyeri<\/option>\n\t\t\t\t\t\t\t\t\t<option  value=\"2. M\u00fchendis\">2. M\u00fchendis<\/option>\n\t\t\t\t\t\t\t\t\t<option  value=\"3. M\u00fchendis\">3. M\u00fchendis<\/option>\n\t\t\t\t\t\t\t\t\t<option  value=\"4. M\u00fchendis\">4. M\u00fchendis<\/option>\n\t\t\t\t\t\t\t\t\t<option  value=\"Elektrik Zabiti\">Elektrik Zabiti<\/option>\n\t\t\t\t\t\t\t\t\t<option  value=\"Makine Stajyeri\">Makine Stajyeri<\/option>\n\t\t\t\t\t\t\t\t\t<option  value=\"Reis\">Reis<\/option>\n\t\t\t\t\t\t\t\t\t<option  value=\"Pompac\u0131\">Pompac\u0131<\/option>\n\t\t\t\t\t\t\t\t\t<option  value=\"Usta Gemici\">Usta Gemici<\/option>\n\t\t\t\t\t\t\t\t\t<option  value=\"Gemici\">Gemici<\/option>\n\t\t\t\t\t\t\t\t\t<option  value=\"Makine Lostromosu\">Makine Lostromosu<\/option>\n\t\t\t\t\t\t\t\t\t<option  value=\"Fiter\">Fiter<\/option>\n\t\t\t\t\t\t\t\t\t<option  value=\"Ya\u011fc\u0131\">Ya\u011fc\u0131<\/option>\n\t\t\t\t\t\t\t\t\t<option  value=\"A\u015f\u00e7\u0131\">A\u015f\u00e7\u0131<\/option>\n\t\t\t\t\t\t\t\t\t<option  value=\"Kamarot\">Kamarot<\/option>\n\t\t\t\t\t\t\t<\/select>\n\n\t\t\t\n\t\t\t\t\t<\/div>\n\n\t\t\n\t\t<div data-field-type=\"dropdown\" data-field-slug=\"dropdown-5\" class=\"form-group  field dropdown-5 field-type-dropdown field-27793  field-required\">\n\t\t\t<label class=\"main-label\" for=\"ccf_field_dropdown-5\">\n\t\t\t\t<span class=\"required\">*<\/span>\t\t\t\tKontrat S\u00fcresi\t\t\t<\/label>\n\t\t\t<select class=\"form-control  field-input\" required aria-required=\"true\"  name=\"ccf_field_dropdown-5\" id=\"ccf_field_dropdown-5\">\n\t\t\t\t\t\t\t\t\t<option  value=\"L\u00fctfen se\u00e7iniz.\">L\u00fctfen se\u00e7iniz.<\/option>\n\t\t\t\t\t\t\t\t\t<option  value=\"2+1\">2+1<\/option>\n\t\t\t\t\t\t\t\t\t<option  value=\"3+1\">3+1<\/option>\n\t\t\t\t\t\t\t\t\t<option  value=\"4+0\">4+0<\/option>\n\t\t\t\t\t\t\t\t\t<option  value=\"4+1\">4+1<\/option>\n\t\t\t\t\t\t\t\t\t<option  value=\"5+0\">5+0<\/option>\n\t\t\t\t\t\t\t\t\t<option  value=\"5+1\">5+1<\/option>\n\t\t\t\t\t\t\t\t\t<option  value=\"5+2\">5+2<\/option>\n\t\t\t\t\t\t\t\t\t<option  value=\"6+0\">6+0<\/option>\n\t\t\t\t\t\t\t\t\t<option  value=\"6+1\">6+1<\/option>\n\t\t\t\t\t\t\t\t\t<option  value=\"6+1,5\">6+1,5<\/option>\n\t\t\t\t\t\t\t\t\t<option  value=\"6+2\">6+2<\/option>\n\t\t\t\t\t\t\t\t\t<option  value=\"8+0\">8+0<\/option>\n\t\t\t\t\t\t\t\t\t<option  value=\"8+1\">8+1<\/option>\n\t\t\t\t\t\t\t\t\t<option  value=\"8+2\">8+2<\/option>\n\t\t\t\t\t\t\t\t\t<option  value=\"S\u00fcresiz \u0130\u015f S\u00f6zle\u015fmesi\">S\u00fcresiz \u0130\u015f S\u00f6zle\u015fmesi<\/option>\n\t\t\t\t\t\t\t<\/select>\n\n\t\t\t\n\t\t\t\t\t<\/div>\n\n\t\t\n\t\t<div data-field-type=\"dropdown\" data-field-slug=\"dropdown-11\" class=\"form-group  field dropdown-11 field-type-dropdown field-27810  field-required\">\n\t\t\t<label class=\"main-label\" for=\"ccf_field_dropdown-11\">\n\t\t\t\t<span class=\"required\">*<\/span>\t\t\t\tMaa\u015f\u0131n para birimi?\t\t\t<\/label>\n\t\t\t<select class=\"form-control  field-input\" required aria-required=\"true\"  name=\"ccf_field_dropdown-11\" id=\"ccf_field_dropdown-11\">\n\t\t\t\t\t\t\t\t\t<option  value=\"L\u00fctfen se\u00e7iniz.\">L\u00fctfen se\u00e7iniz.<\/option>\n\t\t\t\t\t\t\t\t\t<option  value=\"Dolar\">Dolar<\/option>\n\t\t\t\t\t\t\t\t\t<option  value=\"T\u00fcrk Liras\u0131\">T\u00fcrk Liras\u0131<\/option>\n\t\t\t\t\t\t\t<\/select>\n\n\t\t\t\n\t\t\t\t\t<\/div>\n\n\t\t\n\t\t<div data-field-type=\"single-line-text\" data-field-slug=\"single-line-text-6\" class=\"form-group  field single-line-text-6 field-type-single-line-text field-27814  field-required\">\n\t\t\t<label class=\"main-label\" for=\"ccf_field_single-line-text-6\">\n\t\t\t\t<span class=\"required\">*<\/span>\t\t\t\t\u0130kramiye Hari\u00e7 Maa\u015f\t\t\t<\/label>\n\t\t\t<input class=\"form-control  field-input\" required aria-required=\"true\" type=\"text\" name=\"ccf_field_single-line-text-6\" id=\"ccf_field_single-line-text-6\" placeholder=\"\" value=\"\">\n\n\t\t\t\n\t\t\t\t\t<\/div>\n\n\t\t\n\t\t<div data-field-type=\"single-line-text\" data-field-slug=\"single-line-text-9\" class=\"form-group  field single-line-text-9 field-type-single-line-text field-27815  field-required\">\n\t\t\t<label class=\"main-label\" for=\"ccf_field_single-line-text-9\">\n\t\t\t\t<span class=\"required\">*<\/span>\t\t\t\t\u0130kramiye Dahil Maa\u015f\t\t\t<\/label>\n\t\t\t<input class=\"form-control  field-input\" required aria-required=\"true\" type=\"text\" name=\"ccf_field_single-line-text-9\" id=\"ccf_field_single-line-text-9\" placeholder=\"\" value=\"\">\n\n\t\t\t\n\t\t\t\t\t<\/div>\n\n\t\t\n\t\t<div data-field-type=\"paragraph-text\" data-field-slug=\"paragraph-text-12\" class=\"form-group  field paragraph-text-12 field-type-paragraph-text field-27816  \">\n\t\t\t<label class=\"main-label\" for=\"ccf_field_paragraph-text-12\">\n\t\t\t\t\t\t\t\tSinyorita hakk\u0131nda bilgi verebilir misiniz?\t\t\t<\/label>\n\t\t\t<textarea class=\"form-control  field-input\"  name=\"ccf_field_paragraph-text-12\" id=\"ccf_field_paragraph-text-12\" placeholder=\"\"><\/textarea>\n\n\t\t\t\n\t\t\t\t\t<\/div>\n\n\t\t\n\t\t<div data-field-type=\"paragraph-text\" data-field-slug=\"paragraph-text-8\" class=\"form-group  field paragraph-text-8 field-type-paragraph-text field-27817  \">\n\t\t\t<label class=\"main-label\" for=\"ccf_field_paragraph-text-8\">\n\t\t\t\t\t\t\t\tEk Bilgiler\t\t\t<\/label>\n\t\t\t<textarea class=\"form-control  field-input\"  name=\"ccf_field_paragraph-text-8\" id=\"ccf_field_paragraph-text-8\" placeholder=\"\"><\/textarea>\n\n\t\t\t\n\t\t\t\t\t<\/div>\n\n\t\t\n\t\t\t\t\t<div class=\"form-submit \">\n\t\t\t\t\t\t<input type=\"submit\" class=\"btn btn-primary ccf-submit-button\" value=\"G\u00f6nder\">\n\t\t\t\t\t\t<img decoding=\"async\" class=\"loading-img\" src=\"https:\/\/e-marineeducation.com\/tr\/wp-admin\/images\/wpspin_light.gif\">\n\t\t\t\t\t<\/div>\n\n\t\t\t\t\t<script type=\"text\/javascript\">\n\t\t\t\t\twindow.wp = window.wp || {};\n\t\t\t\t\twp.ccf = wp.ccf || {};\n\t\t\t\t\twp.ccf.conditionals = wp.ccf.conditionals || [];\n\t\t\t\t\twp.ccf.conditionals[25658] = [];\n\t\t\t\t\t<\/script>\n\n\t\t\t\t\t<input type=\"hidden\" name=\"form_id\" value=\"25658\">\n\t\t\t\t\t<input type=\"hidden\" name=\"form_page\" value=\"https:\/\/e-marineeducation.com\/tr\/tr\/wp-json\/wp\/v2\/pages\/25733\">\n\t\t\t\t\t<input type=\"text\" name=\"my_information\" style=\"display: none;\">\n\t\t\t\t\t<input type=\"hidden\"  name=\"ccf_form\" value=\"1\">\n\t\t\t\t\t<input type=\"hidden\" name=\"form_nonce\" value=\"bc3e3b3a4d\">\n\t\t\t\t<\/form>\n\n\t\t\t\t<iframe class=\"ccf-form-frame\" id=\"ccf_form_frame_25658\" name=\"ccf_form_frame_25658\"><\/iframe>\n\t\t\t<\/div>\n\n\t\t\t\n","protected":false},"excerpt":{"rendered":"<p>\u00d6ncelikle g\u00f6stermi\u015f oldu\u011funuz ilgi i\u00e7in te\u015fekk\u00fcr ederiz. L\u00fctfen eklenmesini istedi\u011finiz \u015firketin maa\u015f ve di\u011fer imkanlar\u0131n\u0131 a\u015fa\u011f\u0131da yer alan forma giriniz. Herhangi bir yard\u0131ma ihtiya\u00e7 duyarsan\u0131z destek talebi a\u00e7abilirsiniz. T\u00fcrk Denizcili\u011fi&#8217;ne sa\u011flayaca\u011f\u0131n\u0131z katk\u0131 i\u00e7in size te\u015fekk\u00fcrlerimizi sunar\u0131z. Destek:\u00a0http:\/\/www.e-marineeducation.com\/tr\/iletisim-bilgileri\/<\/p>\n","protected":false},"author":1,"featured_media":0,"parent":26262,"menu_order":0,"comment_status":"closed","ping_status":"closed","template":"","meta":{"_acf_changed":false,"_bbp_topic_count":0,"_bbp_reply_count":0,"_bbp_total_topic_count":0,"_bbp_total_reply_count":0,"_bbp_voice_count":0,"_bbp_anonymous_reply_count":0,"_bbp_topic_count_hidden":0,"_bbp_reply_count_hidden":0,"_bbp_forum_subforum_count":0,"footnotes":""},"class_list":["post-25733","page","type-page","status-publish",""],"acf":[],"yoast_head":"<!-- This site is optimized with the Yoast SEO plugin v27.4 - https:\/\/yoast.com\/product\/yoast-seo-wordpress\/ -->\n<title>\u00c7al\u0131\u015fma \u015eartlar\u0131 - e-MarineEducation.com<\/title>\n<meta name=\"robots\" content=\"index, follow, max-snippet:-1, max-image-preview:large, max-video-preview:-1\" \/>\n<link rel=\"canonical\" href=\"https:\/\/e-marineeducation.com\/tr\/turk-denizcilik-maas-skalasi\/calisma-sartlari\/\" \/>\n<meta property=\"og:locale\" content=\"tr_TR\" \/>\n<meta property=\"og:type\" content=\"article\" \/>\n<meta property=\"og:title\" content=\"\u00c7al\u0131\u015fma \u015eartlar\u0131 - e-MarineEducation.com\" \/>\n<meta property=\"og:description\" content=\"\u00d6ncelikle g\u00f6stermi\u015f oldu\u011funuz ilgi i\u00e7in te\u015fekk\u00fcr ederiz. L\u00fctfen eklenmesini istedi\u011finiz \u015firketin maa\u015f ve di\u011fer imkanlar\u0131n\u0131 a\u015fa\u011f\u0131da yer alan forma giriniz. Herhangi bir yard\u0131ma ihtiya\u00e7 duyarsan\u0131z destek talebi a\u00e7abilirsiniz. T\u00fcrk Denizcili\u011fi&#8217;ne sa\u011flayaca\u011f\u0131n\u0131z katk\u0131 i\u00e7in size te\u015fekk\u00fcrlerimizi sunar\u0131z. Destek:\u00a0http:\/\/www.e-marineeducation.com\/tr\/iletisim-bilgileri\/\" \/>\n<meta property=\"og:url\" content=\"https:\/\/e-marineeducation.com\/tr\/turk-denizcilik-maas-skalasi\/calisma-sartlari\/\" \/>\n<meta property=\"og:site_name\" content=\"e-MarineEducation.com\" \/>\n<meta property=\"article:modified_time\" content=\"2016-07-28T22:18:22+00:00\" \/>\n<meta property=\"og:image\" content=\"https:\/\/e-marineeducation.com\/tr\/wp-content\/uploads\/Maa%C5%9F.png\" \/>\n<meta name=\"twitter:card\" content=\"summary_large_image\" \/>\n<script type=\"application\/ld+json\" class=\"yoast-schema-graph\">{\"@context\":\"https:\\\/\\\/schema.org\",\"@graph\":[{\"@type\":\"WebPage\",\"@id\":\"https:\\\/\\\/e-marineeducation.com\\\/tr\\\/turk-denizcilik-maas-skalasi\\\/calisma-sartlari\\\/\",\"url\":\"https:\\\/\\\/e-marineeducation.com\\\/tr\\\/turk-denizcilik-maas-skalasi\\\/calisma-sartlari\\\/\",\"name\":\"\u00c7al\u0131\u015fma \u015eartlar\u0131 - e-MarineEducation.com\",\"isPartOf\":{\"@id\":\"https:\\\/\\\/e-marineeducation.com\\\/tr\\\/#website\"},\"primaryImageOfPage\":{\"@id\":\"https:\\\/\\\/e-marineeducation.com\\\/tr\\\/turk-denizcilik-maas-skalasi\\\/calisma-sartlari\\\/#primaryimage\"},\"image\":{\"@id\":\"https:\\\/\\\/e-marineeducation.com\\\/tr\\\/turk-denizcilik-maas-skalasi\\\/calisma-sartlari\\\/#primaryimage\"},\"thumbnailUrl\":\"https:\\\/\\\/e-marineeducation.com\\\/tr\\\/wp-content\\\/uploads\\\/Maa%C5%9F.png\",\"datePublished\":\"2016-07-28T15:00:13+00:00\",\"dateModified\":\"2016-07-28T22:18:22+00:00\",\"breadcrumb\":{\"@id\":\"https:\\\/\\\/e-marineeducation.com\\\/tr\\\/turk-denizcilik-maas-skalasi\\\/calisma-sartlari\\\/#breadcrumb\"},\"inLanguage\":\"tr\",\"potentialAction\":[{\"@type\":\"ReadAction\",\"target\":[\"https:\\\/\\\/e-marineeducation.com\\\/tr\\\/turk-denizcilik-maas-skalasi\\\/calisma-sartlari\\\/\"]}]},{\"@type\":\"ImageObject\",\"inLanguage\":\"tr\",\"@id\":\"https:\\\/\\\/e-marineeducation.com\\\/tr\\\/turk-denizcilik-maas-skalasi\\\/calisma-sartlari\\\/#primaryimage\",\"url\":\"https:\\\/\\\/e-marineeducation.com\\\/tr\\\/wp-content\\\/uploads\\\/Maa%C5%9F.png\",\"contentUrl\":\"https:\\\/\\\/e-marineeducation.com\\\/tr\\\/wp-content\\\/uploads\\\/Maa%C5%9F.png\"},{\"@type\":\"BreadcrumbList\",\"@id\":\"https:\\\/\\\/e-marineeducation.com\\\/tr\\\/turk-denizcilik-maas-skalasi\\\/calisma-sartlari\\\/#breadcrumb\",\"itemListElement\":[{\"@type\":\"ListItem\",\"position\":1,\"name\":\"Ana sayfa\",\"item\":\"https:\\\/\\\/e-marineeducation.com\\\/tr\\\/\"},{\"@type\":\"ListItem\",\"position\":2,\"name\":\"T\u00fcrk Denizcilik Maa\u015f Skalas\u0131\",\"item\":\"https:\\\/\\\/e-marineeducation.com\\\/tr\\\/turk-denizcilik-maas-skalasi\\\/\"},{\"@type\":\"ListItem\",\"position\":3,\"name\":\"\u00c7al\u0131\u015fma \u015eartlar\u0131\"}]},{\"@type\":\"WebSite\",\"@id\":\"https:\\\/\\\/e-marineeducation.com\\\/tr\\\/#website\",\"url\":\"https:\\\/\\\/e-marineeducation.com\\\/tr\\\/\",\"name\":\"e-MarineEducation.com\",\"description\":\"Denizcilik E\u011fitimine Yeni Bir Bak\u0131\u015f A\u00e7\u0131s\u0131\",\"potentialAction\":[{\"@type\":\"SearchAction\",\"target\":{\"@type\":\"EntryPoint\",\"urlTemplate\":\"https:\\\/\\\/e-marineeducation.com\\\/tr\\\/?s={search_term_string}\"},\"query-input\":{\"@type\":\"PropertyValueSpecification\",\"valueRequired\":true,\"valueName\":\"search_term_string\"}}],\"inLanguage\":\"tr\"}]}<\/script>\n<!-- \/ Yoast SEO plugin. -->","yoast_head_json":{"title":"\u00c7al\u0131\u015fma \u015eartlar\u0131 - e-MarineEducation.com","robots":{"index":"index","follow":"follow","max-snippet":"max-snippet:-1","max-image-preview":"max-image-preview:large","max-video-preview":"max-video-preview:-1"},"canonical":"https:\/\/e-marineeducation.com\/tr\/turk-denizcilik-maas-skalasi\/calisma-sartlari\/","og_locale":"tr_TR","og_type":"article","og_title":"\u00c7al\u0131\u015fma \u015eartlar\u0131 - e-MarineEducation.com","og_description":"\u00d6ncelikle g\u00f6stermi\u015f oldu\u011funuz ilgi i\u00e7in te\u015fekk\u00fcr ederiz. L\u00fctfen eklenmesini istedi\u011finiz \u015firketin maa\u015f ve di\u011fer imkanlar\u0131n\u0131 a\u015fa\u011f\u0131da yer alan forma giriniz. Herhangi bir yard\u0131ma ihtiya\u00e7 duyarsan\u0131z destek talebi a\u00e7abilirsiniz. T\u00fcrk Denizcili\u011fi&#8217;ne sa\u011flayaca\u011f\u0131n\u0131z katk\u0131 i\u00e7in size te\u015fekk\u00fcrlerimizi sunar\u0131z. Destek:\u00a0http:\/\/www.e-marineeducation.com\/tr\/iletisim-bilgileri\/","og_url":"https:\/\/e-marineeducation.com\/tr\/turk-denizcilik-maas-skalasi\/calisma-sartlari\/","og_site_name":"e-MarineEducation.com","article_modified_time":"2016-07-28T22:18:22+00:00","og_image":[{"url":"https:\/\/e-marineeducation.com\/tr\/wp-content\/uploads\/Maa%C5%9F.png","type":"","width":"","height":""}],"twitter_card":"summary_large_image","schema":{"@context":"https:\/\/schema.org","@graph":[{"@type":"WebPage","@id":"https:\/\/e-marineeducation.com\/tr\/turk-denizcilik-maas-skalasi\/calisma-sartlari\/","url":"https:\/\/e-marineeducation.com\/tr\/turk-denizcilik-maas-skalasi\/calisma-sartlari\/","name":"\u00c7al\u0131\u015fma \u015eartlar\u0131 - e-MarineEducation.com","isPartOf":{"@id":"https:\/\/e-marineeducation.com\/tr\/#website"},"primaryImageOfPage":{"@id":"https:\/\/e-marineeducation.com\/tr\/turk-denizcilik-maas-skalasi\/calisma-sartlari\/#primaryimage"},"image":{"@id":"https:\/\/e-marineeducation.com\/tr\/turk-denizcilik-maas-skalasi\/calisma-sartlari\/#primaryimage"},"thumbnailUrl":"https:\/\/e-marineeducation.com\/tr\/wp-content\/uploads\/Maa%C5%9F.png","datePublished":"2016-07-28T15:00:13+00:00","dateModified":"2016-07-28T22:18:22+00:00","breadcrumb":{"@id":"https:\/\/e-marineeducation.com\/tr\/turk-denizcilik-maas-skalasi\/calisma-sartlari\/#breadcrumb"},"inLanguage":"tr","potentialAction":[{"@type":"ReadAction","target":["https:\/\/e-marineeducation.com\/tr\/turk-denizcilik-maas-skalasi\/calisma-sartlari\/"]}]},{"@type":"ImageObject","inLanguage":"tr","@id":"https:\/\/e-marineeducation.com\/tr\/turk-denizcilik-maas-skalasi\/calisma-sartlari\/#primaryimage","url":"https:\/\/e-marineeducation.com\/tr\/wp-content\/uploads\/Maa%C5%9F.png","contentUrl":"https:\/\/e-marineeducation.com\/tr\/wp-content\/uploads\/Maa%C5%9F.png"},{"@type":"BreadcrumbList","@id":"https:\/\/e-marineeducation.com\/tr\/turk-denizcilik-maas-skalasi\/calisma-sartlari\/#breadcrumb","itemListElement":[{"@type":"ListItem","position":1,"name":"Ana sayfa","item":"https:\/\/e-marineeducation.com\/tr\/"},{"@type":"ListItem","position":2,"name":"T\u00fcrk Denizcilik Maa\u015f Skalas\u0131","item":"https:\/\/e-marineeducation.com\/tr\/turk-denizcilik-maas-skalasi\/"},{"@type":"ListItem","position":3,"name":"\u00c7al\u0131\u015fma \u015eartlar\u0131"}]},{"@type":"WebSite","@id":"https:\/\/e-marineeducation.com\/tr\/#website","url":"https:\/\/e-marineeducation.com\/tr\/","name":"e-MarineEducation.com","description":"Denizcilik E\u011fitimine Yeni Bir Bak\u0131\u015f A\u00e7\u0131s\u0131","potentialAction":[{"@type":"SearchAction","target":{"@type":"EntryPoint","urlTemplate":"https:\/\/e-marineeducation.com\/tr\/?s={search_term_string}"},"query-input":{"@type":"PropertyValueSpecification","valueRequired":true,"valueName":"search_term_string"}}],"inLanguage":"tr"}]}},"_links":{"self":[{"href":"https:\/\/e-marineeducation.com\/tr\/wp-json\/wp\/v2\/pages\/25733","targetHints":{"allow":["GET"]}}],"collection":[{"href":"https:\/\/e-marineeducation.com\/tr\/wp-json\/wp\/v2\/pages"}],"about":[{"href":"https:\/\/e-marineeducation.com\/tr\/wp-json\/wp\/v2\/types\/page"}],"author":[{"embeddable":true,"href":"https:\/\/e-marineeducation.com\/tr\/wp-json\/wp\/v2\/users\/1"}],"replies":[{"embeddable":true,"href":"https:\/\/e-marineeducation.com\/tr\/wp-json\/wp\/v2\/comments?post=25733"}],"version-history":[{"count":0,"href":"https:\/\/e-marineeducation.com\/tr\/wp-json\/wp\/v2\/pages\/25733\/revisions"}],"up":[{"embeddable":true,"href":"https:\/\/e-marineeducation.com\/tr\/wp-json\/wp\/v2\/pages\/26262"}],"wp:attachment":[{"href":"https:\/\/e-marineeducation.com\/tr\/wp-json\/wp\/v2\/media?parent=25733"}],"curies":[{"name":"wp","href":"https:\/\/api.w.org\/{rel}","templated":true}]}}