

{"id":25171,"date":"2016-07-17T17:30:54","date_gmt":"2016-07-17T14:30:54","guid":{"rendered":"https:\/\/e-marineeducation.com\/tr\/profile-2\/"},"modified":"2016-07-17T17:30:54","modified_gmt":"2016-07-17T14:30:54","slug":"profile-2","status":"publish","type":"page","link":"https:\/\/e-marineeducation.com\/tr\/profile-2\/","title":{"rendered":"Profili G\u00f6r\u00fcnt\u00fcle"},"content":{"rendered":"<div class=\"upme-wrap\"><p>Profilinizi g\u00f6r\u00fcnt\u00fclemek \/ d\u00fczenlemek i\u00e7in giri\u015f yap\u0131n.<\/p>\n<p class=\"upme-login-spacer\">&nbsp;<\/p>\n<div class=\"upme-wrap upme-login  \" style=\"width:100%;\" >\n    <div class=\"upme-inner upme-clearfix upme-login-wrapper\">\n\n        <!-- UPME Filters for before login head section -->\n                <!-- End Filters -->\n\n        <!-- UPME Filters for customizing head section -->\n        \n<div class=\"upme-head\">\n\t\t    <div class=\"upme-left\">\n\t        <div class=\"upme-field-name upme-field-name-wide login-heading\" id=\"login-heading-1\"> Giri\u015f<\/div>\n\t    <\/div>\n        <div class=\"upme-right\"><\/div><div class=\"upme-clear\"><\/div>\n<\/div>\n\n        <!-- End Filters -->\n        \n    \n        <!-- UPME Filters for after login head section -->\n                <!-- End Filters -->\n\n\n        <div class=\"upme-main\">\n                        \n            \n            \n\n            \n<form action=\"\" method=\"post\" id=\"upme-login-form-1\">\n\n    \n    <!-- Display login fields inside the form -->\n    \n<div class=\"upme-field upme-edit upme-edit-show upme-user_login\">    \n    \n            <label class=\"upme-field-type\" for=\"user_login\">\n                <i class=\"upme-icon upme-icon-user\"><\/i>                            \n                <span>Kullan\u0131c\u0131 Ad\u0131 veya E-posta<\/span>\n            <\/label>\n            \n        <div class=\"upme-field-value\">\n            <input type=\"text\" class=\"upme-input\" name=\"user_login\" id=\"user_login\" value=\"\"  \/>        <\/div>\n\n<\/div>\n<div class=\"upme-clear\"><\/div>\n<div class=\"upme-field upme-edit upme-edit-show upme-login_user_pass\">    \n    \n            <label class=\"upme-field-type\" for=\"login_user_pass\">\n                <i class=\"upme-icon upme-icon-lock\"><\/i>                            \n                <span>\u015eifre<\/span>\n            <\/label>\n            \n        <div class=\"upme-field-value\">\n            <input type=\"password\" class=\"upme-input\" name=\"login_user_pass\" id=\"login_user_pass\" value=\"\"  \/>        <\/div>\n\n<\/div>\n<div class=\"upme-clear\"><\/div>\n\n    <!-- Display captcha verification fields after the login fields -->\n    <input type=\"hidden\" name=\"no_captcha\" value=\"yes\" \/>\n    <div class=\"upme-field upme-edit upme-edit-show\">\n        <label class=\"upme-field-type upme-field-type-\">&nbsp;<\/label>\n        <div class=\"upme-field-value\">\n\n            <!-- UPME Filters for adding extra fields or hidden data in forgot form -->\n                        <!-- End Filter -->\n\n            <input type=\"hidden\" name=\"upme-hidden-login-form-name\" value=\"uwCgjuh8tgi6\" \/>\n            <input type=\"hidden\" name=\"upme-hidden-login-form-name-hash\" value=\"68b74b5670a2d44ab82329758a429a7b6d6f54561d4f673a04a63d40d1b2662a\" \/>\n\n            <div class=\"upme-rememberme \">\n                <i class=\"upme-icon upme-icon-square-o\"><\/i> Beni hat\u0131rla                <input type=\"hidden\" name=\"rememberme\" id=\"rememberme-1\" value=\"0\" \/>\n            <\/div>\n            <input type=\"submit\" name=\"upme-login\" class=\"upme-button upme-login \" value=\"Giri\u015f Yap\" \/><br \/>\n\n            <a href=\"javascript:void(0);\" id=\"upme-forgot-pass-1\" class=\"upme-login-forgot-link \" title=\"Unuttum!\">Unuttum!<\/a> | <a href=\"https:\/\/e-marineeducation.com\/tr\/kayit-ol\/\" class=\"upme-login-register-link \">Kay\u0131t Ol<\/a>\n\n        <\/div>\n    <\/div>\n    <div class=\"upme-clear\"><\/div>\n\n    <input type=\"hidden\" name=\"redirect_to\" value=\"\" \/>\n\n    <!-- UPME Filters for social login buttons section -->\n        <!-- End Filters -->\n\n<\/form>       \n\n        \n<!-- UPME Filters for adding extra fields or hidden data in login form -->\n<!-- End Filter -->\n\n<!-- Generating Forgot Password Form-->\n<div class=\"upme-forgot-pass\" id=\"upme-forgot-pass-holder-1\">\n    <div class=\"upme-field upme-edit upme-edit-show\">\n        <label class=\"upme-field-type\" for=\"user_name_email-1\">\n            <i class=\"upme-icon upme-icon-user\"><\/i>\n            <span>Kullan\u0131c\u0131 Ad\u0131 veya E-posta<\/span>\n        <\/label>\n        <div class=\"upme-field-value\">\n            <input type=\"text\" class=\"upme-input\" name=\"user_name_email\" id=\"user_name_email-1\" value=\"\"><\/div>\n    <\/div>\n\n    <div class=\"upme-field upme-edit upme-edit-show\">\n        <label class=\"upme-field-type upme-blank-lable\">&nbsp;<\/label>\n        <div class=\"upme-field-value\">\n            <div class=\"upme-back-to-login\">\n            <a href=\"javascript:void(0);\" title=\"Giri\u015f B\u00f6l\u00fcm\u00fcne D\u00f6n\" id=\"upme-back-to-login-1\">Giri\u015f B\u00f6l\u00fcm\u00fcne D\u00f6n<\/a>  | <a href=\"https:\/\/e-marineeducation.com\/tr\/kayit-ol\/\" class=\"upme-login-register-link \">Kay\u0131t Ol<\/a>            <\/div>\n\n        <input type=\"button\" name=\"upme-forgot-pass\" id=\"upme-forgot-pass-btn-1\" class=\"upme-button upme-login\" value=\"\u015eifremi Unuttum\">\n        <\/div>\n    <\/div>\n<\/div>\n        <\/div>\n\n        <!-- UPME Filters for after login fields section -->\n        <div align=\"center\" style=\"margin:10px\"><div align=\"center\" class=\"upme-social-header\" ><\/div><\/div><div class=\"upme-clear\"><\/div>        <!-- End Filters -->\n\n    <\/div>\n<\/div><\/div>\n","protected":false},"excerpt":{"rendered":"","protected":false},"author":1,"featured_media":0,"parent":0,"menu_order":0,"comment_status":"closed","ping_status":"closed","template":"","meta":{"_acf_changed":false,"_bbp_topic_count":0,"_bbp_reply_count":0,"_bbp_total_topic_count":0,"_bbp_total_reply_count":0,"_bbp_voice_count":0,"_bbp_anonymous_reply_count":0,"_bbp_topic_count_hidden":0,"_bbp_reply_count_hidden":0,"_bbp_forum_subforum_count":0,"footnotes":""},"class_list":["post-25171","page","type-page","status-publish",""],"acf":[],"yoast_head":"<!-- This site is optimized with the Yoast SEO plugin v27.4 - https:\/\/yoast.com\/product\/yoast-seo-wordpress\/ -->\n<title>Profili G\u00f6r\u00fcnt\u00fcle - e-MarineEducation.com<\/title>\n<meta name=\"robots\" content=\"index, follow, max-snippet:-1, max-image-preview:large, max-video-preview:-1\" \/>\n<link rel=\"canonical\" href=\"https:\/\/e-marineeducation.com\/tr\/profile-2\/\" \/>\n<meta property=\"og:locale\" content=\"tr_TR\" \/>\n<meta property=\"og:type\" content=\"article\" \/>\n<meta property=\"og:title\" content=\"Profili G\u00f6r\u00fcnt\u00fcle - e-MarineEducation.com\" \/>\n<meta property=\"og:url\" content=\"https:\/\/e-marineeducation.com\/tr\/profile-2\/\" \/>\n<meta property=\"og:site_name\" content=\"e-MarineEducation.com\" \/>\n<meta name=\"twitter:card\" content=\"summary_large_image\" \/>\n<script type=\"application\/ld+json\" class=\"yoast-schema-graph\">{\"@context\":\"https:\\\/\\\/schema.org\",\"@graph\":[{\"@type\":\"WebPage\",\"@id\":\"https:\\\/\\\/e-marineeducation.com\\\/tr\\\/profile-2\\\/\",\"url\":\"https:\\\/\\\/e-marineeducation.com\\\/tr\\\/profile-2\\\/\",\"name\":\"Profili G\u00f6r\u00fcnt\u00fcle - e-MarineEducation.com\",\"isPartOf\":{\"@id\":\"https:\\\/\\\/e-marineeducation.com\\\/tr\\\/#website\"},\"datePublished\":\"2016-07-17T14:30:54+00:00\",\"breadcrumb\":{\"@id\":\"https:\\\/\\\/e-marineeducation.com\\\/tr\\\/profile-2\\\/#breadcrumb\"},\"inLanguage\":\"tr\",\"potentialAction\":[{\"@type\":\"ReadAction\",\"target\":[\"https:\\\/\\\/e-marineeducation.com\\\/tr\\\/profile-2\\\/\"]}]},{\"@type\":\"BreadcrumbList\",\"@id\":\"https:\\\/\\\/e-marineeducation.com\\\/tr\\\/profile-2\\\/#breadcrumb\",\"itemListElement\":[{\"@type\":\"ListItem\",\"position\":1,\"name\":\"Ana sayfa\",\"item\":\"https:\\\/\\\/e-marineeducation.com\\\/tr\\\/\"},{\"@type\":\"ListItem\",\"position\":2,\"name\":\"Profili G\u00f6r\u00fcnt\u00fcle\"}]},{\"@type\":\"WebSite\",\"@id\":\"https:\\\/\\\/e-marineeducation.com\\\/tr\\\/#website\",\"url\":\"https:\\\/\\\/e-marineeducation.com\\\/tr\\\/\",\"name\":\"e-MarineEducation.com\",\"description\":\"Denizcilik E\u011fitimine Yeni Bir Bak\u0131\u015f A\u00e7\u0131s\u0131\",\"potentialAction\":[{\"@type\":\"SearchAction\",\"target\":{\"@type\":\"EntryPoint\",\"urlTemplate\":\"https:\\\/\\\/e-marineeducation.com\\\/tr\\\/?s={search_term_string}\"},\"query-input\":{\"@type\":\"PropertyValueSpecification\",\"valueRequired\":true,\"valueName\":\"search_term_string\"}}],\"inLanguage\":\"tr\"}]}<\/script>\n<!-- \/ Yoast SEO plugin. -->","yoast_head_json":{"title":"Profili G\u00f6r\u00fcnt\u00fcle - e-MarineEducation.com","robots":{"index":"index","follow":"follow","max-snippet":"max-snippet:-1","max-image-preview":"max-image-preview:large","max-video-preview":"max-video-preview:-1"},"canonical":"https:\/\/e-marineeducation.com\/tr\/profile-2\/","og_locale":"tr_TR","og_type":"article","og_title":"Profili G\u00f6r\u00fcnt\u00fcle - e-MarineEducation.com","og_url":"https:\/\/e-marineeducation.com\/tr\/profile-2\/","og_site_name":"e-MarineEducation.com","twitter_card":"summary_large_image","schema":{"@context":"https:\/\/schema.org","@graph":[{"@type":"WebPage","@id":"https:\/\/e-marineeducation.com\/tr\/profile-2\/","url":"https:\/\/e-marineeducation.com\/tr\/profile-2\/","name":"Profili G\u00f6r\u00fcnt\u00fcle - e-MarineEducation.com","isPartOf":{"@id":"https:\/\/e-marineeducation.com\/tr\/#website"},"datePublished":"2016-07-17T14:30:54+00:00","breadcrumb":{"@id":"https:\/\/e-marineeducation.com\/tr\/profile-2\/#breadcrumb"},"inLanguage":"tr","potentialAction":[{"@type":"ReadAction","target":["https:\/\/e-marineeducation.com\/tr\/profile-2\/"]}]},{"@type":"BreadcrumbList","@id":"https:\/\/e-marineeducation.com\/tr\/profile-2\/#breadcrumb","itemListElement":[{"@type":"ListItem","position":1,"name":"Ana sayfa","item":"https:\/\/e-marineeducation.com\/tr\/"},{"@type":"ListItem","position":2,"name":"Profili G\u00f6r\u00fcnt\u00fcle"}]},{"@type":"WebSite","@id":"https:\/\/e-marineeducation.com\/tr\/#website","url":"https:\/\/e-marineeducation.com\/tr\/","name":"e-MarineEducation.com","description":"Denizcilik E\u011fitimine Yeni Bir Bak\u0131\u015f A\u00e7\u0131s\u0131","potentialAction":[{"@type":"SearchAction","target":{"@type":"EntryPoint","urlTemplate":"https:\/\/e-marineeducation.com\/tr\/?s={search_term_string}"},"query-input":{"@type":"PropertyValueSpecification","valueRequired":true,"valueName":"search_term_string"}}],"inLanguage":"tr"}]}},"_links":{"self":[{"href":"https:\/\/e-marineeducation.com\/tr\/wp-json\/wp\/v2\/pages\/25171","targetHints":{"allow":["GET"]}}],"collection":[{"href":"https:\/\/e-marineeducation.com\/tr\/wp-json\/wp\/v2\/pages"}],"about":[{"href":"https:\/\/e-marineeducation.com\/tr\/wp-json\/wp\/v2\/types\/page"}],"author":[{"embeddable":true,"href":"https:\/\/e-marineeducation.com\/tr\/wp-json\/wp\/v2\/users\/1"}],"replies":[{"embeddable":true,"href":"https:\/\/e-marineeducation.com\/tr\/wp-json\/wp\/v2\/comments?post=25171"}],"version-history":[{"count":0,"href":"https:\/\/e-marineeducation.com\/tr\/wp-json\/wp\/v2\/pages\/25171\/revisions"}],"wp:attachment":[{"href":"https:\/\/e-marineeducation.com\/tr\/wp-json\/wp\/v2\/media?parent=25171"}],"curies":[{"name":"wp","href":"https:\/\/api.w.org\/{rel}","templated":true}]}}