

{"id":24330,"date":"2016-05-10T20:27:57","date_gmt":"2016-05-10T17:27:57","guid":{"rendered":"https:\/\/e-marineeducation.com\/tr\/?page_id=24330"},"modified":"2016-08-27T22:16:40","modified_gmt":"2016-08-27T19:16:40","slug":"profil-batuhan-omacan","status":"publish","type":"page","link":"https:\/\/e-marineeducation.com\/tr\/profil-batuhan-omacan\/","title":{"rendered":"Ki\u015fisel Profil Sayfas\u0131"},"content":{"rendered":"<figure id=\"attachment_24329\" aria-describedby=\"caption-attachment-24329\" style=\"width: 159px\" class=\"wp-caption alignleft\"><img loading=\"lazy\" decoding=\"async\" class=\"wp-image-24329 size-full\" src=\"https:\/\/e-marineeducation.com\/tr\/wp-content\/uploads\/Batuhan-Omacan.png\" width=\"159\" height=\"168\" srcset=\"https:\/\/e-marineeducation.com\/tr\/wp-content\/uploads\/Batuhan-Omacan.png 159w, https:\/\/e-marineeducation.com\/tr\/wp-content\/uploads\/Batuhan-Omacan-142x150.png 142w\" sizes=\"auto, (max-width: 159px) 100vw, 159px\" \/><figcaption id=\"caption-attachment-24329\" class=\"wp-caption-text\"><\/p>\n<p align=\"center\">Batuhan Omacan<br \/> <a target=\"_blank\"><img decoding=\"async\" src=\"https:\/\/e-marineeducation.com\/tr\/wp-content\/uploads\/Web-\u0130con.png\" alt=\"\" \/><\/a> <a href=\"https:\/\/www.facebook.com\/ArnvuTbatuhan\" target=\"_blank\"><img decoding=\"async\" src=\"https:\/\/e-marineeducation.com\/tr\/wp-content\/uploads\/Facebook-\u0130con.png\" alt=\"\" \/><\/a> <a href=\"https:\/\/twitter.com\/batuhanomacan\" target=\"_blank\"><img decoding=\"async\" src=\"https:\/\/e-marineeducation.com\/tr\/wp-content\/uploads\/Twitter-\u0130con.png\" alt=\"\" \/><\/a> <a href=\"https:\/\/www.linkedin.com\/in\/hayrettin-batuhan-omacan-08521aa9\" target=\"_blank\"><img decoding=\"async\" src=\"https:\/\/e-marineeducation.com\/tr\/wp-content\/uploads\/Linkedin-\u0130con.png\" alt=\"\" \/><\/a><\/p><\/figcaption><\/figure>\n<p><strong><span style=\"text-decoration: underline\">Ki\u015fisel Bilgiler<br \/>\n<\/span><\/strong><strong>Ad\u0131 Soyad\u0131:<\/strong>\u00a0Batuhan Omacan<br \/>\n<strong>Do\u011fum Tarihi:<\/strong>\u00a001 Aral\u0131k\u00a01990<br \/>\n<strong>Mesle\u011fi:<\/strong>\u00a0Gemiadam\u0131 (<i>Vardiya Zabiti<\/i>)<br \/>\n<strong>\u00d6zge\u00e7mi\u015fi<\/strong>: \u2013\u2013\u2013<span style=\"color: #3498db\"><a style=\"color: #3498db\" href=\"http:\/\/www.hayontan.com\" target=\"_blank\"><br \/>\n<\/a><\/span><strong>E-Posta Adresi:<\/strong>\u00a0<span style=\"color: #3498db\"><a style=\"color: #3498db\" href=\"mailto:batuhanomacan@e-MarineEducation.com\">batuhanomacan@e-MarineEducation.com<\/a><\/span><\/p>\n<p><span style=\"text-decoration: underline\"><strong>e-MarineEducation.com Bilgileri<br \/>\n<\/strong><\/span><strong>\u00c7al\u0131\u015fma Durumu:<\/strong> <span style=\"color: #339966\"><strong>Aktif<br \/>\n<\/strong><\/span><strong>Kat\u0131l\u0131m Tarihi:<\/strong>\u00a010 May\u0131s 2015<br \/>\n<strong>Mevcut G\u00f6revi:<\/strong>\u00a0Sosyal Medya Edit\u00f6r\u00fc<br \/>\n<strong>\u00d6nceki G\u00f6revleri:<\/strong> \u2013\u2013\u2013<\/p>\n<p><span style=\"text-decoration: underline\"><strong>Kazand\u0131rd\u0131klar\u0131<br \/>\n<\/strong><\/span>&#8211;\u00a0Taraf\u0131ndan haz\u0131rlanan makaleleri &#8211; <span style=\"text-decoration: underline\"><strong><span style=\"color: #3498db\"><a style=\"color: #3498db;text-decoration: underline\" href=\"https:\/\/e-marineeducation.com\/tr\/tag\/batuhan-omacan-yazilari\/\">inceleyiniz<\/a><\/span><br \/>\n<\/strong><\/span>&#8211; Taraf\u0131ndan yap\u0131lan yaz\u0131m d\u00fczenlemeleri &#8211; <span style=\"text-decoration: underline;color: #3498db\"><strong><a style=\"color: #3498db;text-decoration: underline\" href=\"https:\/\/e-marineeducation.com\/tr\/tag\/batuhan-omacan-duzenlemeleri\/\" target=\"_blank\">inceleyiniz<br \/>\n<\/a><\/strong><\/span><\/p>\n<p style=\"text-align: right\"><strong>Organizasyon<\/strong>\u00a0sayfas\u0131na,\u00a0<strong><span style=\"text-decoration: underline;color: #3498db\"><a style=\"color: #3498db;text-decoration: underline\" href=\"https:\/\/e-marineeducation.com\/tr\/organizasyon\/\">Geri D\u00f6n<\/a><\/span>\u00a0<a href=\"https:\/\/e-marineeducation.com\/tr\/organizasyon\/\"><img loading=\"lazy\" decoding=\"async\" src=\"https:\/\/e-marineeducation.com\/tr\/wp-content\/uploads\/geri-d\u00f6n.png\" alt=\"\" width=\"74\" height=\"65\" align=\"right\" border=\"0\" \/><\/a><\/strong><\/p>\n","protected":false},"excerpt":{"rendered":"<p>Ki\u015fisel Bilgiler Ad\u0131 Soyad\u0131:\u00a0Batuhan Omacan Do\u011fum Tarihi:\u00a001 Aral\u0131k\u00a01990 Mesle\u011fi:\u00a0Gemiadam\u0131 (Vardiya Zabiti) \u00d6zge\u00e7mi\u015fi: \u2013\u2013\u2013 E-Posta Adresi:\u00a0batuhanomacan@e-MarineEducation.com e-MarineEducation.com Bilgileri \u00c7al\u0131\u015fma Durumu: Aktif Kat\u0131l\u0131m Tarihi:\u00a010 May\u0131s 2015 Mevcut G\u00f6revi:\u00a0Sosyal Medya Edit\u00f6r\u00fc \u00d6nceki G\u00f6revleri: \u2013\u2013\u2013 Kazand\u0131rd\u0131klar\u0131 &#8211;\u00a0Taraf\u0131ndan haz\u0131rlanan makaleleri &#8211; inceleyiniz &#8211; Taraf\u0131ndan yap\u0131lan yaz\u0131m d\u00fczenlemeleri &#8211; inceleyiniz Organizasyon\u00a0sayfas\u0131na,\u00a0Geri D\u00f6n\u00a0<\/p>\n","protected":false},"author":14,"featured_media":24328,"parent":0,"menu_order":0,"comment_status":"closed","ping_status":"closed","template":"","meta":{"_acf_changed":false,"_bbp_topic_count":0,"_bbp_reply_count":0,"_bbp_total_topic_count":0,"_bbp_total_reply_count":0,"_bbp_voice_count":0,"_bbp_anonymous_reply_count":0,"_bbp_topic_count_hidden":0,"_bbp_reply_count_hidden":0,"_bbp_forum_subforum_count":0,"footnotes":""},"class_list":["post-24330","page","type-page","status-publish","has-post-thumbnail",""],"acf":[],"yoast_head":"<!-- This site is optimized with the Yoast SEO plugin v27.2 - https:\/\/yoast.com\/product\/yoast-seo-wordpress\/ -->\n<title>Ki\u015fisel Profil Sayfas\u0131: Batuhan Omacan | e-MarineEducation.com<\/title>\n<meta name=\"description\" content=\"Batuhan Omacan&#039;\u0131n ki\u015fisel profil sayfas\u0131d\u0131r.\" \/>\n<meta name=\"robots\" content=\"index, follow, max-snippet:-1, max-image-preview:large, max-video-preview:-1\" \/>\n<link rel=\"canonical\" href=\"https:\/\/e-marineeducation.com\/tr\/profil-batuhan-omacan\/\" \/>\n<meta property=\"og:locale\" content=\"tr_TR\" \/>\n<meta property=\"og:type\" content=\"article\" \/>\n<meta property=\"og:title\" content=\"Ki\u015fisel Profil Sayfas\u0131: Batuhan Omacan | e-MarineEducation.com\" \/>\n<meta property=\"og:description\" content=\"Batuhan Omacan&#039;\u0131n ki\u015fisel profil sayfas\u0131d\u0131r.\" \/>\n<meta property=\"og:url\" content=\"https:\/\/e-marineeducation.com\/tr\/profil-batuhan-omacan\/\" \/>\n<meta property=\"og:site_name\" content=\"e-MarineEducation.com\" \/>\n<meta property=\"article:modified_time\" content=\"2016-08-27T19:16:40+00:00\" \/>\n<meta property=\"og:image\" content=\"https:\/\/e-marineeducation.com\/tr\/wp-content\/uploads\/Batuhan-Omacan.png\" \/>\n\t<meta property=\"og:image:width\" content=\"159\" \/>\n\t<meta property=\"og:image:height\" content=\"168\" \/>\n\t<meta property=\"og:image:type\" content=\"image\/png\" \/>\n<meta name=\"twitter:card\" content=\"summary_large_image\" \/>\n<script type=\"application\/ld+json\" class=\"yoast-schema-graph\">{\"@context\":\"https:\/\/schema.org\",\"@graph\":[{\"@type\":\"WebPage\",\"@id\":\"https:\/\/e-marineeducation.com\/tr\/profil-batuhan-omacan\/\",\"url\":\"https:\/\/e-marineeducation.com\/tr\/profil-batuhan-omacan\/\",\"name\":\"Ki\u015fisel Profil Sayfas\u0131: Batuhan Omacan | e-MarineEducation.com\",\"isPartOf\":{\"@id\":\"https:\/\/e-marineeducation.com\/tr\/#website\"},\"primaryImageOfPage\":{\"@id\":\"https:\/\/e-marineeducation.com\/tr\/profil-batuhan-omacan\/#primaryimage\"},\"image\":{\"@id\":\"https:\/\/e-marineeducation.com\/tr\/profil-batuhan-omacan\/#primaryimage\"},\"thumbnailUrl\":\"https:\/\/e-marineeducation.com\/tr\/wp-content\/uploads\/Batuhan-Omacan-Simge.png\",\"datePublished\":\"2016-05-10T17:27:57+00:00\",\"dateModified\":\"2016-08-27T19:16:40+00:00\",\"description\":\"Batuhan Omacan'\u0131n ki\u015fisel profil sayfas\u0131d\u0131r.\",\"breadcrumb\":{\"@id\":\"https:\/\/e-marineeducation.com\/tr\/profil-batuhan-omacan\/#breadcrumb\"},\"inLanguage\":\"tr\",\"potentialAction\":[{\"@type\":\"ReadAction\",\"target\":[\"https:\/\/e-marineeducation.com\/tr\/profil-batuhan-omacan\/\"]}]},{\"@type\":\"ImageObject\",\"inLanguage\":\"tr\",\"@id\":\"https:\/\/e-marineeducation.com\/tr\/profil-batuhan-omacan\/#primaryimage\",\"url\":\"https:\/\/e-marineeducation.com\/tr\/wp-content\/uploads\/Batuhan-Omacan-Simge.png\",\"contentUrl\":\"https:\/\/e-marineeducation.com\/tr\/wp-content\/uploads\/Batuhan-Omacan-Simge.png\",\"width\":200,\"height\":165},{\"@type\":\"BreadcrumbList\",\"@id\":\"https:\/\/e-marineeducation.com\/tr\/profil-batuhan-omacan\/#breadcrumb\",\"itemListElement\":[{\"@type\":\"ListItem\",\"position\":1,\"name\":\"Ana sayfa\",\"item\":\"https:\/\/e-marineeducation.com\/tr\/\"},{\"@type\":\"ListItem\",\"position\":2,\"name\":\"Ki\u015fisel Profil Sayfas\u0131\"}]},{\"@type\":\"WebSite\",\"@id\":\"https:\/\/e-marineeducation.com\/tr\/#website\",\"url\":\"https:\/\/e-marineeducation.com\/tr\/\",\"name\":\"e-MarineEducation.com\",\"description\":\"Denizcilik E\u011fitimine Yeni Bir Bak\u0131\u015f A\u00e7\u0131s\u0131\",\"potentialAction\":[{\"@type\":\"SearchAction\",\"target\":{\"@type\":\"EntryPoint\",\"urlTemplate\":\"https:\/\/e-marineeducation.com\/tr\/?s={search_term_string}\"},\"query-input\":{\"@type\":\"PropertyValueSpecification\",\"valueRequired\":true,\"valueName\":\"search_term_string\"}}],\"inLanguage\":\"tr\"}]}<\/script>\n<!-- \/ Yoast SEO plugin. -->","yoast_head_json":{"title":"Ki\u015fisel Profil Sayfas\u0131: Batuhan Omacan | e-MarineEducation.com","description":"Batuhan Omacan'\u0131n ki\u015fisel profil sayfas\u0131d\u0131r.","robots":{"index":"index","follow":"follow","max-snippet":"max-snippet:-1","max-image-preview":"max-image-preview:large","max-video-preview":"max-video-preview:-1"},"canonical":"https:\/\/e-marineeducation.com\/tr\/profil-batuhan-omacan\/","og_locale":"tr_TR","og_type":"article","og_title":"Ki\u015fisel Profil Sayfas\u0131: Batuhan Omacan | e-MarineEducation.com","og_description":"Batuhan Omacan'\u0131n ki\u015fisel profil sayfas\u0131d\u0131r.","og_url":"https:\/\/e-marineeducation.com\/tr\/profil-batuhan-omacan\/","og_site_name":"e-MarineEducation.com","article_modified_time":"2016-08-27T19:16:40+00:00","og_image":[{"width":159,"height":168,"url":"https:\/\/e-marineeducation.com\/tr\/wp-content\/uploads\/Batuhan-Omacan.png","type":"image\/png"}],"twitter_card":"summary_large_image","schema":{"@context":"https:\/\/schema.org","@graph":[{"@type":"WebPage","@id":"https:\/\/e-marineeducation.com\/tr\/profil-batuhan-omacan\/","url":"https:\/\/e-marineeducation.com\/tr\/profil-batuhan-omacan\/","name":"Ki\u015fisel Profil Sayfas\u0131: Batuhan Omacan | e-MarineEducation.com","isPartOf":{"@id":"https:\/\/e-marineeducation.com\/tr\/#website"},"primaryImageOfPage":{"@id":"https:\/\/e-marineeducation.com\/tr\/profil-batuhan-omacan\/#primaryimage"},"image":{"@id":"https:\/\/e-marineeducation.com\/tr\/profil-batuhan-omacan\/#primaryimage"},"thumbnailUrl":"https:\/\/e-marineeducation.com\/tr\/wp-content\/uploads\/Batuhan-Omacan-Simge.png","datePublished":"2016-05-10T17:27:57+00:00","dateModified":"2016-08-27T19:16:40+00:00","description":"Batuhan Omacan'\u0131n ki\u015fisel profil sayfas\u0131d\u0131r.","breadcrumb":{"@id":"https:\/\/e-marineeducation.com\/tr\/profil-batuhan-omacan\/#breadcrumb"},"inLanguage":"tr","potentialAction":[{"@type":"ReadAction","target":["https:\/\/e-marineeducation.com\/tr\/profil-batuhan-omacan\/"]}]},{"@type":"ImageObject","inLanguage":"tr","@id":"https:\/\/e-marineeducation.com\/tr\/profil-batuhan-omacan\/#primaryimage","url":"https:\/\/e-marineeducation.com\/tr\/wp-content\/uploads\/Batuhan-Omacan-Simge.png","contentUrl":"https:\/\/e-marineeducation.com\/tr\/wp-content\/uploads\/Batuhan-Omacan-Simge.png","width":200,"height":165},{"@type":"BreadcrumbList","@id":"https:\/\/e-marineeducation.com\/tr\/profil-batuhan-omacan\/#breadcrumb","itemListElement":[{"@type":"ListItem","position":1,"name":"Ana sayfa","item":"https:\/\/e-marineeducation.com\/tr\/"},{"@type":"ListItem","position":2,"name":"Ki\u015fisel Profil Sayfas\u0131"}]},{"@type":"WebSite","@id":"https:\/\/e-marineeducation.com\/tr\/#website","url":"https:\/\/e-marineeducation.com\/tr\/","name":"e-MarineEducation.com","description":"Denizcilik E\u011fitimine Yeni Bir Bak\u0131\u015f A\u00e7\u0131s\u0131","potentialAction":[{"@type":"SearchAction","target":{"@type":"EntryPoint","urlTemplate":"https:\/\/e-marineeducation.com\/tr\/?s={search_term_string}"},"query-input":{"@type":"PropertyValueSpecification","valueRequired":true,"valueName":"search_term_string"}}],"inLanguage":"tr"}]}},"_links":{"self":[{"href":"https:\/\/e-marineeducation.com\/tr\/wp-json\/wp\/v2\/pages\/24330","targetHints":{"allow":["GET"]}}],"collection":[{"href":"https:\/\/e-marineeducation.com\/tr\/wp-json\/wp\/v2\/pages"}],"about":[{"href":"https:\/\/e-marineeducation.com\/tr\/wp-json\/wp\/v2\/types\/page"}],"author":[{"embeddable":true,"href":"https:\/\/e-marineeducation.com\/tr\/wp-json\/wp\/v2\/users\/14"}],"replies":[{"embeddable":true,"href":"https:\/\/e-marineeducation.com\/tr\/wp-json\/wp\/v2\/comments?post=24330"}],"version-history":[{"count":0,"href":"https:\/\/e-marineeducation.com\/tr\/wp-json\/wp\/v2\/pages\/24330\/revisions"}],"wp:featuredmedia":[{"embeddable":true,"href":"https:\/\/e-marineeducation.com\/tr\/wp-json\/wp\/v2\/media\/24328"}],"wp:attachment":[{"href":"https:\/\/e-marineeducation.com\/tr\/wp-json\/wp\/v2\/media?parent=24330"}],"curies":[{"name":"wp","href":"https:\/\/api.w.org\/{rel}","templated":true}]}}