

{"id":18450,"date":"2014-12-24T19:44:16","date_gmt":"2014-12-24T16:44:16","guid":{"rendered":"https:\/\/e-marineeducation.com\/tr\/?page_id=18450"},"modified":"2016-08-28T00:47:41","modified_gmt":"2016-08-27T21:47:41","slug":"profil-ali-sercan-balcioglu","status":"publish","type":"page","link":"https:\/\/e-marineeducation.com\/tr\/profil-ali-sercan-balcioglu\/","title":{"rendered":"Ki\u015fisel Profil Sayfas\u0131"},"content":{"rendered":"<figure id=\"attachment_24560\" aria-describedby=\"caption-attachment-24560\" style=\"width: 159px\" class=\"wp-caption alignleft\"><img loading=\"lazy\" decoding=\"async\" class=\"wp-image-24560 size-full\" src=\"https:\/\/e-marineeducation.com\/tr\/wp-content\/uploads\/A.Sercan-Balc\u0131o\u011flu.png\" width=\"159\" height=\"168\" srcset=\"https:\/\/e-marineeducation.com\/tr\/wp-content\/uploads\/A.Sercan-Balc\u0131o\u011flu.png 159w, https:\/\/e-marineeducation.com\/tr\/wp-content\/uploads\/A.Sercan-Balc\u0131o\u011flu-142x150.png 142w\" sizes=\"auto, (max-width: 159px) 100vw, 159px\" \/><figcaption id=\"caption-attachment-24560\" class=\"wp-caption-text\"><\/p>\n<p align=\"center\">Ali Sercan Balc\u0131o\u011flu<br \/> <img decoding=\"async\" src=\"https:\/\/e-marineeducation.com\/tr\/wp-content\/uploads\/Web-\u0130con.png\" alt=\"\" \/> <a href=\"https:\/\/www.facebook.com\/asbalcioglu\" target=\"_blank\"><img decoding=\"async\" src=\"https:\/\/e-marineeducation.com\/tr\/wp-content\/uploads\/Facebook-\u0130con.png\" alt=\"\" \/><\/a> <a href=\"https:\/\/twitter.com\/asbalcioglu\" target=\"_blank\"><img decoding=\"async\" src=\"https:\/\/e-marineeducation.com\/tr\/wp-content\/uploads\/Twitter-\u0130con.png\" alt=\"\" \/><\/a> <a href=\"https:\/\/www.linkedin.com\/in\/asbalcioglu\" target=\"_blank\"><img decoding=\"async\" src=\"https:\/\/e-marineeducation.com\/tr\/wp-content\/uploads\/Linkedin-\u0130con.png\" alt=\"\" \/><\/a><\/p><\/figcaption><\/figure>\n<p><strong><span style=\"text-decoration: underline\">Ki\u015fisel Bilgiler<br \/>\n<\/span><\/strong><strong>Ad\u0131 Soyad\u0131:<\/strong>\u00a0Ali Sercan Balc\u0131o\u011flu<br \/>\n<strong>Do\u011fum Tarihi:<\/strong>\u00a003\u00a0Ocak\u00a01991<br \/>\n<strong>Mesle\u011fi:<\/strong>\u00a0Gemiadam\u0131\u00a0(<em>Vardiya Zabiti<\/em>)<br \/>\n<strong>\u00d6zge\u00e7mi\u015fi<\/strong>:\u00a0<span style=\"color: #3366ff\"><a style=\"color: #3366ff\" href=\"https:\/\/e-marineeducation.com\/tr\/?p=18837\" target=\"_blank\"><span style=\"color: #3498db\">https:\/\/e-marineeducation.com\/tr\/?p=18837<\/span><br \/>\n<\/a><\/span><strong>E-Posta Adresi:<\/strong>\u00a0<span style=\"color: #3498db\"><a style=\"color: #3498db\" href=\"mailto:sercanbalcioglu@e-MarineEducation.com\">sercanbalcioglu@e-MarineEducation.com<\/a><\/span><\/p>\n<p><span style=\"text-decoration: underline\"><strong>e-MarineEducation.com Bilgileri<br \/>\n<\/strong><\/span><strong>\u00c7al\u0131\u015fma Durumu:<\/strong> <span style=\"color: #339966\"><strong>Aktif<\/strong><\/span><span style=\"text-decoration: underline\"><strong><strong><br \/>\n<\/strong><\/strong><\/span><strong>Kat\u0131l\u0131m Tarihi:<\/strong>\u00a024 Aral\u0131k 2014<br \/>\n<strong>Mevcut G\u00f6revi:<\/strong>\u00a0Medya Takip Edit\u00f6r\u00fc<br \/>\n<strong>\u00d6nceki G\u00f6revleri:<\/strong>\u00a0\u2013\u2013\u2013<\/p>\n<p><strong>Kazand\u0131rd\u0131klar\u0131<br \/>\n<\/strong>&#8211; Taraf\u0131ndan haz\u0131rlanan haberleri\u00a0&#8211; <span style=\"color: #3366cc\"><strong><a style=\"color: #3366cc;text-decoration: underline\" href=\"https:\/\/e-marineeducation.com\/tr\/tag\/ali-sercan-balcioglu-haberleri\/\" target=\"_blank\"><span style=\"color: #3498db;text-decoration: underline\">inceleyiniz<\/span><br \/>\n<\/a><\/strong><\/span>&#8211; Taraf\u0131ndan haz\u0131rlanan makaleleri\u00a0&#8211; <span style=\"text-decoration: underline;color: #3498db\"><strong><a style=\"color: #3498db;text-decoration: underline\" href=\"https:\/\/e-marineeducation.com\/tr\/tag\/ali-sercan-balcioglu-yazilari\/\" target=\"_blank\">inceleyiniz<br \/>\n<\/a><\/strong><\/span>&#8211; Taraf\u0131ndan yap\u0131lan yaz\u0131m d\u00fczenlemeleri &#8211; <span style=\"text-decoration: underline;color: #3498db\"><strong><a style=\"color: #3498db;text-decoration: underline\" href=\"https:\/\/e-marineeducation.com\/tr\/tag\/ali-sercan-balcioglu-duzenlemeleri\/\">inceleyiniz<\/a><\/strong><\/span><br \/>\n&#8211; Taraf\u0131ndan g\u00f6zlemlenen medya takipleri\u00a0&#8211; <span style=\"text-decoration: underline;color: #3498db\"><strong><a style=\"color: #3498db;text-decoration: underline\" href=\"https:\/\/e-marineeducation.com\/tr\/tag\/ali-sercan-balcioglu-medya-takibi\/\" target=\"_blank\">inceleyiniz<\/a><\/strong><\/span><\/p>\n<p style=\"text-align: right\"><strong>Organizasyon<\/strong>\u00a0sayfas\u0131na,\u00a0<strong><span style=\"text-decoration: underline;color: #3498db\"><a style=\"color: #3498db;text-decoration: underline\" href=\"https:\/\/e-marineeducation.com\/tr\/organizasyon\/\">Geri D\u00f6n<\/a><\/span>\u00a0<a href=\"https:\/\/e-marineeducation.com\/tr\/organizasyon\/\"><img loading=\"lazy\" decoding=\"async\" src=\"https:\/\/e-marineeducation.com\/tr\/wp-content\/uploads\/geri-d\u00f6n.png\" alt=\"\" width=\"74\" height=\"65\" align=\"right\" border=\"0\" \/><\/a><\/strong><\/p>\n","protected":false},"excerpt":{"rendered":"<p>Ki\u015fisel Bilgiler Ad\u0131 Soyad\u0131:\u00a0Ali Sercan Balc\u0131o\u011flu Do\u011fum Tarihi:\u00a003\u00a0Ocak\u00a01991 Mesle\u011fi:\u00a0Gemiadam\u0131\u00a0(Vardiya Zabiti) \u00d6zge\u00e7mi\u015fi:\u00a0https:\/\/e-marineeducation.com\/tr\/?p=18837 E-Posta Adresi:\u00a0sercanbalcioglu@e-MarineEducation.com e-MarineEducation.com Bilgileri \u00c7al\u0131\u015fma Durumu: Aktif Kat\u0131l\u0131m Tarihi:\u00a024 Aral\u0131k 2014 Mevcut G\u00f6revi:\u00a0Medya Takip Edit\u00f6r\u00fc \u00d6nceki G\u00f6revleri:\u00a0\u2013\u2013\u2013 Kazand\u0131rd\u0131klar\u0131 &#8211; Taraf\u0131ndan haz\u0131rlanan haberleri\u00a0&#8211; inceleyiniz &#8211; Taraf\u0131ndan haz\u0131rlanan makaleleri\u00a0&#8211; inceleyiniz &#8211; Taraf\u0131ndan yap\u0131lan yaz\u0131m d\u00fczenlemeleri &#8211; inceleyiniz &#8211; Taraf\u0131ndan g\u00f6zlemlenen medya takipleri\u00a0&#8211; inceleyiniz Organizasyon\u00a0sayfas\u0131na,\u00a0Geri D\u00f6n\u00a0<\/p>\n","protected":false},"author":14,"featured_media":24559,"parent":0,"menu_order":0,"comment_status":"closed","ping_status":"closed","template":"","meta":{"_acf_changed":false,"_bbp_topic_count":0,"_bbp_reply_count":0,"_bbp_total_topic_count":0,"_bbp_total_reply_count":0,"_bbp_voice_count":0,"_bbp_anonymous_reply_count":0,"_bbp_topic_count_hidden":0,"_bbp_reply_count_hidden":0,"_bbp_forum_subforum_count":0,"footnotes":""},"class_list":["post-18450","page","type-page","status-publish","has-post-thumbnail",""],"acf":[],"yoast_head":"<!-- This site is optimized with the Yoast SEO plugin v27.4 - https:\/\/yoast.com\/product\/yoast-seo-wordpress\/ -->\n<title>Ki\u015fisel Profil Sayfas\u0131: Ali Sercan Balc\u0131o\u011flu | E-Marine Education<\/title>\n<meta name=\"description\" content=\"Ali Sercan Balc\u0131o\u011flu&#039;nun ki\u015fisel profil sayfas\u0131d\u0131r.\" \/>\n<meta name=\"robots\" content=\"index, follow, max-snippet:-1, max-image-preview:large, max-video-preview:-1\" \/>\n<link rel=\"canonical\" href=\"https:\/\/e-marineeducation.com\/tr\/profil-ali-sercan-balcioglu\/\" \/>\n<meta property=\"og:locale\" content=\"tr_TR\" \/>\n<meta property=\"og:type\" content=\"article\" \/>\n<meta property=\"og:title\" content=\"Ki\u015fisel Profil Sayfas\u0131: Ali Sercan Balc\u0131o\u011flu | E-Marine Education\" \/>\n<meta property=\"og:description\" content=\"Ali Sercan Balc\u0131o\u011flu&#039;nun ki\u015fisel profil sayfas\u0131d\u0131r.\" \/>\n<meta property=\"og:url\" content=\"https:\/\/e-marineeducation.com\/tr\/profil-ali-sercan-balcioglu\/\" \/>\n<meta property=\"og:site_name\" content=\"e-MarineEducation.com\" \/>\n<meta property=\"article:modified_time\" content=\"2016-08-27T21:47:41+00:00\" \/>\n<meta property=\"og:image\" content=\"https:\/\/e-marineeducation.com\/tr\/wp-content\/uploads\/A.Sercan-Balc\u0131o\u011flu-Simge.png\" \/>\n\t<meta property=\"og:image:width\" content=\"200\" \/>\n\t<meta property=\"og:image:height\" content=\"165\" \/>\n\t<meta property=\"og:image:type\" content=\"image\/png\" \/>\n<meta name=\"twitter:card\" content=\"summary_large_image\" \/>\n<meta name=\"twitter:label1\" content=\"Tahmini okuma s\u00fcresi\" \/>\n\t<meta name=\"twitter:data1\" content=\"1 dakika\" \/>\n<script type=\"application\/ld+json\" class=\"yoast-schema-graph\">{\"@context\":\"https:\\\/\\\/schema.org\",\"@graph\":[{\"@type\":\"WebPage\",\"@id\":\"https:\\\/\\\/e-marineeducation.com\\\/tr\\\/profil-ali-sercan-balcioglu\\\/\",\"url\":\"https:\\\/\\\/e-marineeducation.com\\\/tr\\\/profil-ali-sercan-balcioglu\\\/\",\"name\":\"Ki\u015fisel Profil Sayfas\u0131: Ali Sercan Balc\u0131o\u011flu | E-Marine Education\",\"isPartOf\":{\"@id\":\"https:\\\/\\\/e-marineeducation.com\\\/tr\\\/#website\"},\"primaryImageOfPage\":{\"@id\":\"https:\\\/\\\/e-marineeducation.com\\\/tr\\\/profil-ali-sercan-balcioglu\\\/#primaryimage\"},\"image\":{\"@id\":\"https:\\\/\\\/e-marineeducation.com\\\/tr\\\/profil-ali-sercan-balcioglu\\\/#primaryimage\"},\"thumbnailUrl\":\"https:\\\/\\\/e-marineeducation.com\\\/tr\\\/wp-content\\\/uploads\\\/A.Sercan-Balc\u0131o\u011flu-Simge.png\",\"datePublished\":\"2014-12-24T16:44:16+00:00\",\"dateModified\":\"2016-08-27T21:47:41+00:00\",\"description\":\"Ali Sercan Balc\u0131o\u011flu'nun ki\u015fisel profil sayfas\u0131d\u0131r.\",\"breadcrumb\":{\"@id\":\"https:\\\/\\\/e-marineeducation.com\\\/tr\\\/profil-ali-sercan-balcioglu\\\/#breadcrumb\"},\"inLanguage\":\"tr\",\"potentialAction\":[{\"@type\":\"ReadAction\",\"target\":[\"https:\\\/\\\/e-marineeducation.com\\\/tr\\\/profil-ali-sercan-balcioglu\\\/\"]}]},{\"@type\":\"ImageObject\",\"inLanguage\":\"tr\",\"@id\":\"https:\\\/\\\/e-marineeducation.com\\\/tr\\\/profil-ali-sercan-balcioglu\\\/#primaryimage\",\"url\":\"https:\\\/\\\/e-marineeducation.com\\\/tr\\\/wp-content\\\/uploads\\\/A.Sercan-Balc\u0131o\u011flu-Simge.png\",\"contentUrl\":\"https:\\\/\\\/e-marineeducation.com\\\/tr\\\/wp-content\\\/uploads\\\/A.Sercan-Balc\u0131o\u011flu-Simge.png\",\"width\":200,\"height\":165},{\"@type\":\"BreadcrumbList\",\"@id\":\"https:\\\/\\\/e-marineeducation.com\\\/tr\\\/profil-ali-sercan-balcioglu\\\/#breadcrumb\",\"itemListElement\":[{\"@type\":\"ListItem\",\"position\":1,\"name\":\"Ana sayfa\",\"item\":\"https:\\\/\\\/e-marineeducation.com\\\/tr\\\/\"},{\"@type\":\"ListItem\",\"position\":2,\"name\":\"Ki\u015fisel Profil Sayfas\u0131\"}]},{\"@type\":\"WebSite\",\"@id\":\"https:\\\/\\\/e-marineeducation.com\\\/tr\\\/#website\",\"url\":\"https:\\\/\\\/e-marineeducation.com\\\/tr\\\/\",\"name\":\"e-MarineEducation.com\",\"description\":\"Denizcilik E\u011fitimine Yeni Bir Bak\u0131\u015f A\u00e7\u0131s\u0131\",\"potentialAction\":[{\"@type\":\"SearchAction\",\"target\":{\"@type\":\"EntryPoint\",\"urlTemplate\":\"https:\\\/\\\/e-marineeducation.com\\\/tr\\\/?s={search_term_string}\"},\"query-input\":{\"@type\":\"PropertyValueSpecification\",\"valueRequired\":true,\"valueName\":\"search_term_string\"}}],\"inLanguage\":\"tr\"}]}<\/script>\n<!-- \/ Yoast SEO plugin. -->","yoast_head_json":{"title":"Ki\u015fisel Profil Sayfas\u0131: Ali Sercan Balc\u0131o\u011flu | E-Marine Education","description":"Ali Sercan Balc\u0131o\u011flu'nun ki\u015fisel profil sayfas\u0131d\u0131r.","robots":{"index":"index","follow":"follow","max-snippet":"max-snippet:-1","max-image-preview":"max-image-preview:large","max-video-preview":"max-video-preview:-1"},"canonical":"https:\/\/e-marineeducation.com\/tr\/profil-ali-sercan-balcioglu\/","og_locale":"tr_TR","og_type":"article","og_title":"Ki\u015fisel Profil Sayfas\u0131: Ali Sercan Balc\u0131o\u011flu | E-Marine Education","og_description":"Ali Sercan Balc\u0131o\u011flu'nun ki\u015fisel profil sayfas\u0131d\u0131r.","og_url":"https:\/\/e-marineeducation.com\/tr\/profil-ali-sercan-balcioglu\/","og_site_name":"e-MarineEducation.com","article_modified_time":"2016-08-27T21:47:41+00:00","og_image":[{"width":200,"height":165,"url":"https:\/\/e-marineeducation.com\/tr\/wp-content\/uploads\/A.Sercan-Balc\u0131o\u011flu-Simge.png","type":"image\/png"}],"twitter_card":"summary_large_image","twitter_misc":{"Tahmini okuma s\u00fcresi":"1 dakika"},"schema":{"@context":"https:\/\/schema.org","@graph":[{"@type":"WebPage","@id":"https:\/\/e-marineeducation.com\/tr\/profil-ali-sercan-balcioglu\/","url":"https:\/\/e-marineeducation.com\/tr\/profil-ali-sercan-balcioglu\/","name":"Ki\u015fisel Profil Sayfas\u0131: Ali Sercan Balc\u0131o\u011flu | E-Marine Education","isPartOf":{"@id":"https:\/\/e-marineeducation.com\/tr\/#website"},"primaryImageOfPage":{"@id":"https:\/\/e-marineeducation.com\/tr\/profil-ali-sercan-balcioglu\/#primaryimage"},"image":{"@id":"https:\/\/e-marineeducation.com\/tr\/profil-ali-sercan-balcioglu\/#primaryimage"},"thumbnailUrl":"https:\/\/e-marineeducation.com\/tr\/wp-content\/uploads\/A.Sercan-Balc\u0131o\u011flu-Simge.png","datePublished":"2014-12-24T16:44:16+00:00","dateModified":"2016-08-27T21:47:41+00:00","description":"Ali Sercan Balc\u0131o\u011flu'nun ki\u015fisel profil sayfas\u0131d\u0131r.","breadcrumb":{"@id":"https:\/\/e-marineeducation.com\/tr\/profil-ali-sercan-balcioglu\/#breadcrumb"},"inLanguage":"tr","potentialAction":[{"@type":"ReadAction","target":["https:\/\/e-marineeducation.com\/tr\/profil-ali-sercan-balcioglu\/"]}]},{"@type":"ImageObject","inLanguage":"tr","@id":"https:\/\/e-marineeducation.com\/tr\/profil-ali-sercan-balcioglu\/#primaryimage","url":"https:\/\/e-marineeducation.com\/tr\/wp-content\/uploads\/A.Sercan-Balc\u0131o\u011flu-Simge.png","contentUrl":"https:\/\/e-marineeducation.com\/tr\/wp-content\/uploads\/A.Sercan-Balc\u0131o\u011flu-Simge.png","width":200,"height":165},{"@type":"BreadcrumbList","@id":"https:\/\/e-marineeducation.com\/tr\/profil-ali-sercan-balcioglu\/#breadcrumb","itemListElement":[{"@type":"ListItem","position":1,"name":"Ana sayfa","item":"https:\/\/e-marineeducation.com\/tr\/"},{"@type":"ListItem","position":2,"name":"Ki\u015fisel Profil Sayfas\u0131"}]},{"@type":"WebSite","@id":"https:\/\/e-marineeducation.com\/tr\/#website","url":"https:\/\/e-marineeducation.com\/tr\/","name":"e-MarineEducation.com","description":"Denizcilik E\u011fitimine Yeni Bir Bak\u0131\u015f A\u00e7\u0131s\u0131","potentialAction":[{"@type":"SearchAction","target":{"@type":"EntryPoint","urlTemplate":"https:\/\/e-marineeducation.com\/tr\/?s={search_term_string}"},"query-input":{"@type":"PropertyValueSpecification","valueRequired":true,"valueName":"search_term_string"}}],"inLanguage":"tr"}]}},"_links":{"self":[{"href":"https:\/\/e-marineeducation.com\/tr\/wp-json\/wp\/v2\/pages\/18450","targetHints":{"allow":["GET"]}}],"collection":[{"href":"https:\/\/e-marineeducation.com\/tr\/wp-json\/wp\/v2\/pages"}],"about":[{"href":"https:\/\/e-marineeducation.com\/tr\/wp-json\/wp\/v2\/types\/page"}],"author":[{"embeddable":true,"href":"https:\/\/e-marineeducation.com\/tr\/wp-json\/wp\/v2\/users\/14"}],"replies":[{"embeddable":true,"href":"https:\/\/e-marineeducation.com\/tr\/wp-json\/wp\/v2\/comments?post=18450"}],"version-history":[{"count":0,"href":"https:\/\/e-marineeducation.com\/tr\/wp-json\/wp\/v2\/pages\/18450\/revisions"}],"wp:featuredmedia":[{"embeddable":true,"href":"https:\/\/e-marineeducation.com\/tr\/wp-json\/wp\/v2\/media\/24559"}],"wp:attachment":[{"href":"https:\/\/e-marineeducation.com\/tr\/wp-json\/wp\/v2\/media?parent=18450"}],"curies":[{"name":"wp","href":"https:\/\/api.w.org\/{rel}","templated":true}]}}