

{"id":17826,"date":"2014-11-14T14:42:17","date_gmt":"2014-11-14T12:42:17","guid":{"rendered":"https:\/\/e-marineeducation.com\/tr\/?page_id=17826"},"modified":"2016-05-09T21:59:08","modified_gmt":"2016-05-09T18:59:08","slug":"profil-berke-filiz","status":"publish","type":"page","link":"https:\/\/e-marineeducation.com\/tr\/profil-berke-filiz\/","title":{"rendered":"Ki\u015fisel Profil Sayfas\u0131"},"content":{"rendered":"<figure style=\"width: 159px\" class=\"wp-caption alignleft\"><img loading=\"lazy\" decoding=\"async\" src=\"https:\/\/e-marineeducation.com\/tr\/wp-content\/uploads\/Berke-Filiz.png\" width=\"159\" height=\"168\" \/><figcaption class=\"wp-caption-text\"><\/p>\n<p align=\"center\">Berke Filiz<br \/> <img decoding=\"async\" src=\"https:\/\/e-marineeducation.com\/tr\/wp-content\/uploads\/Web-\u0130con.png\" alt=\"\" \/> <a href=\"https:\/\/www.facebook.com\/berke.akkus123\" target=\"_blank\"><img decoding=\"async\" src=\"https:\/\/e-marineeducation.com\/tr\/wp-content\/uploads\/Facebook-\u0130con.png\" alt=\"\" \/><\/a> <a href=\"https:\/\/twitter.com\/MUZONUN_KAPTANI\" target=\"_blank\"><img decoding=\"async\" src=\"https:\/\/e-marineeducation.com\/tr\/wp-content\/uploads\/Twitter-\u0130con.png\" alt=\"\" \/><\/a> <a href=\"https:\/\/www.linkedin.com\/pub\/berke-filiz\/b4\/237\/4a6\" target=\"_blank\"><img decoding=\"async\" src=\"https:\/\/e-marineeducation.com\/tr\/wp-content\/uploads\/Linkedin-\u0130con.png\" alt=\"\" \/><\/a><\/p><\/figcaption><\/figure>\n<p><strong><span style=\"text-decoration: underline\">Ki\u015fisel Bilgiler<br \/>\n<\/span><\/strong><strong>Ad\u0131 Soyad\u0131:<\/strong>\u00a0Berke Filiz<br \/>\n<strong>Do\u011fum Tarihi:<\/strong>\u00a017 Eyl\u00fcl 1999<br \/>\n<strong>Mesle\u011fi:<\/strong>\u00a0\u00d6\u011frenci (Piri Reis MTAL<em>\u00a0&#8211; Gemi Y\u00f6netimi<\/em>)<br \/>\n<strong>\u00d6zge\u00e7mi\u015fi<\/strong>:\u00a0<span style=\"color: #3366ff\"><a style=\"color: #3366ff\" href=\"https:\/\/e-marineeducation.com\/tr\/?p=18727\" target=\"_blank\">https:\/\/e-marineeducation.com\/tr\/?p=18727<br \/>\n<\/a><\/span><strong>E-Posta Adresi:<\/strong> \u2013\u2013\u2013<\/p>\n<p style=\"text-align: justify\"><span style=\"text-decoration: underline\"><strong>e-MarineEducation.com Bilgileri<br \/>\n<\/strong><\/span><strong>\u00c7al\u0131\u015fma Durumu: <span style=\"color: #ff0000\">Pasif<\/span><\/strong><span style=\"color: #339966\"><strong><br \/>\n<\/strong><\/span><strong>G\u00f6rev S\u00fcresi:<\/strong>\u00a013 Kas\u0131m 2014 &#8211; 09 May\u0131s 2016<br \/>\n<strong>Mevcut G\u00f6revi:<\/strong>\u00a0\u2013\u2013\u2013<br \/>\n<strong>\u00d6nceki G\u00f6revleri:<\/strong>\u00a0\u00d6\u011frenci Temsilcisi,\u00a0Sosyal Medya Edit\u00f6r\u00fc,\u00a0Analiz Uzman\u0131,\u00a0Sosyal Medya Edit\u00f6r\u00fc<\/p>\n<p><span style=\"text-decoration: underline\"><strong>Kazand\u0131rd\u0131klar\u0131<br \/>\n<\/strong><\/span>\u2013 Taraf\u0131ndan haz\u0131rlanan haberleri\u00a0&#8211; <span style=\"text-decoration: underline\"><span style=\"color: #3366ff\"><strong><a style=\"color: #3366ff;text-decoration: underline\" href=\"https:\/\/e-marineeducation.com\/tr\/tag\/berke-filiz-haberleri\/\" target=\"_blank\">inceleyiniz<\/a><\/strong><\/span><strong><br \/>\n<\/strong><\/span>\u2013 Taraf\u0131ndan haz\u0131rlanan makaleleri\u00a0&#8211; <span style=\"color: #3366ff\"><a style=\"color: #3366ff;text-decoration: underline\" href=\"https:\/\/e-marineeducation.com\/tr\/tag\/berke-filiz-yazilari\/\" target=\"_blank\"><span style=\"text-decoration: underline\"><strong>inceleyiniz<\/strong><\/span><\/a><\/span><\/p>\n<p style=\"text-align: right\"><strong>Organizasyon<\/strong>\u00a0sayfas\u0131na,\u00a0<strong><a href=\"https:\/\/e-marineeducation.com\/tr\/organizasyon\/\">Geri D\u00f6n<\/a>\u00a0<img loading=\"lazy\" decoding=\"async\" src=\"https:\/\/e-marineeducation.com\/tr\/wp-content\/uploads\/geri-d\u00f6n.png\" alt=\"\" width=\"74\" height=\"65\" align=\"right\" border=\"0\" \/><\/strong><\/p>\n","protected":false},"excerpt":{"rendered":"<p>Ki\u015fisel Bilgiler Ad\u0131 Soyad\u0131:\u00a0Berke Filiz Do\u011fum Tarihi:\u00a017 Eyl\u00fcl 1999 Mesle\u011fi:\u00a0\u00d6\u011frenci (Piri Reis MTAL\u00a0&#8211; Gemi Y\u00f6netimi) \u00d6zge\u00e7mi\u015fi:\u00a0https:\/\/e-marineeducation.com\/tr\/?p=18727 E-Posta Adresi: \u2013\u2013\u2013 e-MarineEducation.com Bilgileri \u00c7al\u0131\u015fma Durumu: Pasif G\u00f6rev S\u00fcresi:\u00a013 Kas\u0131m 2014 &#8211; 09 May\u0131s 2016 Mevcut G\u00f6revi:\u00a0\u2013\u2013\u2013 \u00d6nceki G\u00f6revleri:\u00a0\u00d6\u011frenci Temsilcisi,\u00a0Sosyal Medya Edit\u00f6r\u00fc,\u00a0Analiz Uzman\u0131,\u00a0Sosyal Medya Edit\u00f6r\u00fc Kazand\u0131rd\u0131klar\u0131 \u2013 Taraf\u0131ndan haz\u0131rlanan haberleri\u00a0&#8211; inceleyiniz \u2013 Taraf\u0131ndan haz\u0131rlanan makaleleri\u00a0&#8211; inceleyiniz Organizasyon\u00a0sayfas\u0131na,\u00a0Geri D\u00f6n\u00a0<\/p>\n","protected":false},"author":14,"featured_media":0,"parent":0,"menu_order":0,"comment_status":"open","ping_status":"closed","template":"","meta":{"_acf_changed":false,"_bbp_topic_count":0,"_bbp_reply_count":0,"_bbp_total_topic_count":0,"_bbp_total_reply_count":0,"_bbp_voice_count":0,"_bbp_anonymous_reply_count":0,"_bbp_topic_count_hidden":0,"_bbp_reply_count_hidden":0,"_bbp_forum_subforum_count":0,"footnotes":""},"class_list":["post-17826","page","type-page","status-publish",""],"acf":[],"yoast_head":"<!-- This site is optimized with the Yoast SEO plugin v27.4 - https:\/\/yoast.com\/product\/yoast-seo-wordpress\/ -->\n<title>Ki\u015fisel Profil Sayfas\u0131: Berke Filiz | E-Marine Education<\/title>\n<meta name=\"description\" content=\"Berke Filiz&#039;in ki\u015fisel profil sayfas\u0131d\u0131r.\" \/>\n<meta name=\"robots\" content=\"index, follow, max-snippet:-1, max-image-preview:large, max-video-preview:-1\" \/>\n<link rel=\"canonical\" href=\"https:\/\/e-marineeducation.com\/tr\/profil-berke-filiz\/\" \/>\n<meta property=\"og:locale\" content=\"tr_TR\" \/>\n<meta property=\"og:type\" content=\"article\" \/>\n<meta property=\"og:title\" content=\"Ki\u015fisel Profil Sayfas\u0131: Berke Filiz | E-Marine Education\" \/>\n<meta property=\"og:description\" content=\"Berke Filiz&#039;in ki\u015fisel profil sayfas\u0131d\u0131r.\" \/>\n<meta property=\"og:url\" content=\"https:\/\/e-marineeducation.com\/tr\/profil-berke-filiz\/\" \/>\n<meta property=\"og:site_name\" content=\"e-MarineEducation.com\" \/>\n<meta property=\"article:modified_time\" content=\"2016-05-09T18:59:08+00:00\" \/>\n<meta property=\"og:image\" content=\"https:\/\/e-marineeducation.com\/tr\/wp-content\/uploads\/Berke-Filiz.png\" \/>\n<meta name=\"twitter:card\" content=\"summary_large_image\" \/>\n<script type=\"application\/ld+json\" class=\"yoast-schema-graph\">{\"@context\":\"https:\\\/\\\/schema.org\",\"@graph\":[{\"@type\":\"WebPage\",\"@id\":\"https:\\\/\\\/e-marineeducation.com\\\/tr\\\/profil-berke-filiz\\\/\",\"url\":\"https:\\\/\\\/e-marineeducation.com\\\/tr\\\/profil-berke-filiz\\\/\",\"name\":\"Ki\u015fisel Profil Sayfas\u0131: Berke Filiz | E-Marine Education\",\"isPartOf\":{\"@id\":\"https:\\\/\\\/e-marineeducation.com\\\/tr\\\/#website\"},\"primaryImageOfPage\":{\"@id\":\"https:\\\/\\\/e-marineeducation.com\\\/tr\\\/profil-berke-filiz\\\/#primaryimage\"},\"image\":{\"@id\":\"https:\\\/\\\/e-marineeducation.com\\\/tr\\\/profil-berke-filiz\\\/#primaryimage\"},\"thumbnailUrl\":\"https:\\\/\\\/e-marineeducation.com\\\/tr\\\/wp-content\\\/uploads\\\/Berke-Filiz.png\",\"datePublished\":\"2014-11-14T12:42:17+00:00\",\"dateModified\":\"2016-05-09T18:59:08+00:00\",\"description\":\"Berke Filiz'in ki\u015fisel profil sayfas\u0131d\u0131r.\",\"breadcrumb\":{\"@id\":\"https:\\\/\\\/e-marineeducation.com\\\/tr\\\/profil-berke-filiz\\\/#breadcrumb\"},\"inLanguage\":\"tr\",\"potentialAction\":[{\"@type\":\"ReadAction\",\"target\":[\"https:\\\/\\\/e-marineeducation.com\\\/tr\\\/profil-berke-filiz\\\/\"]}]},{\"@type\":\"ImageObject\",\"inLanguage\":\"tr\",\"@id\":\"https:\\\/\\\/e-marineeducation.com\\\/tr\\\/profil-berke-filiz\\\/#primaryimage\",\"url\":\"https:\\\/\\\/e-marineeducation.com\\\/tr\\\/wp-content\\\/uploads\\\/Berke-Filiz.png\",\"contentUrl\":\"https:\\\/\\\/e-marineeducation.com\\\/tr\\\/wp-content\\\/uploads\\\/Berke-Filiz.png\",\"width\":159,\"height\":168},{\"@type\":\"BreadcrumbList\",\"@id\":\"https:\\\/\\\/e-marineeducation.com\\\/tr\\\/profil-berke-filiz\\\/#breadcrumb\",\"itemListElement\":[{\"@type\":\"ListItem\",\"position\":1,\"name\":\"Ana sayfa\",\"item\":\"https:\\\/\\\/e-marineeducation.com\\\/tr\\\/\"},{\"@type\":\"ListItem\",\"position\":2,\"name\":\"Ki\u015fisel Profil Sayfas\u0131\"}]},{\"@type\":\"WebSite\",\"@id\":\"https:\\\/\\\/e-marineeducation.com\\\/tr\\\/#website\",\"url\":\"https:\\\/\\\/e-marineeducation.com\\\/tr\\\/\",\"name\":\"e-MarineEducation.com\",\"description\":\"Denizcilik E\u011fitimine Yeni Bir Bak\u0131\u015f A\u00e7\u0131s\u0131\",\"potentialAction\":[{\"@type\":\"SearchAction\",\"target\":{\"@type\":\"EntryPoint\",\"urlTemplate\":\"https:\\\/\\\/e-marineeducation.com\\\/tr\\\/?s={search_term_string}\"},\"query-input\":{\"@type\":\"PropertyValueSpecification\",\"valueRequired\":true,\"valueName\":\"search_term_string\"}}],\"inLanguage\":\"tr\"}]}<\/script>\n<!-- \/ Yoast SEO plugin. -->","yoast_head_json":{"title":"Ki\u015fisel Profil Sayfas\u0131: Berke Filiz | E-Marine Education","description":"Berke Filiz'in ki\u015fisel profil sayfas\u0131d\u0131r.","robots":{"index":"index","follow":"follow","max-snippet":"max-snippet:-1","max-image-preview":"max-image-preview:large","max-video-preview":"max-video-preview:-1"},"canonical":"https:\/\/e-marineeducation.com\/tr\/profil-berke-filiz\/","og_locale":"tr_TR","og_type":"article","og_title":"Ki\u015fisel Profil Sayfas\u0131: Berke Filiz | E-Marine Education","og_description":"Berke Filiz'in ki\u015fisel profil sayfas\u0131d\u0131r.","og_url":"https:\/\/e-marineeducation.com\/tr\/profil-berke-filiz\/","og_site_name":"e-MarineEducation.com","article_modified_time":"2016-05-09T18:59:08+00:00","og_image":[{"url":"https:\/\/e-marineeducation.com\/tr\/wp-content\/uploads\/Berke-Filiz.png","type":"","width":"","height":""}],"twitter_card":"summary_large_image","schema":{"@context":"https:\/\/schema.org","@graph":[{"@type":"WebPage","@id":"https:\/\/e-marineeducation.com\/tr\/profil-berke-filiz\/","url":"https:\/\/e-marineeducation.com\/tr\/profil-berke-filiz\/","name":"Ki\u015fisel Profil Sayfas\u0131: Berke Filiz | E-Marine Education","isPartOf":{"@id":"https:\/\/e-marineeducation.com\/tr\/#website"},"primaryImageOfPage":{"@id":"https:\/\/e-marineeducation.com\/tr\/profil-berke-filiz\/#primaryimage"},"image":{"@id":"https:\/\/e-marineeducation.com\/tr\/profil-berke-filiz\/#primaryimage"},"thumbnailUrl":"https:\/\/e-marineeducation.com\/tr\/wp-content\/uploads\/Berke-Filiz.png","datePublished":"2014-11-14T12:42:17+00:00","dateModified":"2016-05-09T18:59:08+00:00","description":"Berke Filiz'in ki\u015fisel profil sayfas\u0131d\u0131r.","breadcrumb":{"@id":"https:\/\/e-marineeducation.com\/tr\/profil-berke-filiz\/#breadcrumb"},"inLanguage":"tr","potentialAction":[{"@type":"ReadAction","target":["https:\/\/e-marineeducation.com\/tr\/profil-berke-filiz\/"]}]},{"@type":"ImageObject","inLanguage":"tr","@id":"https:\/\/e-marineeducation.com\/tr\/profil-berke-filiz\/#primaryimage","url":"https:\/\/e-marineeducation.com\/tr\/wp-content\/uploads\/Berke-Filiz.png","contentUrl":"https:\/\/e-marineeducation.com\/tr\/wp-content\/uploads\/Berke-Filiz.png","width":159,"height":168},{"@type":"BreadcrumbList","@id":"https:\/\/e-marineeducation.com\/tr\/profil-berke-filiz\/#breadcrumb","itemListElement":[{"@type":"ListItem","position":1,"name":"Ana sayfa","item":"https:\/\/e-marineeducation.com\/tr\/"},{"@type":"ListItem","position":2,"name":"Ki\u015fisel Profil Sayfas\u0131"}]},{"@type":"WebSite","@id":"https:\/\/e-marineeducation.com\/tr\/#website","url":"https:\/\/e-marineeducation.com\/tr\/","name":"e-MarineEducation.com","description":"Denizcilik E\u011fitimine Yeni Bir Bak\u0131\u015f A\u00e7\u0131s\u0131","potentialAction":[{"@type":"SearchAction","target":{"@type":"EntryPoint","urlTemplate":"https:\/\/e-marineeducation.com\/tr\/?s={search_term_string}"},"query-input":{"@type":"PropertyValueSpecification","valueRequired":true,"valueName":"search_term_string"}}],"inLanguage":"tr"}]}},"_links":{"self":[{"href":"https:\/\/e-marineeducation.com\/tr\/wp-json\/wp\/v2\/pages\/17826","targetHints":{"allow":["GET"]}}],"collection":[{"href":"https:\/\/e-marineeducation.com\/tr\/wp-json\/wp\/v2\/pages"}],"about":[{"href":"https:\/\/e-marineeducation.com\/tr\/wp-json\/wp\/v2\/types\/page"}],"author":[{"embeddable":true,"href":"https:\/\/e-marineeducation.com\/tr\/wp-json\/wp\/v2\/users\/14"}],"replies":[{"embeddable":true,"href":"https:\/\/e-marineeducation.com\/tr\/wp-json\/wp\/v2\/comments?post=17826"}],"version-history":[{"count":0,"href":"https:\/\/e-marineeducation.com\/tr\/wp-json\/wp\/v2\/pages\/17826\/revisions"}],"wp:attachment":[{"href":"https:\/\/e-marineeducation.com\/tr\/wp-json\/wp\/v2\/media?parent=17826"}],"curies":[{"name":"wp","href":"https:\/\/api.w.org\/{rel}","templated":true}]}}