

{"id":16763,"date":"2014-06-26T19:02:49","date_gmt":"2014-06-26T16:02:49","guid":{"rendered":"https:\/\/e-marineeducation.com\/tr\/?page_id=16763"},"modified":"2024-01-16T21:19:12","modified_gmt":"2024-01-16T18:19:12","slug":"e-maredu-club-katilim-formu","status":"publish","type":"page","link":"https:\/\/e-marineeducation.com\/tr\/e-maredu-club-katilim-formu\/","title":{"rendered":"[e-MarEdu Club] Kat\u0131l\u0131m Formu"},"content":{"rendered":"<p style=\"text-align: justify;\"><strong>Etkinlik Detaylar\u0131<\/strong><\/p>\n<p style=\"text-align: justify;\"><span style=\"text-decoration: underline;\">Tarih<\/span>: 29 Haziran 2014, Pazar <span style=\"text-decoration: underline;\">Saat<\/span>:\u00a012:00 &#8211; 17:00<\/p>\n<p style=\"text-align: justify;\"><span style=\"text-decoration: underline;\">Yer<\/span>: Seyr-i Derya Cafe &#8211; Be\u015fikta\u015f \/ \u0130stanbul &#8211; <span style=\"text-decoration: underline;\">FourSquare<\/span>:\u00a0<span style=\"text-decoration: underline;\"><span style=\"color: #3366cc;\"><a href=\"https:\/\/e-marineeducation.com\/tr?wp_ct=370\" target=\"_blank\" rel=\"noopener\"><span style=\"color: #3366cc; text-decoration: underline;\">https:\/\/tr.foursquare.com\/v\/seyri-derya\/<\/span><\/a><\/span><\/span><\/p>\n<p>&nbsp;<\/p>\n<p style=\"text-align: justify;\"><span style=\"text-decoration: underline;\">Kolay Tarif<\/span>: \u00dcsk\u00fcdar motor iskelesinin \u00f6n\u00fcnden k\u0131y\u0131 \u015feridini takip ederek Ortak\u00f6y istikametinde 3 dakika kadar y\u00fcr\u00fcy\u00fcn. Bah\u00e7e\u015fehir \u00dcniversitesi&#8217;nin hemen \u00f6n\u00fcnde (\u0130DO Deniz Otob\u00fcs\u00fc \u0130skelesi&#8217;nin tam kar\u015f\u0131s\u0131nda) Seyr-i Derya Cafe&#8217;yi bulabilirsiniz. Yeri son derece kolayd\u0131r.<\/p>\n<p>&nbsp;<\/p>\n<p><strong>e-MarEdu Organizasyonundan Kat\u0131l\u0131mlar (G\u00fcncellenecek)<\/strong><\/p>\n<p>&#8211; Ata Alban Akg\u00fcn \/ <span style=\"text-decoration: underline;\"><span style=\"color: #3366cc;\"><a href=\"https:\/\/e-marineeducation.com\/tr\/profil-ata-alban-akgun\/\" target=\"_blank\" rel=\"noopener\"><span style=\"color: #3366cc; text-decoration: underline;\">Ki\u015fisel Profil Sayfas\u0131<\/span><\/a><\/span><\/span><\/span><\/span><\/p>\n<p>&#8211; Aybars Oru\u00e7\u00a0\/ <span style=\"text-decoration: underline;\"><span style=\"color: #3366cc;\"><a href=\"https:\/\/e-marineeducation.com\/tr\/profil-aybars-oruc\/\" target=\"_blank\" rel=\"noopener\"><span style=\"color: #3366cc; text-decoration: underline;\">Ki\u015fisel Profil Sayfas\u0131<\/span><\/a><\/span><\/span><\/p>\n<p>&#8211; Cem K\u00fct\u00fcko\u011flu \/ <span style=\"text-decoration: underline;\"><span style=\"color: #3366cc;\"><a href=\"https:\/\/e-marineeducation.com\/tr\/profil-cem-kutukoglu\/\" target=\"_blank\" rel=\"noopener\"><span style=\"color: #3366cc; text-decoration: underline;\">Ki\u015fisel Profil Sayfas\u0131<\/span><\/a><\/span><\/span><\/p>\n<p>&#8211; Engin Agalday\u00a0\/ <span style=\"text-decoration: underline;\"><span style=\"color: #3366cc;\"><a href=\"https:\/\/e-marineeducation.com\/tr\/profil-engin-agalday\/\" target=\"_blank\" rel=\"noopener\"><span style=\"color: #3366cc; text-decoration: underline;\">Ki\u015fisel Profil Sayfas\u0131<\/span><\/a><\/span><\/span><\/p>\n<p>&#8211; Ensar Bayraktar\u00a0\/ <span style=\"text-decoration: underline;\"><span style=\"color: #3366cc;\"><a href=\"https:\/\/e-marineeducation.com\/tr\/profil-ensar-bayraktar\/\" target=\"_blank\" rel=\"noopener\"><span style=\"color: #3366cc; text-decoration: underline;\">Ki\u015fisel Profil Sayfas\u0131<\/span><\/a><\/span><\/span><\/p>\n<p>&#8211; G\u00f6rkem G\u00f6rge\u00e7\u00a0\/ <span style=\"text-decoration: underline;\"><span style=\"color: #3366cc;\"><a href=\"https:\/\/e-marineeducation.com\/tr\/profil-gorkem-gorgec\/\" target=\"_blank\" rel=\"noopener\"><span style=\"color: #3366cc; text-decoration: underline;\">Ki\u015fisel Profil Sayfas\u0131<\/span><\/a><\/span><\/span><\/p>\n<p>&#8211; H\u00fcseyin Altay Yontan\u00a0\/ <span style=\"text-decoration: underline;\"><span style=\"color: #3366cc;\"><a href=\"https:\/\/e-marineeducation.com\/tr\/profil-h-altay-yontan\/\" target=\"_blank\" rel=\"noopener\"><span style=\"color: #3366cc; text-decoration: underline;\">Ki\u015fisel Profil Sayfas\u0131<\/span><\/a><\/span><\/span><\/p>\n<p>&#8211; Merve Esin\u00a0\/ <span style=\"color: #3366cc;\"><a href=\"https:\/\/e-marineeducation.com\/tr\/profil-merve-esin\/\" target=\"_blank\" rel=\"noopener\"><span style=\"text-decoration: underline; color: #3366cc;\">Ki\u015fisel Profil Sayfas\u0131<\/span><\/a><\/span><\/p>\n<p>&#8211; Murat \u00d6zt\u00fcrk \/ <span style=\"text-decoration: underline;\"><span style=\"color: #3366cc;\"><a href=\"https:\/\/e-marineeducation.com\/tr\/profil-murat-ozturk\/\" target=\"_blank\" rel=\"noopener\"><span style=\"color: #3366cc; text-decoration: underline;\">Ki\u015fisel Profil Sayfas\u0131<\/span><\/a><\/span><\/span><\/p>\n<p>&#8211; O\u011fuz Demirel \/ <span style=\"text-decoration: underline;\"><span style=\"color: #3366cc;\"><a href=\"https:\/\/e-marineeducation.com\/tr\/profil-oguz-demirel\/\" target=\"_blank\" rel=\"noopener\"><span style=\"color: #3366cc; text-decoration: underline;\">Ki\u015fisel Profil Sayfas\u0131<\/span><\/a><\/span><\/span><\/p>\n<p>&nbsp;<\/p>\n<p style=\"text-align: justify;\"><strong>Notlar:<\/strong><\/p>\n<p style=\"text-align: justify;\">&#8211; 29 Haziran 2014 Pazar g\u00fcn\u00fc, Ramazan ay\u0131 i\u00e7erisindedir.<\/p>\n<p style=\"text-align: justify;\">&#8211; Daha detayl\u0131 bilgi almak i\u00e7in 24 saat i\u00e7erisinde e-posta adresinize g\u00f6nderilecek telefon numaras\u0131n\u0131 kullanabilirsiniz.<\/p>\n<p style=\"text-align: justify;\">&#8211; A\u015fa\u011f\u0131da yer alan formda &#8220;Gruba Eklenmek \u0130stemiyorum&#8221; se\u00e7ene\u011fini i\u015faretleyerek e-postan\u0131z\u0131n e-MarEdu Club e-posta grubuna <span style=\"text-decoration: underline;\">eklenmemesini<\/span> tercih edebilirsiniz.<\/p>\n<p>&nbsp;<\/p>\n<p><strong>Google Maps<\/strong><\/p>\n<p><img loading=\"lazy\" decoding=\"async\" class=\"aligncenter size-full wp-image-16777\" src=\"https:\/\/e-marineeducation.com\/tr\/wp-content\/uploads\/Seyr-i-Derya-Cafe.png\" alt=\"Seyr-i Derya Cafe\" width=\"630\" height=\"472\" srcset=\"https:\/\/e-marineeducation.com\/tr\/wp-content\/uploads\/Seyr-i-Derya-Cafe.png 630w, https:\/\/e-marineeducation.com\/tr\/wp-content\/uploads\/Seyr-i-Derya-Cafe-150x112.png 150w, https:\/\/e-marineeducation.com\/tr\/wp-content\/uploads\/Seyr-i-Derya-Cafe-300x224.png 300w, https:\/\/e-marineeducation.com\/tr\/wp-content\/uploads\/Seyr-i-Derya-Cafe-600x449.png 600w\" sizes=\"auto, (max-width: 630px) 100vw, 630px\" \/><\/p>\n<p>&nbsp;<\/p>\n<p><strong>Kat\u0131l\u0131m Bildirim Formu<\/strong><\/p>\n","protected":false},"excerpt":{"rendered":"<p>Etkinlik Detaylar\u0131 Tarih: 29 Haziran 2014, Pazar Saat:\u00a012:00 &#8211; 17:00 Yer: Seyr-i Derya Cafe &#8211; Be\u015fikta\u015f \/ \u0130stanbul &#8211; FourSquare:\u00a0https:\/\/tr.foursquare.com\/v\/seyri-derya\/ &nbsp; Kolay Tarif: \u00dcsk\u00fcdar motor iskelesinin \u00f6n\u00fcnden k\u0131y\u0131 \u015feridini takip ederek Ortak\u00f6y istikametinde 3 dakika kadar y\u00fcr\u00fcy\u00fcn. Bah\u00e7e\u015fehir \u00dcniversitesi&#8217;nin hemen \u00f6n\u00fcnde (\u0130DO Deniz Otob\u00fcs\u00fc \u0130skelesi&#8217;nin tam kar\u015f\u0131s\u0131nda) Seyr-i Derya Cafe&#8217;yi bulabilirsiniz. Yeri son derece kolayd\u0131r. &hellip;<\/p>\n","protected":false},"author":1,"featured_media":0,"parent":0,"menu_order":0,"comment_status":"open","ping_status":"closed","template":"","meta":{"_acf_changed":false,"_bbp_topic_count":0,"_bbp_reply_count":0,"_bbp_total_topic_count":0,"_bbp_total_reply_count":0,"_bbp_voice_count":0,"_bbp_anonymous_reply_count":0,"_bbp_topic_count_hidden":0,"_bbp_reply_count_hidden":0,"_bbp_forum_subforum_count":0,"footnotes":""},"class_list":["post-16763","page","type-page","status-publish",""],"acf":[],"yoast_head":"<!-- This site is optimized with the Yoast SEO plugin v27.2 - https:\/\/yoast.com\/product\/yoast-seo-wordpress\/ -->\n<title>[e-MarEdu Club] Kat\u0131l\u0131m Formu - e-MarineEducation.com<\/title>\n<meta name=\"description\" content=\"e-MarEdu Club, kat\u0131l\u0131m bildirim formu yer almaktad\u0131r.\" \/>\n<meta name=\"robots\" content=\"index, follow, max-snippet:-1, max-image-preview:large, max-video-preview:-1\" \/>\n<link rel=\"canonical\" href=\"https:\/\/e-marineeducation.com\/tr\/e-maredu-club-katilim-formu\/\" \/>\n<meta property=\"og:locale\" content=\"tr_TR\" \/>\n<meta property=\"og:type\" content=\"article\" \/>\n<meta property=\"og:title\" content=\"[e-MarEdu Club] Kat\u0131l\u0131m Formu - e-MarineEducation.com\" \/>\n<meta property=\"og:description\" content=\"e-MarEdu Club, kat\u0131l\u0131m bildirim formu yer almaktad\u0131r.\" \/>\n<meta property=\"og:url\" content=\"https:\/\/e-marineeducation.com\/tr\/e-maredu-club-katilim-formu\/\" \/>\n<meta property=\"og:site_name\" content=\"e-MarineEducation.com\" \/>\n<meta property=\"article:modified_time\" content=\"2024-01-16T18:19:12+00:00\" \/>\n<meta property=\"og:image\" content=\"https:\/\/e-marineeducation.com\/tr\/wp-content\/uploads\/Seyr-i-Derya-Cafe.png\" \/>\n<meta name=\"twitter:card\" content=\"summary_large_image\" \/>\n<meta name=\"twitter:label1\" content=\"Tahmini okuma s\u00fcresi\" \/>\n\t<meta name=\"twitter:data1\" content=\"2 dakika\" \/>\n<script type=\"application\/ld+json\" class=\"yoast-schema-graph\">{\"@context\":\"https:\/\/schema.org\",\"@graph\":[{\"@type\":\"WebPage\",\"@id\":\"https:\/\/e-marineeducation.com\/tr\/e-maredu-club-katilim-formu\/\",\"url\":\"https:\/\/e-marineeducation.com\/tr\/e-maredu-club-katilim-formu\/\",\"name\":\"[e-MarEdu Club] Kat\u0131l\u0131m Formu - e-MarineEducation.com\",\"isPartOf\":{\"@id\":\"https:\/\/e-marineeducation.com\/tr\/#website\"},\"primaryImageOfPage\":{\"@id\":\"https:\/\/e-marineeducation.com\/tr\/e-maredu-club-katilim-formu\/#primaryimage\"},\"image\":{\"@id\":\"https:\/\/e-marineeducation.com\/tr\/e-maredu-club-katilim-formu\/#primaryimage\"},\"thumbnailUrl\":\"https:\/\/e-marineeducation.com\/tr\/wp-content\/uploads\/Seyr-i-Derya-Cafe.png\",\"datePublished\":\"2014-06-26T16:02:49+00:00\",\"dateModified\":\"2024-01-16T18:19:12+00:00\",\"description\":\"e-MarEdu Club, kat\u0131l\u0131m bildirim formu yer almaktad\u0131r.\",\"breadcrumb\":{\"@id\":\"https:\/\/e-marineeducation.com\/tr\/e-maredu-club-katilim-formu\/#breadcrumb\"},\"inLanguage\":\"tr\",\"potentialAction\":[{\"@type\":\"ReadAction\",\"target\":[\"https:\/\/e-marineeducation.com\/tr\/e-maredu-club-katilim-formu\/\"]}]},{\"@type\":\"ImageObject\",\"inLanguage\":\"tr\",\"@id\":\"https:\/\/e-marineeducation.com\/tr\/e-maredu-club-katilim-formu\/#primaryimage\",\"url\":\"https:\/\/e-marineeducation.com\/tr\/wp-content\/uploads\/Seyr-i-Derya-Cafe.png\",\"contentUrl\":\"https:\/\/e-marineeducation.com\/tr\/wp-content\/uploads\/Seyr-i-Derya-Cafe.png\",\"width\":630,\"height\":472},{\"@type\":\"BreadcrumbList\",\"@id\":\"https:\/\/e-marineeducation.com\/tr\/e-maredu-club-katilim-formu\/#breadcrumb\",\"itemListElement\":[{\"@type\":\"ListItem\",\"position\":1,\"name\":\"Ana sayfa\",\"item\":\"https:\/\/e-marineeducation.com\/tr\/\"},{\"@type\":\"ListItem\",\"position\":2,\"name\":\"[e-MarEdu Club] Kat\u0131l\u0131m Formu\"}]},{\"@type\":\"WebSite\",\"@id\":\"https:\/\/e-marineeducation.com\/tr\/#website\",\"url\":\"https:\/\/e-marineeducation.com\/tr\/\",\"name\":\"e-MarineEducation.com\",\"description\":\"Denizcilik E\u011fitimine Yeni Bir Bak\u0131\u015f A\u00e7\u0131s\u0131\",\"potentialAction\":[{\"@type\":\"SearchAction\",\"target\":{\"@type\":\"EntryPoint\",\"urlTemplate\":\"https:\/\/e-marineeducation.com\/tr\/?s={search_term_string}\"},\"query-input\":{\"@type\":\"PropertyValueSpecification\",\"valueRequired\":true,\"valueName\":\"search_term_string\"}}],\"inLanguage\":\"tr\"}]}<\/script>\n<!-- \/ Yoast SEO plugin. -->","yoast_head_json":{"title":"[e-MarEdu Club] Kat\u0131l\u0131m Formu - e-MarineEducation.com","description":"e-MarEdu Club, kat\u0131l\u0131m bildirim formu yer almaktad\u0131r.","robots":{"index":"index","follow":"follow","max-snippet":"max-snippet:-1","max-image-preview":"max-image-preview:large","max-video-preview":"max-video-preview:-1"},"canonical":"https:\/\/e-marineeducation.com\/tr\/e-maredu-club-katilim-formu\/","og_locale":"tr_TR","og_type":"article","og_title":"[e-MarEdu Club] Kat\u0131l\u0131m Formu - e-MarineEducation.com","og_description":"e-MarEdu Club, kat\u0131l\u0131m bildirim formu yer almaktad\u0131r.","og_url":"https:\/\/e-marineeducation.com\/tr\/e-maredu-club-katilim-formu\/","og_site_name":"e-MarineEducation.com","article_modified_time":"2024-01-16T18:19:12+00:00","og_image":[{"url":"https:\/\/e-marineeducation.com\/tr\/wp-content\/uploads\/Seyr-i-Derya-Cafe.png","type":"","width":"","height":""}],"twitter_card":"summary_large_image","twitter_misc":{"Tahmini okuma s\u00fcresi":"2 dakika"},"schema":{"@context":"https:\/\/schema.org","@graph":[{"@type":"WebPage","@id":"https:\/\/e-marineeducation.com\/tr\/e-maredu-club-katilim-formu\/","url":"https:\/\/e-marineeducation.com\/tr\/e-maredu-club-katilim-formu\/","name":"[e-MarEdu Club] Kat\u0131l\u0131m Formu - e-MarineEducation.com","isPartOf":{"@id":"https:\/\/e-marineeducation.com\/tr\/#website"},"primaryImageOfPage":{"@id":"https:\/\/e-marineeducation.com\/tr\/e-maredu-club-katilim-formu\/#primaryimage"},"image":{"@id":"https:\/\/e-marineeducation.com\/tr\/e-maredu-club-katilim-formu\/#primaryimage"},"thumbnailUrl":"https:\/\/e-marineeducation.com\/tr\/wp-content\/uploads\/Seyr-i-Derya-Cafe.png","datePublished":"2014-06-26T16:02:49+00:00","dateModified":"2024-01-16T18:19:12+00:00","description":"e-MarEdu Club, kat\u0131l\u0131m bildirim formu yer almaktad\u0131r.","breadcrumb":{"@id":"https:\/\/e-marineeducation.com\/tr\/e-maredu-club-katilim-formu\/#breadcrumb"},"inLanguage":"tr","potentialAction":[{"@type":"ReadAction","target":["https:\/\/e-marineeducation.com\/tr\/e-maredu-club-katilim-formu\/"]}]},{"@type":"ImageObject","inLanguage":"tr","@id":"https:\/\/e-marineeducation.com\/tr\/e-maredu-club-katilim-formu\/#primaryimage","url":"https:\/\/e-marineeducation.com\/tr\/wp-content\/uploads\/Seyr-i-Derya-Cafe.png","contentUrl":"https:\/\/e-marineeducation.com\/tr\/wp-content\/uploads\/Seyr-i-Derya-Cafe.png","width":630,"height":472},{"@type":"BreadcrumbList","@id":"https:\/\/e-marineeducation.com\/tr\/e-maredu-club-katilim-formu\/#breadcrumb","itemListElement":[{"@type":"ListItem","position":1,"name":"Ana sayfa","item":"https:\/\/e-marineeducation.com\/tr\/"},{"@type":"ListItem","position":2,"name":"[e-MarEdu Club] Kat\u0131l\u0131m Formu"}]},{"@type":"WebSite","@id":"https:\/\/e-marineeducation.com\/tr\/#website","url":"https:\/\/e-marineeducation.com\/tr\/","name":"e-MarineEducation.com","description":"Denizcilik E\u011fitimine Yeni Bir Bak\u0131\u015f A\u00e7\u0131s\u0131","potentialAction":[{"@type":"SearchAction","target":{"@type":"EntryPoint","urlTemplate":"https:\/\/e-marineeducation.com\/tr\/?s={search_term_string}"},"query-input":{"@type":"PropertyValueSpecification","valueRequired":true,"valueName":"search_term_string"}}],"inLanguage":"tr"}]}},"_links":{"self":[{"href":"https:\/\/e-marineeducation.com\/tr\/wp-json\/wp\/v2\/pages\/16763","targetHints":{"allow":["GET"]}}],"collection":[{"href":"https:\/\/e-marineeducation.com\/tr\/wp-json\/wp\/v2\/pages"}],"about":[{"href":"https:\/\/e-marineeducation.com\/tr\/wp-json\/wp\/v2\/types\/page"}],"author":[{"embeddable":true,"href":"https:\/\/e-marineeducation.com\/tr\/wp-json\/wp\/v2\/users\/1"}],"replies":[{"embeddable":true,"href":"https:\/\/e-marineeducation.com\/tr\/wp-json\/wp\/v2\/comments?post=16763"}],"version-history":[{"count":0,"href":"https:\/\/e-marineeducation.com\/tr\/wp-json\/wp\/v2\/pages\/16763\/revisions"}],"wp:attachment":[{"href":"https:\/\/e-marineeducation.com\/tr\/wp-json\/wp\/v2\/media?parent=16763"}],"curies":[{"name":"wp","href":"https:\/\/api.w.org\/{rel}","templated":true}]}}