

{"id":15104,"date":"2014-04-13T14:52:28","date_gmt":"2014-04-13T11:52:28","guid":{"rendered":"https:\/\/e-marineeducation.com\/tr\/?page_id=15104"},"modified":"2024-11-15T16:08:03","modified_gmt":"2024-11-15T13:08:03","slug":"profil-hasan-ulusoy","status":"publish","type":"page","link":"https:\/\/e-marineeducation.com\/tr\/profil-hasan-ulusoy\/","title":{"rendered":"Ki\u015fisel Profil Sayfas\u0131"},"content":{"rendered":"<figure style=\"width: 159px\" class=\"wp-caption alignleft\"><img loading=\"lazy\" decoding=\"async\" src=\"https:\/\/e-marineeducation.com\/tr\/wp-content\/uploads\/Hasan-Ulusoy.png\" alt=\"\" width=\"159\" height=\"168\" \/><figcaption class=\"wp-caption-text\"><\/p>\n<p align=\"center\">Hasan Ulusoy<\/p>\n<p align=\"center\"><a target=\"_blank\" rel=\"noopener\"><img decoding=\"async\" src=\"https:\/\/e-marineeducation.com\/tr\/wp-content\/uploads\/Web-\u0130con.png\" alt=\"\" \/><\/a>\u00a0<a href=\"https:\/\/www.facebook.com\/hasan.ulusoy.794\" target=\"_blank\" rel=\"noopener\"><img decoding=\"async\" src=\"https:\/\/e-marineeducation.com\/tr\/wp-content\/uploads\/Facebook-\u0130con.png\" alt=\"https:\/\/www.facebook.com\/hasan.ulusoy.794\" \/><\/a> <a href=\"https:\/\/twitter.com\/HASANULUSOY94\" target=\"_blank\" rel=\"noopener\"> <img decoding=\"async\" src=\"https:\/\/e-marineeducation.com\/tr\/wp-content\/uploads\/Twitter-\u0130con.png\" alt=\"https:\/\/twitter.com\/HASANULUSOY94\" \/><\/a> <img decoding=\"async\" src=\"https:\/\/e-marineeducation.com\/tr\/wp-content\/uploads\/Linkedin-\u0130con.png\" alt=\"\" \/><\/p><\/figcaption><\/figure>\n<p><strong><span style=\"text-decoration: underline\">Ki\u015fisel Bilgiler<\/span><\/strong><\/p>\n<p><strong>Ad\u0131 Soyad\u0131:<\/strong>\u00a0Hasan Ulusoy<\/p>\n<p><strong>Do\u011fum Tarihi:<\/strong>\u00a030 Nisan 1994<\/p>\n<p><strong>Mesle\u011fi:<\/strong>\u00a0\u00d6\u011frenci <em>(Kocaeli \u00dcniversitesi &#8211; Denizcilik \u0130\u015fletmeleri Y\u00f6netimi)<\/em><\/p>\n<p><strong>\u00d6zge\u00e7mi\u015fi<\/strong>:\u00a0<\/p>\n<p><strong>E-Posta Adresi:<\/strong>\u00a0&#8211; &#8211; &#8211;<\/p>\n<table style=\"height: 20px\" border=\"0\">\n<tbody>\n<tr>\n<td><\/td>\n<\/tr>\n<\/tbody>\n<\/table>\n<p><span style=\"text-decoration: underline\"><strong>e-MarineEducation.com Bilgileri<\/strong><\/span><\/p>\n<p><strong>\u00c7al\u0131\u015fma Durumu:<\/strong>\u00a0<strong><span style=\"color: #ff0000\">Pasif<\/span><\/strong><\/p>\n<p><strong>G\u00f6rev S\u00fcresi:<\/strong>\u00a013 Nisan 2014 &#8211; 18 Ekim 2014<\/p>\n<p><strong>Mevcut G\u00f6revi:<\/strong>\u00a0&#8211; &#8211; &#8211;<\/p>\n<p><strong>\u00d6nceki G\u00f6revleri:<\/strong>\u00a0\u00d6\u011frenci Temsilcisi<\/p>\n<table style=\"height: 60px\" border=\"0\">\n<tbody>\n<tr>\n<td><\/td>\n<\/tr>\n<\/tbody>\n<\/table>\n<p><span style=\"text-decoration: underline\"><strong>Kazand\u0131rd\u0131klar\u0131<\/strong><\/span><\/p>\n<p>&#8211; \u0130ki (2) adet makale yaz\u0131m\u0131 &#8211; <span style=\"color: #3366ff\"><strong><a style=\"color: #3366ff\" href=\"https:\/\/e-marineeducation.com\/tr\/tag\/hasan-ulusoy-yazilari\/\" target=\"_blank\" rel=\"noopener\"><span style=\"text-decoration: underline\">\u0130ncele<\/span><\/a><\/strong><\/span><\/p>\n<p>&#8211; Bir (1) adet haber yaz\u0131m\u0131 &#8211; <span style=\"color: #3366ff\"><strong><a style=\"color: #3366ff\" href=\"https:\/\/e-marineeducation.com\/tr\/tag\/hasan-ulusoy-haberleri\/\" target=\"_blank\" rel=\"noopener\"><span style=\"text-decoration: underline\">\u0130ncele<\/span><\/a><\/strong><\/span><\/p>\n<p>&nbsp;<\/p>\n<table border=\"0\">\n<tbody>\n<tr>\n<td width=\"264\" height=\"67\"><\/td>\n<td valign=\"middle\" width=\"246\" height=\"67\">\n<p align=\"right\"><strong>Organizasyon<\/strong>\u00a0sayfas\u0131na,\u00a0<strong><a href=\"https:\/\/e-marineeducation.com\/tr\/organizasyon\/\">Geri D\u00f6n<\/a><\/strong><\/p>\n<\/td>\n<td width=\"80\" height=\"67\"><a href=\"https:\/\/e-marineeducation.com\/tr\/organizasyon\/\"><img loading=\"lazy\" decoding=\"async\" src=\"https:\/\/e-marineeducation.com\/tr\/wp-content\/uploads\/geri-d\u00f6n.png\" alt=\"\" width=\"74\" height=\"65\" align=\"right\" border=\"0\" \/><\/a><\/td>\n<\/tr>\n<\/tbody>\n<\/table>\n","protected":false},"excerpt":{"rendered":"<p>Ki\u015fisel Bilgiler Ad\u0131 Soyad\u0131:\u00a0Hasan Ulusoy Do\u011fum Tarihi:\u00a030 Nisan 1994 Mesle\u011fi:\u00a0\u00d6\u011frenci (Kocaeli \u00dcniversitesi &#8211; Denizcilik \u0130\u015fletmeleri Y\u00f6netimi) \u00d6zge\u00e7mi\u015fi:\u00a0 E-Posta Adresi:\u00a0&#8211; &#8211; &#8211; e-MarineEducation.com Bilgileri \u00c7al\u0131\u015fma Durumu:\u00a0Pasif G\u00f6rev S\u00fcresi:\u00a013 Nisan 2014 &#8211; 18 Ekim 2014 Mevcut G\u00f6revi:\u00a0&#8211; &#8211; &#8211; \u00d6nceki G\u00f6revleri:\u00a0\u00d6\u011frenci Temsilcisi Kazand\u0131rd\u0131klar\u0131 &#8211; \u0130ki (2) adet makale yaz\u0131m\u0131 &#8211; \u0130ncele &#8211; Bir (1) adet haber yaz\u0131m\u0131 &hellip;<\/p>\n","protected":false},"author":1,"featured_media":0,"parent":0,"menu_order":0,"comment_status":"open","ping_status":"closed","template":"","meta":{"_acf_changed":false,"_bbp_topic_count":0,"_bbp_reply_count":0,"_bbp_total_topic_count":0,"_bbp_total_reply_count":0,"_bbp_voice_count":0,"_bbp_anonymous_reply_count":0,"_bbp_topic_count_hidden":0,"_bbp_reply_count_hidden":0,"_bbp_forum_subforum_count":0,"footnotes":""},"class_list":["post-15104","page","type-page","status-publish",""],"acf":[],"yoast_head":"<!-- This site is optimized with the Yoast SEO plugin v27.2 - https:\/\/yoast.com\/product\/yoast-seo-wordpress\/ -->\n<title>Ki\u015fisel Profil Sayfas\u0131: Hasan Ulusoy | E-Marine Education<\/title>\n<meta name=\"description\" content=\"Hasan Ulusoy&#039;a ait ki\u015fisel profil sayfas\u0131d\u0131r.\" \/>\n<meta name=\"robots\" content=\"index, follow, max-snippet:-1, max-image-preview:large, max-video-preview:-1\" \/>\n<link rel=\"canonical\" href=\"https:\/\/e-marineeducation.com\/tr\/profil-hasan-ulusoy\/\" \/>\n<meta property=\"og:locale\" content=\"tr_TR\" \/>\n<meta property=\"og:type\" content=\"article\" \/>\n<meta property=\"og:title\" content=\"Ki\u015fisel Profil Sayfas\u0131: Hasan Ulusoy | E-Marine Education\" \/>\n<meta property=\"og:description\" content=\"Hasan Ulusoy&#039;a ait ki\u015fisel profil sayfas\u0131d\u0131r.\" \/>\n<meta property=\"og:url\" content=\"https:\/\/e-marineeducation.com\/tr\/profil-hasan-ulusoy\/\" \/>\n<meta property=\"og:site_name\" content=\"e-MarineEducation.com\" \/>\n<meta property=\"article:modified_time\" content=\"2024-11-15T13:08:03+00:00\" \/>\n<meta property=\"og:image\" content=\"https:\/\/e-marineeducation.com\/tr\/wp-content\/uploads\/Hasan-Ulusoy.png\" \/>\n<meta name=\"twitter:card\" content=\"summary_large_image\" \/>\n<meta name=\"twitter:label1\" content=\"Tahmini okuma s\u00fcresi\" \/>\n\t<meta name=\"twitter:data1\" content=\"2 dakika\" \/>\n<script type=\"application\/ld+json\" class=\"yoast-schema-graph\">{\"@context\":\"https:\/\/schema.org\",\"@graph\":[{\"@type\":\"WebPage\",\"@id\":\"https:\/\/e-marineeducation.com\/tr\/profil-hasan-ulusoy\/\",\"url\":\"https:\/\/e-marineeducation.com\/tr\/profil-hasan-ulusoy\/\",\"name\":\"Ki\u015fisel Profil Sayfas\u0131: Hasan Ulusoy | E-Marine Education\",\"isPartOf\":{\"@id\":\"https:\/\/e-marineeducation.com\/tr\/#website\"},\"primaryImageOfPage\":{\"@id\":\"https:\/\/e-marineeducation.com\/tr\/profil-hasan-ulusoy\/#primaryimage\"},\"image\":{\"@id\":\"https:\/\/e-marineeducation.com\/tr\/profil-hasan-ulusoy\/#primaryimage\"},\"thumbnailUrl\":\"https:\/\/e-marineeducation.com\/tr\/wp-content\/uploads\/Hasan-Ulusoy.png\",\"datePublished\":\"2014-04-13T11:52:28+00:00\",\"dateModified\":\"2024-11-15T13:08:03+00:00\",\"description\":\"Hasan Ulusoy'a ait ki\u015fisel profil sayfas\u0131d\u0131r.\",\"breadcrumb\":{\"@id\":\"https:\/\/e-marineeducation.com\/tr\/profil-hasan-ulusoy\/#breadcrumb\"},\"inLanguage\":\"tr\",\"potentialAction\":[{\"@type\":\"ReadAction\",\"target\":[\"https:\/\/e-marineeducation.com\/tr\/profil-hasan-ulusoy\/\"]}]},{\"@type\":\"ImageObject\",\"inLanguage\":\"tr\",\"@id\":\"https:\/\/e-marineeducation.com\/tr\/profil-hasan-ulusoy\/#primaryimage\",\"url\":\"https:\/\/e-marineeducation.com\/tr\/wp-content\/uploads\/Hasan-Ulusoy.png\",\"contentUrl\":\"https:\/\/e-marineeducation.com\/tr\/wp-content\/uploads\/Hasan-Ulusoy.png\",\"width\":159,\"height\":168},{\"@type\":\"BreadcrumbList\",\"@id\":\"https:\/\/e-marineeducation.com\/tr\/profil-hasan-ulusoy\/#breadcrumb\",\"itemListElement\":[{\"@type\":\"ListItem\",\"position\":1,\"name\":\"Ana sayfa\",\"item\":\"https:\/\/e-marineeducation.com\/tr\/\"},{\"@type\":\"ListItem\",\"position\":2,\"name\":\"Ki\u015fisel Profil Sayfas\u0131\"}]},{\"@type\":\"WebSite\",\"@id\":\"https:\/\/e-marineeducation.com\/tr\/#website\",\"url\":\"https:\/\/e-marineeducation.com\/tr\/\",\"name\":\"e-MarineEducation.com\",\"description\":\"Denizcilik E\u011fitimine Yeni Bir Bak\u0131\u015f A\u00e7\u0131s\u0131\",\"potentialAction\":[{\"@type\":\"SearchAction\",\"target\":{\"@type\":\"EntryPoint\",\"urlTemplate\":\"https:\/\/e-marineeducation.com\/tr\/?s={search_term_string}\"},\"query-input\":{\"@type\":\"PropertyValueSpecification\",\"valueRequired\":true,\"valueName\":\"search_term_string\"}}],\"inLanguage\":\"tr\"}]}<\/script>\n<!-- \/ Yoast SEO plugin. -->","yoast_head_json":{"title":"Ki\u015fisel Profil Sayfas\u0131: Hasan Ulusoy | E-Marine Education","description":"Hasan Ulusoy'a ait ki\u015fisel profil sayfas\u0131d\u0131r.","robots":{"index":"index","follow":"follow","max-snippet":"max-snippet:-1","max-image-preview":"max-image-preview:large","max-video-preview":"max-video-preview:-1"},"canonical":"https:\/\/e-marineeducation.com\/tr\/profil-hasan-ulusoy\/","og_locale":"tr_TR","og_type":"article","og_title":"Ki\u015fisel Profil Sayfas\u0131: Hasan Ulusoy | E-Marine Education","og_description":"Hasan Ulusoy'a ait ki\u015fisel profil sayfas\u0131d\u0131r.","og_url":"https:\/\/e-marineeducation.com\/tr\/profil-hasan-ulusoy\/","og_site_name":"e-MarineEducation.com","article_modified_time":"2024-11-15T13:08:03+00:00","og_image":[{"url":"https:\/\/e-marineeducation.com\/tr\/wp-content\/uploads\/Hasan-Ulusoy.png","type":"","width":"","height":""}],"twitter_card":"summary_large_image","twitter_misc":{"Tahmini okuma s\u00fcresi":"2 dakika"},"schema":{"@context":"https:\/\/schema.org","@graph":[{"@type":"WebPage","@id":"https:\/\/e-marineeducation.com\/tr\/profil-hasan-ulusoy\/","url":"https:\/\/e-marineeducation.com\/tr\/profil-hasan-ulusoy\/","name":"Ki\u015fisel Profil Sayfas\u0131: Hasan Ulusoy | E-Marine Education","isPartOf":{"@id":"https:\/\/e-marineeducation.com\/tr\/#website"},"primaryImageOfPage":{"@id":"https:\/\/e-marineeducation.com\/tr\/profil-hasan-ulusoy\/#primaryimage"},"image":{"@id":"https:\/\/e-marineeducation.com\/tr\/profil-hasan-ulusoy\/#primaryimage"},"thumbnailUrl":"https:\/\/e-marineeducation.com\/tr\/wp-content\/uploads\/Hasan-Ulusoy.png","datePublished":"2014-04-13T11:52:28+00:00","dateModified":"2024-11-15T13:08:03+00:00","description":"Hasan Ulusoy'a ait ki\u015fisel profil sayfas\u0131d\u0131r.","breadcrumb":{"@id":"https:\/\/e-marineeducation.com\/tr\/profil-hasan-ulusoy\/#breadcrumb"},"inLanguage":"tr","potentialAction":[{"@type":"ReadAction","target":["https:\/\/e-marineeducation.com\/tr\/profil-hasan-ulusoy\/"]}]},{"@type":"ImageObject","inLanguage":"tr","@id":"https:\/\/e-marineeducation.com\/tr\/profil-hasan-ulusoy\/#primaryimage","url":"https:\/\/e-marineeducation.com\/tr\/wp-content\/uploads\/Hasan-Ulusoy.png","contentUrl":"https:\/\/e-marineeducation.com\/tr\/wp-content\/uploads\/Hasan-Ulusoy.png","width":159,"height":168},{"@type":"BreadcrumbList","@id":"https:\/\/e-marineeducation.com\/tr\/profil-hasan-ulusoy\/#breadcrumb","itemListElement":[{"@type":"ListItem","position":1,"name":"Ana sayfa","item":"https:\/\/e-marineeducation.com\/tr\/"},{"@type":"ListItem","position":2,"name":"Ki\u015fisel Profil Sayfas\u0131"}]},{"@type":"WebSite","@id":"https:\/\/e-marineeducation.com\/tr\/#website","url":"https:\/\/e-marineeducation.com\/tr\/","name":"e-MarineEducation.com","description":"Denizcilik E\u011fitimine Yeni Bir Bak\u0131\u015f A\u00e7\u0131s\u0131","potentialAction":[{"@type":"SearchAction","target":{"@type":"EntryPoint","urlTemplate":"https:\/\/e-marineeducation.com\/tr\/?s={search_term_string}"},"query-input":{"@type":"PropertyValueSpecification","valueRequired":true,"valueName":"search_term_string"}}],"inLanguage":"tr"}]}},"_links":{"self":[{"href":"https:\/\/e-marineeducation.com\/tr\/wp-json\/wp\/v2\/pages\/15104","targetHints":{"allow":["GET"]}}],"collection":[{"href":"https:\/\/e-marineeducation.com\/tr\/wp-json\/wp\/v2\/pages"}],"about":[{"href":"https:\/\/e-marineeducation.com\/tr\/wp-json\/wp\/v2\/types\/page"}],"author":[{"embeddable":true,"href":"https:\/\/e-marineeducation.com\/tr\/wp-json\/wp\/v2\/users\/1"}],"replies":[{"embeddable":true,"href":"https:\/\/e-marineeducation.com\/tr\/wp-json\/wp\/v2\/comments?post=15104"}],"version-history":[{"count":2,"href":"https:\/\/e-marineeducation.com\/tr\/wp-json\/wp\/v2\/pages\/15104\/revisions"}],"predecessor-version":[{"id":33075,"href":"https:\/\/e-marineeducation.com\/tr\/wp-json\/wp\/v2\/pages\/15104\/revisions\/33075"}],"wp:attachment":[{"href":"https:\/\/e-marineeducation.com\/tr\/wp-json\/wp\/v2\/media?parent=15104"}],"curies":[{"name":"wp","href":"https:\/\/api.w.org\/{rel}","templated":true}]}}