

{"id":1370,"date":"2011-09-12T02:22:13","date_gmt":"2011-09-11T23:22:13","guid":{"rendered":"https:\/\/e-marineeducation.com\/tr\/?page_id=1370"},"modified":"2022-03-11T16:48:42","modified_gmt":"2022-03-11T13:48:42","slug":"siz-gonderin-biz-yayinlayalim","status":"publish","type":"page","link":"https:\/\/e-marineeducation.com\/tr\/siz-gonderin-biz-yayinlayalim\/","title":{"rendered":"Siz G\u00f6nderin, Biz Yay\u0131nlayal\u0131m!"},"content":{"rendered":"<p style=\"text-align: justify;\"><span style=\"color: #3366cc;\"><em><strong><img loading=\"lazy\" decoding=\"async\" class=\"alignleft size-full wp-image-1375\" title=\"\" src=\"https:\/\/e-marineeducation.com\/tr\/wp-content\/uploads\/contact_us.jpg\" alt=\"\" width=\"145\" height=\"190\" srcset=\"https:\/\/e-marineeducation.com\/tr\/wp-content\/uploads\/contact_us.jpg 145w, https:\/\/e-marineeducation.com\/tr\/wp-content\/uploads\/contact_us-114x150.jpg 114w\" sizes=\"auto, (max-width: 145px) 100vw, 145px\" \/>E-Marine Education<\/strong><\/em><\/span> olarak ziyaret\u00e7ilerimizin T\u00fcrk ve d\u00fcnya denizcili\u011fi hakk\u0131ndaki g\u00f6r\u00fc\u015f ve bilgilerine \u00f6nem veriyoruz. \u00dcniversiteniz ya da fak\u00fcltenizde ger\u00e7ekle\u015ftirilen bir etkinli\u011fe ait haberi, denizcilikle ilgili yazd\u0131\u011f\u0131n\u0131z bir k\u00f6\u015fe yaz\u0131s\u0131n\u0131, \u00fcyesi oldu\u011funuz bir sivil toplum kurulu\u015funun d\u00fczenledi\u011fi organizasyon hakk\u0131ndaki duyuruyu, e-e\u011fitim b\u00f6l\u00fcm\u00fcm\u00fcz i\u00e7in haz\u0131rlad\u0131\u011f\u0131n\u0131z bir ders notunu ya da herhangi bir tecr\u00fcbenizi bize ileterek di\u011fer ziyaret\u00e7ilerimizle payla\u015fabilirsiniz. G\u00f6nderiniz sizin ad\u0131n\u0131z ile yay\u0131nlanacakt\u0131r.<\/p>\n<p style=\"text-align: justify;\">Bunun i\u00e7in tek yapman\u0131z gereken <em><strong><span style=\"color: #3366cc;\"><a href=\"mailto:info@e-marineeducation.com?subject=G\u00f6nderin &amp; Yay\u0131nlans\u0131n\"><span style=\"color: #3366cc;\">info@e-marineeducation.com<\/span><\/a><\/span><\/strong><\/em> adresine bir e-posta g\u00f6ndermektir. E\u011fer bizimle \u00e7al\u0131\u015fmay\u0131 arzu ederseniz bundan daha da memnuniyet duyar\u0131z. Sitemize kat\u0131larak organizasyon sayfam\u0131zda \u00f6zge\u00e7mi\u015finizle birlikte yer alabilirsiniz.<\/p>\n<p style=\"text-align: justify;\">Sitemizde yay\u0131nlayaca\u011f\u0131m\u0131z i\u00e7erikte arad\u0131\u011f\u0131m\u0131z \u00fc\u00e7 (3) kriter var. Bunlardan birisi \u00f6zg\u00fcn i\u00e7erik. Herhangi bir yerden kopyalanm\u0131\u015f ya da ba\u015fka bir yerde yay\u0131nlanm\u0131\u015f yaz\u0131lar\u0131 yay\u0131nlam\u0131yoruz. Di\u011fer kriterimiz ise herhangi bir kurum, kurulu\u015f ya da ki\u015finin hedef al\u0131nmamas\u0131. Biz y\u0131k\u0131c\u0131 de\u011fil, yap\u0131c\u0131 olmay\u0131, denizcili\u011fe katk\u0131 sa\u011flamay\u0131 hedefliyoruz. Son olaraksa eklenen i\u00e7eri\u011fin do\u011fru olmas\u0131 bizim i\u00e7in b\u00fcy\u00fck \u00f6nem ta\u015f\u0131yor.<\/p>\n<p style=\"text-align: justify;\">E\u011fer yaz\u0131n\u0131z\u0131n bu \u00fc\u00e7 (3) \u015farta uydu\u011fundan eminseniz yay\u0131nlamaktan memnuniyet duyaca\u011f\u0131m\u0131z\u0131 bilmenizi isteriz. G\u00f6nderilerinizi bekliyoruz&#8230;<\/p>\n","protected":false},"excerpt":{"rendered":"<p>E-Marine Education olarak ziyaret\u00e7ilerimizin T\u00fcrk ve d\u00fcnya denizcili\u011fi hakk\u0131ndaki g\u00f6r\u00fc\u015f ve bilgilerine \u00f6nem veriyoruz. \u00dcniversiteniz ya da fak\u00fcltenizde ger\u00e7ekle\u015ftirilen bir etkinli\u011fe ait haberi, denizcilikle ilgili yazd\u0131\u011f\u0131n\u0131z bir k\u00f6\u015fe yaz\u0131s\u0131n\u0131, \u00fcyesi oldu\u011funuz bir sivil toplum kurulu\u015funun d\u00fczenledi\u011fi organizasyon hakk\u0131ndaki duyuruyu, e-e\u011fitim b\u00f6l\u00fcm\u00fcm\u00fcz i\u00e7in haz\u0131rlad\u0131\u011f\u0131n\u0131z bir ders notunu ya da herhangi bir tecr\u00fcbenizi bize ileterek di\u011fer ziyaret\u00e7ilerimizle &hellip;<\/p>\n","protected":false},"author":1,"featured_media":1378,"parent":0,"menu_order":0,"comment_status":"closed","ping_status":"open","template":"","meta":{"_acf_changed":false,"_bbp_topic_count":0,"_bbp_reply_count":0,"_bbp_total_topic_count":0,"_bbp_total_reply_count":0,"_bbp_voice_count":0,"_bbp_anonymous_reply_count":0,"_bbp_topic_count_hidden":0,"_bbp_reply_count_hidden":0,"_bbp_forum_subforum_count":0,"footnotes":""},"class_list":["post-1370","page","type-page","status-publish","has-post-thumbnail",""],"acf":[],"yoast_head":"<!-- This site is optimized with the Yoast SEO plugin v27.4 - https:\/\/yoast.com\/product\/yoast-seo-wordpress\/ -->\n<title>Siz G\u00f6nderin, Biz Yay\u0131nlayal\u0131m! - e-MarineEducation.com<\/title>\n<meta name=\"robots\" content=\"index, follow, max-snippet:-1, max-image-preview:large, max-video-preview:-1\" \/>\n<link rel=\"canonical\" href=\"https:\/\/e-marineeducation.com\/tr\/siz-gonderin-biz-yayinlayalim\/\" \/>\n<meta property=\"og:locale\" content=\"tr_TR\" \/>\n<meta property=\"og:type\" content=\"article\" \/>\n<meta property=\"og:title\" content=\"Siz G\u00f6nderin, Biz Yay\u0131nlayal\u0131m! - e-MarineEducation.com\" \/>\n<meta property=\"og:description\" content=\"E-Marine Education olarak ziyaret\u00e7ilerimizin T\u00fcrk ve d\u00fcnya denizcili\u011fi hakk\u0131ndaki g\u00f6r\u00fc\u015f ve bilgilerine \u00f6nem veriyoruz. \u00dcniversiteniz ya da fak\u00fcltenizde ger\u00e7ekle\u015ftirilen bir etkinli\u011fe ait haberi, denizcilikle ilgili yazd\u0131\u011f\u0131n\u0131z bir k\u00f6\u015fe yaz\u0131s\u0131n\u0131, \u00fcyesi oldu\u011funuz bir sivil toplum kurulu\u015funun d\u00fczenledi\u011fi organizasyon hakk\u0131ndaki duyuruyu, e-e\u011fitim b\u00f6l\u00fcm\u00fcm\u00fcz i\u00e7in haz\u0131rlad\u0131\u011f\u0131n\u0131z bir ders notunu ya da herhangi bir tecr\u00fcbenizi bize ileterek di\u011fer ziyaret\u00e7ilerimizle &hellip;\" \/>\n<meta property=\"og:url\" content=\"https:\/\/e-marineeducation.com\/tr\/siz-gonderin-biz-yayinlayalim\/\" \/>\n<meta property=\"og:site_name\" content=\"e-MarineEducation.com\" \/>\n<meta property=\"article:modified_time\" content=\"2022-03-11T13:48:42+00:00\" \/>\n<meta property=\"og:image\" content=\"https:\/\/e-marineeducation.com\/tr\/wp-content\/uploads\/contact_us-Simge.png\" \/>\n\t<meta property=\"og:image:width\" content=\"74\" \/>\n\t<meta property=\"og:image:height\" content=\"74\" \/>\n\t<meta property=\"og:image:type\" content=\"image\/png\" \/>\n<meta name=\"twitter:card\" content=\"summary_large_image\" \/>\n<meta name=\"twitter:label1\" content=\"Tahmini okuma s\u00fcresi\" \/>\n\t<meta name=\"twitter:data1\" content=\"1 dakika\" \/>\n<script type=\"application\/ld+json\" class=\"yoast-schema-graph\">{\"@context\":\"https:\\\/\\\/schema.org\",\"@graph\":[{\"@type\":\"WebPage\",\"@id\":\"https:\\\/\\\/e-marineeducation.com\\\/tr\\\/siz-gonderin-biz-yayinlayalim\\\/\",\"url\":\"https:\\\/\\\/e-marineeducation.com\\\/tr\\\/siz-gonderin-biz-yayinlayalim\\\/\",\"name\":\"Siz G\u00f6nderin, Biz Yay\u0131nlayal\u0131m! - e-MarineEducation.com\",\"isPartOf\":{\"@id\":\"https:\\\/\\\/e-marineeducation.com\\\/tr\\\/#website\"},\"primaryImageOfPage\":{\"@id\":\"https:\\\/\\\/e-marineeducation.com\\\/tr\\\/siz-gonderin-biz-yayinlayalim\\\/#primaryimage\"},\"image\":{\"@id\":\"https:\\\/\\\/e-marineeducation.com\\\/tr\\\/siz-gonderin-biz-yayinlayalim\\\/#primaryimage\"},\"thumbnailUrl\":\"https:\\\/\\\/e-marineeducation.com\\\/tr\\\/wp-content\\\/uploads\\\/contact_us-Simge.png\",\"datePublished\":\"2011-09-11T23:22:13+00:00\",\"dateModified\":\"2022-03-11T13:48:42+00:00\",\"breadcrumb\":{\"@id\":\"https:\\\/\\\/e-marineeducation.com\\\/tr\\\/siz-gonderin-biz-yayinlayalim\\\/#breadcrumb\"},\"inLanguage\":\"tr\",\"potentialAction\":[{\"@type\":\"ReadAction\",\"target\":[\"https:\\\/\\\/e-marineeducation.com\\\/tr\\\/siz-gonderin-biz-yayinlayalim\\\/\"]}]},{\"@type\":\"ImageObject\",\"inLanguage\":\"tr\",\"@id\":\"https:\\\/\\\/e-marineeducation.com\\\/tr\\\/siz-gonderin-biz-yayinlayalim\\\/#primaryimage\",\"url\":\"https:\\\/\\\/e-marineeducation.com\\\/tr\\\/wp-content\\\/uploads\\\/contact_us-Simge.png\",\"contentUrl\":\"https:\\\/\\\/e-marineeducation.com\\\/tr\\\/wp-content\\\/uploads\\\/contact_us-Simge.png\",\"width\":\"74\",\"height\":\"74\"},{\"@type\":\"BreadcrumbList\",\"@id\":\"https:\\\/\\\/e-marineeducation.com\\\/tr\\\/siz-gonderin-biz-yayinlayalim\\\/#breadcrumb\",\"itemListElement\":[{\"@type\":\"ListItem\",\"position\":1,\"name\":\"Ana sayfa\",\"item\":\"https:\\\/\\\/e-marineeducation.com\\\/tr\\\/\"},{\"@type\":\"ListItem\",\"position\":2,\"name\":\"Siz G\u00f6nderin, Biz Yay\u0131nlayal\u0131m!\"}]},{\"@type\":\"WebSite\",\"@id\":\"https:\\\/\\\/e-marineeducation.com\\\/tr\\\/#website\",\"url\":\"https:\\\/\\\/e-marineeducation.com\\\/tr\\\/\",\"name\":\"e-MarineEducation.com\",\"description\":\"Denizcilik E\u011fitimine Yeni Bir Bak\u0131\u015f A\u00e7\u0131s\u0131\",\"potentialAction\":[{\"@type\":\"SearchAction\",\"target\":{\"@type\":\"EntryPoint\",\"urlTemplate\":\"https:\\\/\\\/e-marineeducation.com\\\/tr\\\/?s={search_term_string}\"},\"query-input\":{\"@type\":\"PropertyValueSpecification\",\"valueRequired\":true,\"valueName\":\"search_term_string\"}}],\"inLanguage\":\"tr\"}]}<\/script>\n<!-- \/ Yoast SEO plugin. -->","yoast_head_json":{"title":"Siz G\u00f6nderin, Biz Yay\u0131nlayal\u0131m! - e-MarineEducation.com","robots":{"index":"index","follow":"follow","max-snippet":"max-snippet:-1","max-image-preview":"max-image-preview:large","max-video-preview":"max-video-preview:-1"},"canonical":"https:\/\/e-marineeducation.com\/tr\/siz-gonderin-biz-yayinlayalim\/","og_locale":"tr_TR","og_type":"article","og_title":"Siz G\u00f6nderin, Biz Yay\u0131nlayal\u0131m! - e-MarineEducation.com","og_description":"E-Marine Education olarak ziyaret\u00e7ilerimizin T\u00fcrk ve d\u00fcnya denizcili\u011fi hakk\u0131ndaki g\u00f6r\u00fc\u015f ve bilgilerine \u00f6nem veriyoruz. \u00dcniversiteniz ya da fak\u00fcltenizde ger\u00e7ekle\u015ftirilen bir etkinli\u011fe ait haberi, denizcilikle ilgili yazd\u0131\u011f\u0131n\u0131z bir k\u00f6\u015fe yaz\u0131s\u0131n\u0131, \u00fcyesi oldu\u011funuz bir sivil toplum kurulu\u015funun d\u00fczenledi\u011fi organizasyon hakk\u0131ndaki duyuruyu, e-e\u011fitim b\u00f6l\u00fcm\u00fcm\u00fcz i\u00e7in haz\u0131rlad\u0131\u011f\u0131n\u0131z bir ders notunu ya da herhangi bir tecr\u00fcbenizi bize ileterek di\u011fer ziyaret\u00e7ilerimizle &hellip;","og_url":"https:\/\/e-marineeducation.com\/tr\/siz-gonderin-biz-yayinlayalim\/","og_site_name":"e-MarineEducation.com","article_modified_time":"2022-03-11T13:48:42+00:00","og_image":[{"width":74,"height":74,"url":"https:\/\/e-marineeducation.com\/tr\/wp-content\/uploads\/contact_us-Simge.png","type":"image\/png"}],"twitter_card":"summary_large_image","twitter_misc":{"Tahmini okuma s\u00fcresi":"1 dakika"},"schema":{"@context":"https:\/\/schema.org","@graph":[{"@type":"WebPage","@id":"https:\/\/e-marineeducation.com\/tr\/siz-gonderin-biz-yayinlayalim\/","url":"https:\/\/e-marineeducation.com\/tr\/siz-gonderin-biz-yayinlayalim\/","name":"Siz G\u00f6nderin, Biz Yay\u0131nlayal\u0131m! - e-MarineEducation.com","isPartOf":{"@id":"https:\/\/e-marineeducation.com\/tr\/#website"},"primaryImageOfPage":{"@id":"https:\/\/e-marineeducation.com\/tr\/siz-gonderin-biz-yayinlayalim\/#primaryimage"},"image":{"@id":"https:\/\/e-marineeducation.com\/tr\/siz-gonderin-biz-yayinlayalim\/#primaryimage"},"thumbnailUrl":"https:\/\/e-marineeducation.com\/tr\/wp-content\/uploads\/contact_us-Simge.png","datePublished":"2011-09-11T23:22:13+00:00","dateModified":"2022-03-11T13:48:42+00:00","breadcrumb":{"@id":"https:\/\/e-marineeducation.com\/tr\/siz-gonderin-biz-yayinlayalim\/#breadcrumb"},"inLanguage":"tr","potentialAction":[{"@type":"ReadAction","target":["https:\/\/e-marineeducation.com\/tr\/siz-gonderin-biz-yayinlayalim\/"]}]},{"@type":"ImageObject","inLanguage":"tr","@id":"https:\/\/e-marineeducation.com\/tr\/siz-gonderin-biz-yayinlayalim\/#primaryimage","url":"https:\/\/e-marineeducation.com\/tr\/wp-content\/uploads\/contact_us-Simge.png","contentUrl":"https:\/\/e-marineeducation.com\/tr\/wp-content\/uploads\/contact_us-Simge.png","width":"74","height":"74"},{"@type":"BreadcrumbList","@id":"https:\/\/e-marineeducation.com\/tr\/siz-gonderin-biz-yayinlayalim\/#breadcrumb","itemListElement":[{"@type":"ListItem","position":1,"name":"Ana sayfa","item":"https:\/\/e-marineeducation.com\/tr\/"},{"@type":"ListItem","position":2,"name":"Siz G\u00f6nderin, Biz Yay\u0131nlayal\u0131m!"}]},{"@type":"WebSite","@id":"https:\/\/e-marineeducation.com\/tr\/#website","url":"https:\/\/e-marineeducation.com\/tr\/","name":"e-MarineEducation.com","description":"Denizcilik E\u011fitimine Yeni Bir Bak\u0131\u015f A\u00e7\u0131s\u0131","potentialAction":[{"@type":"SearchAction","target":{"@type":"EntryPoint","urlTemplate":"https:\/\/e-marineeducation.com\/tr\/?s={search_term_string}"},"query-input":{"@type":"PropertyValueSpecification","valueRequired":true,"valueName":"search_term_string"}}],"inLanguage":"tr"}]}},"_links":{"self":[{"href":"https:\/\/e-marineeducation.com\/tr\/wp-json\/wp\/v2\/pages\/1370","targetHints":{"allow":["GET"]}}],"collection":[{"href":"https:\/\/e-marineeducation.com\/tr\/wp-json\/wp\/v2\/pages"}],"about":[{"href":"https:\/\/e-marineeducation.com\/tr\/wp-json\/wp\/v2\/types\/page"}],"author":[{"embeddable":true,"href":"https:\/\/e-marineeducation.com\/tr\/wp-json\/wp\/v2\/users\/1"}],"replies":[{"embeddable":true,"href":"https:\/\/e-marineeducation.com\/tr\/wp-json\/wp\/v2\/comments?post=1370"}],"version-history":[{"count":0,"href":"https:\/\/e-marineeducation.com\/tr\/wp-json\/wp\/v2\/pages\/1370\/revisions"}],"wp:featuredmedia":[{"embeddable":true,"href":"https:\/\/e-marineeducation.com\/tr\/wp-json\/wp\/v2\/media\/1378"}],"wp:attachment":[{"href":"https:\/\/e-marineeducation.com\/tr\/wp-json\/wp\/v2\/media?parent=1370"}],"curies":[{"name":"wp","href":"https:\/\/api.w.org\/{rel}","templated":true}]}}