

{"id":13319,"date":"2013-12-17T19:00:38","date_gmt":"2013-12-17T17:00:38","guid":{"rendered":"https:\/\/e-marineeducation.com\/tr\/?page_id=13319"},"modified":"2013-12-17T20:09:27","modified_gmt":"2013-12-17T18:09:27","slug":"dgs-karsilastirmasi","status":"publish","type":"page","link":"https:\/\/e-marineeducation.com\/tr\/dgs-karsilastirmasi\/","title":{"rendered":"DGS Kar\u015f\u0131la\u015ft\u0131rmas\u0131"},"content":{"rendered":"<p>De\u011ferli Ziyaret\u00e7imiz,<\/p>\n<table style=\"height: 20px;\" border=\"0\">\n<tbody>\n<tr>\n<td><\/td>\n<\/tr>\n<\/tbody>\n<\/table>\n<p style=\"text-align: justify;\">E\u011fer <strong>Dikey Ge\u00e7i\u015f S\u0131nav\u0131<\/strong> ile bir lisans program\u0131na ge\u00e7i\u015f yapt\u0131ysan\u0131z, sizden a\u015fa\u011f\u0131da bulunan formu doldurman\u0131z\u0131 rica ederiz. Elde edilen veriler bir tablo haline getirilerek ziyaret\u00e7ilerimizle payla\u015f\u0131lacakt\u0131r. B\u00f6ylelikle Dikey Ge\u00e7i\u015f S\u0131nav\u0131 ile lisans tamamlamay\u0131 planlayan ki\u015filer, kendileri i\u00e7in daha do\u011fru bir tercihte bulunabilirler.<\/p>\n<table style=\"height: 20px;\" border=\"0\">\n<tbody>\n<tr>\n<td><\/td>\n<\/tr>\n<\/tbody>\n<\/table>\n<p>\u0130\u015fbirli\u011finiz i\u00e7in te\u015fekk\u00fcr ederiz.<\/p>\n<table style=\"height: 20px;\" border=\"0\">\n<tbody>\n<tr>\n<td><\/td>\n<\/tr>\n<\/tbody>\n<\/table>\n<p style=\"text-align: right;\">Sayg\u0131lar\u0131m\u0131zla<\/p>\n<p style=\"text-align: right;\"><strong>e-MarEdu Platformu<\/strong><\/p>\n","protected":false},"excerpt":{"rendered":"<p>De\u011ferli Ziyaret\u00e7imiz, E\u011fer Dikey Ge\u00e7i\u015f S\u0131nav\u0131 ile bir lisans program\u0131na ge\u00e7i\u015f yapt\u0131ysan\u0131z, sizden a\u015fa\u011f\u0131da bulunan formu doldurman\u0131z\u0131 rica ederiz. Elde edilen veriler bir tablo haline getirilerek ziyaret\u00e7ilerimizle payla\u015f\u0131lacakt\u0131r. B\u00f6ylelikle Dikey Ge\u00e7i\u015f S\u0131nav\u0131 ile lisans tamamlamay\u0131 planlayan ki\u015filer, kendileri i\u00e7in daha do\u011fru bir tercihte bulunabilirler. \u0130\u015fbirli\u011finiz i\u00e7in te\u015fekk\u00fcr ederiz. Sayg\u0131lar\u0131m\u0131zla e-MarEdu Platformu<\/p>\n","protected":false},"author":1,"featured_media":0,"parent":0,"menu_order":0,"comment_status":"open","ping_status":"closed","template":"","meta":{"_acf_changed":false,"_bbp_topic_count":0,"_bbp_reply_count":0,"_bbp_total_topic_count":0,"_bbp_total_reply_count":0,"_bbp_voice_count":0,"_bbp_anonymous_reply_count":0,"_bbp_topic_count_hidden":0,"_bbp_reply_count_hidden":0,"_bbp_forum_subforum_count":0,"footnotes":""},"class_list":["post-13319","page","type-page","status-publish",""],"acf":[],"yoast_head":"<!-- This site is optimized with the Yoast SEO plugin v27.2 - https:\/\/yoast.com\/product\/yoast-seo-wordpress\/ -->\n<title>DGS Kar\u015f\u0131la\u015ft\u0131rmas\u0131 - e-MarineEducation.com<\/title>\n<meta name=\"robots\" content=\"index, follow, max-snippet:-1, max-image-preview:large, max-video-preview:-1\" \/>\n<link rel=\"canonical\" href=\"https:\/\/e-marineeducation.com\/tr\/dgs-karsilastirmasi\/\" \/>\n<meta property=\"og:locale\" content=\"tr_TR\" \/>\n<meta property=\"og:type\" content=\"article\" \/>\n<meta property=\"og:title\" content=\"DGS Kar\u015f\u0131la\u015ft\u0131rmas\u0131 - e-MarineEducation.com\" \/>\n<meta property=\"og:description\" content=\"De\u011ferli Ziyaret\u00e7imiz, E\u011fer Dikey Ge\u00e7i\u015f S\u0131nav\u0131 ile bir lisans program\u0131na ge\u00e7i\u015f yapt\u0131ysan\u0131z, sizden a\u015fa\u011f\u0131da bulunan formu doldurman\u0131z\u0131 rica ederiz. Elde edilen veriler bir tablo haline getirilerek ziyaret\u00e7ilerimizle payla\u015f\u0131lacakt\u0131r. B\u00f6ylelikle Dikey Ge\u00e7i\u015f S\u0131nav\u0131 ile lisans tamamlamay\u0131 planlayan ki\u015filer, kendileri i\u00e7in daha do\u011fru bir tercihte bulunabilirler. \u0130\u015fbirli\u011finiz i\u00e7in te\u015fekk\u00fcr ederiz. Sayg\u0131lar\u0131m\u0131zla e-MarEdu Platformu\" \/>\n<meta property=\"og:url\" content=\"https:\/\/e-marineeducation.com\/tr\/dgs-karsilastirmasi\/\" \/>\n<meta property=\"og:site_name\" content=\"e-MarineEducation.com\" \/>\n<meta property=\"article:modified_time\" content=\"2013-12-17T18:09:27+00:00\" \/>\n<meta name=\"twitter:card\" content=\"summary_large_image\" \/>\n<script type=\"application\/ld+json\" class=\"yoast-schema-graph\">{\"@context\":\"https:\/\/schema.org\",\"@graph\":[{\"@type\":\"WebPage\",\"@id\":\"https:\/\/e-marineeducation.com\/tr\/dgs-karsilastirmasi\/\",\"url\":\"https:\/\/e-marineeducation.com\/tr\/dgs-karsilastirmasi\/\",\"name\":\"DGS Kar\u015f\u0131la\u015ft\u0131rmas\u0131 - e-MarineEducation.com\",\"isPartOf\":{\"@id\":\"https:\/\/e-marineeducation.com\/tr\/#website\"},\"datePublished\":\"2013-12-17T17:00:38+00:00\",\"dateModified\":\"2013-12-17T18:09:27+00:00\",\"breadcrumb\":{\"@id\":\"https:\/\/e-marineeducation.com\/tr\/dgs-karsilastirmasi\/#breadcrumb\"},\"inLanguage\":\"tr\",\"potentialAction\":[{\"@type\":\"ReadAction\",\"target\":[\"https:\/\/e-marineeducation.com\/tr\/dgs-karsilastirmasi\/\"]}]},{\"@type\":\"BreadcrumbList\",\"@id\":\"https:\/\/e-marineeducation.com\/tr\/dgs-karsilastirmasi\/#breadcrumb\",\"itemListElement\":[{\"@type\":\"ListItem\",\"position\":1,\"name\":\"Ana sayfa\",\"item\":\"https:\/\/e-marineeducation.com\/tr\/\"},{\"@type\":\"ListItem\",\"position\":2,\"name\":\"DGS Kar\u015f\u0131la\u015ft\u0131rmas\u0131\"}]},{\"@type\":\"WebSite\",\"@id\":\"https:\/\/e-marineeducation.com\/tr\/#website\",\"url\":\"https:\/\/e-marineeducation.com\/tr\/\",\"name\":\"e-MarineEducation.com\",\"description\":\"Denizcilik E\u011fitimine Yeni Bir Bak\u0131\u015f A\u00e7\u0131s\u0131\",\"potentialAction\":[{\"@type\":\"SearchAction\",\"target\":{\"@type\":\"EntryPoint\",\"urlTemplate\":\"https:\/\/e-marineeducation.com\/tr\/?s={search_term_string}\"},\"query-input\":{\"@type\":\"PropertyValueSpecification\",\"valueRequired\":true,\"valueName\":\"search_term_string\"}}],\"inLanguage\":\"tr\"}]}<\/script>\n<!-- \/ Yoast SEO plugin. -->","yoast_head_json":{"title":"DGS Kar\u015f\u0131la\u015ft\u0131rmas\u0131 - e-MarineEducation.com","robots":{"index":"index","follow":"follow","max-snippet":"max-snippet:-1","max-image-preview":"max-image-preview:large","max-video-preview":"max-video-preview:-1"},"canonical":"https:\/\/e-marineeducation.com\/tr\/dgs-karsilastirmasi\/","og_locale":"tr_TR","og_type":"article","og_title":"DGS Kar\u015f\u0131la\u015ft\u0131rmas\u0131 - e-MarineEducation.com","og_description":"De\u011ferli Ziyaret\u00e7imiz, E\u011fer Dikey Ge\u00e7i\u015f S\u0131nav\u0131 ile bir lisans program\u0131na ge\u00e7i\u015f yapt\u0131ysan\u0131z, sizden a\u015fa\u011f\u0131da bulunan formu doldurman\u0131z\u0131 rica ederiz. Elde edilen veriler bir tablo haline getirilerek ziyaret\u00e7ilerimizle payla\u015f\u0131lacakt\u0131r. B\u00f6ylelikle Dikey Ge\u00e7i\u015f S\u0131nav\u0131 ile lisans tamamlamay\u0131 planlayan ki\u015filer, kendileri i\u00e7in daha do\u011fru bir tercihte bulunabilirler. \u0130\u015fbirli\u011finiz i\u00e7in te\u015fekk\u00fcr ederiz. Sayg\u0131lar\u0131m\u0131zla e-MarEdu Platformu","og_url":"https:\/\/e-marineeducation.com\/tr\/dgs-karsilastirmasi\/","og_site_name":"e-MarineEducation.com","article_modified_time":"2013-12-17T18:09:27+00:00","twitter_card":"summary_large_image","schema":{"@context":"https:\/\/schema.org","@graph":[{"@type":"WebPage","@id":"https:\/\/e-marineeducation.com\/tr\/dgs-karsilastirmasi\/","url":"https:\/\/e-marineeducation.com\/tr\/dgs-karsilastirmasi\/","name":"DGS Kar\u015f\u0131la\u015ft\u0131rmas\u0131 - e-MarineEducation.com","isPartOf":{"@id":"https:\/\/e-marineeducation.com\/tr\/#website"},"datePublished":"2013-12-17T17:00:38+00:00","dateModified":"2013-12-17T18:09:27+00:00","breadcrumb":{"@id":"https:\/\/e-marineeducation.com\/tr\/dgs-karsilastirmasi\/#breadcrumb"},"inLanguage":"tr","potentialAction":[{"@type":"ReadAction","target":["https:\/\/e-marineeducation.com\/tr\/dgs-karsilastirmasi\/"]}]},{"@type":"BreadcrumbList","@id":"https:\/\/e-marineeducation.com\/tr\/dgs-karsilastirmasi\/#breadcrumb","itemListElement":[{"@type":"ListItem","position":1,"name":"Ana sayfa","item":"https:\/\/e-marineeducation.com\/tr\/"},{"@type":"ListItem","position":2,"name":"DGS Kar\u015f\u0131la\u015ft\u0131rmas\u0131"}]},{"@type":"WebSite","@id":"https:\/\/e-marineeducation.com\/tr\/#website","url":"https:\/\/e-marineeducation.com\/tr\/","name":"e-MarineEducation.com","description":"Denizcilik E\u011fitimine Yeni Bir Bak\u0131\u015f A\u00e7\u0131s\u0131","potentialAction":[{"@type":"SearchAction","target":{"@type":"EntryPoint","urlTemplate":"https:\/\/e-marineeducation.com\/tr\/?s={search_term_string}"},"query-input":{"@type":"PropertyValueSpecification","valueRequired":true,"valueName":"search_term_string"}}],"inLanguage":"tr"}]}},"_links":{"self":[{"href":"https:\/\/e-marineeducation.com\/tr\/wp-json\/wp\/v2\/pages\/13319","targetHints":{"allow":["GET"]}}],"collection":[{"href":"https:\/\/e-marineeducation.com\/tr\/wp-json\/wp\/v2\/pages"}],"about":[{"href":"https:\/\/e-marineeducation.com\/tr\/wp-json\/wp\/v2\/types\/page"}],"author":[{"embeddable":true,"href":"https:\/\/e-marineeducation.com\/tr\/wp-json\/wp\/v2\/users\/1"}],"replies":[{"embeddable":true,"href":"https:\/\/e-marineeducation.com\/tr\/wp-json\/wp\/v2\/comments?post=13319"}],"version-history":[{"count":0,"href":"https:\/\/e-marineeducation.com\/tr\/wp-json\/wp\/v2\/pages\/13319\/revisions"}],"wp:attachment":[{"href":"https:\/\/e-marineeducation.com\/tr\/wp-json\/wp\/v2\/media?parent=13319"}],"curies":[{"name":"wp","href":"https:\/\/api.w.org\/{rel}","templated":true}]}}