

{"id":12942,"date":"2013-12-01T14:36:43","date_gmt":"2013-12-01T12:36:43","guid":{"rendered":"https:\/\/e-marineeducation.com\/tr\/?page_id=12942"},"modified":"2014-03-15T12:34:23","modified_gmt":"2014-03-15T10:34:23","slug":"profil-isa-canberk-bozdag","status":"publish","type":"page","link":"https:\/\/e-marineeducation.com\/tr\/profil-isa-canberk-bozdag\/","title":{"rendered":"Ki\u015fisel Profil Sayfas\u0131"},"content":{"rendered":"<figure style=\"width: 159px\" class=\"wp-caption alignleft\"><img loading=\"lazy\" decoding=\"async\" class=\"       \" alt=\"\" src=\"https:\/\/e-marineeducation.com\/tr\/wp-content\/uploads\/\u0130sa-Canberk-Bozda\u011f.png\" width=\"159\" height=\"168\" \/><figcaption class=\"wp-caption-text\"><\/p>\n<p align=\"center\">\u0130sa Canberk Bozda\u011f<\/p>\n<p><a target=\"_blank\"><img decoding=\"async\" alt=\"\" src=\"https:\/\/e-marineeducation.com\/tr\/wp-content\/uploads\/Web-\u0130con.png\" \/><\/a>\u00a0<a target=\"_blank\"><img decoding=\"async\" alt=\"\" src=\"https:\/\/e-marineeducation.com\/tr\/wp-content\/uploads\/Facebook-\u0130con.png\" \/><\/a> <a target=\"_blank\"><img decoding=\"async\" alt=\"\" src=\"https:\/\/e-marineeducation.com\/tr\/wp-content\/uploads\/Twitter-\u0130con.png\" \/><\/a> <a target=\"_blank\"><img decoding=\"async\" alt=\"\" src=\"https:\/\/e-marineeducation.com\/tr\/wp-content\/uploads\/Linkedin-\u0130con.png\" \/><\/a><\/p><\/figcaption><\/figure>\n<p><strong><span style=\"text-decoration: underline;\">Ki\u015fisel Bilgiler<\/span><\/strong><\/p>\n<p><strong>Ad\u0131 Soyad\u0131:<\/strong> \u0130sa Canberk Bozda\u011f<\/p>\n<p><strong>Do\u011fum Tarihi:<\/strong>\u00a031 Ocak 1993<\/p>\n<p><strong>Mesle\u011fi:<\/strong>\u00a0\u00d6\u011frenci <em>(Dokuz Eyl\u00fcl \u00dcniversitesi &#8211; Deniz \u0130\u015fletmeleri Y\u00f6netimi)<\/em><\/p>\n<p><strong>\u00d6zge\u00e7mi\u015fi<\/strong>:\u00a0<span style=\"color: #3366cc;\"><a href=\"https:\/\/e-marineeducation.com\/tr\/?p=13335\" target=\"_blank\"><span style=\"color: #3366cc;\">https:\/\/e-marineeducation.com\/tr\/?p=13335<\/span><\/a><\/span><\/p>\n<p><strong>E-Posta Adresi:<\/strong>\u00a0&#8211; &#8211; &#8211;<\/p>\n<table style=\"height: 20px;\" border=\"0\">\n<tbody>\n<tr>\n<td><\/td>\n<\/tr>\n<\/tbody>\n<\/table>\n<p><span style=\"text-decoration: underline;\"><strong>e-MarineEducation.com Bilgileri<\/strong><\/span><\/p>\n<p><strong>\u00c7al\u0131\u015fma Durumu:<\/strong> <span style=\"color: #ff0000;\"><strong>Pasif<\/strong><\/span><\/p>\n<p><strong>\u00c7al\u0131\u015fma S\u00fcresi:<\/strong>\u00a001 Aral\u0131k 2013 &#8211; 07 Mart 2014<\/p>\n<p><strong>Mevcut G\u00f6revi: <\/strong>&#8211; &#8211; &#8211;<\/p>\n<p><strong>\u00d6nceki G\u00f6revleri:<\/strong>\u00a0Analiz Uzman\u0131,\u00a0Sosyal Medya Edit\u00f6r\u00fc<\/p>\n<table style=\"height: 50px;\" border=\"0\">\n<tbody>\n<tr>\n<td><\/td>\n<\/tr>\n<\/tbody>\n<\/table>\n<p><span style=\"text-decoration: underline;\"><strong>Kazand\u0131rd\u0131klar\u0131<\/strong><\/span><\/p>\n<p>&#8211; Otuz d\u00f6rt (34) adet sosyal payla\u015f\u0131m<\/p>\n<p>&#8211; Bir (1) adet performans analiz raporu<\/p>\n<table border=\"0\">\n<tbody>\n<tr>\n<td width=\"264\" height=\"67\"><\/td>\n<td valign=\"middle\" width=\"246\" height=\"67\">\n<p align=\"right\"><strong>Organizasyon<\/strong>\u00a0sayfas\u0131na,\u00a0<strong><a href=\"https:\/\/e-marineeducation.com\/tr\/organizasyon\/\">Geri D\u00f6n<\/a><\/strong><\/p>\n<\/td>\n<td width=\"80\" height=\"67\"><a href=\"https:\/\/e-marineeducation.com\/tr\/organizasyon\/\"><img loading=\"lazy\" decoding=\"async\" alt=\"\" src=\"https:\/\/e-marineeducation.com\/tr\/wp-content\/uploads\/geri-d\u00f6n.png\" width=\"74\" height=\"65\" align=\"right\" border=\"0\" \/><\/a><\/td>\n<\/tr>\n<\/tbody>\n<\/table>\n","protected":false},"excerpt":{"rendered":"<p>Ki\u015fisel Bilgiler Ad\u0131 Soyad\u0131: \u0130sa Canberk Bozda\u011f Do\u011fum Tarihi:\u00a031 Ocak 1993 Mesle\u011fi:\u00a0\u00d6\u011frenci (Dokuz Eyl\u00fcl \u00dcniversitesi &#8211; Deniz \u0130\u015fletmeleri Y\u00f6netimi) \u00d6zge\u00e7mi\u015fi:\u00a0https:\/\/e-marineeducation.com\/tr\/?p=13335 E-Posta Adresi:\u00a0&#8211; &#8211; &#8211; e-MarineEducation.com Bilgileri \u00c7al\u0131\u015fma Durumu: Pasif \u00c7al\u0131\u015fma S\u00fcresi:\u00a001 Aral\u0131k 2013 &#8211; 07 Mart 2014 Mevcut G\u00f6revi: &#8211; &#8211; &#8211; \u00d6nceki G\u00f6revleri:\u00a0Analiz Uzman\u0131,\u00a0Sosyal Medya Edit\u00f6r\u00fc Kazand\u0131rd\u0131klar\u0131 &#8211; Otuz d\u00f6rt (34) adet sosyal payla\u015f\u0131m &hellip;<\/p>\n","protected":false},"author":1,"featured_media":0,"parent":0,"menu_order":0,"comment_status":"open","ping_status":"open","template":"","meta":{"_acf_changed":false,"_bbp_topic_count":0,"_bbp_reply_count":0,"_bbp_total_topic_count":0,"_bbp_total_reply_count":0,"_bbp_voice_count":0,"_bbp_anonymous_reply_count":0,"_bbp_topic_count_hidden":0,"_bbp_reply_count_hidden":0,"_bbp_forum_subforum_count":0,"footnotes":""},"class_list":["post-12942","page","type-page","status-publish",""],"acf":[],"yoast_head":"<!-- This site is optimized with the Yoast SEO plugin v27.2 - https:\/\/yoast.com\/product\/yoast-seo-wordpress\/ -->\n<title>Ki\u015fisel Profil Sayfas\u0131: \u0130sa Canberk Bozda\u011f | E-Marine Education<\/title>\n<meta name=\"robots\" content=\"index, follow, max-snippet:-1, max-image-preview:large, max-video-preview:-1\" \/>\n<link rel=\"canonical\" href=\"https:\/\/e-marineeducation.com\/tr\/profil-isa-canberk-bozdag\/\" \/>\n<meta property=\"og:locale\" content=\"tr_TR\" \/>\n<meta property=\"og:type\" content=\"article\" \/>\n<meta property=\"og:title\" content=\"Ki\u015fisel Profil Sayfas\u0131: \u0130sa Canberk Bozda\u011f | E-Marine Education\" \/>\n<meta property=\"og:description\" content=\"Ki\u015fisel Bilgiler Ad\u0131 Soyad\u0131: \u0130sa Canberk Bozda\u011f Do\u011fum Tarihi:\u00a031 Ocak 1993 Mesle\u011fi:\u00a0\u00d6\u011frenci (Dokuz Eyl\u00fcl \u00dcniversitesi &#8211; Deniz \u0130\u015fletmeleri Y\u00f6netimi) \u00d6zge\u00e7mi\u015fi:\u00a0https:\/\/e-marineeducation.com\/tr\/?p=13335 E-Posta Adresi:\u00a0&#8211; &#8211; &#8211; e-MarineEducation.com Bilgileri \u00c7al\u0131\u015fma Durumu: Pasif \u00c7al\u0131\u015fma S\u00fcresi:\u00a001 Aral\u0131k 2013 &#8211; 07 Mart 2014 Mevcut G\u00f6revi: &#8211; &#8211; &#8211; \u00d6nceki G\u00f6revleri:\u00a0Analiz Uzman\u0131,\u00a0Sosyal Medya Edit\u00f6r\u00fc Kazand\u0131rd\u0131klar\u0131 &#8211; Otuz d\u00f6rt (34) adet sosyal payla\u015f\u0131m &hellip;\" \/>\n<meta property=\"og:url\" content=\"https:\/\/e-marineeducation.com\/tr\/profil-isa-canberk-bozdag\/\" \/>\n<meta property=\"og:site_name\" content=\"e-MarineEducation.com\" \/>\n<meta property=\"article:modified_time\" content=\"2014-03-15T10:34:23+00:00\" \/>\n<meta property=\"og:image\" content=\"https:\/\/e-marineeducation.com\/tr\/wp-content\/uploads\/\u0130sa-Canberk-Bozda\u011f.png\" \/>\n<meta name=\"twitter:card\" content=\"summary_large_image\" \/>\n<script type=\"application\/ld+json\" class=\"yoast-schema-graph\">{\"@context\":\"https:\/\/schema.org\",\"@graph\":[{\"@type\":\"WebPage\",\"@id\":\"https:\/\/e-marineeducation.com\/tr\/profil-isa-canberk-bozdag\/\",\"url\":\"https:\/\/e-marineeducation.com\/tr\/profil-isa-canberk-bozdag\/\",\"name\":\"Ki\u015fisel Profil Sayfas\u0131: \u0130sa Canberk Bozda\u011f | E-Marine Education\",\"isPartOf\":{\"@id\":\"https:\/\/e-marineeducation.com\/tr\/#website\"},\"datePublished\":\"2013-12-01T12:36:43+00:00\",\"dateModified\":\"2014-03-15T10:34:23+00:00\",\"breadcrumb\":{\"@id\":\"https:\/\/e-marineeducation.com\/tr\/profil-isa-canberk-bozdag\/#breadcrumb\"},\"inLanguage\":\"tr\",\"potentialAction\":[{\"@type\":\"ReadAction\",\"target\":[\"https:\/\/e-marineeducation.com\/tr\/profil-isa-canberk-bozdag\/\"]}]},{\"@type\":\"BreadcrumbList\",\"@id\":\"https:\/\/e-marineeducation.com\/tr\/profil-isa-canberk-bozdag\/#breadcrumb\",\"itemListElement\":[{\"@type\":\"ListItem\",\"position\":1,\"name\":\"Ana sayfa\",\"item\":\"https:\/\/e-marineeducation.com\/tr\/\"},{\"@type\":\"ListItem\",\"position\":2,\"name\":\"Ki\u015fisel Profil Sayfas\u0131\"}]},{\"@type\":\"WebSite\",\"@id\":\"https:\/\/e-marineeducation.com\/tr\/#website\",\"url\":\"https:\/\/e-marineeducation.com\/tr\/\",\"name\":\"e-MarineEducation.com\",\"description\":\"Denizcilik E\u011fitimine Yeni Bir Bak\u0131\u015f A\u00e7\u0131s\u0131\",\"potentialAction\":[{\"@type\":\"SearchAction\",\"target\":{\"@type\":\"EntryPoint\",\"urlTemplate\":\"https:\/\/e-marineeducation.com\/tr\/?s={search_term_string}\"},\"query-input\":{\"@type\":\"PropertyValueSpecification\",\"valueRequired\":true,\"valueName\":\"search_term_string\"}}],\"inLanguage\":\"tr\"}]}<\/script>\n<!-- \/ Yoast SEO plugin. -->","yoast_head_json":{"title":"Ki\u015fisel Profil Sayfas\u0131: \u0130sa Canberk Bozda\u011f | E-Marine Education","robots":{"index":"index","follow":"follow","max-snippet":"max-snippet:-1","max-image-preview":"max-image-preview:large","max-video-preview":"max-video-preview:-1"},"canonical":"https:\/\/e-marineeducation.com\/tr\/profil-isa-canberk-bozdag\/","og_locale":"tr_TR","og_type":"article","og_title":"Ki\u015fisel Profil Sayfas\u0131: \u0130sa Canberk Bozda\u011f | E-Marine Education","og_description":"Ki\u015fisel Bilgiler Ad\u0131 Soyad\u0131: \u0130sa Canberk Bozda\u011f Do\u011fum Tarihi:\u00a031 Ocak 1993 Mesle\u011fi:\u00a0\u00d6\u011frenci (Dokuz Eyl\u00fcl \u00dcniversitesi &#8211; Deniz \u0130\u015fletmeleri Y\u00f6netimi) \u00d6zge\u00e7mi\u015fi:\u00a0https:\/\/e-marineeducation.com\/tr\/?p=13335 E-Posta Adresi:\u00a0&#8211; &#8211; &#8211; e-MarineEducation.com Bilgileri \u00c7al\u0131\u015fma Durumu: Pasif \u00c7al\u0131\u015fma S\u00fcresi:\u00a001 Aral\u0131k 2013 &#8211; 07 Mart 2014 Mevcut G\u00f6revi: &#8211; &#8211; &#8211; \u00d6nceki G\u00f6revleri:\u00a0Analiz Uzman\u0131,\u00a0Sosyal Medya Edit\u00f6r\u00fc Kazand\u0131rd\u0131klar\u0131 &#8211; Otuz d\u00f6rt (34) adet sosyal payla\u015f\u0131m &hellip;","og_url":"https:\/\/e-marineeducation.com\/tr\/profil-isa-canberk-bozdag\/","og_site_name":"e-MarineEducation.com","article_modified_time":"2014-03-15T10:34:23+00:00","og_image":[{"url":"https:\/\/e-marineeducation.com\/tr\/wp-content\/uploads\/\u0130sa-Canberk-Bozda\u011f.png","type":"","width":"","height":""}],"twitter_card":"summary_large_image","schema":{"@context":"https:\/\/schema.org","@graph":[{"@type":"WebPage","@id":"https:\/\/e-marineeducation.com\/tr\/profil-isa-canberk-bozdag\/","url":"https:\/\/e-marineeducation.com\/tr\/profil-isa-canberk-bozdag\/","name":"Ki\u015fisel Profil Sayfas\u0131: \u0130sa Canberk Bozda\u011f | E-Marine Education","isPartOf":{"@id":"https:\/\/e-marineeducation.com\/tr\/#website"},"datePublished":"2013-12-01T12:36:43+00:00","dateModified":"2014-03-15T10:34:23+00:00","breadcrumb":{"@id":"https:\/\/e-marineeducation.com\/tr\/profil-isa-canberk-bozdag\/#breadcrumb"},"inLanguage":"tr","potentialAction":[{"@type":"ReadAction","target":["https:\/\/e-marineeducation.com\/tr\/profil-isa-canberk-bozdag\/"]}]},{"@type":"BreadcrumbList","@id":"https:\/\/e-marineeducation.com\/tr\/profil-isa-canberk-bozdag\/#breadcrumb","itemListElement":[{"@type":"ListItem","position":1,"name":"Ana sayfa","item":"https:\/\/e-marineeducation.com\/tr\/"},{"@type":"ListItem","position":2,"name":"Ki\u015fisel Profil Sayfas\u0131"}]},{"@type":"WebSite","@id":"https:\/\/e-marineeducation.com\/tr\/#website","url":"https:\/\/e-marineeducation.com\/tr\/","name":"e-MarineEducation.com","description":"Denizcilik E\u011fitimine Yeni Bir Bak\u0131\u015f A\u00e7\u0131s\u0131","potentialAction":[{"@type":"SearchAction","target":{"@type":"EntryPoint","urlTemplate":"https:\/\/e-marineeducation.com\/tr\/?s={search_term_string}"},"query-input":{"@type":"PropertyValueSpecification","valueRequired":true,"valueName":"search_term_string"}}],"inLanguage":"tr"}]}},"_links":{"self":[{"href":"https:\/\/e-marineeducation.com\/tr\/wp-json\/wp\/v2\/pages\/12942","targetHints":{"allow":["GET"]}}],"collection":[{"href":"https:\/\/e-marineeducation.com\/tr\/wp-json\/wp\/v2\/pages"}],"about":[{"href":"https:\/\/e-marineeducation.com\/tr\/wp-json\/wp\/v2\/types\/page"}],"author":[{"embeddable":true,"href":"https:\/\/e-marineeducation.com\/tr\/wp-json\/wp\/v2\/users\/1"}],"replies":[{"embeddable":true,"href":"https:\/\/e-marineeducation.com\/tr\/wp-json\/wp\/v2\/comments?post=12942"}],"version-history":[{"count":0,"href":"https:\/\/e-marineeducation.com\/tr\/wp-json\/wp\/v2\/pages\/12942\/revisions"}],"wp:attachment":[{"href":"https:\/\/e-marineeducation.com\/tr\/wp-json\/wp\/v2\/media?parent=12942"}],"curies":[{"name":"wp","href":"https:\/\/api.w.org\/{rel}","templated":true}]}}