

{"id":12179,"date":"2013-11-04T01:22:00","date_gmt":"2013-11-03T22:22:00","guid":{"rendered":"https:\/\/e-marineeducation.com\/tr\/?page_id=12179"},"modified":"2017-03-19T14:23:18","modified_gmt":"2017-03-19T11:23:18","slug":"profil-ata-alban-akgun","status":"publish","type":"page","link":"https:\/\/e-marineeducation.com\/tr\/profil-ata-alban-akgun\/","title":{"rendered":"Ki\u015fisel Profil Sayfas\u0131"},"content":{"rendered":"<figure style=\"width: 159px\" class=\"wp-caption alignleft\"><img loading=\"lazy\" decoding=\"async\" src=\"https:\/\/e-marineeducation.com\/tr\/wp-content\/uploads\/Ata-Alban-Akg\u00fcn.png\" width=\"159\" height=\"168\" \/><figcaption class=\"wp-caption-text\"><\/p>\n<p align=\"center\">Ata Alban Akg\u00fcn<br \/> <a target=\"_blank\"><img decoding=\"async\" src=\"https:\/\/e-marineeducation.com\/tr\/wp-content\/uploads\/Web-\u0130con.png\" alt=\"\" \/><\/a>\u00a0<a href=\"https:\/\/www.facebook.com\/ataalban.akgun\" target=\"_blank\"><img decoding=\"async\" src=\"https:\/\/e-marineeducation.com\/tr\/wp-content\/uploads\/Facebook-\u0130con.png\" alt=\"\" \/><\/a> <a href=\"https:\/\/twitter.com\/AkgunAlban\" target=\"_blank\"><img decoding=\"async\" src=\"https:\/\/e-marineeducation.com\/tr\/wp-content\/uploads\/Twitter-\u0130con.png\" alt=\"\" \/><\/a> <a href=\"https:\/\/www.linkedin.com\/pub\/ata-alban-akgun\/a7\/703\/14\" target=\"_blank\"><img decoding=\"async\" src=\"https:\/\/e-marineeducation.com\/tr\/wp-content\/uploads\/Linkedin-\u0130con.png\" alt=\"\" \/> \u00a0<\/a><\/p><\/figcaption><\/figure>\n<p><strong><span style=\"text-decoration: underline\">Ki\u015fisel Bilgiler<br \/>\n<\/span><\/strong><strong>Ad\u0131 Soyad\u0131:<\/strong> Ata Alban Akg\u00fcn<br \/>\n<strong>Do\u011fum Tarihi:<\/strong>\u00a002 Eyl\u00fcl 1995<br \/>\n<strong>Mesle\u011fi:<\/strong>\u00a0\u00d6\u011frenci (<em>Piri Reis \u00dcni. &#8211; Deniz Ula\u015ft\u0131rma \u0130\u015fletme M\u00fchendisli\u011fi<\/em>)<br \/>\n<strong>\u00d6zge\u00e7mi\u015fi<\/strong>:\u00a0<span style=\"color: #3366ff\"><a style=\"color: #3366ff\" href=\"https:\/\/e-marineeducation.com\/tr\/?p=12535\" target=\"_blank\"><span style=\"color: #3498db\">https:\/\/e-marineeducation.com\/tr\/?p=12535<\/span><br \/>\n<\/a><\/span><strong>E-Posta Adresi:<\/strong>\u00a0<span style=\"color: #3498db\"><a style=\"color: #3498db\" href=\"mailto:ataalbanakgun@e-MarineEducation.com\">ataalbanakgun@e-MarineEducation.com<\/a><\/span><\/p>\n<p><span style=\"text-decoration: underline\"><strong>e-MarineEducation.com Bilgileri<br \/>\n<\/strong><\/span><strong>\u00c7al\u0131\u015fma Durumu:<\/strong> <span style=\"color: #339966\"><strong>Aktif<br \/>\n<\/strong><\/span><strong>Kat\u0131l\u0131m Tarihi:<\/strong>\u00a004 Kas\u0131m 2013<br \/>\n<strong>Mevcut G\u00f6revi:<\/strong>\u00a0B\u00f6l\u00fcm Koordinat\u00f6r\u00fc<br \/>\n<strong>\u00d6nceki G\u00f6revleri:<\/strong>\u00a0\u00d6\u011frenci Temsilcisi, Medya Takip Edit\u00f6r\u00fc<\/p>\n<p><span style=\"text-decoration: underline\"><strong>Kazand\u0131rd\u0131klar\u0131<br \/>\n<\/strong><\/span>&#8211; Taraf\u0131ndan haz\u0131rlanan yay\u0131nlar\u0131 &#8211; <span style=\"text-decoration: underline;color: #3366ff\"><strong><a style=\"color: #3366ff;text-decoration: underline\" href=\"https:\/\/e-marineeducation.com\/tr\/tag\/ata-alban-akgun-hazirlamalari\/\" target=\"_blank\"><span style=\"color: #3498db;text-decoration: underline\">inceleyiniz<\/span><br \/>\n<\/a><\/strong><\/span>&#8211; Taraf\u0131ndan haz\u0131rlanan haberleri\u00a0&#8211; <span style=\"text-decoration: underline;color: #3366ff\"><strong><a style=\"color: #3366ff;text-decoration: underline\" href=\"https:\/\/e-marineeducation.com\/tr\/tag\/ata-alban-akgun-haberleri\/\" target=\"_blank\"><span style=\"color: #3498db;text-decoration: underline\">inceleyiniz<\/span><br \/>\n<\/a><\/strong><\/span>&#8211; Taraf\u0131ndan haz\u0131rlanan makaleleri\u00a0&#8211; <span style=\"text-decoration: underline;color: #3498db\"><strong><span style=\"text-decoration: underline\"><a style=\"color: #3498db;text-decoration: underline\" href=\"https:\/\/e-marineeducation.com\/tr\/tag\/ata-alban-akgun-yazilari\/\" target=\"_blank\">inceleyiniz<\/a><\/span><\/strong><\/span><span style=\"text-decoration: underline;color: #3366ff\"><strong><span style=\"text-decoration: underline\"><br \/>\n<\/span><\/strong><\/span><\/p>\n<p style=\"text-align: right\"><strong>Organizasyon<\/strong>\u00a0sayfas\u0131na,\u00a0<strong><span style=\"text-decoration: underline;color: #3498db\"><a style=\"color: #3498db;text-decoration: underline\" href=\"https:\/\/e-marineeducation.com\/tr\/organizasyon\/\">Geri D\u00f6n<\/a><\/span>\u00a0<a href=\"https:\/\/e-marineeducation.com\/tr\/organizasyon\/\"><img loading=\"lazy\" decoding=\"async\" src=\"https:\/\/e-marineeducation.com\/tr\/wp-content\/uploads\/geri-d\u00f6n.png\" alt=\"\" width=\"74\" height=\"65\" align=\"right\" border=\"0\" \/><\/a><\/strong><\/p>\n","protected":false},"excerpt":{"rendered":"<p>Ki\u015fisel Bilgiler Ad\u0131 Soyad\u0131: Ata Alban Akg\u00fcn Do\u011fum Tarihi:\u00a002 Eyl\u00fcl 1995 Mesle\u011fi:\u00a0\u00d6\u011frenci (Piri Reis \u00dcni. &#8211; Deniz Ula\u015ft\u0131rma \u0130\u015fletme M\u00fchendisli\u011fi) \u00d6zge\u00e7mi\u015fi:\u00a0https:\/\/e-marineeducation.com\/tr\/?p=12535 E-Posta Adresi:\u00a0ataalbanakgun@e-MarineEducation.com e-MarineEducation.com Bilgileri \u00c7al\u0131\u015fma Durumu: Aktif Kat\u0131l\u0131m Tarihi:\u00a004 Kas\u0131m 2013 Mevcut G\u00f6revi:\u00a0B\u00f6l\u00fcm Koordinat\u00f6r\u00fc \u00d6nceki G\u00f6revleri:\u00a0\u00d6\u011frenci Temsilcisi, Medya Takip Edit\u00f6r\u00fc Kazand\u0131rd\u0131klar\u0131 &#8211; Taraf\u0131ndan haz\u0131rlanan yay\u0131nlar\u0131 &#8211; inceleyiniz &#8211; Taraf\u0131ndan haz\u0131rlanan haberleri\u00a0&#8211; inceleyiniz &#8211; Taraf\u0131ndan &hellip;<\/p>\n","protected":false},"author":1,"featured_media":26786,"parent":0,"menu_order":0,"comment_status":"closed","ping_status":"closed","template":"","meta":{"_acf_changed":false,"_bbp_topic_count":0,"_bbp_reply_count":0,"_bbp_total_topic_count":0,"_bbp_total_reply_count":0,"_bbp_voice_count":0,"_bbp_anonymous_reply_count":0,"_bbp_topic_count_hidden":0,"_bbp_reply_count_hidden":0,"_bbp_forum_subforum_count":0,"footnotes":""},"class_list":["post-12179","page","type-page","status-publish","has-post-thumbnail",""],"acf":[],"yoast_head":"<!-- This site is optimized with the Yoast SEO plugin v27.2 - https:\/\/yoast.com\/product\/yoast-seo-wordpress\/ -->\n<title>Ki\u015fisel Profil Sayfas\u0131: Ata Alban Akg\u00fcn | E-Marine Education<\/title>\n<meta name=\"description\" content=\"Ata Alban Akg\u00fcn&#039;\u00fcn ki\u015fisel profil sayfas\u0131d\u0131r.\" \/>\n<meta name=\"robots\" content=\"index, follow, max-snippet:-1, max-image-preview:large, max-video-preview:-1\" \/>\n<link rel=\"canonical\" href=\"https:\/\/e-marineeducation.com\/tr\/profil-ata-alban-akgun\/\" \/>\n<meta property=\"og:locale\" content=\"tr_TR\" \/>\n<meta property=\"og:type\" content=\"article\" \/>\n<meta property=\"og:title\" content=\"Ki\u015fisel Profil Sayfas\u0131: Ata Alban Akg\u00fcn | E-Marine Education\" \/>\n<meta property=\"og:description\" content=\"Ata Alban Akg\u00fcn&#039;\u00fcn ki\u015fisel profil sayfas\u0131d\u0131r.\" \/>\n<meta property=\"og:url\" content=\"https:\/\/e-marineeducation.com\/tr\/profil-ata-alban-akgun\/\" \/>\n<meta property=\"og:site_name\" content=\"e-MarineEducation.com\" \/>\n<meta property=\"article:modified_time\" content=\"2017-03-19T11:23:18+00:00\" \/>\n<meta property=\"og:image\" content=\"https:\/\/e-marineeducation.com\/tr\/wp-content\/uploads\/Ata-Alban-Akg\u00fcn-Simge.jpg\" \/>\n\t<meta property=\"og:image:width\" content=\"200\" \/>\n\t<meta property=\"og:image:height\" content=\"165\" \/>\n\t<meta property=\"og:image:type\" content=\"image\/jpeg\" \/>\n<meta name=\"twitter:card\" content=\"summary_large_image\" \/>\n<meta name=\"twitter:label1\" content=\"Tahmini okuma s\u00fcresi\" \/>\n\t<meta name=\"twitter:data1\" content=\"1 dakika\" \/>\n<script type=\"application\/ld+json\" class=\"yoast-schema-graph\">{\"@context\":\"https:\/\/schema.org\",\"@graph\":[{\"@type\":\"WebPage\",\"@id\":\"https:\/\/e-marineeducation.com\/tr\/profil-ata-alban-akgun\/\",\"url\":\"https:\/\/e-marineeducation.com\/tr\/profil-ata-alban-akgun\/\",\"name\":\"Ki\u015fisel Profil Sayfas\u0131: Ata Alban Akg\u00fcn | E-Marine Education\",\"isPartOf\":{\"@id\":\"https:\/\/e-marineeducation.com\/tr\/#website\"},\"primaryImageOfPage\":{\"@id\":\"https:\/\/e-marineeducation.com\/tr\/profil-ata-alban-akgun\/#primaryimage\"},\"image\":{\"@id\":\"https:\/\/e-marineeducation.com\/tr\/profil-ata-alban-akgun\/#primaryimage\"},\"thumbnailUrl\":\"https:\/\/e-marineeducation.com\/tr\/wp-content\/uploads\/Ata-Alban-Akg\u00fcn-Simge.jpg\",\"datePublished\":\"2013-11-03T22:22:00+00:00\",\"dateModified\":\"2017-03-19T11:23:18+00:00\",\"description\":\"Ata Alban Akg\u00fcn'\u00fcn ki\u015fisel profil sayfas\u0131d\u0131r.\",\"breadcrumb\":{\"@id\":\"https:\/\/e-marineeducation.com\/tr\/profil-ata-alban-akgun\/#breadcrumb\"},\"inLanguage\":\"tr\",\"potentialAction\":[{\"@type\":\"ReadAction\",\"target\":[\"https:\/\/e-marineeducation.com\/tr\/profil-ata-alban-akgun\/\"]}]},{\"@type\":\"ImageObject\",\"inLanguage\":\"tr\",\"@id\":\"https:\/\/e-marineeducation.com\/tr\/profil-ata-alban-akgun\/#primaryimage\",\"url\":\"https:\/\/e-marineeducation.com\/tr\/wp-content\/uploads\/Ata-Alban-Akg\u00fcn-Simge.jpg\",\"contentUrl\":\"https:\/\/e-marineeducation.com\/tr\/wp-content\/uploads\/Ata-Alban-Akg\u00fcn-Simge.jpg\",\"width\":200,\"height\":165},{\"@type\":\"BreadcrumbList\",\"@id\":\"https:\/\/e-marineeducation.com\/tr\/profil-ata-alban-akgun\/#breadcrumb\",\"itemListElement\":[{\"@type\":\"ListItem\",\"position\":1,\"name\":\"Ana sayfa\",\"item\":\"https:\/\/e-marineeducation.com\/tr\/\"},{\"@type\":\"ListItem\",\"position\":2,\"name\":\"Ki\u015fisel Profil Sayfas\u0131\"}]},{\"@type\":\"WebSite\",\"@id\":\"https:\/\/e-marineeducation.com\/tr\/#website\",\"url\":\"https:\/\/e-marineeducation.com\/tr\/\",\"name\":\"e-MarineEducation.com\",\"description\":\"Denizcilik E\u011fitimine Yeni Bir Bak\u0131\u015f A\u00e7\u0131s\u0131\",\"potentialAction\":[{\"@type\":\"SearchAction\",\"target\":{\"@type\":\"EntryPoint\",\"urlTemplate\":\"https:\/\/e-marineeducation.com\/tr\/?s={search_term_string}\"},\"query-input\":{\"@type\":\"PropertyValueSpecification\",\"valueRequired\":true,\"valueName\":\"search_term_string\"}}],\"inLanguage\":\"tr\"}]}<\/script>\n<!-- \/ Yoast SEO plugin. -->","yoast_head_json":{"title":"Ki\u015fisel Profil Sayfas\u0131: Ata Alban Akg\u00fcn | E-Marine Education","description":"Ata Alban Akg\u00fcn'\u00fcn ki\u015fisel profil sayfas\u0131d\u0131r.","robots":{"index":"index","follow":"follow","max-snippet":"max-snippet:-1","max-image-preview":"max-image-preview:large","max-video-preview":"max-video-preview:-1"},"canonical":"https:\/\/e-marineeducation.com\/tr\/profil-ata-alban-akgun\/","og_locale":"tr_TR","og_type":"article","og_title":"Ki\u015fisel Profil Sayfas\u0131: Ata Alban Akg\u00fcn | E-Marine Education","og_description":"Ata Alban Akg\u00fcn'\u00fcn ki\u015fisel profil sayfas\u0131d\u0131r.","og_url":"https:\/\/e-marineeducation.com\/tr\/profil-ata-alban-akgun\/","og_site_name":"e-MarineEducation.com","article_modified_time":"2017-03-19T11:23:18+00:00","og_image":[{"width":200,"height":165,"url":"https:\/\/e-marineeducation.com\/tr\/wp-content\/uploads\/Ata-Alban-Akg\u00fcn-Simge.jpg","type":"image\/jpeg"}],"twitter_card":"summary_large_image","twitter_misc":{"Tahmini okuma s\u00fcresi":"1 dakika"},"schema":{"@context":"https:\/\/schema.org","@graph":[{"@type":"WebPage","@id":"https:\/\/e-marineeducation.com\/tr\/profil-ata-alban-akgun\/","url":"https:\/\/e-marineeducation.com\/tr\/profil-ata-alban-akgun\/","name":"Ki\u015fisel Profil Sayfas\u0131: Ata Alban Akg\u00fcn | E-Marine Education","isPartOf":{"@id":"https:\/\/e-marineeducation.com\/tr\/#website"},"primaryImageOfPage":{"@id":"https:\/\/e-marineeducation.com\/tr\/profil-ata-alban-akgun\/#primaryimage"},"image":{"@id":"https:\/\/e-marineeducation.com\/tr\/profil-ata-alban-akgun\/#primaryimage"},"thumbnailUrl":"https:\/\/e-marineeducation.com\/tr\/wp-content\/uploads\/Ata-Alban-Akg\u00fcn-Simge.jpg","datePublished":"2013-11-03T22:22:00+00:00","dateModified":"2017-03-19T11:23:18+00:00","description":"Ata Alban Akg\u00fcn'\u00fcn ki\u015fisel profil sayfas\u0131d\u0131r.","breadcrumb":{"@id":"https:\/\/e-marineeducation.com\/tr\/profil-ata-alban-akgun\/#breadcrumb"},"inLanguage":"tr","potentialAction":[{"@type":"ReadAction","target":["https:\/\/e-marineeducation.com\/tr\/profil-ata-alban-akgun\/"]}]},{"@type":"ImageObject","inLanguage":"tr","@id":"https:\/\/e-marineeducation.com\/tr\/profil-ata-alban-akgun\/#primaryimage","url":"https:\/\/e-marineeducation.com\/tr\/wp-content\/uploads\/Ata-Alban-Akg\u00fcn-Simge.jpg","contentUrl":"https:\/\/e-marineeducation.com\/tr\/wp-content\/uploads\/Ata-Alban-Akg\u00fcn-Simge.jpg","width":200,"height":165},{"@type":"BreadcrumbList","@id":"https:\/\/e-marineeducation.com\/tr\/profil-ata-alban-akgun\/#breadcrumb","itemListElement":[{"@type":"ListItem","position":1,"name":"Ana sayfa","item":"https:\/\/e-marineeducation.com\/tr\/"},{"@type":"ListItem","position":2,"name":"Ki\u015fisel Profil Sayfas\u0131"}]},{"@type":"WebSite","@id":"https:\/\/e-marineeducation.com\/tr\/#website","url":"https:\/\/e-marineeducation.com\/tr\/","name":"e-MarineEducation.com","description":"Denizcilik E\u011fitimine Yeni Bir Bak\u0131\u015f A\u00e7\u0131s\u0131","potentialAction":[{"@type":"SearchAction","target":{"@type":"EntryPoint","urlTemplate":"https:\/\/e-marineeducation.com\/tr\/?s={search_term_string}"},"query-input":{"@type":"PropertyValueSpecification","valueRequired":true,"valueName":"search_term_string"}}],"inLanguage":"tr"}]}},"_links":{"self":[{"href":"https:\/\/e-marineeducation.com\/tr\/wp-json\/wp\/v2\/pages\/12179","targetHints":{"allow":["GET"]}}],"collection":[{"href":"https:\/\/e-marineeducation.com\/tr\/wp-json\/wp\/v2\/pages"}],"about":[{"href":"https:\/\/e-marineeducation.com\/tr\/wp-json\/wp\/v2\/types\/page"}],"author":[{"embeddable":true,"href":"https:\/\/e-marineeducation.com\/tr\/wp-json\/wp\/v2\/users\/1"}],"replies":[{"embeddable":true,"href":"https:\/\/e-marineeducation.com\/tr\/wp-json\/wp\/v2\/comments?post=12179"}],"version-history":[{"count":0,"href":"https:\/\/e-marineeducation.com\/tr\/wp-json\/wp\/v2\/pages\/12179\/revisions"}],"wp:featuredmedia":[{"embeddable":true,"href":"https:\/\/e-marineeducation.com\/tr\/wp-json\/wp\/v2\/media\/26786"}],"wp:attachment":[{"href":"https:\/\/e-marineeducation.com\/tr\/wp-json\/wp\/v2\/media?parent=12179"}],"curies":[{"name":"wp","href":"https:\/\/api.w.org\/{rel}","templated":true}]}}