

{"id":10879,"date":"2013-07-13T12:06:36","date_gmt":"2013-07-13T10:06:36","guid":{"rendered":"https:\/\/e-marineeducation.com\/tr\/?page_id=10879"},"modified":"2015-03-01T22:27:12","modified_gmt":"2015-03-01T20:27:12","slug":"profil-ali-ihsan-fenerci","status":"publish","type":"page","link":"https:\/\/e-marineeducation.com\/tr\/profil-ali-ihsan-fenerci\/","title":{"rendered":"Ki\u015fisel Profil Sayfas\u0131"},"content":{"rendered":"<figure style=\"width: 159px\" class=\"wp-caption alignleft\"><img loading=\"lazy\" decoding=\"async\" class=\"         \" src=\"https:\/\/e-marineeducation.com\/tr\/wp-content\/uploads\/Ali-\u0130hsan-Fenerci.png\" alt=\"\" width=\"159\" height=\"168\" \/><figcaption class=\"wp-caption-text\"><\/p>\n<p align=\"center\">Ali \u0130hsan Fenerci<\/p>\n<p><a target=\"_blank\"><img decoding=\"async\" src=\"https:\/\/e-marineeducation.com\/tr\/wp-content\/uploads\/Web-\u0130con.png\" alt=\"\" \/><\/a>\u00a0<a href=\"https:\/\/www.facebook.com\/alihsanfenerci\" target=\"_blank\"><img decoding=\"async\" src=\"https:\/\/e-marineeducation.com\/tr\/wp-content\/uploads\/Facebook-\u0130con.png\" alt=\"\" \/><\/a> <a href=\"https:\/\/twitter.com\/alihsanfenerci\" target=\"_blank\"><img decoding=\"async\" src=\"https:\/\/e-marineeducation.com\/tr\/wp-content\/uploads\/Twitter-\u0130con.png\" alt=\"\" \/><\/a> <a target=\"_blank\"><img decoding=\"async\" src=\"https:\/\/e-marineeducation.com\/tr\/wp-content\/uploads\/Linkedin-\u0130con.png\" alt=\"\" \/>\u00a0<\/a><\/p><\/figcaption><\/figure>\n<p><strong><span style=\"text-decoration: underline\">Ki\u015fisel Bilgiler<\/span><\/strong><\/p>\n<p><strong>Ad\u0131 Soyad\u0131:<\/strong>\u00a0Ali \u0130hsan Fenerci<\/p>\n<p><strong>Do\u011fum Tarihi:<\/strong>\u00a010 May\u0131s 1993<\/p>\n<p><strong>Mesle\u011fi:<\/strong>\u00a0\u00d6\u011frenci <em>(Uluda\u011f \u00dcniversitesi &#8211; Deniz ve Liman \u0130\u015fletmecili\u011fi)<\/em><\/p>\n<p><strong>\u00d6zge\u00e7mi\u015fi<\/strong>:\u00a0<span style=\"color: #3366cc\"><a href=\"https:\/\/e-marineeducation.com\/tr\/?p=12388\" target=\"_blank\"><span style=\"color: #3366cc\">https:\/\/e-marineeducation.com\/tr\/?p=12388<\/span><\/a><\/span><\/p>\n<p><strong>E-Posta Adresi:<\/strong>\u00a0\u2013\u2013\u2013<\/p>\n<table style=\"height: 20px\" border=\"0\">\n<tbody>\n<tr>\n<td><\/td>\n<\/tr>\n<\/tbody>\n<\/table>\n<p><span style=\"text-decoration: underline\"><strong>e-MarineEducation.com Bilgileri<\/strong><\/span><\/p>\n<p><strong>\u00c7al\u0131\u015fma Durumu:<\/strong>\u00a0<strong><span style=\"color: #ff0000\">Pasif<\/span><\/strong><\/p>\n<p><strong>G\u00f6rev S\u00fcresi:<\/strong>\u00a009 Haziran 2013 &#8211; 19 Kas\u0131m 2014<\/p>\n<p><strong>Mevcut G\u00f6revi:<\/strong>\u00a0 \u2013\u00a0\u2013\u00a0\u2013<\/p>\n<p><strong>\u00d6nceki G\u00f6revleri:<\/strong>\u00a0\u00d6\u011frenci Temsilcisi,\u00a0Analiz Uzman\u0131<\/p>\n<table style=\"height: 50px\" border=\"0\">\n<tbody>\n<tr>\n<td><\/td>\n<\/tr>\n<\/tbody>\n<\/table>\n<p><span style=\"text-decoration: underline\"><strong>Kazand\u0131rd\u0131klar\u0131<\/strong><\/span><\/p>\n<p>&#8211; Dokuz (9) adet haber yaz\u0131m\u0131 &#8211; <span style=\"text-decoration: underline;color: #3366cc\"><strong><a href=\"https:\/\/e-marineeducation.com\/tr\/tag\/ali-ihsan-fenerci-haberleri\/\" target=\"_blank\"><span style=\"color: #3366cc;text-decoration: underline\">incele<\/span><\/a><\/strong><\/span><\/p>\n<p>&#8211; Bir (1) adet makale yaz\u0131m\u0131 &#8211;\u00a0<span style=\"text-decoration: underline\"><span style=\"color: #3366cc\"><strong><a href=\"https:\/\/e-marineeducation.com\/tr\/tag\/ali-ihsan-fenerci-yazilari\/\" target=\"_blank\"><span style=\"color: #3366cc;text-decoration: underline\">incele<\/span><\/a><\/strong><\/span><\/span><\/p>\n<p>&#8211; Alt\u0131\u00a0(6) adet analizin haz\u0131rlanmas\u0131<\/p>\n<table border=\"0\">\n<tbody>\n<tr>\n<td width=\"264\" height=\"67\"><\/td>\n<td valign=\"middle\" width=\"246\" height=\"67\">\n<p align=\"right\"><strong>Organizasyon<\/strong>\u00a0sayfas\u0131na,\u00a0<strong><a href=\"https:\/\/e-marineeducation.com\/tr\/organizasyon\/\">Geri D\u00f6n<\/a><\/strong><\/p>\n<\/td>\n<td width=\"80\" height=\"67\"><a href=\"https:\/\/e-marineeducation.com\/tr\/organizasyon\/\"><img loading=\"lazy\" decoding=\"async\" src=\"https:\/\/e-marineeducation.com\/tr\/wp-content\/uploads\/geri-d\u00f6n.png\" alt=\"\" width=\"74\" height=\"65\" align=\"right\" border=\"0\" \/><\/a><\/td>\n<\/tr>\n<\/tbody>\n<\/table>\n","protected":false},"excerpt":{"rendered":"<p>Ki\u015fisel Bilgiler Ad\u0131 Soyad\u0131:\u00a0Ali \u0130hsan Fenerci Do\u011fum Tarihi:\u00a010 May\u0131s 1993 Mesle\u011fi:\u00a0\u00d6\u011frenci (Uluda\u011f \u00dcniversitesi &#8211; Deniz ve Liman \u0130\u015fletmecili\u011fi) \u00d6zge\u00e7mi\u015fi:\u00a0https:\/\/e-marineeducation.com\/tr\/?p=12388 E-Posta Adresi:\u00a0\u2013\u2013\u2013 e-MarineEducation.com Bilgileri \u00c7al\u0131\u015fma Durumu:\u00a0Pasif G\u00f6rev S\u00fcresi:\u00a009 Haziran 2013 &#8211; 19 Kas\u0131m 2014 Mevcut G\u00f6revi:\u00a0 \u2013\u00a0\u2013\u00a0\u2013 \u00d6nceki G\u00f6revleri:\u00a0\u00d6\u011frenci Temsilcisi,\u00a0Analiz Uzman\u0131 Kazand\u0131rd\u0131klar\u0131 &#8211; Dokuz (9) adet haber yaz\u0131m\u0131 &#8211; incele &#8211; Bir (1) adet makale yaz\u0131m\u0131 &hellip;<\/p>\n","protected":false},"author":1,"featured_media":0,"parent":0,"menu_order":0,"comment_status":"open","ping_status":"open","template":"","meta":{"_acf_changed":false,"_bbp_topic_count":0,"_bbp_reply_count":0,"_bbp_total_topic_count":0,"_bbp_total_reply_count":0,"_bbp_voice_count":0,"_bbp_anonymous_reply_count":0,"_bbp_topic_count_hidden":0,"_bbp_reply_count_hidden":0,"_bbp_forum_subforum_count":0,"footnotes":""},"class_list":["post-10879","page","type-page","status-publish",""],"acf":[],"yoast_head":"<!-- This site is optimized with the Yoast SEO plugin v27.2 - https:\/\/yoast.com\/product\/yoast-seo-wordpress\/ -->\n<title>Ki\u015fisel Profil Sayfas\u0131: Ali \u0130hsan Fenerci | E-Marine Education<\/title>\n<meta name=\"description\" content=\"Ali \u0130hsan Fenerci&#039;ye ait ki\u015fisel profil sayfas\u0131d\u0131r.\" \/>\n<meta name=\"robots\" content=\"index, follow, max-snippet:-1, max-image-preview:large, max-video-preview:-1\" \/>\n<link rel=\"canonical\" href=\"https:\/\/e-marineeducation.com\/tr\/profil-ali-ihsan-fenerci\/\" \/>\n<meta property=\"og:locale\" content=\"tr_TR\" \/>\n<meta property=\"og:type\" content=\"article\" \/>\n<meta property=\"og:title\" content=\"Ki\u015fisel Profil Sayfas\u0131: Ali \u0130hsan Fenerci | E-Marine Education\" \/>\n<meta property=\"og:description\" content=\"Ali \u0130hsan Fenerci&#039;ye ait ki\u015fisel profil sayfas\u0131d\u0131r.\" \/>\n<meta property=\"og:url\" content=\"https:\/\/e-marineeducation.com\/tr\/profil-ali-ihsan-fenerci\/\" \/>\n<meta property=\"og:site_name\" content=\"e-MarineEducation.com\" \/>\n<meta property=\"article:modified_time\" content=\"2015-03-01T20:27:12+00:00\" \/>\n<meta property=\"og:image\" content=\"https:\/\/e-marineeducation.com\/tr\/wp-content\/uploads\/Ali-\u0130hsan-Fenerci.png\" \/>\n<meta name=\"twitter:card\" content=\"summary_large_image\" \/>\n<script type=\"application\/ld+json\" class=\"yoast-schema-graph\">{\"@context\":\"https:\/\/schema.org\",\"@graph\":[{\"@type\":\"WebPage\",\"@id\":\"https:\/\/e-marineeducation.com\/tr\/profil-ali-ihsan-fenerci\/\",\"url\":\"https:\/\/e-marineeducation.com\/tr\/profil-ali-ihsan-fenerci\/\",\"name\":\"Ki\u015fisel Profil Sayfas\u0131: Ali \u0130hsan Fenerci | E-Marine Education\",\"isPartOf\":{\"@id\":\"https:\/\/e-marineeducation.com\/tr\/#website\"},\"datePublished\":\"2013-07-13T10:06:36+00:00\",\"dateModified\":\"2015-03-01T20:27:12+00:00\",\"description\":\"Ali \u0130hsan Fenerci'ye ait ki\u015fisel profil sayfas\u0131d\u0131r.\",\"breadcrumb\":{\"@id\":\"https:\/\/e-marineeducation.com\/tr\/profil-ali-ihsan-fenerci\/#breadcrumb\"},\"inLanguage\":\"tr\",\"potentialAction\":[{\"@type\":\"ReadAction\",\"target\":[\"https:\/\/e-marineeducation.com\/tr\/profil-ali-ihsan-fenerci\/\"]}]},{\"@type\":\"BreadcrumbList\",\"@id\":\"https:\/\/e-marineeducation.com\/tr\/profil-ali-ihsan-fenerci\/#breadcrumb\",\"itemListElement\":[{\"@type\":\"ListItem\",\"position\":1,\"name\":\"Ana sayfa\",\"item\":\"https:\/\/e-marineeducation.com\/tr\/\"},{\"@type\":\"ListItem\",\"position\":2,\"name\":\"Ki\u015fisel Profil Sayfas\u0131\"}]},{\"@type\":\"WebSite\",\"@id\":\"https:\/\/e-marineeducation.com\/tr\/#website\",\"url\":\"https:\/\/e-marineeducation.com\/tr\/\",\"name\":\"e-MarineEducation.com\",\"description\":\"Denizcilik E\u011fitimine Yeni Bir Bak\u0131\u015f A\u00e7\u0131s\u0131\",\"potentialAction\":[{\"@type\":\"SearchAction\",\"target\":{\"@type\":\"EntryPoint\",\"urlTemplate\":\"https:\/\/e-marineeducation.com\/tr\/?s={search_term_string}\"},\"query-input\":{\"@type\":\"PropertyValueSpecification\",\"valueRequired\":true,\"valueName\":\"search_term_string\"}}],\"inLanguage\":\"tr\"}]}<\/script>\n<!-- \/ Yoast SEO plugin. -->","yoast_head_json":{"title":"Ki\u015fisel Profil Sayfas\u0131: Ali \u0130hsan Fenerci | E-Marine Education","description":"Ali \u0130hsan Fenerci'ye ait ki\u015fisel profil sayfas\u0131d\u0131r.","robots":{"index":"index","follow":"follow","max-snippet":"max-snippet:-1","max-image-preview":"max-image-preview:large","max-video-preview":"max-video-preview:-1"},"canonical":"https:\/\/e-marineeducation.com\/tr\/profil-ali-ihsan-fenerci\/","og_locale":"tr_TR","og_type":"article","og_title":"Ki\u015fisel Profil Sayfas\u0131: Ali \u0130hsan Fenerci | E-Marine Education","og_description":"Ali \u0130hsan Fenerci'ye ait ki\u015fisel profil sayfas\u0131d\u0131r.","og_url":"https:\/\/e-marineeducation.com\/tr\/profil-ali-ihsan-fenerci\/","og_site_name":"e-MarineEducation.com","article_modified_time":"2015-03-01T20:27:12+00:00","og_image":[{"url":"https:\/\/e-marineeducation.com\/tr\/wp-content\/uploads\/Ali-\u0130hsan-Fenerci.png","type":"","width":"","height":""}],"twitter_card":"summary_large_image","schema":{"@context":"https:\/\/schema.org","@graph":[{"@type":"WebPage","@id":"https:\/\/e-marineeducation.com\/tr\/profil-ali-ihsan-fenerci\/","url":"https:\/\/e-marineeducation.com\/tr\/profil-ali-ihsan-fenerci\/","name":"Ki\u015fisel Profil Sayfas\u0131: Ali \u0130hsan Fenerci | E-Marine Education","isPartOf":{"@id":"https:\/\/e-marineeducation.com\/tr\/#website"},"datePublished":"2013-07-13T10:06:36+00:00","dateModified":"2015-03-01T20:27:12+00:00","description":"Ali \u0130hsan Fenerci'ye ait ki\u015fisel profil sayfas\u0131d\u0131r.","breadcrumb":{"@id":"https:\/\/e-marineeducation.com\/tr\/profil-ali-ihsan-fenerci\/#breadcrumb"},"inLanguage":"tr","potentialAction":[{"@type":"ReadAction","target":["https:\/\/e-marineeducation.com\/tr\/profil-ali-ihsan-fenerci\/"]}]},{"@type":"BreadcrumbList","@id":"https:\/\/e-marineeducation.com\/tr\/profil-ali-ihsan-fenerci\/#breadcrumb","itemListElement":[{"@type":"ListItem","position":1,"name":"Ana sayfa","item":"https:\/\/e-marineeducation.com\/tr\/"},{"@type":"ListItem","position":2,"name":"Ki\u015fisel Profil Sayfas\u0131"}]},{"@type":"WebSite","@id":"https:\/\/e-marineeducation.com\/tr\/#website","url":"https:\/\/e-marineeducation.com\/tr\/","name":"e-MarineEducation.com","description":"Denizcilik E\u011fitimine Yeni Bir Bak\u0131\u015f A\u00e7\u0131s\u0131","potentialAction":[{"@type":"SearchAction","target":{"@type":"EntryPoint","urlTemplate":"https:\/\/e-marineeducation.com\/tr\/?s={search_term_string}"},"query-input":{"@type":"PropertyValueSpecification","valueRequired":true,"valueName":"search_term_string"}}],"inLanguage":"tr"}]}},"_links":{"self":[{"href":"https:\/\/e-marineeducation.com\/tr\/wp-json\/wp\/v2\/pages\/10879","targetHints":{"allow":["GET"]}}],"collection":[{"href":"https:\/\/e-marineeducation.com\/tr\/wp-json\/wp\/v2\/pages"}],"about":[{"href":"https:\/\/e-marineeducation.com\/tr\/wp-json\/wp\/v2\/types\/page"}],"author":[{"embeddable":true,"href":"https:\/\/e-marineeducation.com\/tr\/wp-json\/wp\/v2\/users\/1"}],"replies":[{"embeddable":true,"href":"https:\/\/e-marineeducation.com\/tr\/wp-json\/wp\/v2\/comments?post=10879"}],"version-history":[{"count":0,"href":"https:\/\/e-marineeducation.com\/tr\/wp-json\/wp\/v2\/pages\/10879\/revisions"}],"wp:attachment":[{"href":"https:\/\/e-marineeducation.com\/tr\/wp-json\/wp\/v2\/media?parent=10879"}],"curies":[{"name":"wp","href":"https:\/\/api.w.org\/{rel}","templated":true}]}}