

{"id":107,"date":"2011-08-12T04:49:41","date_gmt":"2011-08-12T01:49:41","guid":{"rendered":"https:\/\/e-marineeducation.com\/tr\/?page_id=107"},"modified":"2012-08-03T22:52:13","modified_gmt":"2012-08-03T19:52:13","slug":"destekleyenler","status":"publish","type":"page","link":"https:\/\/e-marineeducation.com\/tr\/destekleyenler\/","title":{"rendered":"Destekleyenler"},"content":{"rendered":"<table border=\"0\" width=\"630\" style=\"border-collapse: collapse\">\n<tr>\n<td width=\"157\">\n\t\t<a target=\"_blank\" href=\"https:\/\/e-marineeducation.com\/tr?wp_ct=87\"><img loading=\"lazy\" decoding=\"async\" border=\"0\" src=\"https:\/\/e-marineeducation.com\/tr\/wp-content\/uploads\/Aysima.png\" width=\"157\" height=\"129\"><\/a><\/td>\n<td width=\"80\">&nbsp;<\/td>\n<td width=\"157\">\n\t\t<a target=\"_blank\" href=\"https:\/\/e-marineeducation.com\/tr?wp_ct=93\"><img loading=\"lazy\" decoding=\"async\" border=\"0\" src=\"https:\/\/e-marineeducation.com\/tr\/wp-content\/uploads\/DenizHaber.png\" width=\"157\" height=\"129\"><\/a><\/td>\n<td>&nbsp;<\/td>\n<td width=\"157\">\n\t\t<a target=\"_blank\" href=\"https:\/\/e-marineeducation.com\/tr?wp_ct=170\"><img loading=\"lazy\" decoding=\"async\" border=\"0\" src=\"https:\/\/e-marineeducation.com\/tr\/wp-content\/uploads\/Destekleyenler-Finner.png\" width=\"157\" height=\"129\"><\/a><\/td>\n<\/tr>\n<\/table>\n","protected":false},"excerpt":{"rendered":"<p>&nbsp; &nbsp;<\/p>\n","protected":false},"author":1,"featured_media":0,"parent":0,"menu_order":0,"comment_status":"open","ping_status":"open","template":"","meta":{"_acf_changed":false,"_bbp_topic_count":0,"_bbp_reply_count":0,"_bbp_total_topic_count":0,"_bbp_total_reply_count":0,"_bbp_voice_count":0,"_bbp_anonymous_reply_count":0,"_bbp_topic_count_hidden":0,"_bbp_reply_count_hidden":0,"_bbp_forum_subforum_count":0,"footnotes":""},"class_list":["post-107","page","type-page","status-publish",""],"acf":[],"yoast_head":"<!-- This site is optimized with the Yoast SEO plugin v27.4 - https:\/\/yoast.com\/product\/yoast-seo-wordpress\/ -->\n<title>Destekleyenler - e-MarineEducation.com<\/title>\n<meta name=\"description\" content=\"e-MarineEducation.com internet sitesini destekleyen kurum ve kurulu\u015flar\u0131n yay\u0131nland\u0131\u011f\u0131 sayfad\u0131r.\" \/>\n<meta name=\"robots\" content=\"index, follow, max-snippet:-1, max-image-preview:large, max-video-preview:-1\" \/>\n<link rel=\"canonical\" href=\"https:\/\/e-marineeducation.com\/tr\/destekleyenler\/\" \/>\n<meta property=\"og:locale\" content=\"tr_TR\" \/>\n<meta property=\"og:type\" content=\"article\" \/>\n<meta property=\"og:title\" content=\"Destekleyenler - e-MarineEducation.com\" \/>\n<meta property=\"og:description\" content=\"e-MarineEducation.com internet sitesini destekleyen kurum ve kurulu\u015flar\u0131n yay\u0131nland\u0131\u011f\u0131 sayfad\u0131r.\" \/>\n<meta property=\"og:url\" content=\"https:\/\/e-marineeducation.com\/tr\/destekleyenler\/\" \/>\n<meta property=\"og:site_name\" content=\"e-MarineEducation.com\" \/>\n<meta property=\"article:modified_time\" content=\"2012-08-03T19:52:13+00:00\" \/>\n<meta property=\"og:image\" content=\"https:\/\/e-marineeducation.com\/tr\/wp-content\/uploads\/Aysima.png\" \/>\n<meta name=\"twitter:card\" content=\"summary_large_image\" \/>\n<script type=\"application\/ld+json\" class=\"yoast-schema-graph\">{\"@context\":\"https:\\\/\\\/schema.org\",\"@graph\":[{\"@type\":\"WebPage\",\"@id\":\"https:\\\/\\\/e-marineeducation.com\\\/tr\\\/destekleyenler\\\/\",\"url\":\"https:\\\/\\\/e-marineeducation.com\\\/tr\\\/destekleyenler\\\/\",\"name\":\"Destekleyenler - e-MarineEducation.com\",\"isPartOf\":{\"@id\":\"https:\\\/\\\/e-marineeducation.com\\\/tr\\\/#website\"},\"primaryImageOfPage\":{\"@id\":\"https:\\\/\\\/e-marineeducation.com\\\/tr\\\/destekleyenler\\\/#primaryimage\"},\"image\":{\"@id\":\"https:\\\/\\\/e-marineeducation.com\\\/tr\\\/destekleyenler\\\/#primaryimage\"},\"thumbnailUrl\":\"https:\\\/\\\/e-marineeducation.com\\\/tr\\\/wp-content\\\/uploads\\\/Aysima.png\",\"datePublished\":\"2011-08-12T01:49:41+00:00\",\"dateModified\":\"2012-08-03T19:52:13+00:00\",\"description\":\"e-MarineEducation.com internet sitesini destekleyen kurum ve kurulu\u015flar\u0131n yay\u0131nland\u0131\u011f\u0131 sayfad\u0131r.\",\"breadcrumb\":{\"@id\":\"https:\\\/\\\/e-marineeducation.com\\\/tr\\\/destekleyenler\\\/#breadcrumb\"},\"inLanguage\":\"tr\",\"potentialAction\":[{\"@type\":\"ReadAction\",\"target\":[\"https:\\\/\\\/e-marineeducation.com\\\/tr\\\/destekleyenler\\\/\"]}]},{\"@type\":\"ImageObject\",\"inLanguage\":\"tr\",\"@id\":\"https:\\\/\\\/e-marineeducation.com\\\/tr\\\/destekleyenler\\\/#primaryimage\",\"url\":\"https:\\\/\\\/e-marineeducation.com\\\/tr\\\/wp-content\\\/uploads\\\/Aysima.png\",\"contentUrl\":\"https:\\\/\\\/e-marineeducation.com\\\/tr\\\/wp-content\\\/uploads\\\/Aysima.png\",\"width\":\"157\",\"height\":\"129\"},{\"@type\":\"BreadcrumbList\",\"@id\":\"https:\\\/\\\/e-marineeducation.com\\\/tr\\\/destekleyenler\\\/#breadcrumb\",\"itemListElement\":[{\"@type\":\"ListItem\",\"position\":1,\"name\":\"Ana sayfa\",\"item\":\"https:\\\/\\\/e-marineeducation.com\\\/tr\\\/\"},{\"@type\":\"ListItem\",\"position\":2,\"name\":\"Destekleyenler\"}]},{\"@type\":\"WebSite\",\"@id\":\"https:\\\/\\\/e-marineeducation.com\\\/tr\\\/#website\",\"url\":\"https:\\\/\\\/e-marineeducation.com\\\/tr\\\/\",\"name\":\"e-MarineEducation.com\",\"description\":\"Denizcilik E\u011fitimine Yeni Bir Bak\u0131\u015f A\u00e7\u0131s\u0131\",\"potentialAction\":[{\"@type\":\"SearchAction\",\"target\":{\"@type\":\"EntryPoint\",\"urlTemplate\":\"https:\\\/\\\/e-marineeducation.com\\\/tr\\\/?s={search_term_string}\"},\"query-input\":{\"@type\":\"PropertyValueSpecification\",\"valueRequired\":true,\"valueName\":\"search_term_string\"}}],\"inLanguage\":\"tr\"}]}<\/script>\n<!-- \/ Yoast SEO plugin. -->","yoast_head_json":{"title":"Destekleyenler - e-MarineEducation.com","description":"e-MarineEducation.com internet sitesini destekleyen kurum ve kurulu\u015flar\u0131n yay\u0131nland\u0131\u011f\u0131 sayfad\u0131r.","robots":{"index":"index","follow":"follow","max-snippet":"max-snippet:-1","max-image-preview":"max-image-preview:large","max-video-preview":"max-video-preview:-1"},"canonical":"https:\/\/e-marineeducation.com\/tr\/destekleyenler\/","og_locale":"tr_TR","og_type":"article","og_title":"Destekleyenler - e-MarineEducation.com","og_description":"e-MarineEducation.com internet sitesini destekleyen kurum ve kurulu\u015flar\u0131n yay\u0131nland\u0131\u011f\u0131 sayfad\u0131r.","og_url":"https:\/\/e-marineeducation.com\/tr\/destekleyenler\/","og_site_name":"e-MarineEducation.com","article_modified_time":"2012-08-03T19:52:13+00:00","og_image":[{"url":"https:\/\/e-marineeducation.com\/tr\/wp-content\/uploads\/Aysima.png","type":"","width":"","height":""}],"twitter_card":"summary_large_image","schema":{"@context":"https:\/\/schema.org","@graph":[{"@type":"WebPage","@id":"https:\/\/e-marineeducation.com\/tr\/destekleyenler\/","url":"https:\/\/e-marineeducation.com\/tr\/destekleyenler\/","name":"Destekleyenler - e-MarineEducation.com","isPartOf":{"@id":"https:\/\/e-marineeducation.com\/tr\/#website"},"primaryImageOfPage":{"@id":"https:\/\/e-marineeducation.com\/tr\/destekleyenler\/#primaryimage"},"image":{"@id":"https:\/\/e-marineeducation.com\/tr\/destekleyenler\/#primaryimage"},"thumbnailUrl":"https:\/\/e-marineeducation.com\/tr\/wp-content\/uploads\/Aysima.png","datePublished":"2011-08-12T01:49:41+00:00","dateModified":"2012-08-03T19:52:13+00:00","description":"e-MarineEducation.com internet sitesini destekleyen kurum ve kurulu\u015flar\u0131n yay\u0131nland\u0131\u011f\u0131 sayfad\u0131r.","breadcrumb":{"@id":"https:\/\/e-marineeducation.com\/tr\/destekleyenler\/#breadcrumb"},"inLanguage":"tr","potentialAction":[{"@type":"ReadAction","target":["https:\/\/e-marineeducation.com\/tr\/destekleyenler\/"]}]},{"@type":"ImageObject","inLanguage":"tr","@id":"https:\/\/e-marineeducation.com\/tr\/destekleyenler\/#primaryimage","url":"https:\/\/e-marineeducation.com\/tr\/wp-content\/uploads\/Aysima.png","contentUrl":"https:\/\/e-marineeducation.com\/tr\/wp-content\/uploads\/Aysima.png","width":"157","height":"129"},{"@type":"BreadcrumbList","@id":"https:\/\/e-marineeducation.com\/tr\/destekleyenler\/#breadcrumb","itemListElement":[{"@type":"ListItem","position":1,"name":"Ana sayfa","item":"https:\/\/e-marineeducation.com\/tr\/"},{"@type":"ListItem","position":2,"name":"Destekleyenler"}]},{"@type":"WebSite","@id":"https:\/\/e-marineeducation.com\/tr\/#website","url":"https:\/\/e-marineeducation.com\/tr\/","name":"e-MarineEducation.com","description":"Denizcilik E\u011fitimine Yeni Bir Bak\u0131\u015f A\u00e7\u0131s\u0131","potentialAction":[{"@type":"SearchAction","target":{"@type":"EntryPoint","urlTemplate":"https:\/\/e-marineeducation.com\/tr\/?s={search_term_string}"},"query-input":{"@type":"PropertyValueSpecification","valueRequired":true,"valueName":"search_term_string"}}],"inLanguage":"tr"}]}},"_links":{"self":[{"href":"https:\/\/e-marineeducation.com\/tr\/wp-json\/wp\/v2\/pages\/107","targetHints":{"allow":["GET"]}}],"collection":[{"href":"https:\/\/e-marineeducation.com\/tr\/wp-json\/wp\/v2\/pages"}],"about":[{"href":"https:\/\/e-marineeducation.com\/tr\/wp-json\/wp\/v2\/types\/page"}],"author":[{"embeddable":true,"href":"https:\/\/e-marineeducation.com\/tr\/wp-json\/wp\/v2\/users\/1"}],"replies":[{"embeddable":true,"href":"https:\/\/e-marineeducation.com\/tr\/wp-json\/wp\/v2\/comments?post=107"}],"version-history":[{"count":0,"href":"https:\/\/e-marineeducation.com\/tr\/wp-json\/wp\/v2\/pages\/107\/revisions"}],"wp:attachment":[{"href":"https:\/\/e-marineeducation.com\/tr\/wp-json\/wp\/v2\/media?parent=107"}],"curies":[{"name":"wp","href":"https:\/\/api.w.org\/{rel}","templated":true}]}}