

{"id":10100,"date":"2013-03-06T23:28:10","date_gmt":"2013-03-06T21:28:10","guid":{"rendered":"https:\/\/e-marineeducation.com\/tr\/?page_id=10100"},"modified":"2016-03-02T01:59:44","modified_gmt":"2016-03-01T23:59:44","slug":"profil-emrah-demir","status":"publish","type":"page","link":"https:\/\/e-marineeducation.com\/tr\/profil-emrah-demir\/","title":{"rendered":"Ki\u015fisel Profil Sayfas\u0131"},"content":{"rendered":"<figure style=\"width: 159px\" class=\"wp-caption alignleft\"><img loading=\"lazy\" decoding=\"async\" src=\"https:\/\/e-marineeducation.com\/tr\/wp-content\/uploads\/E.Demir_.bmp\" alt=\"\" width=\"159\" height=\"168\" \/><figcaption class=\"wp-caption-text\"><\/p>\n<p align=\"center\">Emrah Demir<\/p><\/figcaption><\/figure>\n<p><strong><span style=\"text-decoration: underline\">Ki\u015fisel Bilgiler<\/span><\/strong><\/p>\n<p><strong>Ad\u0131 Soyad\u0131:<\/strong> Emrah Demir<\/p>\n<p><strong>Do\u011fum Tarihi:<\/strong>\u00a018 Eyl\u00fcl 1979<\/p>\n<p><strong>Mesle\u011fi:<\/strong>\u00a0Gemiadam\u0131 <em>(Uzakyol Ba\u015fmakinist)<\/em><\/p>\n<p><strong>\u00d6zge\u00e7mi\u015fi<\/strong>:\u00a0<span style=\"color: #3366ff\"><a style=\"color: #3366ff\" href=\"https:\/\/e-marineeducation.com\/tr\/?p=2509\" target=\"_blank\">https:\/\/e-marineeducation.com\/tr\/?p=2509<\/a><\/span><\/p>\n<p><strong>E-Posta Adresi: &#8211; &#8211; &#8211;<\/strong><\/p>\n<table style=\"height: 20px\" border=\"0\">\n<tbody>\n<tr>\n<td><\/td>\n<\/tr>\n<\/tbody>\n<\/table>\n<p><span style=\"text-decoration: underline\"><strong>e-MarineEducation.com Bilgileri<\/strong><\/span><\/p>\n<p><strong>\u00c7al\u0131\u015fma Durumu:<\/strong>\u00a0<span style=\"color: #ff0000\"><strong>Pasif<\/strong><\/span><\/p>\n<p><strong>G\u00f6rev S\u00fcresi:<\/strong> 17 Mart 2012 &#8211; 26 Ocak 2016<\/p>\n<p><strong>Mevcut G\u00f6revi:<\/strong>\u00a0&#8211; &#8211; &#8211;<\/p>\n<p><strong>\u00d6nceki G\u00f6revleri:<\/strong> Yazar<\/p>\n<table style=\"height: 20px;width: 20px\" border=\"0\">\n<tbody>\n<tr>\n<td><\/td>\n<\/tr>\n<\/tbody>\n<\/table>\n<p><strong><span style=\"text-decoration: underline\">Kazand\u0131rd\u0131klar\u0131<\/span><\/strong><\/p>\n<p>&#8211; Taraf\u0131ndan haz\u0131rlanan haberleri\u00a0&#8211;\u00a0<span style=\"text-decoration: underline\"><span style=\"text-decoration: underline;color: #3366ff\"><strong><a style=\"color: #3366ff;text-decoration: underline\" href=\"https:\/\/e-marineeducation.com\/tr\/tag\/emrah-demir-haberleri\/\" target=\"_blank\">inceleyiniz<\/a><\/strong><\/span><\/span><\/p>\n<p>&#8211; Taraf\u0131ndan haz\u0131rlanan makaleleri\u00a0&#8211; <span style=\"text-decoration: underline;color: #3366ff\"><strong><span style=\"text-decoration: underline\"><a style=\"color: #3366ff;text-decoration: underline\" href=\"https:\/\/e-marineeducation.com\/tr\/tag\/emrah-demir-yazilari\/\" target=\"_blank\">inceleyiniz<\/a><\/span><\/strong><\/span><\/p>\n<p>&#8211; Konuk oldu\u011fu e-MarEdu TV yay\u0131nlar\u0131 &#8211; <span style=\"text-decoration: underline;color: #3366ff\"><strong><a style=\"color: #3366ff;text-decoration: underline\" href=\"https:\/\/e-marineeducation.com\/tr\/tag\/emrah-demir-konusmalari-e-maredu-tv\/\" target=\"_blank\">inceleyiniz<\/a><\/strong><\/span><\/p>\n<p>&#8211; Taraf\u0131ndan yap\u0131lan\u00a0yaz\u0131m d\u00fczenlemeleri &#8211; <span style=\"text-decoration: underline;color: #3366ff\"><strong><span style=\"text-decoration: underline\"><span style=\"text-decoration: underline\"><a style=\"color: #3366ff;text-decoration: underline\" href=\"https:\/\/e-marineeducation.com\/tr\/tag\/emrah-demir-duzenlemeleri\/\" target=\"_blank\">inceleyiniz<\/a><\/span><\/span><\/strong><\/span><\/p>\n<table border=\"0\">\n<tbody>\n<tr>\n<td width=\"264\" height=\"67\"><\/td>\n<td valign=\"middle\" width=\"246\" height=\"67\">\n<p align=\"right\"><strong>Organizasyon<\/strong>\u00a0sayfas\u0131na,\u00a0<strong><a href=\"https:\/\/e-marineeducation.com\/tr\/organizasyon\/\">Geri D\u00f6n<\/a><\/strong><\/p>\n<\/td>\n<td width=\"80\" height=\"67\"><a href=\"https:\/\/e-marineeducation.com\/tr\/organizasyon\/\"><img loading=\"lazy\" decoding=\"async\" src=\"https:\/\/e-marineeducation.com\/tr\/wp-content\/uploads\/geri-d\u00f6n.png\" alt=\"\" width=\"74\" height=\"65\" align=\"right\" border=\"0\" \/><\/a><\/td>\n<\/tr>\n<\/tbody>\n<\/table>\n","protected":false},"excerpt":{"rendered":"<p>Ki\u015fisel Bilgiler Ad\u0131 Soyad\u0131: Emrah Demir Do\u011fum Tarihi:\u00a018 Eyl\u00fcl 1979 Mesle\u011fi:\u00a0Gemiadam\u0131 (Uzakyol Ba\u015fmakinist) \u00d6zge\u00e7mi\u015fi:\u00a0https:\/\/e-marineeducation.com\/tr\/?p=2509 E-Posta Adresi: &#8211; &#8211; &#8211; e-MarineEducation.com Bilgileri \u00c7al\u0131\u015fma Durumu:\u00a0Pasif G\u00f6rev S\u00fcresi: 17 Mart 2012 &#8211; 26 Ocak 2016 Mevcut G\u00f6revi:\u00a0&#8211; &#8211; &#8211; \u00d6nceki G\u00f6revleri: Yazar Kazand\u0131rd\u0131klar\u0131 &#8211; Taraf\u0131ndan haz\u0131rlanan haberleri\u00a0&#8211;\u00a0inceleyiniz &#8211; Taraf\u0131ndan haz\u0131rlanan makaleleri\u00a0&#8211; inceleyiniz &#8211; Konuk oldu\u011fu e-MarEdu TV yay\u0131nlar\u0131 &hellip;<\/p>\n","protected":false},"author":1,"featured_media":0,"parent":0,"menu_order":0,"comment_status":"open","ping_status":"open","template":"","meta":{"_acf_changed":false,"_bbp_topic_count":0,"_bbp_reply_count":0,"_bbp_total_topic_count":0,"_bbp_total_reply_count":0,"_bbp_voice_count":0,"_bbp_anonymous_reply_count":0,"_bbp_topic_count_hidden":0,"_bbp_reply_count_hidden":0,"_bbp_forum_subforum_count":0,"footnotes":""},"class_list":["post-10100","page","type-page","status-publish",""],"acf":[],"yoast_head":"<!-- This site is optimized with the Yoast SEO plugin v27.4 - https:\/\/yoast.com\/product\/yoast-seo-wordpress\/ -->\n<title>Ki\u015fisel Profil Sayfas\u0131: Emrah Demir | E-Marine Education<\/title>\n<meta name=\"robots\" content=\"index, follow, max-snippet:-1, max-image-preview:large, max-video-preview:-1\" \/>\n<link rel=\"canonical\" href=\"https:\/\/e-marineeducation.com\/tr\/profil-emrah-demir\/\" \/>\n<meta property=\"og:locale\" content=\"tr_TR\" \/>\n<meta property=\"og:type\" content=\"article\" \/>\n<meta property=\"og:title\" content=\"Ki\u015fisel Profil Sayfas\u0131: Emrah Demir | E-Marine Education\" \/>\n<meta property=\"og:description\" content=\"Ki\u015fisel Bilgiler Ad\u0131 Soyad\u0131: Emrah Demir Do\u011fum Tarihi:\u00a018 Eyl\u00fcl 1979 Mesle\u011fi:\u00a0Gemiadam\u0131 (Uzakyol Ba\u015fmakinist) \u00d6zge\u00e7mi\u015fi:\u00a0https:\/\/e-marineeducation.com\/tr\/?p=2509 E-Posta Adresi: &#8211; &#8211; &#8211; e-MarineEducation.com Bilgileri \u00c7al\u0131\u015fma Durumu:\u00a0Pasif G\u00f6rev S\u00fcresi: 17 Mart 2012 &#8211; 26 Ocak 2016 Mevcut G\u00f6revi:\u00a0&#8211; &#8211; &#8211; \u00d6nceki G\u00f6revleri: Yazar Kazand\u0131rd\u0131klar\u0131 &#8211; Taraf\u0131ndan haz\u0131rlanan haberleri\u00a0&#8211;\u00a0inceleyiniz &#8211; Taraf\u0131ndan haz\u0131rlanan makaleleri\u00a0&#8211; inceleyiniz &#8211; Konuk oldu\u011fu e-MarEdu TV yay\u0131nlar\u0131 &hellip;\" \/>\n<meta property=\"og:url\" content=\"https:\/\/e-marineeducation.com\/tr\/profil-emrah-demir\/\" \/>\n<meta property=\"og:site_name\" content=\"e-MarineEducation.com\" \/>\n<meta property=\"article:modified_time\" content=\"2016-03-01T23:59:44+00:00\" \/>\n<meta property=\"og:image\" content=\"https:\/\/e-marineeducation.com\/tr\/wp-content\/uploads\/E.Demir_.bmp\" \/>\n<meta name=\"twitter:card\" content=\"summary_large_image\" \/>\n<meta name=\"twitter:label1\" content=\"Tahmini okuma s\u00fcresi\" \/>\n\t<meta name=\"twitter:data1\" content=\"1 dakika\" \/>\n<script type=\"application\/ld+json\" class=\"yoast-schema-graph\">{\"@context\":\"https:\\\/\\\/schema.org\",\"@graph\":[{\"@type\":\"WebPage\",\"@id\":\"https:\\\/\\\/e-marineeducation.com\\\/tr\\\/profil-emrah-demir\\\/\",\"url\":\"https:\\\/\\\/e-marineeducation.com\\\/tr\\\/profil-emrah-demir\\\/\",\"name\":\"Ki\u015fisel Profil Sayfas\u0131: Emrah Demir | E-Marine Education\",\"isPartOf\":{\"@id\":\"https:\\\/\\\/e-marineeducation.com\\\/tr\\\/#website\"},\"primaryImageOfPage\":{\"@id\":\"https:\\\/\\\/e-marineeducation.com\\\/tr\\\/profil-emrah-demir\\\/#primaryimage\"},\"image\":{\"@id\":\"https:\\\/\\\/e-marineeducation.com\\\/tr\\\/profil-emrah-demir\\\/#primaryimage\"},\"thumbnailUrl\":\"https:\\\/\\\/e-marineeducation.com\\\/tr\\\/wp-content\\\/uploads\\\/E.Demir_.bmp\",\"datePublished\":\"2013-03-06T21:28:10+00:00\",\"dateModified\":\"2016-03-01T23:59:44+00:00\",\"breadcrumb\":{\"@id\":\"https:\\\/\\\/e-marineeducation.com\\\/tr\\\/profil-emrah-demir\\\/#breadcrumb\"},\"inLanguage\":\"tr\",\"potentialAction\":[{\"@type\":\"ReadAction\",\"target\":[\"https:\\\/\\\/e-marineeducation.com\\\/tr\\\/profil-emrah-demir\\\/\"]}]},{\"@type\":\"ImageObject\",\"inLanguage\":\"tr\",\"@id\":\"https:\\\/\\\/e-marineeducation.com\\\/tr\\\/profil-emrah-demir\\\/#primaryimage\",\"url\":\"https:\\\/\\\/e-marineeducation.com\\\/tr\\\/wp-content\\\/uploads\\\/E.Demir_.bmp\",\"contentUrl\":\"https:\\\/\\\/e-marineeducation.com\\\/tr\\\/wp-content\\\/uploads\\\/E.Demir_.bmp\"},{\"@type\":\"BreadcrumbList\",\"@id\":\"https:\\\/\\\/e-marineeducation.com\\\/tr\\\/profil-emrah-demir\\\/#breadcrumb\",\"itemListElement\":[{\"@type\":\"ListItem\",\"position\":1,\"name\":\"Ana sayfa\",\"item\":\"https:\\\/\\\/e-marineeducation.com\\\/tr\\\/\"},{\"@type\":\"ListItem\",\"position\":2,\"name\":\"Ki\u015fisel Profil Sayfas\u0131\"}]},{\"@type\":\"WebSite\",\"@id\":\"https:\\\/\\\/e-marineeducation.com\\\/tr\\\/#website\",\"url\":\"https:\\\/\\\/e-marineeducation.com\\\/tr\\\/\",\"name\":\"e-MarineEducation.com\",\"description\":\"Denizcilik E\u011fitimine Yeni Bir Bak\u0131\u015f A\u00e7\u0131s\u0131\",\"potentialAction\":[{\"@type\":\"SearchAction\",\"target\":{\"@type\":\"EntryPoint\",\"urlTemplate\":\"https:\\\/\\\/e-marineeducation.com\\\/tr\\\/?s={search_term_string}\"},\"query-input\":{\"@type\":\"PropertyValueSpecification\",\"valueRequired\":true,\"valueName\":\"search_term_string\"}}],\"inLanguage\":\"tr\"}]}<\/script>\n<!-- \/ Yoast SEO plugin. -->","yoast_head_json":{"title":"Ki\u015fisel Profil Sayfas\u0131: Emrah Demir | E-Marine Education","robots":{"index":"index","follow":"follow","max-snippet":"max-snippet:-1","max-image-preview":"max-image-preview:large","max-video-preview":"max-video-preview:-1"},"canonical":"https:\/\/e-marineeducation.com\/tr\/profil-emrah-demir\/","og_locale":"tr_TR","og_type":"article","og_title":"Ki\u015fisel Profil Sayfas\u0131: Emrah Demir | E-Marine Education","og_description":"Ki\u015fisel Bilgiler Ad\u0131 Soyad\u0131: Emrah Demir Do\u011fum Tarihi:\u00a018 Eyl\u00fcl 1979 Mesle\u011fi:\u00a0Gemiadam\u0131 (Uzakyol Ba\u015fmakinist) \u00d6zge\u00e7mi\u015fi:\u00a0https:\/\/e-marineeducation.com\/tr\/?p=2509 E-Posta Adresi: &#8211; &#8211; &#8211; e-MarineEducation.com Bilgileri \u00c7al\u0131\u015fma Durumu:\u00a0Pasif G\u00f6rev S\u00fcresi: 17 Mart 2012 &#8211; 26 Ocak 2016 Mevcut G\u00f6revi:\u00a0&#8211; &#8211; &#8211; \u00d6nceki G\u00f6revleri: Yazar Kazand\u0131rd\u0131klar\u0131 &#8211; Taraf\u0131ndan haz\u0131rlanan haberleri\u00a0&#8211;\u00a0inceleyiniz &#8211; Taraf\u0131ndan haz\u0131rlanan makaleleri\u00a0&#8211; inceleyiniz &#8211; Konuk oldu\u011fu e-MarEdu TV yay\u0131nlar\u0131 &hellip;","og_url":"https:\/\/e-marineeducation.com\/tr\/profil-emrah-demir\/","og_site_name":"e-MarineEducation.com","article_modified_time":"2016-03-01T23:59:44+00:00","og_image":[{"url":"https:\/\/e-marineeducation.com\/tr\/wp-content\/uploads\/E.Demir_.bmp","type":"","width":"","height":""}],"twitter_card":"summary_large_image","twitter_misc":{"Tahmini okuma s\u00fcresi":"1 dakika"},"schema":{"@context":"https:\/\/schema.org","@graph":[{"@type":"WebPage","@id":"https:\/\/e-marineeducation.com\/tr\/profil-emrah-demir\/","url":"https:\/\/e-marineeducation.com\/tr\/profil-emrah-demir\/","name":"Ki\u015fisel Profil Sayfas\u0131: Emrah Demir | E-Marine Education","isPartOf":{"@id":"https:\/\/e-marineeducation.com\/tr\/#website"},"primaryImageOfPage":{"@id":"https:\/\/e-marineeducation.com\/tr\/profil-emrah-demir\/#primaryimage"},"image":{"@id":"https:\/\/e-marineeducation.com\/tr\/profil-emrah-demir\/#primaryimage"},"thumbnailUrl":"https:\/\/e-marineeducation.com\/tr\/wp-content\/uploads\/E.Demir_.bmp","datePublished":"2013-03-06T21:28:10+00:00","dateModified":"2016-03-01T23:59:44+00:00","breadcrumb":{"@id":"https:\/\/e-marineeducation.com\/tr\/profil-emrah-demir\/#breadcrumb"},"inLanguage":"tr","potentialAction":[{"@type":"ReadAction","target":["https:\/\/e-marineeducation.com\/tr\/profil-emrah-demir\/"]}]},{"@type":"ImageObject","inLanguage":"tr","@id":"https:\/\/e-marineeducation.com\/tr\/profil-emrah-demir\/#primaryimage","url":"https:\/\/e-marineeducation.com\/tr\/wp-content\/uploads\/E.Demir_.bmp","contentUrl":"https:\/\/e-marineeducation.com\/tr\/wp-content\/uploads\/E.Demir_.bmp"},{"@type":"BreadcrumbList","@id":"https:\/\/e-marineeducation.com\/tr\/profil-emrah-demir\/#breadcrumb","itemListElement":[{"@type":"ListItem","position":1,"name":"Ana sayfa","item":"https:\/\/e-marineeducation.com\/tr\/"},{"@type":"ListItem","position":2,"name":"Ki\u015fisel Profil Sayfas\u0131"}]},{"@type":"WebSite","@id":"https:\/\/e-marineeducation.com\/tr\/#website","url":"https:\/\/e-marineeducation.com\/tr\/","name":"e-MarineEducation.com","description":"Denizcilik E\u011fitimine Yeni Bir Bak\u0131\u015f A\u00e7\u0131s\u0131","potentialAction":[{"@type":"SearchAction","target":{"@type":"EntryPoint","urlTemplate":"https:\/\/e-marineeducation.com\/tr\/?s={search_term_string}"},"query-input":{"@type":"PropertyValueSpecification","valueRequired":true,"valueName":"search_term_string"}}],"inLanguage":"tr"}]}},"_links":{"self":[{"href":"https:\/\/e-marineeducation.com\/tr\/wp-json\/wp\/v2\/pages\/10100","targetHints":{"allow":["GET"]}}],"collection":[{"href":"https:\/\/e-marineeducation.com\/tr\/wp-json\/wp\/v2\/pages"}],"about":[{"href":"https:\/\/e-marineeducation.com\/tr\/wp-json\/wp\/v2\/types\/page"}],"author":[{"embeddable":true,"href":"https:\/\/e-marineeducation.com\/tr\/wp-json\/wp\/v2\/users\/1"}],"replies":[{"embeddable":true,"href":"https:\/\/e-marineeducation.com\/tr\/wp-json\/wp\/v2\/comments?post=10100"}],"version-history":[{"count":0,"href":"https:\/\/e-marineeducation.com\/tr\/wp-json\/wp\/v2\/pages\/10100\/revisions"}],"wp:attachment":[{"href":"https:\/\/e-marineeducation.com\/tr\/wp-json\/wp\/v2\/media?parent=10100"}],"curies":[{"name":"wp","href":"https:\/\/api.w.org\/{rel}","templated":true}]}}