{"id":25,"date":"2011-09-20T14:28:11","date_gmt":"2011-09-20T14:28:11","guid":{"rendered":"https:\/\/e-marineeducation.com\/en\/?page_id=25"},"modified":"2024-01-16T19:38:11","modified_gmt":"2024-01-16T17:38:11","slug":"organization","status":"publish","type":"page","link":"https:\/\/e-marineeducation.com\/en\/organization\/","title":{"rendered":"Organization"},"content":{"rendered":"<p align=\"center\"><strong><span style=\"color: #3366cc;\">\u00a0&#8211; Click to a person\u2019s photo to get more information &#8211; <\/span><\/strong><\/p>\n<table style=\"border-collapse: collapse;\" border=\"0\" width=\"630\">\n<tbody>\n<tr>\n<td>\n<p align=\"center\"><b>Founder<\/b><\/p>\n<\/td>\n<\/tr>\n<tr>\n<td>\n<p align=\"center\"><a href=\"https:\/\/e-marineeducation.com\/en\/profile-aybars-oruc\/\"><img loading=\"lazy\" decoding=\"async\" src=\"http:\/\/www.e-marineeducation.com\/tr\/wp-content\/uploads\/Aybars-Oru\u00e7.png\" width=\"159\" height=\"168\" border=\"0\" \/><\/a><\/p>\n<\/td>\n<\/tr>\n<tr>\n<td>\n<p align=\"center\"><span style=\"color: #3366cc;\"><b>EOOW<\/b><\/span><\/p>\n<\/td>\n<\/tr>\n<tr>\n<td>\n<p align=\"center\"><b>Aybars Oruc<\/b><\/p>\n<\/td>\n<\/tr>\n<\/tbody>\n<\/table>\n<table style=\"border-collapse: collapse;\" border=\"0\" width=\"630\">\n<tbody>\n<tr>\n<td colspan=\"2\" width=\"626\">\n<p align=\"center\"><b>Manager Asistants<\/b><\/p>\n<\/td>\n<\/tr>\n<tr>\n<td width=\"312\">\n<p align=\"center\"><a href=\"https:\/\/e-marineeducation.com\/en\/profile-engin-agalday\/\"><img loading=\"lazy\" decoding=\"async\" src=\"http:\/\/www.e-marineeducation.com\/tr\/wp-content\/uploads\/Engin-Agalday.png\" width=\"159\" height=\"168\" border=\"0\" \/><\/a><\/p>\n<\/td>\n<td width=\"314\">\n<p align=\"center\"><a href=\"https:\/\/e-marineeducation.com\/en\/profile-huseyin-altay-yontan\/\"><img loading=\"lazy\" decoding=\"async\" src=\"http:\/\/www.e-marineeducation.com\/tr\/wp-content\/uploads\/H\u00fcseyin-Altay-Yontan1.png\" width=\"159\" height=\"168\" border=\"0\" \/><\/a><\/p>\n<\/td>\n<\/tr>\n<tr>\n<td width=\"312\">\n<p align=\"center\"><span style=\"color: #3366cc;\"><b>HR Concultant<\/b><\/span><\/p>\n<\/td>\n<td width=\"314\">\n<p align=\"center\"><span style=\"color: #3366cc;\"><b>Deck Cadet<\/b><\/span><\/p>\n<\/td>\n<\/tr>\n<tr>\n<td width=\"312\">\n<p align=\"center\"><b>Engin Agalday<\/b><\/p>\n<\/td>\n<td width=\"314\">\n<p align=\"center\"><b>Huseyin Altay Yontan<\/b><\/p>\n<\/td>\n<\/tr>\n<\/tbody>\n<\/table>\n<p>&nbsp;<\/p>\n<table style=\"border-collapse: collapse;\" border=\"0\" width=\"630\">\n<tbody>\n<tr>\n<td width=\"313\">\n<p align=\"center\"><b>Analysis Specialist<\/b><\/p>\n<\/td>\n<td width=\"313\">\n<p align=\"center\"><b>Media Follow-Up Editor<\/b><\/p>\n<\/td>\n<\/tr>\n<tr>\n<td width=\"312\">\n<p align=\"center\"><a href=\"https:\/\/e-marineeducation.com\/en\/profile-ali-ihsan-fenerci\/\"><img loading=\"lazy\" decoding=\"async\" src=\"http:\/\/www.e-marineeducation.com\/tr\/wp-content\/uploads\/Ali-\u0130hsan-Fenerci.png\" width=\"159\" height=\"168\" border=\"0\" \/><\/a><\/p>\n<\/td>\n<td width=\"314\">\n<p align=\"center\"><a href=\"https:\/\/e-marineeducation.com\/en\/profile-omer-avlak\/\"><img loading=\"lazy\" decoding=\"async\" src=\"http:\/\/www.e-marineeducation.com\/tr\/wp-content\/uploads\/\u00d6mer-Avlak.png\" width=\"159\" height=\"168\" border=\"0\" \/><\/a><\/p>\n<\/td>\n<\/tr>\n<tr>\n<td width=\"312\">\n<p align=\"center\"><span style=\"color: #3366cc;\"><b>Student<\/b><\/span><\/p>\n<\/td>\n<td width=\"314\">\n<p align=\"center\"><span style=\"color: #3366cc;\"><b>Student<\/b><\/span><\/p>\n<\/td>\n<\/tr>\n<tr>\n<td width=\"312\">\n<p align=\"center\"><b>Ali Ihsan Fenerci<\/b><\/p>\n<\/td>\n<td width=\"314\">\n<p align=\"center\"><b>Omer Avlak<\/b><\/p>\n<\/td>\n<\/tr>\n<\/tbody>\n<\/table>\n<p>&nbsp;<\/p>\n<table style=\"border-collapse: collapse;\" border=\"0\" width=\"630\">\n<tbody>\n<tr>\n<td colspan=\"2\" width=\"626\">\n<p align=\"center\"><b>Interpreters<\/b><\/p>\n<\/td>\n<\/tr>\n<tr>\n<td width=\"312\">\n<p align=\"center\"><a href=\"https:\/\/e-marineeducation.com\/en\/profile-cem-kutukoglu\/\"><img loading=\"lazy\" decoding=\"async\" src=\"http:\/\/www.e-marineeducation.com\/tr\/wp-content\/uploads\/Cem-K\u00fct\u00fcko\u011flu.png\" width=\"159\" height=\"168\" border=\"0\" \/><\/a><\/p>\n<\/td>\n<td width=\"314\">\n<p align=\"center\"><a href=\"https:\/\/e-marineeducation.com\/en\/profile-huseyin-sahin\/\"><img loading=\"lazy\" decoding=\"async\" src=\"http:\/\/www.e-marineeducation.com\/tr\/wp-content\/uploads\/H\u00fcseyin-\u015eahin.png\" width=\"159\" height=\"168\" border=\"0\" \/><\/a><\/p>\n<\/td>\n<\/tr>\n<tr>\n<td width=\"312\">\n<p align=\"center\"><span style=\"color: #3366cc;\"><b>Student<\/b><\/span><\/p>\n<\/td>\n<td width=\"314\">\n<p align=\"center\"><span style=\"color: #3366cc;\"><b>Electrical Engineer<\/b><\/span><\/p>\n<\/td>\n<\/tr>\n<tr>\n<td width=\"312\">\n<p align=\"center\"><b>Cem Kutukoglu<\/b><\/p>\n<\/td>\n<td width=\"314\">\n<p align=\"center\"><b>Huseyin Sahin<\/b><\/p>\n<\/td>\n<\/tr>\n<\/tbody>\n<\/table>\n<p>&nbsp;<\/p>\n<table style=\"border-collapse: collapse;\" border=\"0\" width=\"630\">\n<tbody>\n<tr>\n<td colspan=\"2\" width=\"626\">\n<p align=\"center\"><b>Social Media Editors<\/b><\/p>\n<\/td>\n<\/tr>\n<tr>\n<td width=\"312\">\n<p align=\"center\"><a href=\"https:\/\/e-marineeducation.com\/en\/profile-burak-gun\/\"><img loading=\"lazy\" decoding=\"async\" src=\"http:\/\/www.e-marineeducation.com\/tr\/wp-content\/uploads\/Burak-G\u00fcn.png\" width=\"159\" height=\"168\" border=\"0\" \/><\/a><\/p>\n<\/td>\n<td width=\"314\">\n<p align=\"center\"><a href=\"https:\/\/e-marineeducation.com\/en\/profile-burak-urun\/\"><img loading=\"lazy\" decoding=\"async\" src=\"http:\/\/www.e-marineeducation.com\/tr\/wp-content\/uploads\/Burak-Urun.png\" width=\"159\" height=\"168\" border=\"0\" \/><\/a><\/p>\n<\/td>\n<\/tr>\n<tr>\n<td width=\"312\">\n<p align=\"center\"><span style=\"color: #3366cc;\"><b>Student<\/b><\/span><\/p>\n<\/td>\n<td width=\"314\">\n<p align=\"center\"><span style=\"color: #3366cc;\"><b>Engine Cadet<\/b><\/span><\/p>\n<\/td>\n<\/tr>\n<tr>\n<td width=\"312\">\n<p align=\"center\"><b>Burak Gun<\/b><\/p>\n<\/td>\n<td width=\"314\">\n<p align=\"center\"><b>Burak Urun<\/b><\/p>\n<\/td>\n<\/tr>\n<\/tbody>\n<\/table>\n<p>&nbsp;<\/p>\n<table style=\"border-collapse: collapse;\" border=\"0\" width=\"630\">\n<tbody>\n<tr>\n<td colspan=\"3\" align=\"center\"><b>Student Representatives<\/b><\/td>\n<\/tr>\n<tr>\n<td align=\"center\" width=\"209\"><a href=\"https:\/\/e-marineeducation.com\/en\/profile-orkut-akar\/\"><img loading=\"lazy\" decoding=\"async\" src=\"http:\/\/www.e-marineeducation.com\/tr\/wp-content\/uploads\/Orkut-Akar.png\" width=\"159\" height=\"168\" border=\"0\" \/><\/a><\/td>\n<td width=\"209\">\n<p align=\"center\"><a href=\"https:\/\/e-marineeducation.com\/en\/profile-gorkem-gorgec\/\"><img loading=\"lazy\" decoding=\"async\" src=\"http:\/\/www.e-marineeducation.com\/tr\/wp-content\/uploads\/G\u00f6rkem-G\u00f6rge\u00e7.png\" width=\"159\" height=\"168\" border=\"0\" \/><\/a><\/p>\n<\/td>\n<td width=\"209\">\n<p align=\"center\"><a href=\"https:\/\/e-marineeducation.com\/en\/profile-ata-alban-akgun\/\"><img loading=\"lazy\" decoding=\"async\" src=\"http:\/\/www.e-marineeducation.com\/tr\/wp-content\/uploads\/Ata-Alban-Akg\u00fcn.png\" width=\"159\" height=\"168\" border=\"0\" \/><\/a><\/p>\n<\/td>\n<\/tr>\n<tr>\n<td align=\"center\"><span style=\"color: #3366cc;\"><b>HS Bremen University<\/b><\/span><\/td>\n<td align=\"center\"><span style=\"color: #3366cc;\"><b>Near East University<\/b><\/span><\/td>\n<td>\n<p align=\"center\"><span style=\"color: #3366cc;\"><b>Piri Reis University<\/b><\/span><\/p>\n<\/td>\n<\/tr>\n<tr>\n<td align=\"center\"><b>Orkut Akar<\/b><\/td>\n<td align=\"center\"><b>Gorkem Gorgec<\/b><\/td>\n<td>\n<p align=\"center\"><b>Ata Alban Akgun<\/b><\/p>\n<\/td>\n<\/tr>\n<\/tbody>\n<\/table>\n<p>&nbsp;<\/p>\n<table style=\"border-collapse: collapse;\" border=\"0\" width=\"630\">\n<tbody>\n<tr>\n<td align=\"center\"><\/td>\n<td align=\"center\"><b>Web Editors<\/b><\/td>\n<td align=\"center\"><\/td>\n<\/tr>\n<tr>\n<td align=\"center\" width=\"209\"><a href=\"https:\/\/e-marineeducation.com\/en\/profile-ecenaz-kincal\/\"><img loading=\"lazy\" decoding=\"async\" src=\"http:\/\/www.e-marineeducation.com\/tr\/wp-content\/uploads\/Ecenaz-Kincal.png\" width=\"159\" height=\"168\" border=\"0\" \/><\/a><\/td>\n<td width=\"209\">\n<p align=\"center\"><a href=\"https:\/\/e-marineeducation.com\/en\/profile-gamze-nur-yalcin\/\"><img decoding=\"async\" src=\"http:\/\/www.e-marineeducation.com\/tr\/wp-content\/uploads\/Gamze-Nur-Yal\u00e7\u0131n2.png\" border=\"0\" \/><\/a><\/p>\n<\/td>\n<td width=\"209\">\n<p align=\"center\"><a href=\"https:\/\/e-marineeducation.com\/en\/profile-onur-yavas\/\"><img loading=\"lazy\" decoding=\"async\" src=\"http:\/\/www.e-marineeducation.com\/tr\/wp-content\/uploads\/Onur-Yava\u015f1.png\" width=\"159\" height=\"168\" border=\"0\" \/><\/a><\/p>\n<\/td>\n<\/tr>\n<tr>\n<td align=\"center\"><span style=\"color: #3366cc;\"><b>Student<\/b><\/span><\/td>\n<td align=\"center\"><span style=\"color: #3366cc;\"><b>General Radio Operator<\/b><\/span><\/td>\n<td>\n<p align=\"center\"><span style=\"color: #3366cc;\"><b>EOOW<\/b><\/span><\/p>\n<\/td>\n<\/tr>\n<tr>\n<td align=\"center\"><b>Ecenaz Kincal<\/b><\/td>\n<td align=\"center\"><b>Gamze Nur Yalcin<\/b><\/td>\n<td>\n<p align=\"center\"><b>Onur Yavas<\/b><\/p>\n<\/td>\n<\/tr>\n<\/tbody>\n<\/table>\n","protected":false},"excerpt":{"rendered":"<p>\u00a0&#8211; Click to a person\u2019s photo to get more information &#8211; Founder EOOW Aybars Oruc Manager Asistants HR Concultant Deck Cadet Engin Agalday Huseyin Altay Yontan &nbsp; Analysis Specialist Media Follow-Up Editor Student Student Ali Ihsan Fenerci Omer Avlak &nbsp; Interpreters Student Electrical Engineer Cem Kutukoglu Huseyin Sahin &nbsp; Social Media Editors Student Engine Cadet [&hellip;]<\/p>\n","protected":false},"author":1,"featured_media":27,"parent":0,"menu_order":0,"comment_status":"open","ping_status":"open","template":"","meta":{"footnotes":""},"class_list":["post-25","page","type-page","status-publish","has-post-thumbnail","hentry"],"yoast_head":"<!-- This site is optimized with the Yoast SEO plugin v27.4 - https:\/\/yoast.com\/product\/yoast-seo-wordpress\/ -->\n<title>Organization | E-Marine Education<\/title>\n<meta name=\"robots\" content=\"index, follow, max-snippet:-1, max-image-preview:large, max-video-preview:-1\" \/>\n<link rel=\"canonical\" href=\"https:\/\/e-marineeducation.com\/en\/organization\/\" \/>\n<meta property=\"og:locale\" content=\"en_US\" \/>\n<meta property=\"og:type\" content=\"article\" \/>\n<meta property=\"og:title\" content=\"Organization | E-Marine Education\" \/>\n<meta property=\"og:description\" content=\"\u00a0&#8211; Click to a person\u2019s photo to get more information &#8211; Founder EOOW Aybars Oruc Manager Asistants HR Concultant Deck Cadet Engin Agalday Huseyin Altay Yontan &nbsp; Analysis Specialist Media Follow-Up Editor Student Student Ali Ihsan Fenerci Omer Avlak &nbsp; Interpreters Student Electrical Engineer Cem Kutukoglu Huseyin Sahin &nbsp; Social Media Editors Student Engine Cadet [&hellip;]\" \/>\n<meta property=\"og:url\" content=\"https:\/\/e-marineeducation.com\/en\/organization\/\" \/>\n<meta property=\"og:site_name\" content=\"E-Marine Education\" \/>\n<meta property=\"article:modified_time\" content=\"2024-01-16T17:38:11+00:00\" \/>\n<meta property=\"og:image\" content=\"https:\/\/e-marineeducation.com\/en\/wp-content\/uploads\/2011\/09\/Organizasion-Symbol.png\" \/>\n\t<meta property=\"og:image:width\" content=\"74\" \/>\n\t<meta property=\"og:image:height\" content=\"74\" \/>\n\t<meta property=\"og:image:type\" content=\"image\/png\" \/>\n<meta name=\"twitter:label1\" content=\"Est. reading time\" \/>\n\t<meta name=\"twitter:data1\" content=\"4 minutes\" \/>\n<script type=\"application\/ld+json\" class=\"yoast-schema-graph\">{\"@context\":\"https:\\\/\\\/schema.org\",\"@graph\":[{\"@type\":\"WebPage\",\"@id\":\"https:\\\/\\\/e-marineeducation.com\\\/en\\\/organization\\\/\",\"url\":\"https:\\\/\\\/e-marineeducation.com\\\/en\\\/organization\\\/\",\"name\":\"Organization | E-Marine Education\",\"isPartOf\":{\"@id\":\"https:\\\/\\\/e-marineeducation.com\\\/en\\\/#website\"},\"primaryImageOfPage\":{\"@id\":\"https:\\\/\\\/e-marineeducation.com\\\/en\\\/organization\\\/#primaryimage\"},\"image\":{\"@id\":\"https:\\\/\\\/e-marineeducation.com\\\/en\\\/organization\\\/#primaryimage\"},\"thumbnailUrl\":\"https:\\\/\\\/e-marineeducation.com\\\/en\\\/wp-content\\\/uploads\\\/2011\\\/09\\\/Organizasion-Symbol.png\",\"datePublished\":\"2011-09-20T14:28:11+00:00\",\"dateModified\":\"2024-01-16T17:38:11+00:00\",\"breadcrumb\":{\"@id\":\"https:\\\/\\\/e-marineeducation.com\\\/en\\\/organization\\\/#breadcrumb\"},\"inLanguage\":\"en-US\",\"potentialAction\":[{\"@type\":\"ReadAction\",\"target\":[\"https:\\\/\\\/e-marineeducation.com\\\/en\\\/organization\\\/\"]}]},{\"@type\":\"ImageObject\",\"inLanguage\":\"en-US\",\"@id\":\"https:\\\/\\\/e-marineeducation.com\\\/en\\\/organization\\\/#primaryimage\",\"url\":\"https:\\\/\\\/e-marineeducation.com\\\/en\\\/wp-content\\\/uploads\\\/2011\\\/09\\\/Organizasion-Symbol.png\",\"contentUrl\":\"https:\\\/\\\/e-marineeducation.com\\\/en\\\/wp-content\\\/uploads\\\/2011\\\/09\\\/Organizasion-Symbol.png\",\"width\":\"74\",\"height\":\"74\"},{\"@type\":\"BreadcrumbList\",\"@id\":\"https:\\\/\\\/e-marineeducation.com\\\/en\\\/organization\\\/#breadcrumb\",\"itemListElement\":[{\"@type\":\"ListItem\",\"position\":1,\"name\":\"Home\",\"item\":\"https:\\\/\\\/e-marineeducation.com\\\/en\\\/\"},{\"@type\":\"ListItem\",\"position\":2,\"name\":\"Organization\"}]},{\"@type\":\"WebSite\",\"@id\":\"https:\\\/\\\/e-marineeducation.com\\\/en\\\/#website\",\"url\":\"https:\\\/\\\/e-marineeducation.com\\\/en\\\/\",\"name\":\"E-Marine Education\",\"description\":\"A New View to Global Marine Education\",\"potentialAction\":[{\"@type\":\"SearchAction\",\"target\":{\"@type\":\"EntryPoint\",\"urlTemplate\":\"https:\\\/\\\/e-marineeducation.com\\\/en\\\/?s={search_term_string}\"},\"query-input\":{\"@type\":\"PropertyValueSpecification\",\"valueRequired\":true,\"valueName\":\"search_term_string\"}}],\"inLanguage\":\"en-US\"}]}<\/script>\n<!-- \/ Yoast SEO plugin. -->","yoast_head_json":{"title":"Organization | E-Marine Education","robots":{"index":"index","follow":"follow","max-snippet":"max-snippet:-1","max-image-preview":"max-image-preview:large","max-video-preview":"max-video-preview:-1"},"canonical":"https:\/\/e-marineeducation.com\/en\/organization\/","og_locale":"en_US","og_type":"article","og_title":"Organization | E-Marine Education","og_description":"\u00a0&#8211; Click to a person\u2019s photo to get more information &#8211; Founder EOOW Aybars Oruc Manager Asistants HR Concultant Deck Cadet Engin Agalday Huseyin Altay Yontan &nbsp; Analysis Specialist Media Follow-Up Editor Student Student Ali Ihsan Fenerci Omer Avlak &nbsp; Interpreters Student Electrical Engineer Cem Kutukoglu Huseyin Sahin &nbsp; Social Media Editors Student Engine Cadet [&hellip;]","og_url":"https:\/\/e-marineeducation.com\/en\/organization\/","og_site_name":"E-Marine Education","article_modified_time":"2024-01-16T17:38:11+00:00","og_image":[{"width":74,"height":74,"url":"https:\/\/e-marineeducation.com\/en\/wp-content\/uploads\/2011\/09\/Organizasion-Symbol.png","type":"image\/png"}],"twitter_misc":{"Est. reading time":"4 minutes"},"schema":{"@context":"https:\/\/schema.org","@graph":[{"@type":"WebPage","@id":"https:\/\/e-marineeducation.com\/en\/organization\/","url":"https:\/\/e-marineeducation.com\/en\/organization\/","name":"Organization | E-Marine Education","isPartOf":{"@id":"https:\/\/e-marineeducation.com\/en\/#website"},"primaryImageOfPage":{"@id":"https:\/\/e-marineeducation.com\/en\/organization\/#primaryimage"},"image":{"@id":"https:\/\/e-marineeducation.com\/en\/organization\/#primaryimage"},"thumbnailUrl":"https:\/\/e-marineeducation.com\/en\/wp-content\/uploads\/2011\/09\/Organizasion-Symbol.png","datePublished":"2011-09-20T14:28:11+00:00","dateModified":"2024-01-16T17:38:11+00:00","breadcrumb":{"@id":"https:\/\/e-marineeducation.com\/en\/organization\/#breadcrumb"},"inLanguage":"en-US","potentialAction":[{"@type":"ReadAction","target":["https:\/\/e-marineeducation.com\/en\/organization\/"]}]},{"@type":"ImageObject","inLanguage":"en-US","@id":"https:\/\/e-marineeducation.com\/en\/organization\/#primaryimage","url":"https:\/\/e-marineeducation.com\/en\/wp-content\/uploads\/2011\/09\/Organizasion-Symbol.png","contentUrl":"https:\/\/e-marineeducation.com\/en\/wp-content\/uploads\/2011\/09\/Organizasion-Symbol.png","width":"74","height":"74"},{"@type":"BreadcrumbList","@id":"https:\/\/e-marineeducation.com\/en\/organization\/#breadcrumb","itemListElement":[{"@type":"ListItem","position":1,"name":"Home","item":"https:\/\/e-marineeducation.com\/en\/"},{"@type":"ListItem","position":2,"name":"Organization"}]},{"@type":"WebSite","@id":"https:\/\/e-marineeducation.com\/en\/#website","url":"https:\/\/e-marineeducation.com\/en\/","name":"E-Marine Education","description":"A New View to Global Marine Education","potentialAction":[{"@type":"SearchAction","target":{"@type":"EntryPoint","urlTemplate":"https:\/\/e-marineeducation.com\/en\/?s={search_term_string}"},"query-input":{"@type":"PropertyValueSpecification","valueRequired":true,"valueName":"search_term_string"}}],"inLanguage":"en-US"}]}},"_links":{"self":[{"href":"https:\/\/e-marineeducation.com\/en\/wp-json\/wp\/v2\/pages\/25","targetHints":{"allow":["GET"]}}],"collection":[{"href":"https:\/\/e-marineeducation.com\/en\/wp-json\/wp\/v2\/pages"}],"about":[{"href":"https:\/\/e-marineeducation.com\/en\/wp-json\/wp\/v2\/types\/page"}],"author":[{"embeddable":true,"href":"https:\/\/e-marineeducation.com\/en\/wp-json\/wp\/v2\/users\/1"}],"replies":[{"embeddable":true,"href":"https:\/\/e-marineeducation.com\/en\/wp-json\/wp\/v2\/comments?post=25"}],"version-history":[{"count":6,"href":"https:\/\/e-marineeducation.com\/en\/wp-json\/wp\/v2\/pages\/25\/revisions"}],"predecessor-version":[{"id":1568,"href":"https:\/\/e-marineeducation.com\/en\/wp-json\/wp\/v2\/pages\/25\/revisions\/1568"}],"wp:featuredmedia":[{"embeddable":true,"href":"https:\/\/e-marineeducation.com\/en\/wp-json\/wp\/v2\/media\/27"}],"wp:attachment":[{"href":"https:\/\/e-marineeducation.com\/en\/wp-json\/wp\/v2\/media?parent=25"}],"curies":[{"name":"wp","href":"https:\/\/api.w.org\/{rel}","templated":true}]}}